{"id":5824,"date":"2022-09-13T14:31:03","date_gmt":"2022-09-13T13:31:03","guid":{"rendered":"https:\/\/marunusa.hr\/?page_id=5824"},"modified":"2022-09-14T11:24:39","modified_gmt":"2022-09-14T10:24:39","slug":"via-ferrata-cikola","status":"publish","type":"page","link":"https:\/\/marunusa.hr\/hr\/via-ferrata-cikola\/","title":{"rendered":"VIA FERRATA \u010cIKOLA"},"content":{"rendered":"\t\t<div data-elementor-type=\"wp-page\" data-elementor-id=\"5824\" class=\"elementor elementor-5824\" data-elementor-post-type=\"page\">\n\t\t\t\t\t\t<section class=\"elementor-section elementor-top-section elementor-element elementor-element-dfe5ab0 elementor-section-boxed elementor-section-height-default elementor-section-height-default\" data-id=\"dfe5ab0\" data-element_type=\"section\" data-settings=\"{&quot;background_background&quot;:&quot;classic&quot;}\">\n\t\t\t\t\t\t<div class=\"elementor-container elementor-column-gap-default\">\n\t\t\t\t\t<div class=\"elementor-column elementor-col-100 elementor-top-column elementor-element elementor-element-f5fdd17\" data-id=\"f5fdd17\" data-element_type=\"column\" data-settings=\"{&quot;background_background&quot;:&quot;classic&quot;,&quot;background_motion_fx_motion_fx_scrolling&quot;:&quot;yes&quot;,&quot;background_motion_fx_translateY_effect&quot;:&quot;yes&quot;,&quot;background_motion_fx_range&quot;:&quot;viewport&quot;,&quot;background_motion_fx_translateY_speed&quot;:{&quot;unit&quot;:&quot;px&quot;,&quot;size&quot;:6,&quot;sizes&quot;:[]},&quot;background_motion_fx_translateY_affectedRange&quot;:{&quot;unit&quot;:&quot;%&quot;,&quot;size&quot;:&quot;&quot;,&quot;sizes&quot;:{&quot;start&quot;:0,&quot;end&quot;:100}},&quot;background_motion_fx_devices&quot;:[&quot;desktop&quot;,&quot;tablet&quot;,&quot;mobile&quot;]}\">\n\t\t\t<div class=\"elementor-widget-wrap elementor-element-populated\">\n\t\t\t\t\t<div class=\"elementor-background-overlay\"><\/div>\n\t\t\t\t\t\t<div class=\"elementor-element elementor-element-6ccf83a elementor-widget elementor-widget-spacer\" data-id=\"6ccf83a\" data-element_type=\"widget\" data-widget_type=\"spacer.default\">\n\t\t\t\t<div class=\"elementor-widget-container\">\n\t\t\t\t\t\t\t<div class=\"elementor-spacer\">\n\t\t\t<div class=\"elementor-spacer-inner\"><\/div>\n\t\t<\/div>\n\t\t\t\t\t\t<\/div>\n\t\t\t\t<\/div>\n\t\t\t\t\t<\/div>\n\t\t<\/div>\n\t\t\t\t\t<\/div>\n\t\t<\/section>\n\t\t\t\t<section class=\"elementor-section elementor-top-section elementor-element elementor-element-996dfd3 elementor-section-boxed elementor-section-height-default elementor-section-height-default\" data-id=\"996dfd3\" data-element_type=\"section\">\n\t\t\t\t\t\t<div class=\"elementor-container elementor-column-gap-default\">\n\t\t\t\t\t<div class=\"elementor-column elementor-col-100 elementor-top-column elementor-element elementor-element-4db30b7\" data-id=\"4db30b7\" data-element_type=\"column\">\n\t\t\t<div class=\"elementor-widget-wrap elementor-element-populated\">\n\t\t\t\t\t\t<div class=\"elementor-element elementor-element-b99e00d elementor-skin-carousel elementor-arrows-yes elementor-pagination-type-bullets elementor-pagination-position-outside elementor-widget elementor-widget-media-carousel\" data-id=\"b99e00d\" data-element_type=\"widget\" data-settings=\"{&quot;slides_per_view_mobile&quot;:&quot;2&quot;,&quot;skin&quot;:&quot;carousel&quot;,&quot;effect&quot;:&quot;slide&quot;,&quot;show_arrows&quot;:&quot;yes&quot;,&quot;pagination&quot;:&quot;bullets&quot;,&quot;speed&quot;:500,&quot;autoplay&quot;:&quot;yes&quot;,&quot;autoplay_speed&quot;:5000,&quot;loop&quot;:&quot;yes&quot;,&quot;pause_on_hover&quot;:&quot;yes&quot;,&quot;pause_on_interaction&quot;:&quot;yes&quot;,&quot;space_between&quot;:{&quot;unit&quot;:&quot;px&quot;,&quot;size&quot;:10,&quot;sizes&quot;:[]},&quot;space_between_tablet&quot;:{&quot;unit&quot;:&quot;px&quot;,&quot;size&quot;:10,&quot;sizes&quot;:[]},&quot;space_between_mobile&quot;:{&quot;unit&quot;:&quot;px&quot;,&quot;size&quot;:10,&quot;sizes&quot;:[]}}\" data-widget_type=\"media-carousel.default\">\n\t\t\t\t<div class=\"elementor-widget-container\">\n\t\t\t\t\t\t\t\t\t<div class=\"elementor-swiper\">\n\t\t\t\t\t<div class=\"elementor-main-swiper swiper\" role=\"region\" aria-roledescription=\"carousel\" aria-label=\"Slides\">\n\t\t\t\t<div class=\"swiper-wrapper\">\n\t\t\t\t\t\t\t\t\t\t\t<div class=\"swiper-slide\" role=\"group\" aria-roledescription=\"slide\">\n\t\t\t\t\t\t\t\t\t<div class=\"elementor-carousel-image\" role=\"img\" aria-label=\"\" style=\"background-image: url(&#039;https:\/\/marunusa.hr\/wp-content\/uploads\/2022\/09\/1.jpg&#039;)\">\n\n\t\t\t\n\t\t\t\t\t<\/div>\n\t\t\t\t\t\t\t\t<\/div>\n\t\t\t\t\t\t\t\t\t\t\t<div class=\"swiper-slide\" role=\"group\" aria-roledescription=\"slide\">\n\t\t\t\t\t\t\t\t\t<div class=\"elementor-carousel-image\" role=\"img\" aria-label=\"\" style=\"background-image: url(&#039;https:\/\/marunusa.hr\/wp-content\/uploads\/2022\/09\/2.jpg&#039;)\">\n\n\t\t\t\n\t\t\t\t\t<\/div>\n\t\t\t\t\t\t\t\t<\/div>\n\t\t\t\t\t\t\t\t\t\t\t<div class=\"swiper-slide\" role=\"group\" aria-roledescription=\"slide\">\n\t\t\t\t\t\t\t\t\t<div class=\"elementor-carousel-image\" role=\"img\" aria-label=\"\" style=\"background-image: url(&#039;https:\/\/marunusa.hr\/wp-content\/uploads\/2022\/09\/3.jpg&#039;)\">\n\n\t\t\t\n\t\t\t\t\t<\/div>\n\t\t\t\t\t\t\t\t<\/div>\n\t\t\t\t\t\t\t\t\t\t\t<div class=\"swiper-slide\" role=\"group\" aria-roledescription=\"slide\">\n\t\t\t\t\t\t\t\t\t<div class=\"elementor-carousel-image\" role=\"img\" aria-label=\"\" style=\"background-image: url(&#039;https:\/\/marunusa.hr\/wp-content\/uploads\/2022\/09\/4.jpg&#039;)\">\n\n\t\t\t\n\t\t\t\t\t<\/div>\n\t\t\t\t\t\t\t\t<\/div>\n\t\t\t\t\t\t\t\t\t\t\t<div class=\"swiper-slide\" role=\"group\" aria-roledescription=\"slide\">\n\t\t\t\t\t\t\t\t\t<div class=\"elementor-carousel-image\" role=\"img\" aria-label=\"\" style=\"background-image: url(&#039;https:\/\/marunusa.hr\/wp-content\/uploads\/2022\/09\/5.jpg&#039;)\">\n\n\t\t\t\n\t\t\t\t\t<\/div>\n\t\t\t\t\t\t\t\t<\/div>\n\t\t\t\t\t\t\t\t\t<\/div>\n\t\t\t\t\t\t\t\t\t\t\t\t\t\t\t<div class=\"elementor-swiper-button elementor-swiper-button-prev\" role=\"button\" tabindex=\"0\" aria-label=\"Previous\">\n\t\t\t\t\t\t\t<i aria-hidden=\"true\" class=\"eicon-chevron-left\"><\/i>\t\t\t\t\t\t<\/div>\n\t\t\t\t\t\t<div class=\"elementor-swiper-button elementor-swiper-button-next\" role=\"button\" tabindex=\"0\" aria-label=\"Next\">\n\t\t\t\t\t\t\t<i aria-hidden=\"true\" class=\"eicon-chevron-right\"><\/i>\t\t\t\t\t\t<\/div>\n\t\t\t\t\t\t\t\t\t\t\t\t\t\t\t\t<div class=\"swiper-pagination\"><\/div>\n\t\t\t\t\t\t\t\t\t\t\t\t<\/div>\n\t\t\t\t<\/div>\n\t\t\t\t\t\t\t\t<\/div>\n\t\t\t\t<\/div>\n\t\t\t\t\t<\/div>\n\t\t<\/div>\n\t\t\t\t\t<\/div>\n\t\t<\/section>\n\t\t\t\t<section class=\"elementor-section elementor-top-section elementor-element elementor-element-ec74181 elementor-section-boxed elementor-section-height-default elementor-section-height-default\" data-id=\"ec74181\" data-element_type=\"section\">\n\t\t\t\t\t\t<div class=\"elementor-container elementor-column-gap-default\">\n\t\t\t\t\t<div class=\"elementor-column elementor-col-50 elementor-top-column elementor-element elementor-element-c5c6dc3\" data-id=\"c5c6dc3\" data-element_type=\"column\">\n\t\t\t<div class=\"elementor-widget-wrap elementor-element-populated\">\n\t\t\t\t\t\t<div class=\"elementor-element elementor-element-08abd64 elementor-widget elementor-widget-text-editor\" data-id=\"08abd64\" data-element_type=\"widget\" data-widget_type=\"text-editor.default\">\n\t\t\t\t<div class=\"elementor-widget-container\">\n\t\t\t\t\t\t\t\t\t<p style=\"text-align: justify;\">Otkrijte prirodne ljepote \u0160ibensko-kninske \u017eupanije kroz odli\u010dnu zabavu i izlet prepun do\u017eivljaja. Odlazak u prirodu uvijek je dobar izbor, a uz da\u0161ak avanture imati \u0107ete uspomene za cijeli \u017eivot.<\/p><p style=\"text-align: justify;\">Via ferrata zna\u010di \u201e\u017eeljezni put\u201c \u2013 osigurani hoda\u010dki put gdje su na zahtjevnijim mjestima ugra\u0111ene \u010deli\u010dne sajle, metalne skale i klinovi. Sajle predstavljaju osiguranje za va\u0161e napredovanje uglavnom horizontalnom stazom na siguran na\u010din po rubu kanjona.<\/p><p style=\"text-align: justify;\">Via ferrata u kanjonu \u010cikole je uzbudljiv do\u017eivljaj za aktivni obiteljski odmor, a staza je prilago\u0111ena i djeci. Iskusni i certificirani vodi\u010di paziti \u0107e na va\u0161u sigurnost, nau\u010diti vas osnovnim tehnikama za prola\u017eenje ovog osiguranog klin\u010danog puta i pokazati kako ispravno koristiti opremu.<\/p><p style=\"text-align: justify;\">Tura je idealna za ljubitelje aktivnog odmora i rekreacije, po\u010detnike i napredne korisnike, za u\u017eivanje s obitelji i prijateljima. U\u017eivati \u0107ete u adrenalinskoj turi kroz za\u0161ti\u0107eni prirodni krajobraz, vi\u0161e od 2 km osiguranog puta, o\u010daravaju\u0107im liticama i prekrasnoj prirodi, a na kraju ferate nalazi se vidikovac s pogledom na cijeli kanjon \u010cikole.<\/p><p style=\"text-align: justify;\">Kanjon \u010cikole dodatno je za\u0161ti\u0107en, kao zasebno podru\u010dje ekolo\u0161ke mre\u017ee te kao za\u0161ti\u0107eno podru\u010dje u kategoriji Zna\u010dajnog krajobraza. Cijelo podru\u010dje Zna\u010dajnog krajobraza uklju\u010deno je u ekolo\u0161ku mre\u017eu NATURA 2000 kao dio podru\u010dja o\u010duvanja zna\u010dajnog za vrste i stani\u0161ne tipove \u201e\u010cikola\u201c te unutar podru\u010dja o\u010duvanja zna\u010dajnog za ptice \u201eKrka i okolni plato\u201c.<\/p><p style=\"text-align: justify;\">Tura je dostupna s opcijom provjere raspolo\u017eivosti, \u0161to zna\u010di da odaberete datum, broj ljudi i po\u0161aljete upit. U najkra\u0107em mogu\u0107em roku odgovoriti \u0107emo vam je li mogu\u0107e pru\u017eiti uslugu u tra\u017eenom terminu.<\/p><p style=\"text-align: justify;\">Za ostala pitanja obratite nam se na\u00a0<span style=\"color: #008000;\"><a style=\"color: #008000;\" href=\"mailto:info@marunusa.hr\">info@marunusa.hr<\/a><\/span><\/p>\t\t\t\t\t\t\t\t<\/div>\n\t\t\t\t<\/div>\n\t\t\t\t<div class=\"elementor-element elementor-element-9a99ac0 elementor-widget elementor-widget-shortcode\" data-id=\"9a99ac0\" data-element_type=\"widget\" data-widget_type=\"shortcode.default\">\n\t\t\t\t<div class=\"elementor-widget-container\">\n\t\t\t\t\t\t\t<div class=\"elementor-shortcode\">\n \n<div style=\"display: flex\">\n\n<iframe id=\"iFrameResizer1\"\nsrc=\"https:\/\/booking.ez-booker.com\/tour_details?site_id=9cf8ab11fb56aaef9972f18a3283800b&service_id=917&lang=hr&adults=2.\"\nstyle=\"border:none;width:1280px;height:1024px\"><\/iframe>\n\n<\/div>\n\n<script src=\"https:\/\/app.ez-booker.com\/secure\/js\/iframeResizer.js\"><\/script>\n\n<script>\niFrameResize();\n<\/script> \n<\/div>\n\t\t\t\t\t\t<\/div>\n\t\t\t\t<\/div>\n\t\t\t\t\t<\/div>\n\t\t<\/div>\n\t\t\t\t<div class=\"elementor-column elementor-col-50 elementor-top-column elementor-element elementor-element-477d2eb\" data-id=\"477d2eb\" data-element_type=\"column\" data-settings=\"{&quot;background_background&quot;:&quot;classic&quot;}\">\n\t\t\t<div class=\"elementor-widget-wrap elementor-element-populated\">\n\t\t\t\t\t\t<div class=\"elementor-element elementor-element-c12f1d2 elementor-widget elementor-widget-text-editor\" data-id=\"c12f1d2\" data-element_type=\"widget\" data-widget_type=\"text-editor.default\">\n\t\t\t\t<div class=\"elementor-widget-container\">\n\t\t\t\t\t\t\t\t\t<p><strong>Dostupnost<\/strong>: tokom cijele godine<br \/><strong>Minimalan broj ljudi<\/strong>: 2<br \/><strong>Maksimalan broj ljudi<\/strong>: 24<br \/><strong>Trajanje<\/strong>: 3h<br \/><strong>Zahtjevnost<\/strong>: lagano do umjereno<br \/><strong>Udaljenost<\/strong>: vi\u0161e od 2km osiguranog puta (ukupno 5km)<br \/><strong>Preporu\u010dena dob<\/strong>: djeca od 7 godina i stariji<br \/><strong>\u0160to ponijeti<\/strong>: udobnu sportsku obu\u0107u ili obu\u0107u za planinarenje, sporsku odje\u0107u, ruksak, sun\u010dane nao\u010dale, minimalno 2l vode<br \/><strong>Uklju\u010deno u cijenu<\/strong>: licencirani vodi\u010d, osiguranje za vrijeme ture, oprema (via ferrata set, penja\u010dki pojas, kaciga)<br \/><strong>Nije uklju\u010deno u cijenu<\/strong>: transfer, hrana, pi\u0107e, napojnice<\/p>\t\t\t\t\t\t\t\t<\/div>\n\t\t\t\t<\/div>\n\t\t\t\t\t<\/div>\n\t\t<\/div>\n\t\t\t\t\t<\/div>\n\t\t<\/section>\n\t\t\t\t<\/div>\n\t\t","protected":false},"excerpt":{"rendered":"<p>Previous Next Otkrijte prirodne ljepote \u0160ibensko-kninske \u017eupanije kroz odli\u010dnu zabavu i izlet prepun do\u017eivljaja. Odlazak u prirodu uvijek je dobar izbor, a uz da\u0161ak avanture imati \u0107ete uspomene za cijeli \u017eivot. Via ferrata zna\u010di \u201e\u017eeljezni put\u201c \u2013 osigurani hoda\u010dki put gdje su na zahtjevnijim mjestima ugra\u0111ene \u010deli\u010dne sajle, metalne skale i klinovi. Sajle predstavljaju osiguranje [&hellip;]<\/p>\n","protected":false},"author":1,"featured_media":0,"parent":0,"menu_order":0,"comment_status":"closed","ping_status":"closed","template":"elementor_header_footer","meta":{"footnotes":""},"class_list":["post-5824","page","type-page","status-publish","hentry"],"yoast_head":"<!-- This site is optimized with the Yoast SEO plugin v27.5 - https:\/\/yoast.com\/product\/yoast-seo-wordpress\/ -->\n<title>VIA FERRATA \u010cIKOLA - marunusa.hr<\/title>\n<meta name=\"robots\" content=\"index, follow, max-snippet:-1, max-image-preview:large, max-video-preview:-1\" \/>\n<link rel=\"canonical\" href=\"https:\/\/marunusa.hr\/hr\/via-ferrata-cikola\/\" \/>\n<meta property=\"og:locale\" content=\"hr_HR\" \/>\n<meta property=\"og:type\" content=\"article\" \/>\n<meta property=\"og:title\" content=\"VIA FERRATA \u010cIKOLA - marunusa.hr\" \/>\n<meta property=\"og:description\" content=\"Previous Next Otkrijte prirodne ljepote \u0160ibensko-kninske \u017eupanije kroz odli\u010dnu zabavu i izlet prepun do\u017eivljaja. Odlazak u prirodu uvijek je dobar izbor, a uz da\u0161ak avanture imati \u0107ete uspomene za cijeli \u017eivot. Via ferrata zna\u010di \u201e\u017eeljezni put\u201c \u2013 osigurani hoda\u010dki put gdje su na zahtjevnijim mjestima ugra\u0111ene \u010deli\u010dne sajle, metalne skale i klinovi. Sajle predstavljaju osiguranje [&hellip;]\" \/>\n<meta property=\"og:url\" content=\"https:\/\/marunusa.hr\/hr\/via-ferrata-cikola\/\" \/>\n<meta property=\"og:site_name\" content=\"marunusa.hr\" \/>\n<meta property=\"article:modified_time\" content=\"2022-09-14T10:24:39+00:00\" \/>\n<meta name=\"twitter:card\" content=\"summary_large_image\" \/>\n<meta name=\"twitter:label1\" content=\"Procijenjeno vrijeme \u010ditanja\" \/>\n\t<meta name=\"twitter:data1\" content=\"2 minute\" \/>\n<script type=\"application\/ld+json\" class=\"yoast-schema-graph\">{\"@context\":\"https:\\\/\\\/schema.org\",\"@graph\":[{\"@type\":\"WebPage\",\"@id\":\"https:\\\/\\\/marunusa.hr\\\/via-ferrata-cikola\\\/\",\"url\":\"https:\\\/\\\/marunusa.hr\\\/via-ferrata-cikola\\\/\",\"name\":\"VIA FERRATA \u010cIKOLA - marunusa.hr\",\"isPartOf\":{\"@id\":\"https:\\\/\\\/marunusa.hr\\\/#website\"},\"datePublished\":\"2022-09-13T13:31:03+00:00\",\"dateModified\":\"2022-09-14T10:24:39+00:00\",\"breadcrumb\":{\"@id\":\"https:\\\/\\\/marunusa.hr\\\/via-ferrata-cikola\\\/#breadcrumb\"},\"inLanguage\":\"hr\",\"potentialAction\":[{\"@type\":\"ReadAction\",\"target\":[\"https:\\\/\\\/marunusa.hr\\\/via-ferrata-cikola\\\/\"]}]},{\"@type\":\"BreadcrumbList\",\"@id\":\"https:\\\/\\\/marunusa.hr\\\/via-ferrata-cikola\\\/#breadcrumb\",\"itemListElement\":[{\"@type\":\"ListItem\",\"position\":1,\"name\":\"Home\",\"item\":\"https:\\\/\\\/marunusa.hr\\\/hr\\\/\"},{\"@type\":\"ListItem\",\"position\":2,\"name\":\"VIA FERRATA \u010cIKOLA\"}]},{\"@type\":\"WebSite\",\"@id\":\"https:\\\/\\\/marunusa.hr\\\/#website\",\"url\":\"https:\\\/\\\/marunusa.hr\\\/\",\"name\":\"marunusa.hr\",\"description\":\"turisti\u010dka agencija\",\"potentialAction\":[{\"@type\":\"SearchAction\",\"target\":{\"@type\":\"EntryPoint\",\"urlTemplate\":\"https:\\\/\\\/marunusa.hr\\\/?s={search_term_string}\"},\"query-input\":{\"@type\":\"PropertyValueSpecification\",\"valueRequired\":true,\"valueName\":\"search_term_string\"}}],\"inLanguage\":\"hr\"}]}<\/script>\n<!-- \/ Yoast SEO plugin. -->","yoast_head_json":{"title":"VIA FERRATA \u010cIKOLA - marunusa.hr","robots":{"index":"index","follow":"follow","max-snippet":"max-snippet:-1","max-image-preview":"max-image-preview:large","max-video-preview":"max-video-preview:-1"},"canonical":"https:\/\/marunusa.hr\/hr\/via-ferrata-cikola\/","og_locale":"hr_HR","og_type":"article","og_title":"VIA FERRATA \u010cIKOLA - marunusa.hr","og_description":"Previous Next Otkrijte prirodne ljepote \u0160ibensko-kninske \u017eupanije kroz odli\u010dnu zabavu i izlet prepun do\u017eivljaja. Odlazak u prirodu uvijek je dobar izbor, a uz da\u0161ak avanture imati \u0107ete uspomene za cijeli \u017eivot. Via ferrata zna\u010di \u201e\u017eeljezni put\u201c \u2013 osigurani hoda\u010dki put gdje su na zahtjevnijim mjestima ugra\u0111ene \u010deli\u010dne sajle, metalne skale i klinovi. Sajle predstavljaju osiguranje [&hellip;]","og_url":"https:\/\/marunusa.hr\/hr\/via-ferrata-cikola\/","og_site_name":"marunusa.hr","article_modified_time":"2022-09-14T10:24:39+00:00","twitter_card":"summary_large_image","twitter_misc":{"Procijenjeno vrijeme \u010ditanja":"2 minute"},"schema":{"@context":"https:\/\/schema.org","@graph":[{"@type":"WebPage","@id":"https:\/\/marunusa.hr\/via-ferrata-cikola\/","url":"https:\/\/marunusa.hr\/via-ferrata-cikola\/","name":"VIA FERRATA \u010cIKOLA - marunusa.hr","isPartOf":{"@id":"https:\/\/marunusa.hr\/#website"},"datePublished":"2022-09-13T13:31:03+00:00","dateModified":"2022-09-14T10:24:39+00:00","breadcrumb":{"@id":"https:\/\/marunusa.hr\/via-ferrata-cikola\/#breadcrumb"},"inLanguage":"hr","potentialAction":[{"@type":"ReadAction","target":["https:\/\/marunusa.hr\/via-ferrata-cikola\/"]}]},{"@type":"BreadcrumbList","@id":"https:\/\/marunusa.hr\/via-ferrata-cikola\/#breadcrumb","itemListElement":[{"@type":"ListItem","position":1,"name":"Home","item":"https:\/\/marunusa.hr\/hr\/"},{"@type":"ListItem","position":2,"name":"VIA FERRATA \u010cIKOLA"}]},{"@type":"WebSite","@id":"https:\/\/marunusa.hr\/#website","url":"https:\/\/marunusa.hr\/","name":"marunusa.hr","description":"turisti\u010dka agencija","potentialAction":[{"@type":"SearchAction","target":{"@type":"EntryPoint","urlTemplate":"https:\/\/marunusa.hr\/?s={search_term_string}"},"query-input":{"@type":"PropertyValueSpecification","valueRequired":true,"valueName":"search_term_string"}}],"inLanguage":"hr"}]}},"_links":{"self":[{"href":"https:\/\/marunusa.hr\/hr\/wp-json\/wp\/v2\/pages\/5824","targetHints":{"allow":["GET"]}}],"collection":[{"href":"https:\/\/marunusa.hr\/hr\/wp-json\/wp\/v2\/pages"}],"about":[{"href":"https:\/\/marunusa.hr\/hr\/wp-json\/wp\/v2\/types\/page"}],"author":[{"embeddable":true,"href":"https:\/\/marunusa.hr\/hr\/wp-json\/wp\/v2\/users\/1"}],"replies":[{"embeddable":true,"href":"https:\/\/marunusa.hr\/hr\/wp-json\/wp\/v2\/comments?post=5824"}],"version-history":[{"count":43,"href":"https:\/\/marunusa.hr\/hr\/wp-json\/wp\/v2\/pages\/5824\/revisions"}],"predecessor-version":[{"id":5891,"href":"https:\/\/marunusa.hr\/hr\/wp-json\/wp\/v2\/pages\/5824\/revisions\/5891"}],"wp:attachment":[{"href":"https:\/\/marunusa.hr\/hr\/wp-json\/wp\/v2\/media?parent=5824"}],"curies":[{"name":"wp","href":"https:\/\/api.w.org\/{rel}","templated":true}]}}