{"id":5761,"date":"2022-08-12T09:41:10","date_gmt":"2022-08-12T08:41:10","guid":{"rendered":"https:\/\/marunusa.hr\/?page_id=5761"},"modified":"2022-08-26T09:28:26","modified_gmt":"2022-08-26T08:28:26","slug":"dinara-krka-safari-2","status":"publish","type":"page","link":"https:\/\/marunusa.hr\/hr\/dinara-krka-safari-2\/","title":{"rendered":"TAILOR MADE"},"content":{"rendered":"\t\t<div data-elementor-type=\"wp-page\" data-elementor-id=\"5761\" class=\"elementor elementor-5761\" data-elementor-post-type=\"page\">\n\t\t\t\t\t\t<section class=\"elementor-section elementor-top-section elementor-element elementor-element-92e79aa elementor-section-boxed elementor-section-height-default elementor-section-height-default\" data-id=\"92e79aa\" data-element_type=\"section\" data-settings=\"{&quot;background_background&quot;:&quot;classic&quot;}\">\n\t\t\t\t\t\t<div class=\"elementor-container elementor-column-gap-default\">\n\t\t\t\t\t<div class=\"elementor-column elementor-col-100 elementor-top-column elementor-element elementor-element-4cddf8c\" data-id=\"4cddf8c\" data-element_type=\"column\" data-settings=\"{&quot;background_background&quot;:&quot;classic&quot;,&quot;background_motion_fx_motion_fx_scrolling&quot;:&quot;yes&quot;,&quot;background_motion_fx_translateY_effect&quot;:&quot;yes&quot;,&quot;background_motion_fx_range&quot;:&quot;viewport&quot;,&quot;background_motion_fx_translateY_speed&quot;:{&quot;unit&quot;:&quot;px&quot;,&quot;size&quot;:4,&quot;sizes&quot;:[]},&quot;background_motion_fx_translateY_affectedRange&quot;:{&quot;unit&quot;:&quot;%&quot;,&quot;size&quot;:&quot;&quot;,&quot;sizes&quot;:{&quot;start&quot;:0,&quot;end&quot;:100}},&quot;background_motion_fx_devices&quot;:[&quot;desktop&quot;,&quot;tablet&quot;,&quot;mobile&quot;]}\">\n\t\t\t<div class=\"elementor-widget-wrap elementor-element-populated\">\n\t\t\t\t\t<div class=\"elementor-background-overlay\"><\/div>\n\t\t\t\t\t\t<div class=\"elementor-element elementor-element-25d437f elementor-widget elementor-widget-spacer\" data-id=\"25d437f\" data-element_type=\"widget\" data-widget_type=\"spacer.default\">\n\t\t\t\t<div class=\"elementor-widget-container\">\n\t\t\t\t\t\t\t<div class=\"elementor-spacer\">\n\t\t\t<div class=\"elementor-spacer-inner\"><\/div>\n\t\t<\/div>\n\t\t\t\t\t\t<\/div>\n\t\t\t\t<\/div>\n\t\t\t\t\t<\/div>\n\t\t<\/div>\n\t\t\t\t\t<\/div>\n\t\t<\/section>\n\t\t\t\t<section class=\"elementor-section elementor-top-section elementor-element elementor-element-5391e72 elementor-section-boxed elementor-section-height-default elementor-section-height-default\" data-id=\"5391e72\" data-element_type=\"section\">\n\t\t\t\t\t\t<div class=\"elementor-container elementor-column-gap-default\">\n\t\t\t\t\t<div class=\"elementor-column elementor-col-50 elementor-top-column elementor-element elementor-element-6096d3a\" data-id=\"6096d3a\" data-element_type=\"column\">\n\t\t\t<div class=\"elementor-widget-wrap elementor-element-populated\">\n\t\t\t\t\t\t<div class=\"elementor-element elementor-element-0890ec7 elementor-widget elementor-widget-text-editor\" data-id=\"0890ec7\" data-element_type=\"widget\" data-widget_type=\"text-editor.default\">\n\t\t\t\t<div class=\"elementor-widget-container\">\n\t\t\t\t\t\t\t\t\t<p style=\"text-align: justify;\">Tailor made aran\u017eman ozna\u010dava velika fleksibilnost i mogu\u0107nost prilagodbe programa \u017eeljama klijenta. U doslovnom prijevodu ozna\u010dava uslugu krojenu po mjeri korisnika \/ prilago\u0111enu korisniku.<\/p>\n<p style=\"text-align: justify;\"><\/p>\n<p style=\"text-align: justify;\">Namijenjen je korisnicima koje standardna ponuda ne zadovoljava. Putovanje u terminu koji Vam odgovara, prijevoznim sredstvom po Va\u0161em izboru, no\u0107enje u smje\u0161tajnom kapacitetu po izboru, aktivnosti po Va\u0161em izboru uz na\u0161e stru\u010dne savjete i asistenciju prednosti su ovog tipa aran\u017emana. Tailor made aran\u017eman omogu\u0107uje jedinstveno iskustvo jer je kreiran specijalno za Vas.<\/p>\n<p style=\"text-align: justify;\"><\/p>\n<p style=\"text-align: justify;\">Za kreiranje tailor made aran\u017emana nazovite nas ili nam po\u0161aljite upit putem maila sa sljede\u0107im informacijama &#8211; koliko osoba putuje; koja je destinacija putovanja; u kojem razdoblju \u017eelite putovati; koji tip smje\u0161taja Vas zanima; koji su Va\u0161i interesi i \u0161to \u017eelite do\u017eivjeti; koji je Va\u0161 bud\u017eet?<\/p>\n<p style=\"text-align: justify;\"><\/p>\n<p style=\"text-align: justiy;\">Kontaktirati \u0107emo Vas u najkra\u0107em mogu\u0107em roku s prijedlogom itinerara i zajedno \u0107emo realizirati aran\u017eman. Za dodatne informacije obratite nam se na<span style=\"color: #008000;\">\u00a0<a style=\"color: #008000;\" href=\"mailto:info@marunusa.hr\">info@marunusa.hr<\/a><\/span><\/p>\t\t\t\t\t\t\t\t<\/div>\n\t\t\t\t<\/div>\n\t\t\t\t\t<\/div>\n\t\t<\/div>\n\t\t\t\t<div class=\"elementor-column elementor-col-50 elementor-top-column elementor-element elementor-element-74a2ef5\" data-id=\"74a2ef5\" data-element_type=\"column\" data-settings=\"{&quot;background_background&quot;:&quot;classic&quot;}\">\n\t\t\t<div class=\"elementor-widget-wrap elementor-element-populated\">\n\t\t\t\t\t\t<div class=\"elementor-element elementor-element-5f4afff elementor-widget elementor-widget-text-editor\" data-id=\"5f4afff\" data-element_type=\"widget\" data-widget_type=\"text-editor.default\">\n\t\t\t\t<div class=\"elementor-widget-container\">\n\t\t\t\t\t\t\t\t\t<p>Usluga kreirana po Va\u0161oj mjeri! Sami birate termin i trajanje putovanja, vrstu prijevoza, tip smje\u0161taja i aktivnosti u destinaciji.<\/p>\t\t\t\t\t\t\t\t<\/div>\n\t\t\t\t<\/div>\n\t\t\t\t\t<\/div>\n\t\t<\/div>\n\t\t\t\t\t<\/div>\n\t\t<\/section>\n\t\t\t\t<\/div>\n\t\t","protected":false},"excerpt":{"rendered":"<p>Tailor made aran\u017eman ozna\u010dava velika fleksibilnost i mogu\u0107nost prilagodbe programa \u017eeljama klijenta. U doslovnom prijevodu ozna\u010dava uslugu krojenu po mjeri korisnika \/ prilago\u0111enu korisniku. Namijenjen je korisnicima koje standardna ponuda ne zadovoljava. Putovanje u terminu koji Vam odgovara, prijevoznim sredstvom po Va\u0161em izboru, no\u0107enje u smje\u0161tajnom kapacitetu po izboru, aktivnosti po Va\u0161em izboru uz na\u0161e [&hellip;]<\/p>\n","protected":false},"author":1,"featured_media":0,"parent":0,"menu_order":0,"comment_status":"closed","ping_status":"closed","template":"elementor_header_footer","meta":{"footnotes":""},"class_list":["post-5761","page","type-page","status-publish","hentry"],"yoast_head":"<!-- This site is optimized with the Yoast SEO plugin v27.4 - https:\/\/yoast.com\/product\/yoast-seo-wordpress\/ -->\n<title>TAILOR MADE - marunusa.hr<\/title>\n<meta name=\"robots\" content=\"index, follow, max-snippet:-1, max-image-preview:large, max-video-preview:-1\" \/>\n<link rel=\"canonical\" href=\"https:\/\/marunusa.hr\/hr\/dinara-krka-safari-2\/\" \/>\n<meta property=\"og:locale\" content=\"hr_HR\" \/>\n<meta property=\"og:type\" content=\"article\" \/>\n<meta property=\"og:title\" content=\"TAILOR MADE - marunusa.hr\" \/>\n<meta property=\"og:description\" content=\"Tailor made aran\u017eman ozna\u010dava velika fleksibilnost i mogu\u0107nost prilagodbe programa \u017eeljama klijenta. U doslovnom prijevodu ozna\u010dava uslugu krojenu po mjeri korisnika \/ prilago\u0111enu korisniku. Namijenjen je korisnicima koje standardna ponuda ne zadovoljava. Putovanje u terminu koji Vam odgovara, prijevoznim sredstvom po Va\u0161em izboru, no\u0107enje u smje\u0161tajnom kapacitetu po izboru, aktivnosti po Va\u0161em izboru uz na\u0161e [&hellip;]\" \/>\n<meta property=\"og:url\" content=\"https:\/\/marunusa.hr\/hr\/dinara-krka-safari-2\/\" \/>\n<meta property=\"og:site_name\" content=\"marunusa.hr\" \/>\n<meta property=\"article:modified_time\" content=\"2022-08-26T08:28:26+00:00\" \/>\n<meta name=\"twitter:card\" content=\"summary_large_image\" \/>\n<meta name=\"twitter:label1\" content=\"Procijenjeno vrijeme \u010ditanja\" \/>\n\t<meta name=\"twitter:data1\" content=\"1 minuta\" \/>\n<script type=\"application\/ld+json\" class=\"yoast-schema-graph\">{\"@context\":\"https:\\\/\\\/schema.org\",\"@graph\":[{\"@type\":\"WebPage\",\"@id\":\"https:\\\/\\\/marunusa.hr\\\/dinara-krka-safari-2\\\/\",\"url\":\"https:\\\/\\\/marunusa.hr\\\/dinara-krka-safari-2\\\/\",\"name\":\"TAILOR MADE - marunusa.hr\",\"isPartOf\":{\"@id\":\"https:\\\/\\\/marunusa.hr\\\/#website\"},\"datePublished\":\"2022-08-12T08:41:10+00:00\",\"dateModified\":\"2022-08-26T08:28:26+00:00\",\"breadcrumb\":{\"@id\":\"https:\\\/\\\/marunusa.hr\\\/dinara-krka-safari-2\\\/#breadcrumb\"},\"inLanguage\":\"hr\",\"potentialAction\":[{\"@type\":\"ReadAction\",\"target\":[\"https:\\\/\\\/marunusa.hr\\\/dinara-krka-safari-2\\\/\"]}]},{\"@type\":\"BreadcrumbList\",\"@id\":\"https:\\\/\\\/marunusa.hr\\\/dinara-krka-safari-2\\\/#breadcrumb\",\"itemListElement\":[{\"@type\":\"ListItem\",\"position\":1,\"name\":\"Home\",\"item\":\"https:\\\/\\\/marunusa.hr\\\/hr\\\/\"},{\"@type\":\"ListItem\",\"position\":2,\"name\":\"TAILOR MADE\"}]},{\"@type\":\"WebSite\",\"@id\":\"https:\\\/\\\/marunusa.hr\\\/#website\",\"url\":\"https:\\\/\\\/marunusa.hr\\\/\",\"name\":\"marunusa.hr\",\"description\":\"turisti\u010dka agencija\",\"potentialAction\":[{\"@type\":\"SearchAction\",\"target\":{\"@type\":\"EntryPoint\",\"urlTemplate\":\"https:\\\/\\\/marunusa.hr\\\/?s={search_term_string}\"},\"query-input\":{\"@type\":\"PropertyValueSpecification\",\"valueRequired\":true,\"valueName\":\"search_term_string\"}}],\"inLanguage\":\"hr\"}]}<\/script>\n<!-- \/ Yoast SEO plugin. -->","yoast_head_json":{"title":"TAILOR MADE - marunusa.hr","robots":{"index":"index","follow":"follow","max-snippet":"max-snippet:-1","max-image-preview":"max-image-preview:large","max-video-preview":"max-video-preview:-1"},"canonical":"https:\/\/marunusa.hr\/hr\/dinara-krka-safari-2\/","og_locale":"hr_HR","og_type":"article","og_title":"TAILOR MADE - marunusa.hr","og_description":"Tailor made aran\u017eman ozna\u010dava velika fleksibilnost i mogu\u0107nost prilagodbe programa \u017eeljama klijenta. U doslovnom prijevodu ozna\u010dava uslugu krojenu po mjeri korisnika \/ prilago\u0111enu korisniku. Namijenjen je korisnicima koje standardna ponuda ne zadovoljava. Putovanje u terminu koji Vam odgovara, prijevoznim sredstvom po Va\u0161em izboru, no\u0107enje u smje\u0161tajnom kapacitetu po izboru, aktivnosti po Va\u0161em izboru uz na\u0161e [&hellip;]","og_url":"https:\/\/marunusa.hr\/hr\/dinara-krka-safari-2\/","og_site_name":"marunusa.hr","article_modified_time":"2022-08-26T08:28:26+00:00","twitter_card":"summary_large_image","twitter_misc":{"Procijenjeno vrijeme \u010ditanja":"1 minuta"},"schema":{"@context":"https:\/\/schema.org","@graph":[{"@type":"WebPage","@id":"https:\/\/marunusa.hr\/dinara-krka-safari-2\/","url":"https:\/\/marunusa.hr\/dinara-krka-safari-2\/","name":"TAILOR MADE - marunusa.hr","isPartOf":{"@id":"https:\/\/marunusa.hr\/#website"},"datePublished":"2022-08-12T08:41:10+00:00","dateModified":"2022-08-26T08:28:26+00:00","breadcrumb":{"@id":"https:\/\/marunusa.hr\/dinara-krka-safari-2\/#breadcrumb"},"inLanguage":"hr","potentialAction":[{"@type":"ReadAction","target":["https:\/\/marunusa.hr\/dinara-krka-safari-2\/"]}]},{"@type":"BreadcrumbList","@id":"https:\/\/marunusa.hr\/dinara-krka-safari-2\/#breadcrumb","itemListElement":[{"@type":"ListItem","position":1,"name":"Home","item":"https:\/\/marunusa.hr\/hr\/"},{"@type":"ListItem","position":2,"name":"TAILOR MADE"}]},{"@type":"WebSite","@id":"https:\/\/marunusa.hr\/#website","url":"https:\/\/marunusa.hr\/","name":"marunusa.hr","description":"turisti\u010dka agencija","potentialAction":[{"@type":"SearchAction","target":{"@type":"EntryPoint","urlTemplate":"https:\/\/marunusa.hr\/?s={search_term_string}"},"query-input":{"@type":"PropertyValueSpecification","valueRequired":true,"valueName":"search_term_string"}}],"inLanguage":"hr"}]}},"_links":{"self":[{"href":"https:\/\/marunusa.hr\/hr\/wp-json\/wp\/v2\/pages\/5761","targetHints":{"allow":["GET"]}}],"collection":[{"href":"https:\/\/marunusa.hr\/hr\/wp-json\/wp\/v2\/pages"}],"about":[{"href":"https:\/\/marunusa.hr\/hr\/wp-json\/wp\/v2\/types\/page"}],"author":[{"embeddable":true,"href":"https:\/\/marunusa.hr\/hr\/wp-json\/wp\/v2\/users\/1"}],"replies":[{"embeddable":true,"href":"https:\/\/marunusa.hr\/hr\/wp-json\/wp\/v2\/comments?post=5761"}],"version-history":[{"count":14,"href":"https:\/\/marunusa.hr\/hr\/wp-json\/wp\/v2\/pages\/5761\/revisions"}],"predecessor-version":[{"id":5783,"href":"https:\/\/marunusa.hr\/hr\/wp-json\/wp\/v2\/pages\/5761\/revisions\/5783"}],"wp:attachment":[{"href":"https:\/\/marunusa.hr\/hr\/wp-json\/wp\/v2\/media?parent=5761"}],"curies":[{"name":"wp","href":"https:\/\/api.w.org\/{rel}","templated":true}]}}