{"id":5630,"date":"2022-07-07T13:42:26","date_gmt":"2022-07-07T12:42:26","guid":{"rendered":"https:\/\/marunusa.hr\/?page_id=5630"},"modified":"2022-11-11T13:24:54","modified_gmt":"2022-11-11T12:24:54","slug":"krka-safari-sup","status":"publish","type":"page","link":"https:\/\/marunusa.hr\/hr\/krka-safari-sup\/","title":{"rendered":"Krka Safari SUP"},"content":{"rendered":"\t\t<div data-elementor-type=\"wp-page\" data-elementor-id=\"5630\" class=\"elementor elementor-5630\" data-elementor-post-type=\"page\">\n\t\t\t\t\t\t<section class=\"elementor-section elementor-top-section elementor-element elementor-element-f79ad50 elementor-section-boxed elementor-section-height-default elementor-section-height-default\" data-id=\"f79ad50\" data-element_type=\"section\" data-settings=\"{&quot;background_background&quot;:&quot;classic&quot;}\">\n\t\t\t\t\t\t<div class=\"elementor-container elementor-column-gap-default\">\n\t\t\t\t\t<div class=\"elementor-column elementor-col-100 elementor-top-column elementor-element elementor-element-32b3cb9\" data-id=\"32b3cb9\" data-element_type=\"column\" data-settings=\"{&quot;background_background&quot;:&quot;classic&quot;,&quot;background_motion_fx_motion_fx_scrolling&quot;:&quot;yes&quot;,&quot;background_motion_fx_translateY_effect&quot;:&quot;yes&quot;,&quot;background_motion_fx_translateY_speed&quot;:{&quot;unit&quot;:&quot;px&quot;,&quot;size&quot;:4,&quot;sizes&quot;:[]},&quot;background_motion_fx_translateY_affectedRange&quot;:{&quot;unit&quot;:&quot;%&quot;,&quot;size&quot;:&quot;&quot;,&quot;sizes&quot;:{&quot;start&quot;:0,&quot;end&quot;:100}},&quot;background_motion_fx_devices&quot;:[&quot;desktop&quot;,&quot;tablet&quot;,&quot;mobile&quot;]}\">\n\t\t\t<div class=\"elementor-widget-wrap elementor-element-populated\">\n\t\t\t\t\t\t<div class=\"elementor-element elementor-element-d242a82 elementor-widget elementor-widget-spacer\" data-id=\"d242a82\" data-element_type=\"widget\" data-widget_type=\"spacer.default\">\n\t\t\t\t<div class=\"elementor-widget-container\">\n\t\t\t\t\t\t\t<div class=\"elementor-spacer\">\n\t\t\t<div class=\"elementor-spacer-inner\"><\/div>\n\t\t<\/div>\n\t\t\t\t\t\t<\/div>\n\t\t\t\t<\/div>\n\t\t\t\t\t<\/div>\n\t\t<\/div>\n\t\t\t\t\t<\/div>\n\t\t<\/section>\n\t\t\t\t<section class=\"elementor-section elementor-top-section elementor-element elementor-element-b14cf94 elementor-section-boxed elementor-section-height-default elementor-section-height-default\" data-id=\"b14cf94\" data-element_type=\"section\">\n\t\t\t\t\t\t<div class=\"elementor-container elementor-column-gap-default\">\n\t\t\t\t\t<div class=\"elementor-column elementor-col-50 elementor-top-column elementor-element elementor-element-c7a771f\" data-id=\"c7a771f\" data-element_type=\"column\">\n\t\t\t<div class=\"elementor-widget-wrap elementor-element-populated\">\n\t\t\t\t\t\t<div class=\"elementor-element elementor-element-df98ad5 elementor-widget elementor-widget-text-editor\" data-id=\"df98ad5\" data-element_type=\"widget\" data-widget_type=\"text-editor.default\">\n\t\t\t\t<div class=\"elementor-widget-container\">\n\t\t\t\t\t\t\t\t\t<p style=\"text-align: justify;\">Vodimo vas na SUP avanturu na rijeci Krki. Veslati \u0107ete nizvodno gornjim tokom Krke i u\u017eivati u pogledu i mirnoj vo\u017enji.<\/p><p style=\"text-align: justify;\">To\u010dka sastanka je Ekolo\u0161ko-informativni centar na Krki, odakle \u0107emo vas i SUP prevesti do ribnjaka u ulici Dalibora Defilipisa gdje se ukrcavate u Krku i zapo\u010dinjete avanturu. Ruta je duga 4,5km a traje izme\u0111u 1 i 2 sata, ovisno o brzini veslanja. Putem \u0107ete u\u017eivati u najljep\u0161em pogledu na Kninsku tvr\u0111avu, pro\u0107i pored u\u0161\u0107a Kosov\u010dice u Krku, arheolo\u0161kog lokaliteta Kapitul te u\u0161\u0107a Ora\u0161nice u Krku.<\/p><p style=\"text-align: justify;\">Superba SUP na napuhavanje namijenjen je za 1 ili 2 osobe, a maksimalna nosivost mu je 130kg.<\/p><p style=\"text-align: justify;\">Za ostala pitanja obratite nam se na\u00a0<span style=\"color: #008000;\"><a style=\"color: #008000;\" href=\"mailto:info@marunusa.hr\">info@marunusa.hr<\/a><\/span><\/p>\t\t\t\t\t\t\t\t<\/div>\n\t\t\t\t<\/div>\n\t\t\t\t<div class=\"elementor-element elementor-element-f50305d elementor-widget elementor-widget-shortcode\" data-id=\"f50305d\" data-element_type=\"widget\" data-widget_type=\"shortcode.default\">\n\t\t\t\t<div class=\"elementor-widget-container\">\n\t\t\t\t\t\t\t<div class=\"elementor-shortcode\">\n \n<div style=\"display: flex\">\n\n<iframe id=\"iFrameResizer1\"\nsrc=\"https:\/\/booking.ez-booker.com\/tour_details?site_id=9cf8ab11fb56aaef9972f18a3283800b&service_id=942&lang=hr&adults=1.\"\nstyle=\"border:none;width:1280px;height:1024px\"><\/iframe>\n\n<\/div>\n\n<script src=\"https:\/\/app.ez-booker.com\/secure\/js\/iframeResizer.js\"><\/script>\n\n<script>\niFrameResize();\n<\/script> \n<\/div>\n\t\t\t\t\t\t<\/div>\n\t\t\t\t<\/div>\n\t\t\t\t\t<\/div>\n\t\t<\/div>\n\t\t\t\t<div class=\"elementor-column elementor-col-50 elementor-top-column elementor-element elementor-element-72f368b\" data-id=\"72f368b\" data-element_type=\"column\" data-settings=\"{&quot;background_background&quot;:&quot;classic&quot;}\">\n\t\t\t<div class=\"elementor-widget-wrap elementor-element-populated\">\n\t\t\t\t\t\t<div class=\"elementor-element elementor-element-86fea00 elementor-widget elementor-widget-text-editor\" data-id=\"86fea00\" data-element_type=\"widget\" data-widget_type=\"text-editor.default\">\n\t\t\t\t<div class=\"elementor-widget-container\">\n\t\t\t\t\t\t\t\t\t<p><strong>SUPERBA SUP<\/strong><br \/><strong>SUP na napuhavanje<\/strong><\/p><p><strong>Du\u017eina:<\/strong>\u00a0305cm<br \/><strong>\u0160irina:<\/strong>\u00a076cm<br \/><strong>Debljina:<\/strong>\u00a015cm<br \/><strong>Maksimalna nosivost:<\/strong>\u00a0130kg<br \/><strong>Tehnologija izrade:<\/strong> guma (oja\u010dana konstrukcija dropstitch)<br \/><strong>Razina:<\/strong>\u00a0po\u010detni \/ srednji<\/p><p><strong>Cijena najma uklju\u010duje 1 veslo, 1 za\u0161titni prsluk po osobi, 1 vodonepropusnu torbu, 1 neoprensko odijelo po osobi, osiguranje, parking za automobil i transfer od cilja do starta.<\/strong><\/p>\t\t\t\t\t\t\t\t<\/div>\n\t\t\t\t<\/div>\n\t\t\t\t\t<\/div>\n\t\t<\/div>\n\t\t\t\t\t<\/div>\n\t\t<\/section>\n\t\t\t\t<\/div>\n\t\t","protected":false},"excerpt":{"rendered":"<p>Vodimo vas na SUP avanturu na rijeci Krki. Veslati \u0107ete nizvodno gornjim tokom Krke i u\u017eivati u pogledu i mirnoj vo\u017enji. To\u010dka sastanka je Ekolo\u0161ko-informativni centar na Krki, odakle \u0107emo vas i SUP prevesti do ribnjaka u ulici Dalibora Defilipisa gdje se ukrcavate u Krku i zapo\u010dinjete avanturu. Ruta je duga 4,5km a traje izme\u0111u [&hellip;]<\/p>\n","protected":false},"author":1,"featured_media":0,"parent":0,"menu_order":0,"comment_status":"closed","ping_status":"closed","template":"elementor_header_footer","meta":{"footnotes":""},"class_list":["post-5630","page","type-page","status-publish","hentry"],"yoast_head":"<!-- This site is optimized with the Yoast SEO plugin v27.6 - https:\/\/yoast.com\/product\/yoast-seo-wordpress\/ -->\n<title>Krka Safari SUP - marunusa.hr<\/title>\n<meta name=\"robots\" content=\"index, follow, max-snippet:-1, max-image-preview:large, max-video-preview:-1\" \/>\n<link rel=\"canonical\" href=\"https:\/\/marunusa.hr\/hr\/krka-safari-sup\/\" \/>\n<meta property=\"og:locale\" content=\"hr_HR\" \/>\n<meta property=\"og:type\" content=\"article\" \/>\n<meta property=\"og:title\" content=\"Krka Safari SUP - marunusa.hr\" \/>\n<meta property=\"og:description\" content=\"Vodimo vas na SUP avanturu na rijeci Krki. Veslati \u0107ete nizvodno gornjim tokom Krke i u\u017eivati u pogledu i mirnoj vo\u017enji. To\u010dka sastanka je Ekolo\u0161ko-informativni centar na Krki, odakle \u0107emo vas i SUP prevesti do ribnjaka u ulici Dalibora Defilipisa gdje se ukrcavate u Krku i zapo\u010dinjete avanturu. Ruta je duga 4,5km a traje izme\u0111u [&hellip;]\" \/>\n<meta property=\"og:url\" content=\"https:\/\/marunusa.hr\/hr\/krka-safari-sup\/\" \/>\n<meta property=\"og:site_name\" content=\"marunusa.hr\" \/>\n<meta property=\"article:modified_time\" content=\"2022-11-11T12:24:54+00:00\" \/>\n<meta name=\"twitter:card\" content=\"summary_large_image\" \/>\n<meta name=\"twitter:label1\" content=\"Procijenjeno vrijeme \u010ditanja\" \/>\n\t<meta name=\"twitter:data1\" content=\"1 minuta\" \/>\n<script type=\"application\/ld+json\" class=\"yoast-schema-graph\">{\"@context\":\"https:\\\/\\\/schema.org\",\"@graph\":[{\"@type\":\"WebPage\",\"@id\":\"https:\\\/\\\/marunusa.hr\\\/hr\\\/krka-safari-sup\\\/\",\"url\":\"https:\\\/\\\/marunusa.hr\\\/hr\\\/krka-safari-sup\\\/\",\"name\":\"Krka Safari SUP - marunusa.hr\",\"isPartOf\":{\"@id\":\"https:\\\/\\\/marunusa.hr\\\/#website\"},\"datePublished\":\"2022-07-07T12:42:26+00:00\",\"dateModified\":\"2022-11-11T12:24:54+00:00\",\"breadcrumb\":{\"@id\":\"https:\\\/\\\/marunusa.hr\\\/hr\\\/krka-safari-sup\\\/#breadcrumb\"},\"inLanguage\":\"hr\",\"potentialAction\":[{\"@type\":\"ReadAction\",\"target\":[\"https:\\\/\\\/marunusa.hr\\\/hr\\\/krka-safari-sup\\\/\"]}]},{\"@type\":\"BreadcrumbList\",\"@id\":\"https:\\\/\\\/marunusa.hr\\\/hr\\\/krka-safari-sup\\\/#breadcrumb\",\"itemListElement\":[{\"@type\":\"ListItem\",\"position\":1,\"name\":\"Home\",\"item\":\"https:\\\/\\\/marunusa.hr\\\/hr\\\/\"},{\"@type\":\"ListItem\",\"position\":2,\"name\":\"Krka Safari SUP\"}]},{\"@type\":\"WebSite\",\"@id\":\"https:\\\/\\\/marunusa.hr\\\/#website\",\"url\":\"https:\\\/\\\/marunusa.hr\\\/\",\"name\":\"marunusa.hr\",\"description\":\"turisti\u010dka agencija\",\"potentialAction\":[{\"@type\":\"SearchAction\",\"target\":{\"@type\":\"EntryPoint\",\"urlTemplate\":\"https:\\\/\\\/marunusa.hr\\\/?s={search_term_string}\"},\"query-input\":{\"@type\":\"PropertyValueSpecification\",\"valueRequired\":true,\"valueName\":\"search_term_string\"}}],\"inLanguage\":\"hr\"}]}<\/script>\n<!-- \/ Yoast SEO plugin. -->","yoast_head_json":{"title":"Krka Safari SUP - marunusa.hr","robots":{"index":"index","follow":"follow","max-snippet":"max-snippet:-1","max-image-preview":"max-image-preview:large","max-video-preview":"max-video-preview:-1"},"canonical":"https:\/\/marunusa.hr\/hr\/krka-safari-sup\/","og_locale":"hr_HR","og_type":"article","og_title":"Krka Safari SUP - marunusa.hr","og_description":"Vodimo vas na SUP avanturu na rijeci Krki. Veslati \u0107ete nizvodno gornjim tokom Krke i u\u017eivati u pogledu i mirnoj vo\u017enji. To\u010dka sastanka je Ekolo\u0161ko-informativni centar na Krki, odakle \u0107emo vas i SUP prevesti do ribnjaka u ulici Dalibora Defilipisa gdje se ukrcavate u Krku i zapo\u010dinjete avanturu. Ruta je duga 4,5km a traje izme\u0111u [&hellip;]","og_url":"https:\/\/marunusa.hr\/hr\/krka-safari-sup\/","og_site_name":"marunusa.hr","article_modified_time":"2022-11-11T12:24:54+00:00","twitter_card":"summary_large_image","twitter_misc":{"Procijenjeno vrijeme \u010ditanja":"1 minuta"},"schema":{"@context":"https:\/\/schema.org","@graph":[{"@type":"WebPage","@id":"https:\/\/marunusa.hr\/hr\/krka-safari-sup\/","url":"https:\/\/marunusa.hr\/hr\/krka-safari-sup\/","name":"Krka Safari SUP - marunusa.hr","isPartOf":{"@id":"https:\/\/marunusa.hr\/#website"},"datePublished":"2022-07-07T12:42:26+00:00","dateModified":"2022-11-11T12:24:54+00:00","breadcrumb":{"@id":"https:\/\/marunusa.hr\/hr\/krka-safari-sup\/#breadcrumb"},"inLanguage":"hr","potentialAction":[{"@type":"ReadAction","target":["https:\/\/marunusa.hr\/hr\/krka-safari-sup\/"]}]},{"@type":"BreadcrumbList","@id":"https:\/\/marunusa.hr\/hr\/krka-safari-sup\/#breadcrumb","itemListElement":[{"@type":"ListItem","position":1,"name":"Home","item":"https:\/\/marunusa.hr\/hr\/"},{"@type":"ListItem","position":2,"name":"Krka Safari SUP"}]},{"@type":"WebSite","@id":"https:\/\/marunusa.hr\/#website","url":"https:\/\/marunusa.hr\/","name":"marunusa.hr","description":"turisti\u010dka agencija","potentialAction":[{"@type":"SearchAction","target":{"@type":"EntryPoint","urlTemplate":"https:\/\/marunusa.hr\/?s={search_term_string}"},"query-input":{"@type":"PropertyValueSpecification","valueRequired":true,"valueName":"search_term_string"}}],"inLanguage":"hr"}]}},"_links":{"self":[{"href":"https:\/\/marunusa.hr\/hr\/wp-json\/wp\/v2\/pages\/5630","targetHints":{"allow":["GET"]}}],"collection":[{"href":"https:\/\/marunusa.hr\/hr\/wp-json\/wp\/v2\/pages"}],"about":[{"href":"https:\/\/marunusa.hr\/hr\/wp-json\/wp\/v2\/types\/page"}],"author":[{"embeddable":true,"href":"https:\/\/marunusa.hr\/hr\/wp-json\/wp\/v2\/users\/1"}],"replies":[{"embeddable":true,"href":"https:\/\/marunusa.hr\/hr\/wp-json\/wp\/v2\/comments?post=5630"}],"version-history":[{"count":34,"href":"https:\/\/marunusa.hr\/hr\/wp-json\/wp\/v2\/pages\/5630\/revisions"}],"predecessor-version":[{"id":5962,"href":"https:\/\/marunusa.hr\/hr\/wp-json\/wp\/v2\/pages\/5630\/revisions\/5962"}],"wp:attachment":[{"href":"https:\/\/marunusa.hr\/hr\/wp-json\/wp\/v2\/media?parent=5630"}],"curies":[{"name":"wp","href":"https:\/\/api.w.org\/{rel}","templated":true}]}}