{"id":5302,"date":"2022-04-12T11:24:04","date_gmt":"2022-04-12T10:24:04","guid":{"rendered":"https:\/\/marunusa.hr\/?page_id=5302"},"modified":"2022-11-11T13:21:11","modified_gmt":"2022-11-11T12:21:11","slug":"dinara-krka-safari","status":"publish","type":"page","link":"https:\/\/marunusa.hr\/hr\/dinara-krka-safari\/","title":{"rendered":"DINARA &#038; KRKA SAFARI"},"content":{"rendered":"\t\t<div data-elementor-type=\"wp-page\" data-elementor-id=\"5302\" class=\"elementor elementor-5302\" data-elementor-post-type=\"page\">\n\t\t\t\t\t\t<section class=\"elementor-section elementor-top-section elementor-element elementor-element-92e79aa elementor-section-boxed elementor-section-height-default elementor-section-height-default\" data-id=\"92e79aa\" data-element_type=\"section\" data-settings=\"{&quot;background_background&quot;:&quot;classic&quot;}\">\n\t\t\t\t\t\t<div class=\"elementor-container elementor-column-gap-default\">\n\t\t\t\t\t<div class=\"elementor-column elementor-col-100 elementor-top-column elementor-element elementor-element-4cddf8c\" data-id=\"4cddf8c\" data-element_type=\"column\" data-settings=\"{&quot;background_background&quot;:&quot;classic&quot;,&quot;background_motion_fx_motion_fx_scrolling&quot;:&quot;yes&quot;,&quot;background_motion_fx_translateY_effect&quot;:&quot;yes&quot;,&quot;background_motion_fx_range&quot;:&quot;viewport&quot;,&quot;background_motion_fx_translateY_speed&quot;:{&quot;unit&quot;:&quot;px&quot;,&quot;size&quot;:4,&quot;sizes&quot;:[]},&quot;background_motion_fx_translateY_affectedRange&quot;:{&quot;unit&quot;:&quot;%&quot;,&quot;size&quot;:&quot;&quot;,&quot;sizes&quot;:{&quot;start&quot;:0,&quot;end&quot;:100}},&quot;background_motion_fx_devices&quot;:[&quot;desktop&quot;,&quot;tablet&quot;,&quot;mobile&quot;]}\">\n\t\t\t<div class=\"elementor-widget-wrap elementor-element-populated\">\n\t\t\t\t\t<div class=\"elementor-background-overlay\"><\/div>\n\t\t\t\t\t\t<div class=\"elementor-element elementor-element-25d437f elementor-widget elementor-widget-spacer\" data-id=\"25d437f\" data-element_type=\"widget\" data-widget_type=\"spacer.default\">\n\t\t\t\t<div class=\"elementor-widget-container\">\n\t\t\t\t\t\t\t<div class=\"elementor-spacer\">\n\t\t\t<div class=\"elementor-spacer-inner\"><\/div>\n\t\t<\/div>\n\t\t\t\t\t\t<\/div>\n\t\t\t\t<\/div>\n\t\t\t\t\t<\/div>\n\t\t<\/div>\n\t\t\t\t\t<\/div>\n\t\t<\/section>\n\t\t\t\t<section class=\"elementor-section elementor-top-section elementor-element elementor-element-935e7e5 elementor-section-boxed elementor-section-height-default elementor-section-height-default\" data-id=\"935e7e5\" data-element_type=\"section\">\n\t\t\t\t\t\t<div class=\"elementor-container elementor-column-gap-default\">\n\t\t\t\t\t<div class=\"elementor-column elementor-col-100 elementor-top-column elementor-element elementor-element-db05a1f\" data-id=\"db05a1f\" data-element_type=\"column\">\n\t\t\t<div class=\"elementor-widget-wrap elementor-element-populated\">\n\t\t\t\t\t\t<div class=\"elementor-element elementor-element-57e9763 elementor-skin-carousel elementor-arrows-yes elementor-pagination-type-bullets elementor-pagination-position-outside elementor-widget elementor-widget-media-carousel\" data-id=\"57e9763\" data-element_type=\"widget\" data-settings=\"{&quot;slides_per_view_mobile&quot;:&quot;1&quot;,&quot;slides_to_scroll_mobile&quot;:&quot;1&quot;,&quot;skin&quot;:&quot;carousel&quot;,&quot;effect&quot;:&quot;slide&quot;,&quot;show_arrows&quot;:&quot;yes&quot;,&quot;pagination&quot;:&quot;bullets&quot;,&quot;speed&quot;:500,&quot;autoplay&quot;:&quot;yes&quot;,&quot;autoplay_speed&quot;:5000,&quot;loop&quot;:&quot;yes&quot;,&quot;pause_on_hover&quot;:&quot;yes&quot;,&quot;pause_on_interaction&quot;:&quot;yes&quot;,&quot;space_between&quot;:{&quot;unit&quot;:&quot;px&quot;,&quot;size&quot;:10,&quot;sizes&quot;:[]},&quot;space_between_tablet&quot;:{&quot;unit&quot;:&quot;px&quot;,&quot;size&quot;:10,&quot;sizes&quot;:[]},&quot;space_between_mobile&quot;:{&quot;unit&quot;:&quot;px&quot;,&quot;size&quot;:10,&quot;sizes&quot;:[]}}\" data-widget_type=\"media-carousel.default\">\n\t\t\t\t<div class=\"elementor-widget-container\">\n\t\t\t\t\t\t\t\t\t<div class=\"elementor-swiper\">\n\t\t\t\t\t<div class=\"elementor-main-swiper swiper\" role=\"region\" aria-roledescription=\"carousel\" aria-label=\"Slides\">\n\t\t\t\t<div class=\"swiper-wrapper\">\n\t\t\t\t\t\t\t\t\t\t\t<div class=\"swiper-slide\" role=\"group\" aria-roledescription=\"slide\">\n\t\t\t\t\t\t\t\t\t<div class=\"elementor-carousel-image\" role=\"img\" aria-label=\"1-1\" style=\"background-image: url(&#039;https:\/\/marunusa.hr\/wp-content\/uploads\/2022\/04\/1-1.jpg&#039;)\">\n\n\t\t\t\n\t\t\t\t\t<\/div>\n\t\t\t\t\t\t\t\t<\/div>\n\t\t\t\t\t\t\t\t\t\t\t<div class=\"swiper-slide\" role=\"group\" aria-roledescription=\"slide\">\n\t\t\t\t\t\t\t\t\t<div class=\"elementor-carousel-image\" role=\"img\" aria-label=\"2-2\" style=\"background-image: url(&#039;https:\/\/marunusa.hr\/wp-content\/uploads\/2022\/04\/2-2.jpg&#039;)\">\n\n\t\t\t\n\t\t\t\t\t<\/div>\n\t\t\t\t\t\t\t\t<\/div>\n\t\t\t\t\t\t\t\t\t\t\t<div class=\"swiper-slide\" role=\"group\" aria-roledescription=\"slide\">\n\t\t\t\t\t\t\t\t\t<div class=\"elementor-carousel-image\" role=\"img\" aria-label=\"3-3\" style=\"background-image: url(&#039;https:\/\/marunusa.hr\/wp-content\/uploads\/2022\/04\/3-3.jpg&#039;)\">\n\n\t\t\t\n\t\t\t\t\t<\/div>\n\t\t\t\t\t\t\t\t<\/div>\n\t\t\t\t\t\t\t\t\t\t\t<div class=\"swiper-slide\" role=\"group\" aria-roledescription=\"slide\">\n\t\t\t\t\t\t\t\t\t<div class=\"elementor-carousel-image\" role=\"img\" aria-label=\"4-4\" style=\"background-image: url(&#039;https:\/\/marunusa.hr\/wp-content\/uploads\/2022\/04\/4-4.jpg&#039;)\">\n\n\t\t\t\n\t\t\t\t\t<\/div>\n\t\t\t\t\t\t\t\t<\/div>\n\t\t\t\t\t\t\t\t\t<\/div>\n\t\t\t\t\t\t\t\t\t\t\t\t\t\t\t<div class=\"elementor-swiper-button elementor-swiper-button-prev\" role=\"button\" tabindex=\"0\" aria-label=\"Previous\">\n\t\t\t\t\t\t\t<i aria-hidden=\"true\" class=\"eicon-chevron-left\"><\/i>\t\t\t\t\t\t<\/div>\n\t\t\t\t\t\t<div class=\"elementor-swiper-button elementor-swiper-button-next\" role=\"button\" tabindex=\"0\" aria-label=\"Next\">\n\t\t\t\t\t\t\t<i aria-hidden=\"true\" class=\"eicon-chevron-right\"><\/i>\t\t\t\t\t\t<\/div>\n\t\t\t\t\t\t\t\t\t\t\t\t\t\t\t\t<div class=\"swiper-pagination\"><\/div>\n\t\t\t\t\t\t\t\t\t\t\t\t<\/div>\n\t\t\t\t<\/div>\n\t\t\t\t\t\t\t\t<\/div>\n\t\t\t\t<\/div>\n\t\t\t\t\t<\/div>\n\t\t<\/div>\n\t\t\t\t\t<\/div>\n\t\t<\/section>\n\t\t\t\t<section class=\"elementor-section elementor-top-section elementor-element elementor-element-5391e72 elementor-section-boxed elementor-section-height-default elementor-section-height-default\" data-id=\"5391e72\" data-element_type=\"section\">\n\t\t\t\t\t\t<div class=\"elementor-container elementor-column-gap-default\">\n\t\t\t\t\t<div class=\"elementor-column elementor-col-50 elementor-top-column elementor-element elementor-element-6096d3a\" data-id=\"6096d3a\" data-element_type=\"column\">\n\t\t\t<div class=\"elementor-widget-wrap elementor-element-populated\">\n\t\t\t\t\t\t<div class=\"elementor-element elementor-element-0890ec7 elementor-widget elementor-widget-text-editor\" data-id=\"0890ec7\" data-element_type=\"widget\" data-widget_type=\"text-editor.default\">\n\t\t\t\t<div class=\"elementor-widget-container\">\n\t\t\t\t\t\t\t\t\t<p style=\"text-align: justify;\">Dinara &amp; Krka Safari spoj je na\u0161e dvije najpopularnije usluge i najbolji na\u010din za do\u017eivjeti atraktivnu prirodu Knina i okolice.<\/p><p style=\"text-align: justify;\">Prvo \u0107ete terenskim vozilom obi\u0107i Dinaru, najvi\u0161u planinu u Republici Hrvatskoj. Imati \u0107ete priliku vidjeti te\u017eak ali atraktivan teren te u\u017eivati u predivnom pogledu i bogatstvu netaknute prirode \u2013 velikim vapnena\u010dkim stijenama, prostranim livadama, bukovoj \u0161umi i stvoriti uspomene za cijeli \u017eivot. Uz tri stanke za fotografiranje i osvje\u017eenje uzdignuti \u0107emo se do 1260 metara nadmorske visine. Tura je duga oko 50km, a visinska razlika izme\u0111u to\u010dke polaska i ciljne to\u010dke gotovo 1050 metara (ova tura ne uklju\u010duje posjet najvi\u0161em hrvatskom vrhu).<\/p><p style=\"text-align: justify;\">Nakon offroad avanture na Dinari vra\u0107amo se u Knin, u Ekolo\u0161ko &#8211; informativni centar na ru\u010dak. Nakon ru\u010dka i kratkog odmora vrijeme je za mirnu i ugodnu vo\u017enju kajakom po rijeci Krki. Veslati \u0107ete nizvodno gornjim tokom Krke i u\u017eivati u pogledu i mirnoj vo\u017enji. Ruta je duga 4,5km a traje izme\u0111u 1 i 2 sata, ovisno o veslanju. Putem \u0107ete u\u017eivati u najljep\u0161em pogledu na Kninsku tvr\u0111avu, pro\u0107i pored u\u0161\u0107a Kosov\u010dice u Krku, arheolo\u0161kog lokaliteta Kapitul te u\u0161\u0107a Ora\u0161nice u Krku.<\/p><p style=\"text-align: justify;\">Tura je dostupna s opcijom provjere raspolo\u017eivosti, \u0161to zna\u010di da odaberete datum, broj ljudi i po\u0161aljete upit. U najkra\u0107em mogu\u0107em roku odgovoriti \u0107emo vam je li mogu\u0107e pru\u017eiti uslugu u tra\u017eenom terminu.<\/p><p style=\"text-align: justify;\">Turu po Krki mo\u017eete pro\u0107i samostalno ili koristiti uslugu vodi\u010da. Na\u0161i vodi\u010di \u0107e vam pomo\u0107i upravljati \u010damcem i objasniti sve lokalitete pored kojih prolazite na turi. Na vama je da odaberete uslugu koja vam najvi\u0161e odgovara. Doplata za vodi\u010da na \u010damcu iznosi 170,00 HRK. Na raspolaganju vam je i GoPro HERO9 Black akcijska kamera s rezervnom baterijom. Doplata za kameru iznosi 100,00 HRK, a za bateriju 50,00 HRK.<\/p><p style=\"text-align: justify;\">Za ve\u0107e grupe i ostala pitanja obratite nam se na <span style=\"color: #008000;\"><a style=\"color: #008000;\" href=\"mailto:info@marunusa.hr\">info@marunusa.hr<\/a><\/span><\/p>\t\t\t\t\t\t\t\t<\/div>\n\t\t\t\t<\/div>\n\t\t\t\t<div class=\"elementor-element elementor-element-d63fe57 elementor-widget elementor-widget-shortcode\" data-id=\"d63fe57\" data-element_type=\"widget\" data-widget_type=\"shortcode.default\">\n\t\t\t\t<div class=\"elementor-widget-container\">\n\t\t\t\t\t\t\t<div class=\"elementor-shortcode\">\n \n<div style=\"display: flex\">\n\n<iframe id=\"iFrameResizer1\"\nsrc=\"https:\/\/booking.ez-booker.com\/tour_details?site_id=9cf8ab11fb56aaef9972f18a3283800b&service_id=961&lang=hr&adults=2.\"\nstyle=\"border:none;width:1280px;height:1024px\"><\/iframe>\n\n<\/div>\n\n<script src=\"https:\/\/app.ez-booker.com\/secure\/js\/iframeResizer.js\"><\/script>\n\n<script>\niFrameResize();\n<\/script> \n<\/div>\n\t\t\t\t\t\t<\/div>\n\t\t\t\t<\/div>\n\t\t\t\t\t<\/div>\n\t\t<\/div>\n\t\t\t\t<div class=\"elementor-column elementor-col-50 elementor-top-column elementor-element elementor-element-74a2ef5\" data-id=\"74a2ef5\" data-element_type=\"column\" data-settings=\"{&quot;background_background&quot;:&quot;classic&quot;}\">\n\t\t\t<div class=\"elementor-widget-wrap elementor-element-populated\">\n\t\t\t\t\t\t<div class=\"elementor-element elementor-element-5f4afff elementor-widget elementor-widget-text-editor\" data-id=\"5f4afff\" data-element_type=\"widget\" data-widget_type=\"text-editor.default\">\n\t\t\t\t<div class=\"elementor-widget-container\">\n\t\t\t\t\t\t\t\t\t<p style=\"text-align: left;\"><strong>Vozilo<\/strong>: Nissan Terrano 2014. \/ Gumotex Ontario<br \/><strong>Dostupnost<\/strong>: travanj &#8211; listopad<br \/><strong>Minimalan broj ljudi<\/strong>: 2<br \/><strong>Maksimalan broj ljudi<\/strong>: 6<br \/><strong>Trajanje: <\/strong>7h<br \/><strong>Zahtjevnost<\/strong>: lagano, nije fizi\u010dki zahtjevno<br \/><strong>Fizi\u010dki uvjeti<\/strong>: nije preporu\u010dljivo za trudnice i osobe koje imaju problema s le\u0111ima<br \/><strong>Preporu\u010dena dob<\/strong>: djeca od 6 godina i stariji, minimalno jedna punoljetna osoba<br \/><strong>\u0160to ponijeti<\/strong>: ugodnu sportsku obu\u0107u ili obu\u0107u za planinarenje, ugodnu odje\u0107u, bo\u010dicu vode, za\u0161titu od sunca, za\u0161titu od ki\u0161e,\u00a0 mobitel \/ fotoaparat<br \/><strong>Uklju\u010deno u cijenu<\/strong>: vozilo, gorivo, voza\u010d, osiguranje, ru\u010dak, 1 veslo po osobi, 1 za\u0161titni prsluk po osobi, 1 vodonepropusnu torbu, osiguranje, parking za automobil i transfer od cilja do starta<br \/><strong>Nije uklju\u010deno u cijenu<\/strong>: osobni tro\u0161kovi, napojnice<\/p><p style=\"text-align: left;\"><strong>Dodaci i doplate<\/strong>: GoPro HERO9 Black, zamjenska baterija; vodi\u010d na kajaku<\/p>\t\t\t\t\t\t\t\t<\/div>\n\t\t\t\t<\/div>\n\t\t\t\t\t<\/div>\n\t\t<\/div>\n\t\t\t\t\t<\/div>\n\t\t<\/section>\n\t\t\t\t<\/div>\n\t\t","protected":false},"excerpt":{"rendered":"<p>Previous Next Dinara &amp; Krka Safari spoj je na\u0161e dvije najpopularnije usluge i najbolji na\u010din za do\u017eivjeti atraktivnu prirodu Knina i okolice. Prvo \u0107ete terenskim vozilom obi\u0107i Dinaru, najvi\u0161u planinu u Republici Hrvatskoj. Imati \u0107ete priliku vidjeti te\u017eak ali atraktivan teren te u\u017eivati u predivnom pogledu i bogatstvu netaknute prirode \u2013 velikim vapnena\u010dkim stijenama, prostranim [&hellip;]<\/p>\n","protected":false},"author":1,"featured_media":0,"parent":0,"menu_order":0,"comment_status":"closed","ping_status":"closed","template":"elementor_header_footer","meta":{"footnotes":""},"class_list":["post-5302","page","type-page","status-publish","hentry"],"yoast_head":"<!-- This site is optimized with the Yoast SEO plugin v27.4 - https:\/\/yoast.com\/product\/yoast-seo-wordpress\/ -->\n<title>DINARA &amp; KRKA SAFARI - marunusa.hr<\/title>\n<meta name=\"robots\" content=\"index, follow, max-snippet:-1, max-image-preview:large, max-video-preview:-1\" \/>\n<link rel=\"canonical\" href=\"https:\/\/marunusa.hr\/hr\/dinara-krka-safari\/\" \/>\n<meta property=\"og:locale\" content=\"hr_HR\" \/>\n<meta property=\"og:type\" content=\"article\" \/>\n<meta property=\"og:title\" content=\"DINARA &amp; KRKA SAFARI - marunusa.hr\" \/>\n<meta property=\"og:description\" content=\"Previous Next Dinara &amp; Krka Safari spoj je na\u0161e dvije najpopularnije usluge i najbolji na\u010din za do\u017eivjeti atraktivnu prirodu Knina i okolice. Prvo \u0107ete terenskim vozilom obi\u0107i Dinaru, najvi\u0161u planinu u Republici Hrvatskoj. Imati \u0107ete priliku vidjeti te\u017eak ali atraktivan teren te u\u017eivati u predivnom pogledu i bogatstvu netaknute prirode \u2013 velikim vapnena\u010dkim stijenama, prostranim [&hellip;]\" \/>\n<meta property=\"og:url\" content=\"https:\/\/marunusa.hr\/hr\/dinara-krka-safari\/\" \/>\n<meta property=\"og:site_name\" content=\"marunusa.hr\" \/>\n<meta property=\"article:modified_time\" content=\"2022-11-11T12:21:11+00:00\" \/>\n<meta name=\"twitter:card\" content=\"summary_large_image\" \/>\n<meta name=\"twitter:label1\" content=\"Procijenjeno vrijeme \u010ditanja\" \/>\n\t<meta name=\"twitter:data1\" content=\"3 minute\" \/>\n<script type=\"application\/ld+json\" class=\"yoast-schema-graph\">{\"@context\":\"https:\\\/\\\/schema.org\",\"@graph\":[{\"@type\":\"WebPage\",\"@id\":\"https:\\\/\\\/marunusa.hr\\\/dinara-krka-safari\\\/\",\"url\":\"https:\\\/\\\/marunusa.hr\\\/dinara-krka-safari\\\/\",\"name\":\"DINARA & KRKA SAFARI - marunusa.hr\",\"isPartOf\":{\"@id\":\"https:\\\/\\\/marunusa.hr\\\/#website\"},\"datePublished\":\"2022-04-12T10:24:04+00:00\",\"dateModified\":\"2022-11-11T12:21:11+00:00\",\"breadcrumb\":{\"@id\":\"https:\\\/\\\/marunusa.hr\\\/dinara-krka-safari\\\/#breadcrumb\"},\"inLanguage\":\"hr\",\"potentialAction\":[{\"@type\":\"ReadAction\",\"target\":[\"https:\\\/\\\/marunusa.hr\\\/dinara-krka-safari\\\/\"]}]},{\"@type\":\"BreadcrumbList\",\"@id\":\"https:\\\/\\\/marunusa.hr\\\/dinara-krka-safari\\\/#breadcrumb\",\"itemListElement\":[{\"@type\":\"ListItem\",\"position\":1,\"name\":\"Home\",\"item\":\"https:\\\/\\\/marunusa.hr\\\/hr\\\/\"},{\"@type\":\"ListItem\",\"position\":2,\"name\":\"DINARA &#038; KRKA SAFARI\"}]},{\"@type\":\"WebSite\",\"@id\":\"https:\\\/\\\/marunusa.hr\\\/#website\",\"url\":\"https:\\\/\\\/marunusa.hr\\\/\",\"name\":\"marunusa.hr\",\"description\":\"turisti\u010dka agencija\",\"potentialAction\":[{\"@type\":\"SearchAction\",\"target\":{\"@type\":\"EntryPoint\",\"urlTemplate\":\"https:\\\/\\\/marunusa.hr\\\/?s={search_term_string}\"},\"query-input\":{\"@type\":\"PropertyValueSpecification\",\"valueRequired\":true,\"valueName\":\"search_term_string\"}}],\"inLanguage\":\"hr\"}]}<\/script>\n<!-- \/ Yoast SEO plugin. -->","yoast_head_json":{"title":"DINARA & KRKA SAFARI - marunusa.hr","robots":{"index":"index","follow":"follow","max-snippet":"max-snippet:-1","max-image-preview":"max-image-preview:large","max-video-preview":"max-video-preview:-1"},"canonical":"https:\/\/marunusa.hr\/hr\/dinara-krka-safari\/","og_locale":"hr_HR","og_type":"article","og_title":"DINARA & KRKA SAFARI - marunusa.hr","og_description":"Previous Next Dinara &amp; Krka Safari spoj je na\u0161e dvije najpopularnije usluge i najbolji na\u010din za do\u017eivjeti atraktivnu prirodu Knina i okolice. Prvo \u0107ete terenskim vozilom obi\u0107i Dinaru, najvi\u0161u planinu u Republici Hrvatskoj. Imati \u0107ete priliku vidjeti te\u017eak ali atraktivan teren te u\u017eivati u predivnom pogledu i bogatstvu netaknute prirode \u2013 velikim vapnena\u010dkim stijenama, prostranim [&hellip;]","og_url":"https:\/\/marunusa.hr\/hr\/dinara-krka-safari\/","og_site_name":"marunusa.hr","article_modified_time":"2022-11-11T12:21:11+00:00","twitter_card":"summary_large_image","twitter_misc":{"Procijenjeno vrijeme \u010ditanja":"3 minute"},"schema":{"@context":"https:\/\/schema.org","@graph":[{"@type":"WebPage","@id":"https:\/\/marunusa.hr\/dinara-krka-safari\/","url":"https:\/\/marunusa.hr\/dinara-krka-safari\/","name":"DINARA & KRKA SAFARI - marunusa.hr","isPartOf":{"@id":"https:\/\/marunusa.hr\/#website"},"datePublished":"2022-04-12T10:24:04+00:00","dateModified":"2022-11-11T12:21:11+00:00","breadcrumb":{"@id":"https:\/\/marunusa.hr\/dinara-krka-safari\/#breadcrumb"},"inLanguage":"hr","potentialAction":[{"@type":"ReadAction","target":["https:\/\/marunusa.hr\/dinara-krka-safari\/"]}]},{"@type":"BreadcrumbList","@id":"https:\/\/marunusa.hr\/dinara-krka-safari\/#breadcrumb","itemListElement":[{"@type":"ListItem","position":1,"name":"Home","item":"https:\/\/marunusa.hr\/hr\/"},{"@type":"ListItem","position":2,"name":"DINARA &#038; KRKA SAFARI"}]},{"@type":"WebSite","@id":"https:\/\/marunusa.hr\/#website","url":"https:\/\/marunusa.hr\/","name":"marunusa.hr","description":"turisti\u010dka agencija","potentialAction":[{"@type":"SearchAction","target":{"@type":"EntryPoint","urlTemplate":"https:\/\/marunusa.hr\/?s={search_term_string}"},"query-input":{"@type":"PropertyValueSpecification","valueRequired":true,"valueName":"search_term_string"}}],"inLanguage":"hr"}]}},"_links":{"self":[{"href":"https:\/\/marunusa.hr\/hr\/wp-json\/wp\/v2\/pages\/5302","targetHints":{"allow":["GET"]}}],"collection":[{"href":"https:\/\/marunusa.hr\/hr\/wp-json\/wp\/v2\/pages"}],"about":[{"href":"https:\/\/marunusa.hr\/hr\/wp-json\/wp\/v2\/types\/page"}],"author":[{"embeddable":true,"href":"https:\/\/marunusa.hr\/hr\/wp-json\/wp\/v2\/users\/1"}],"replies":[{"embeddable":true,"href":"https:\/\/marunusa.hr\/hr\/wp-json\/wp\/v2\/comments?post=5302"}],"version-history":[{"count":94,"href":"https:\/\/marunusa.hr\/hr\/wp-json\/wp\/v2\/pages\/5302\/revisions"}],"predecessor-version":[{"id":5938,"href":"https:\/\/marunusa.hr\/hr\/wp-json\/wp\/v2\/pages\/5302\/revisions\/5938"}],"wp:attachment":[{"href":"https:\/\/marunusa.hr\/hr\/wp-json\/wp\/v2\/media?parent=5302"}],"curies":[{"name":"wp","href":"https:\/\/api.w.org\/{rel}","templated":true}]}}