{"id":48,"date":"2021-01-19T18:12:33","date_gmt":"2021-01-19T17:12:33","guid":{"rendered":"https:\/\/marunusa.hr\/?page_id=48"},"modified":"2022-09-14T07:33:27","modified_gmt":"2022-09-14T06:33:27","slug":"naslovna","status":"publish","type":"page","link":"https:\/\/marunusa.hr\/hr\/","title":{"rendered":"Naslovna"},"content":{"rendered":"\t\t<div data-elementor-type=\"wp-page\" data-elementor-id=\"48\" class=\"elementor elementor-48\" data-elementor-post-type=\"page\">\n\t\t\t\t\t\t<section class=\"elementor-section elementor-top-section elementor-element elementor-element-5ed08e3 elementor-section-boxed elementor-section-height-default elementor-section-height-default\" data-id=\"5ed08e3\" data-element_type=\"section\" data-settings=\"{&quot;background_background&quot;:&quot;classic&quot;,&quot;shape_divider_bottom&quot;:&quot;tilt&quot;}\">\n\t\t\t\t\t<div class=\"elementor-shape elementor-shape-bottom\" aria-hidden=\"true\" data-negative=\"false\">\n\t\t\t<svg xmlns=\"http:\/\/www.w3.org\/2000\/svg\" viewBox=\"0 0 1000 100\" preserveAspectRatio=\"none\">\n\t<path class=\"elementor-shape-fill\" d=\"M0,6V0h1000v100L0,6z\"\/>\n<\/svg>\t\t<\/div>\n\t\t\t\t\t<div class=\"elementor-container elementor-column-gap-default\">\n\t\t\t\t\t<div class=\"elementor-column elementor-col-100 elementor-top-column elementor-element elementor-element-e5ac1f7\" data-id=\"e5ac1f7\" data-element_type=\"column\">\n\t\t\t<div class=\"elementor-widget-wrap elementor-element-populated\">\n\t\t\t\t\t\t<section class=\"elementor-section elementor-inner-section elementor-element elementor-element-acb3eb1 elementor-section-full_width elementor-section-height-default elementor-section-height-default\" data-id=\"acb3eb1\" data-element_type=\"section\">\n\t\t\t\t\t\t<div class=\"elementor-container elementor-column-gap-default\">\n\t\t\t\t\t<div class=\"elementor-column elementor-col-100 elementor-inner-column elementor-element elementor-element-65976fc\" data-id=\"65976fc\" data-element_type=\"column\">\n\t\t\t<div class=\"elementor-widget-wrap elementor-element-populated\">\n\t\t\t\t\t\t\t<\/div>\n\t\t<\/div>\n\t\t\t\t\t<\/div>\n\t\t<\/section>\n\t\t\t\t\t<\/div>\n\t\t<\/div>\n\t\t\t\t\t<\/div>\n\t\t<\/section>\n\t\t\t\t<\/div>\n\t\t","protected":false},"excerpt":{"rendered":"","protected":false},"author":1,"featured_media":0,"parent":0,"menu_order":0,"comment_status":"closed","ping_status":"closed","template":"elementor_header_footer","meta":{"footnotes":""},"class_list":["post-48","page","type-page","status-publish","hentry"],"yoast_head":"<!-- This site is optimized with the Yoast SEO plugin v27.4 - https:\/\/yoast.com\/product\/yoast-seo-wordpress\/ -->\n<title>Naslovna<\/title>\n<meta name=\"description\" content=\"Knin je okru\u017een s devet visokih i mo\u0107nih planina, sedam rijeka, me\u0111u kojima je i jedna od najljep\u0161ih rijeka u Europi \u2013 Krka. \u0160iroka ponuda...\" \/>\n<meta name=\"robots\" content=\"index, follow, max-snippet:-1, max-image-preview:large, max-video-preview:-1\" \/>\n<link rel=\"canonical\" href=\"https:\/\/marunusa.hr\/hr\/\" \/>\n<meta property=\"og:locale\" content=\"hr_HR\" \/>\n<meta property=\"og:type\" content=\"article\" \/>\n<meta property=\"og:title\" content=\"Turisti\u010dka agencija Marunu\u0161a\" \/>\n<meta property=\"og:description\" content=\"Knin je okru\u017een s devet visokih i mo\u0107nih planina, sedam rijeka, me\u0111u kojima je i jedna od najljep\u0161ih rijeka u Europi \u2013 Krka. Uz na\u0161e ponude otkrijte prekrasnu prirodu grada i okolice\" \/>\n<meta property=\"og:url\" content=\"https:\/\/marunusa.hr\/hr\/\" \/>\n<meta property=\"og:site_name\" content=\"marunusa.hr\" \/>\n<meta property=\"article:modified_time\" content=\"2022-09-14T06:33:27+00:00\" \/>\n<meta property=\"og:image\" content=\"https:\/\/marunusa.hr\/wp-content\/uploads\/2021\/05\/Marunusa-kninska-tvrdava_03.jpg\" \/>\n\t<meta property=\"og:image:width\" content=\"600\" \/>\n\t<meta property=\"og:image:height\" content=\"400\" \/>\n\t<meta property=\"og:image:type\" content=\"image\/jpeg\" \/>\n<meta name=\"twitter:card\" content=\"summary_large_image\" \/>\n<meta name=\"twitter:label1\" content=\"Procijenjeno vrijeme \u010ditanja\" \/>\n\t<meta name=\"twitter:data1\" content=\"1 minuta\" \/>\n<script type=\"application\/ld+json\" class=\"yoast-schema-graph\">{\"@context\":\"https:\\\/\\\/schema.org\",\"@graph\":[{\"@type\":[\"WebPage\",\"AboutPage\"],\"@id\":\"https:\\\/\\\/marunusa.hr\\\/hr\\\/\",\"url\":\"https:\\\/\\\/marunusa.hr\\\/hr\\\/\",\"name\":\"Naslovna\",\"isPartOf\":{\"@id\":\"https:\\\/\\\/marunusa.hr\\\/#website\"},\"datePublished\":\"2021-01-19T17:12:33+00:00\",\"dateModified\":\"2022-09-14T06:33:27+00:00\",\"description\":\"Knin je okru\u017een s devet visokih i mo\u0107nih planina, sedam rijeka, me\u0111u kojima je i jedna od najljep\u0161ih rijeka u Europi \u2013 Krka. \u0160iroka ponuda...\",\"breadcrumb\":{\"@id\":\"https:\\\/\\\/marunusa.hr\\\/hr\\\/#breadcrumb\"},\"inLanguage\":\"hr\",\"potentialAction\":[{\"@type\":\"ReadAction\",\"target\":[\"https:\\\/\\\/marunusa.hr\\\/hr\\\/\"]}]},{\"@type\":\"BreadcrumbList\",\"@id\":\"https:\\\/\\\/marunusa.hr\\\/hr\\\/#breadcrumb\",\"itemListElement\":[{\"@type\":\"ListItem\",\"position\":1,\"name\":\"Home\",\"item\":\"https:\\\/\\\/marunusa.hr\\\/hr\\\/\"},{\"@type\":\"ListItem\",\"position\":2,\"name\":\"Naslovna\"}]},{\"@type\":\"WebSite\",\"@id\":\"https:\\\/\\\/marunusa.hr\\\/#website\",\"url\":\"https:\\\/\\\/marunusa.hr\\\/\",\"name\":\"marunusa.hr\",\"description\":\"turisti\u010dka agencija\",\"potentialAction\":[{\"@type\":\"SearchAction\",\"target\":{\"@type\":\"EntryPoint\",\"urlTemplate\":\"https:\\\/\\\/marunusa.hr\\\/?s={search_term_string}\"},\"query-input\":{\"@type\":\"PropertyValueSpecification\",\"valueRequired\":true,\"valueName\":\"search_term_string\"}}],\"inLanguage\":\"hr\"}]}<\/script>\n<!-- \/ Yoast SEO plugin. -->","yoast_head_json":{"title":"Naslovna","description":"Knin je okru\u017een s devet visokih i mo\u0107nih planina, sedam rijeka, me\u0111u kojima je i jedna od najljep\u0161ih rijeka u Europi \u2013 Krka. \u0160iroka ponuda...","robots":{"index":"index","follow":"follow","max-snippet":"max-snippet:-1","max-image-preview":"max-image-preview:large","max-video-preview":"max-video-preview:-1"},"canonical":"https:\/\/marunusa.hr\/hr\/","og_locale":"hr_HR","og_type":"article","og_title":"Turisti\u010dka agencija Marunu\u0161a","og_description":"Knin je okru\u017een s devet visokih i mo\u0107nih planina, sedam rijeka, me\u0111u kojima je i jedna od najljep\u0161ih rijeka u Europi \u2013 Krka. Uz na\u0161e ponude otkrijte prekrasnu prirodu grada i okolice","og_url":"https:\/\/marunusa.hr\/hr\/","og_site_name":"marunusa.hr","article_modified_time":"2022-09-14T06:33:27+00:00","og_image":[{"width":600,"height":400,"url":"https:\/\/marunusa.hr\/wp-content\/uploads\/2021\/05\/Marunusa-kninska-tvrdava_03.jpg","type":"image\/jpeg"}],"twitter_card":"summary_large_image","twitter_misc":{"Procijenjeno vrijeme \u010ditanja":"1 minuta"},"schema":{"@context":"https:\/\/schema.org","@graph":[{"@type":["WebPage","AboutPage"],"@id":"https:\/\/marunusa.hr\/hr\/","url":"https:\/\/marunusa.hr\/hr\/","name":"Naslovna","isPartOf":{"@id":"https:\/\/marunusa.hr\/#website"},"datePublished":"2021-01-19T17:12:33+00:00","dateModified":"2022-09-14T06:33:27+00:00","description":"Knin je okru\u017een s devet visokih i mo\u0107nih planina, sedam rijeka, me\u0111u kojima je i jedna od najljep\u0161ih rijeka u Europi \u2013 Krka. \u0160iroka ponuda...","breadcrumb":{"@id":"https:\/\/marunusa.hr\/hr\/#breadcrumb"},"inLanguage":"hr","potentialAction":[{"@type":"ReadAction","target":["https:\/\/marunusa.hr\/hr\/"]}]},{"@type":"BreadcrumbList","@id":"https:\/\/marunusa.hr\/hr\/#breadcrumb","itemListElement":[{"@type":"ListItem","position":1,"name":"Home","item":"https:\/\/marunusa.hr\/hr\/"},{"@type":"ListItem","position":2,"name":"Naslovna"}]},{"@type":"WebSite","@id":"https:\/\/marunusa.hr\/#website","url":"https:\/\/marunusa.hr\/","name":"marunusa.hr","description":"turisti\u010dka agencija","potentialAction":[{"@type":"SearchAction","target":{"@type":"EntryPoint","urlTemplate":"https:\/\/marunusa.hr\/?s={search_term_string}"},"query-input":{"@type":"PropertyValueSpecification","valueRequired":true,"valueName":"search_term_string"}}],"inLanguage":"hr"}]}},"_links":{"self":[{"href":"https:\/\/marunusa.hr\/hr\/wp-json\/wp\/v2\/pages\/48","targetHints":{"allow":["GET"]}}],"collection":[{"href":"https:\/\/marunusa.hr\/hr\/wp-json\/wp\/v2\/pages"}],"about":[{"href":"https:\/\/marunusa.hr\/hr\/wp-json\/wp\/v2\/types\/page"}],"author":[{"embeddable":true,"href":"https:\/\/marunusa.hr\/hr\/wp-json\/wp\/v2\/users\/1"}],"replies":[{"embeddable":true,"href":"https:\/\/marunusa.hr\/hr\/wp-json\/wp\/v2\/comments?post=48"}],"version-history":[{"count":560,"href":"https:\/\/marunusa.hr\/hr\/wp-json\/wp\/v2\/pages\/48\/revisions"}],"predecessor-version":[{"id":5864,"href":"https:\/\/marunusa.hr\/hr\/wp-json\/wp\/v2\/pages\/48\/revisions\/5864"}],"wp:attachment":[{"href":"https:\/\/marunusa.hr\/hr\/wp-json\/wp\/v2\/media?parent=48"}],"curies":[{"name":"wp","href":"https:\/\/api.w.org\/{rel}","templated":true}]}}