{"id":4791,"date":"2021-10-13T09:38:26","date_gmt":"2021-10-13T08:38:26","guid":{"rendered":"https:\/\/marunusa.hr\/?page_id=4791"},"modified":"2022-05-25T13:03:12","modified_gmt":"2022-05-25T12:03:12","slug":"degustacija-sira","status":"publish","type":"page","link":"https:\/\/marunusa.hr\/hr\/ture\/gurmanske-ture\/degustacija-sira\/","title":{"rendered":"Degustacija sira"},"content":{"rendered":"\t\t<div data-elementor-type=\"wp-page\" data-elementor-id=\"4791\" class=\"elementor elementor-4791\" data-elementor-post-type=\"page\">\n\t\t\t\t\t\t<section class=\"elementor-section elementor-top-section elementor-element elementor-element-5df6502 elementor-section-boxed elementor-section-height-default elementor-section-height-default\" data-id=\"5df6502\" data-element_type=\"section\" data-settings=\"{&quot;background_background&quot;:&quot;classic&quot;}\">\n\t\t\t\t\t\t<div class=\"elementor-container elementor-column-gap-default\">\n\t\t\t\t\t<div class=\"elementor-column elementor-col-100 elementor-top-column elementor-element elementor-element-6156af6\" data-id=\"6156af6\" data-element_type=\"column\" data-settings=\"{&quot;background_background&quot;:&quot;classic&quot;,&quot;background_motion_fx_motion_fx_scrolling&quot;:&quot;yes&quot;,&quot;background_motion_fx_translateY_effect&quot;:&quot;yes&quot;,&quot;background_motion_fx_translateY_speed&quot;:{&quot;unit&quot;:&quot;px&quot;,&quot;size&quot;:4,&quot;sizes&quot;:[]},&quot;background_motion_fx_translateY_affectedRange&quot;:{&quot;unit&quot;:&quot;%&quot;,&quot;size&quot;:&quot;&quot;,&quot;sizes&quot;:{&quot;start&quot;:0,&quot;end&quot;:100}},&quot;background_motion_fx_devices&quot;:[&quot;desktop&quot;,&quot;tablet&quot;,&quot;mobile&quot;]}\">\n\t\t\t<div class=\"elementor-widget-wrap elementor-element-populated\">\n\t\t\t\t\t\t<div class=\"elementor-element elementor-element-3dce673 elementor-widget elementor-widget-spacer\" data-id=\"3dce673\" data-element_type=\"widget\" data-widget_type=\"spacer.default\">\n\t\t\t\t<div class=\"elementor-widget-container\">\n\t\t\t\t\t\t\t<div class=\"elementor-spacer\">\n\t\t\t<div class=\"elementor-spacer-inner\"><\/div>\n\t\t<\/div>\n\t\t\t\t\t\t<\/div>\n\t\t\t\t<\/div>\n\t\t\t\t\t<\/div>\n\t\t<\/div>\n\t\t\t\t\t<\/div>\n\t\t<\/section>\n\t\t\t\t<section class=\"elementor-section elementor-top-section elementor-element elementor-element-02447d2 elementor-section-boxed elementor-section-height-default elementor-section-height-default\" data-id=\"02447d2\" data-element_type=\"section\">\n\t\t\t\t\t\t<div class=\"elementor-container elementor-column-gap-default\">\n\t\t\t\t\t<div class=\"elementor-column elementor-col-100 elementor-top-column elementor-element elementor-element-af90f5c\" data-id=\"af90f5c\" data-element_type=\"column\">\n\t\t\t<div class=\"elementor-widget-wrap elementor-element-populated\">\n\t\t\t\t\t\t<div class=\"elementor-element elementor-element-466da5d elementor-skin-carousel elementor-arrows-yes elementor-pagination-type-bullets elementor-pagination-position-outside elementor-widget elementor-widget-media-carousel\" data-id=\"466da5d\" data-element_type=\"widget\" data-settings=\"{&quot;slides_per_view_mobile&quot;:&quot;2&quot;,&quot;skin&quot;:&quot;carousel&quot;,&quot;effect&quot;:&quot;slide&quot;,&quot;show_arrows&quot;:&quot;yes&quot;,&quot;pagination&quot;:&quot;bullets&quot;,&quot;speed&quot;:500,&quot;autoplay&quot;:&quot;yes&quot;,&quot;autoplay_speed&quot;:5000,&quot;loop&quot;:&quot;yes&quot;,&quot;pause_on_hover&quot;:&quot;yes&quot;,&quot;pause_on_interaction&quot;:&quot;yes&quot;,&quot;space_between&quot;:{&quot;unit&quot;:&quot;px&quot;,&quot;size&quot;:10,&quot;sizes&quot;:[]},&quot;space_between_tablet&quot;:{&quot;unit&quot;:&quot;px&quot;,&quot;size&quot;:10,&quot;sizes&quot;:[]},&quot;space_between_mobile&quot;:{&quot;unit&quot;:&quot;px&quot;,&quot;size&quot;:10,&quot;sizes&quot;:[]}}\" data-widget_type=\"media-carousel.default\">\n\t\t\t\t<div class=\"elementor-widget-container\">\n\t\t\t\t\t\t\t\t\t<div class=\"elementor-swiper\">\n\t\t\t\t\t<div class=\"elementor-main-swiper swiper\" role=\"region\" aria-roledescription=\"carousel\" aria-label=\"Slides\">\n\t\t\t\t<div class=\"swiper-wrapper\">\n\t\t\t\t\t\t\t\t\t\t\t<div class=\"swiper-slide\" role=\"group\" aria-roledescription=\"slide\">\n\t\t\t\t\t\t\t\t\t<div class=\"elementor-carousel-image\" role=\"img\" aria-label=\"Cheese1-marunusa\" style=\"background-image: url(&#039;https:\/\/marunusa.hr\/wp-content\/uploads\/2021\/10\/Cheese1-marunusa.jpg&#039;)\">\n\n\t\t\t\n\t\t\t\t\t<\/div>\n\t\t\t\t\t\t\t\t<\/div>\n\t\t\t\t\t\t\t\t\t\t\t<div class=\"swiper-slide\" role=\"group\" aria-roledescription=\"slide\">\n\t\t\t\t\t\t\t\t\t<div class=\"elementor-carousel-image\" role=\"img\" aria-label=\"Cheese2-marunusa\" style=\"background-image: url(&#039;https:\/\/marunusa.hr\/wp-content\/uploads\/2021\/10\/Cheese2-marunusa.jpg&#039;)\">\n\n\t\t\t\n\t\t\t\t\t<\/div>\n\t\t\t\t\t\t\t\t<\/div>\n\t\t\t\t\t\t\t\t\t\t\t<div class=\"swiper-slide\" role=\"group\" aria-roledescription=\"slide\">\n\t\t\t\t\t\t\t\t\t<div class=\"elementor-carousel-image\" role=\"img\" aria-label=\"Cheese3-marunusa\" style=\"background-image: url(&#039;https:\/\/marunusa.hr\/wp-content\/uploads\/2021\/10\/Cheese3-marunusa.jpg&#039;)\">\n\n\t\t\t\n\t\t\t\t\t<\/div>\n\t\t\t\t\t\t\t\t<\/div>\n\t\t\t\t\t\t\t\t\t\t\t<div class=\"swiper-slide\" role=\"group\" aria-roledescription=\"slide\">\n\t\t\t\t\t\t\t\t\t<div class=\"elementor-carousel-image\" role=\"img\" aria-label=\"Cheese4-marunusa\" style=\"background-image: url(&#039;https:\/\/marunusa.hr\/wp-content\/uploads\/2021\/10\/Cheese4-marunusa.jpg&#039;)\">\n\n\t\t\t\n\t\t\t\t\t<\/div>\n\t\t\t\t\t\t\t\t<\/div>\n\t\t\t\t\t\t\t\t\t\t\t<div class=\"swiper-slide\" role=\"group\" aria-roledescription=\"slide\">\n\t\t\t\t\t\t\t\t\t<div class=\"elementor-carousel-image\" role=\"img\" aria-label=\"Cheese5-marunusa\" style=\"background-image: url(&#039;https:\/\/marunusa.hr\/wp-content\/uploads\/2021\/11\/Cheese5-marunusa.jpg&#039;)\">\n\n\t\t\t\n\t\t\t\t\t<\/div>\n\t\t\t\t\t\t\t\t<\/div>\n\t\t\t\t\t\t\t\t\t<\/div>\n\t\t\t\t\t\t\t\t\t\t\t\t\t\t\t<div class=\"elementor-swiper-button elementor-swiper-button-prev\" role=\"button\" tabindex=\"0\" aria-label=\"Previous\">\n\t\t\t\t\t\t\t<i aria-hidden=\"true\" class=\"eicon-chevron-left\"><\/i>\t\t\t\t\t\t<\/div>\n\t\t\t\t\t\t<div class=\"elementor-swiper-button elementor-swiper-button-next\" role=\"button\" tabindex=\"0\" aria-label=\"Next\">\n\t\t\t\t\t\t\t<i aria-hidden=\"true\" class=\"eicon-chevron-right\"><\/i>\t\t\t\t\t\t<\/div>\n\t\t\t\t\t\t\t\t\t\t\t\t\t\t\t\t<div class=\"swiper-pagination\"><\/div>\n\t\t\t\t\t\t\t\t\t\t\t\t<\/div>\n\t\t\t\t<\/div>\n\t\t\t\t\t\t\t\t<\/div>\n\t\t\t\t<\/div>\n\t\t\t\t\t<\/div>\n\t\t<\/div>\n\t\t\t\t\t<\/div>\n\t\t<\/section>\n\t\t\t\t<section class=\"elementor-section elementor-top-section elementor-element elementor-element-8f48b48 elementor-section-boxed elementor-section-height-default elementor-section-height-default\" data-id=\"8f48b48\" data-element_type=\"section\">\n\t\t\t\t\t\t<div class=\"elementor-container elementor-column-gap-default\">\n\t\t\t\t\t<div class=\"elementor-column elementor-col-50 elementor-top-column elementor-element elementor-element-8ff717c\" data-id=\"8ff717c\" data-element_type=\"column\">\n\t\t\t<div class=\"elementor-widget-wrap elementor-element-populated\">\n\t\t\t\t\t\t<div class=\"elementor-element elementor-element-e81cc3d elementor-widget elementor-widget-text-editor\" data-id=\"e81cc3d\" data-element_type=\"widget\" data-widget_type=\"text-editor.default\">\n\t\t\t\t<div class=\"elementor-widget-container\">\n\t\t\t\t\t\t\t\t\t<div dir=\"auto\" style=\"text-align: justify;\"><p>Posjet OPG-u Marko\u0161 u selu Pa\u0111ene kraj Knina. Do\u010dekati \u0107e vas obitelj Marko\u0161, proizvo\u0111a\u010di kravljeg sira na dobrom glasu u cijelom kninskom kraju. Provesti \u0107e vas obiteljskim imanjem, pokazati vam farmu i objasniti proces proizvodnje od pa\u0161njaka do gotovog proizvoda.<\/p><p>U novoizgra\u0111enoj ku\u0161aonici degustirati \u0107ete 4 vrste sira: svje\u017ei kravlji sir \u2013 basu, mladi kravlji sir, polutvrdi kravlji sir i sir iz mje\u0161ine. Imati \u0107ete slobodno vrijeme za kupnju proizvoda.<\/p><\/div><p>Tura se izvodi za minimalno 10 sudionika. Za sva pitanja obratite nam se na\u00a0<span style=\"color: #008000;\"><a style=\"color: #008000;\" href=\"mailto:info@marunusa.hr\">info@marunusa.hr<\/a><\/span><\/p>\t\t\t\t\t\t\t\t<\/div>\n\t\t\t\t<\/div>\n\t\t\t\t<div class=\"elementor-element elementor-element-adb9139 elementor-widget elementor-widget-shortcode\" data-id=\"adb9139\" data-element_type=\"widget\" data-widget_type=\"shortcode.default\">\n\t\t\t\t<div class=\"elementor-widget-container\">\n\t\t\t\t\t\t\t<div class=\"elementor-shortcode\">\n \n<div style=\"display: flex\">\n\n<iframe id=\"iFrameResizer1\"\nsrc=\"https:\/\/booking.ez-booker.com\/tour_details?site_id=9cf8ab11fb56aaef9972f18a3283800b&service_id=941&lang=hr&adults=1.\"\nstyle=\"border:none;width:1280px;height:1024px\"><\/iframe>\n\n<\/div>\n\n<script src=\"https:\/\/app.ez-booker.com\/secure\/js\/iframeResizer.js\"><\/script>\n\n<script>\niFrameResize();\n<\/script> \n<\/div>\n\t\t\t\t\t\t<\/div>\n\t\t\t\t<\/div>\n\t\t\t\t\t<\/div>\n\t\t<\/div>\n\t\t\t\t<div class=\"elementor-column elementor-col-50 elementor-top-column elementor-element elementor-element-fb49eb7\" data-id=\"fb49eb7\" data-element_type=\"column\" data-settings=\"{&quot;background_background&quot;:&quot;classic&quot;}\">\n\t\t\t<div class=\"elementor-widget-wrap elementor-element-populated\">\n\t\t\t\t\t\t<div class=\"elementor-element elementor-element-0cea28b elementor-widget elementor-widget-text-editor\" data-id=\"0cea28b\" data-element_type=\"widget\" data-widget_type=\"text-editor.default\">\n\t\t\t\t<div class=\"elementor-widget-container\">\n\t\t\t\t\t\t\t\t\t<p style=\"text-align: justify;\"><strong>Dostupnost<\/strong>: tokom cijele godine<br \/><strong>Minimalan broj ljudi<\/strong>: 10<br \/><strong>Trajanje<\/strong>: 1h<br \/><strong>Zahtjevnost<\/strong>: lagano, nije fiz\u010dki zahtjevno<br \/><strong>\u0160to ponijeti<\/strong>: Ugodnu obu\u0107u za hodanje, za\u0161titu od sunca, za\u0161titu od ki\u0161e, mobitel, fotoaparat<br \/><strong>Uklju\u010deno u cijenu<\/strong>: licencirani turisti\u010dki vodi\u010d, obilazak farme i imanja, prezentacija procesa od pa\u0161njaka do gotovog proizvoda, aperitiv, degustacija 4 vrste sira<br \/><strong>Nije uklju\u010deno u cijenu<\/strong>: prijevoz, napojnice<\/p>\t\t\t\t\t\t\t\t<\/div>\n\t\t\t\t<\/div>\n\t\t\t\t\t<\/div>\n\t\t<\/div>\n\t\t\t\t\t<\/div>\n\t\t<\/section>\n\t\t\t\t<\/div>\n\t\t","protected":false},"excerpt":{"rendered":"<p>Previous Next Posjet OPG-u Marko\u0161 u selu Pa\u0111ene kraj Knina. Do\u010dekati \u0107e vas obitelj Marko\u0161, proizvo\u0111a\u010di kravljeg sira na dobrom glasu u cijelom kninskom kraju. Provesti \u0107e vas obiteljskim imanjem, pokazati vam farmu i objasniti proces proizvodnje od pa\u0161njaka do gotovog proizvoda. U novoizgra\u0111enoj ku\u0161aonici degustirati \u0107ete 4 vrste sira: svje\u017ei kravlji sir \u2013 basu, [&hellip;]<\/p>\n","protected":false},"author":1,"featured_media":0,"parent":4785,"menu_order":3,"comment_status":"closed","ping_status":"closed","template":"elementor_header_footer","meta":{"footnotes":""},"class_list":["post-4791","page","type-page","status-publish","hentry"],"yoast_head":"<!-- This site is optimized with the Yoast SEO plugin v27.5 - https:\/\/yoast.com\/product\/yoast-seo-wordpress\/ -->\n<title>Degustacija sira - marunusa.hr<\/title>\n<meta name=\"robots\" content=\"index, follow, max-snippet:-1, max-image-preview:large, max-video-preview:-1\" \/>\n<link rel=\"canonical\" href=\"https:\/\/marunusa.hr\/hr\/ture\/gurmanske-ture\/degustacija-sira\/\" \/>\n<meta property=\"og:locale\" content=\"hr_HR\" \/>\n<meta property=\"og:type\" content=\"article\" \/>\n<meta property=\"og:title\" content=\"Degustacija sira - marunusa.hr\" \/>\n<meta property=\"og:description\" content=\"Previous Next Posjet OPG-u Marko\u0161 u selu Pa\u0111ene kraj Knina. Do\u010dekati \u0107e vas obitelj Marko\u0161, proizvo\u0111a\u010di kravljeg sira na dobrom glasu u cijelom kninskom kraju. Provesti \u0107e vas obiteljskim imanjem, pokazati vam farmu i objasniti proces proizvodnje od pa\u0161njaka do gotovog proizvoda. U novoizgra\u0111enoj ku\u0161aonici degustirati \u0107ete 4 vrste sira: svje\u017ei kravlji sir \u2013 basu, [&hellip;]\" \/>\n<meta property=\"og:url\" content=\"https:\/\/marunusa.hr\/hr\/ture\/gurmanske-ture\/degustacija-sira\/\" \/>\n<meta property=\"og:site_name\" content=\"marunusa.hr\" \/>\n<meta property=\"article:modified_time\" content=\"2022-05-25T12:03:12+00:00\" \/>\n<meta name=\"twitter:card\" content=\"summary_large_image\" \/>\n<meta name=\"twitter:label1\" content=\"Procijenjeno vrijeme \u010ditanja\" \/>\n\t<meta name=\"twitter:data1\" content=\"1 minuta\" \/>\n<script type=\"application\/ld+json\" class=\"yoast-schema-graph\">{\"@context\":\"https:\\\/\\\/schema.org\",\"@graph\":[{\"@type\":\"WebPage\",\"@id\":\"https:\\\/\\\/marunusa.hr\\\/ture\\\/gurmanske-ture\\\/degustacija-sira\\\/\",\"url\":\"https:\\\/\\\/marunusa.hr\\\/ture\\\/gurmanske-ture\\\/degustacija-sira\\\/\",\"name\":\"Degustacija sira - marunusa.hr\",\"isPartOf\":{\"@id\":\"https:\\\/\\\/marunusa.hr\\\/#website\"},\"datePublished\":\"2021-10-13T08:38:26+00:00\",\"dateModified\":\"2022-05-25T12:03:12+00:00\",\"breadcrumb\":{\"@id\":\"https:\\\/\\\/marunusa.hr\\\/ture\\\/gurmanske-ture\\\/degustacija-sira\\\/#breadcrumb\"},\"inLanguage\":\"hr\",\"potentialAction\":[{\"@type\":\"ReadAction\",\"target\":[\"https:\\\/\\\/marunusa.hr\\\/ture\\\/gurmanske-ture\\\/degustacija-sira\\\/\"]}]},{\"@type\":\"BreadcrumbList\",\"@id\":\"https:\\\/\\\/marunusa.hr\\\/ture\\\/gurmanske-ture\\\/degustacija-sira\\\/#breadcrumb\",\"itemListElement\":[{\"@type\":\"ListItem\",\"position\":1,\"name\":\"Home\",\"item\":\"https:\\\/\\\/marunusa.hr\\\/hr\\\/\"},{\"@type\":\"ListItem\",\"position\":2,\"name\":\"Ture\",\"item\":\"https:\\\/\\\/marunusa.hr\\\/ture\\\/\"},{\"@type\":\"ListItem\",\"position\":3,\"name\":\"GURMANSKE TURE\",\"item\":\"https:\\\/\\\/marunusa.hr\\\/ture\\\/gurmanske-ture\\\/\"},{\"@type\":\"ListItem\",\"position\":4,\"name\":\"Degustacija sira\"}]},{\"@type\":\"WebSite\",\"@id\":\"https:\\\/\\\/marunusa.hr\\\/#website\",\"url\":\"https:\\\/\\\/marunusa.hr\\\/\",\"name\":\"marunusa.hr\",\"description\":\"turisti\u010dka agencija\",\"potentialAction\":[{\"@type\":\"SearchAction\",\"target\":{\"@type\":\"EntryPoint\",\"urlTemplate\":\"https:\\\/\\\/marunusa.hr\\\/?s={search_term_string}\"},\"query-input\":{\"@type\":\"PropertyValueSpecification\",\"valueRequired\":true,\"valueName\":\"search_term_string\"}}],\"inLanguage\":\"hr\"}]}<\/script>\n<!-- \/ Yoast SEO plugin. -->","yoast_head_json":{"title":"Degustacija sira - marunusa.hr","robots":{"index":"index","follow":"follow","max-snippet":"max-snippet:-1","max-image-preview":"max-image-preview:large","max-video-preview":"max-video-preview:-1"},"canonical":"https:\/\/marunusa.hr\/hr\/ture\/gurmanske-ture\/degustacija-sira\/","og_locale":"hr_HR","og_type":"article","og_title":"Degustacija sira - marunusa.hr","og_description":"Previous Next Posjet OPG-u Marko\u0161 u selu Pa\u0111ene kraj Knina. Do\u010dekati \u0107e vas obitelj Marko\u0161, proizvo\u0111a\u010di kravljeg sira na dobrom glasu u cijelom kninskom kraju. Provesti \u0107e vas obiteljskim imanjem, pokazati vam farmu i objasniti proces proizvodnje od pa\u0161njaka do gotovog proizvoda. U novoizgra\u0111enoj ku\u0161aonici degustirati \u0107ete 4 vrste sira: svje\u017ei kravlji sir \u2013 basu, [&hellip;]","og_url":"https:\/\/marunusa.hr\/hr\/ture\/gurmanske-ture\/degustacija-sira\/","og_site_name":"marunusa.hr","article_modified_time":"2022-05-25T12:03:12+00:00","twitter_card":"summary_large_image","twitter_misc":{"Procijenjeno vrijeme \u010ditanja":"1 minuta"},"schema":{"@context":"https:\/\/schema.org","@graph":[{"@type":"WebPage","@id":"https:\/\/marunusa.hr\/ture\/gurmanske-ture\/degustacija-sira\/","url":"https:\/\/marunusa.hr\/ture\/gurmanske-ture\/degustacija-sira\/","name":"Degustacija sira - marunusa.hr","isPartOf":{"@id":"https:\/\/marunusa.hr\/#website"},"datePublished":"2021-10-13T08:38:26+00:00","dateModified":"2022-05-25T12:03:12+00:00","breadcrumb":{"@id":"https:\/\/marunusa.hr\/ture\/gurmanske-ture\/degustacija-sira\/#breadcrumb"},"inLanguage":"hr","potentialAction":[{"@type":"ReadAction","target":["https:\/\/marunusa.hr\/ture\/gurmanske-ture\/degustacija-sira\/"]}]},{"@type":"BreadcrumbList","@id":"https:\/\/marunusa.hr\/ture\/gurmanske-ture\/degustacija-sira\/#breadcrumb","itemListElement":[{"@type":"ListItem","position":1,"name":"Home","item":"https:\/\/marunusa.hr\/hr\/"},{"@type":"ListItem","position":2,"name":"Ture","item":"https:\/\/marunusa.hr\/ture\/"},{"@type":"ListItem","position":3,"name":"GURMANSKE TURE","item":"https:\/\/marunusa.hr\/ture\/gurmanske-ture\/"},{"@type":"ListItem","position":4,"name":"Degustacija sira"}]},{"@type":"WebSite","@id":"https:\/\/marunusa.hr\/#website","url":"https:\/\/marunusa.hr\/","name":"marunusa.hr","description":"turisti\u010dka agencija","potentialAction":[{"@type":"SearchAction","target":{"@type":"EntryPoint","urlTemplate":"https:\/\/marunusa.hr\/?s={search_term_string}"},"query-input":{"@type":"PropertyValueSpecification","valueRequired":true,"valueName":"search_term_string"}}],"inLanguage":"hr"}]}},"_links":{"self":[{"href":"https:\/\/marunusa.hr\/hr\/wp-json\/wp\/v2\/pages\/4791","targetHints":{"allow":["GET"]}}],"collection":[{"href":"https:\/\/marunusa.hr\/hr\/wp-json\/wp\/v2\/pages"}],"about":[{"href":"https:\/\/marunusa.hr\/hr\/wp-json\/wp\/v2\/types\/page"}],"author":[{"embeddable":true,"href":"https:\/\/marunusa.hr\/hr\/wp-json\/wp\/v2\/users\/1"}],"replies":[{"embeddable":true,"href":"https:\/\/marunusa.hr\/hr\/wp-json\/wp\/v2\/comments?post=4791"}],"version-history":[{"count":31,"href":"https:\/\/marunusa.hr\/hr\/wp-json\/wp\/v2\/pages\/4791\/revisions"}],"predecessor-version":[{"id":5546,"href":"https:\/\/marunusa.hr\/hr\/wp-json\/wp\/v2\/pages\/4791\/revisions\/5546"}],"up":[{"embeddable":true,"href":"https:\/\/marunusa.hr\/hr\/wp-json\/wp\/v2\/pages\/4785"}],"wp:attachment":[{"href":"https:\/\/marunusa.hr\/hr\/wp-json\/wp\/v2\/media?parent=4791"}],"curies":[{"name":"wp","href":"https:\/\/api.w.org\/{rel}","templated":true}]}}