{"id":4783,"date":"2021-10-13T09:32:37","date_gmt":"2021-10-13T08:32:37","guid":{"rendered":"https:\/\/marunusa.hr\/?page_id=4783"},"modified":"2022-05-25T12:48:38","modified_gmt":"2022-05-25T11:48:38","slug":"obilazak-kninske-tvrdave","status":"publish","type":"page","link":"https:\/\/marunusa.hr\/hr\/ture\/gradske-ture\/obilazak-kninske-tvrdave\/","title":{"rendered":"Obilazak Kninske tvr\u0111ave"},"content":{"rendered":"\t\t<div data-elementor-type=\"wp-page\" data-elementor-id=\"4783\" class=\"elementor elementor-4783\" data-elementor-post-type=\"page\">\n\t\t\t\t\t\t<section class=\"elementor-section elementor-top-section elementor-element elementor-element-a487c60 elementor-section-boxed elementor-section-height-default elementor-section-height-default\" data-id=\"a487c60\" data-element_type=\"section\" data-settings=\"{&quot;background_background&quot;:&quot;classic&quot;}\">\n\t\t\t\t\t\t<div class=\"elementor-container elementor-column-gap-default\">\n\t\t\t\t\t<div class=\"elementor-column elementor-col-100 elementor-top-column elementor-element elementor-element-a22438c\" data-id=\"a22438c\" data-element_type=\"column\" data-settings=\"{&quot;background_background&quot;:&quot;classic&quot;,&quot;background_motion_fx_motion_fx_scrolling&quot;:&quot;yes&quot;,&quot;background_motion_fx_translateY_effect&quot;:&quot;yes&quot;,&quot;background_motion_fx_translateY_speed&quot;:{&quot;unit&quot;:&quot;px&quot;,&quot;size&quot;:4,&quot;sizes&quot;:[]},&quot;background_motion_fx_translateY_affectedRange&quot;:{&quot;unit&quot;:&quot;%&quot;,&quot;size&quot;:&quot;&quot;,&quot;sizes&quot;:{&quot;start&quot;:0,&quot;end&quot;:100}},&quot;background_motion_fx_devices&quot;:[&quot;desktop&quot;,&quot;tablet&quot;,&quot;mobile&quot;]}\">\n\t\t\t<div class=\"elementor-widget-wrap elementor-element-populated\">\n\t\t\t\t\t\t<div class=\"elementor-element elementor-element-204ea44 elementor-widget elementor-widget-spacer\" data-id=\"204ea44\" data-element_type=\"widget\" data-widget_type=\"spacer.default\">\n\t\t\t\t<div class=\"elementor-widget-container\">\n\t\t\t\t\t\t\t<div class=\"elementor-spacer\">\n\t\t\t<div class=\"elementor-spacer-inner\"><\/div>\n\t\t<\/div>\n\t\t\t\t\t\t<\/div>\n\t\t\t\t<\/div>\n\t\t\t\t\t<\/div>\n\t\t<\/div>\n\t\t\t\t\t<\/div>\n\t\t<\/section>\n\t\t\t\t<section class=\"elementor-section elementor-top-section elementor-element elementor-element-24005db elementor-section-boxed elementor-section-height-default elementor-section-height-default\" data-id=\"24005db\" data-element_type=\"section\">\n\t\t\t\t\t\t<div class=\"elementor-container elementor-column-gap-default\">\n\t\t\t\t\t<div class=\"elementor-column elementor-col-100 elementor-top-column elementor-element elementor-element-dc9e22b\" data-id=\"dc9e22b\" data-element_type=\"column\">\n\t\t\t<div class=\"elementor-widget-wrap elementor-element-populated\">\n\t\t\t\t\t\t<div class=\"elementor-element elementor-element-b199c69 elementor-skin-carousel elementor-arrows-yes elementor-pagination-type-bullets elementor-pagination-position-outside elementor-widget elementor-widget-media-carousel\" data-id=\"b199c69\" data-element_type=\"widget\" data-settings=\"{&quot;slides_per_view_mobile&quot;:&quot;2&quot;,&quot;skin&quot;:&quot;carousel&quot;,&quot;effect&quot;:&quot;slide&quot;,&quot;show_arrows&quot;:&quot;yes&quot;,&quot;pagination&quot;:&quot;bullets&quot;,&quot;speed&quot;:500,&quot;autoplay&quot;:&quot;yes&quot;,&quot;autoplay_speed&quot;:5000,&quot;loop&quot;:&quot;yes&quot;,&quot;pause_on_hover&quot;:&quot;yes&quot;,&quot;pause_on_interaction&quot;:&quot;yes&quot;,&quot;space_between&quot;:{&quot;unit&quot;:&quot;px&quot;,&quot;size&quot;:10,&quot;sizes&quot;:[]},&quot;space_between_tablet&quot;:{&quot;unit&quot;:&quot;px&quot;,&quot;size&quot;:10,&quot;sizes&quot;:[]},&quot;space_between_mobile&quot;:{&quot;unit&quot;:&quot;px&quot;,&quot;size&quot;:10,&quot;sizes&quot;:[]}}\" data-widget_type=\"media-carousel.default\">\n\t\t\t\t<div class=\"elementor-widget-container\">\n\t\t\t\t\t\t\t\t\t<div class=\"elementor-swiper\">\n\t\t\t\t\t<div class=\"elementor-main-swiper swiper\" role=\"region\" aria-roledescription=\"carousel\" aria-label=\"Slides\">\n\t\t\t\t<div class=\"swiper-wrapper\">\n\t\t\t\t\t\t\t\t\t\t\t<div class=\"swiper-slide\" role=\"group\" aria-roledescription=\"slide\">\n\t\t\t\t\t\t\t\t\t<div class=\"elementor-carousel-image\" role=\"img\" aria-label=\"Fort1-marunusa\" style=\"background-image: url(&#039;https:\/\/marunusa.hr\/wp-content\/uploads\/2021\/10\/Fort1-marunusa.jpg&#039;)\">\n\n\t\t\t\n\t\t\t\t\t<\/div>\n\t\t\t\t\t\t\t\t<\/div>\n\t\t\t\t\t\t\t\t\t\t\t<div class=\"swiper-slide\" role=\"group\" aria-roledescription=\"slide\">\n\t\t\t\t\t\t\t\t\t<div class=\"elementor-carousel-image\" role=\"img\" aria-label=\"Fort2-marunusa\" style=\"background-image: url(&#039;https:\/\/marunusa.hr\/wp-content\/uploads\/2021\/10\/Fort2-marunusa.jpg&#039;)\">\n\n\t\t\t\n\t\t\t\t\t<\/div>\n\t\t\t\t\t\t\t\t<\/div>\n\t\t\t\t\t\t\t\t\t\t\t<div class=\"swiper-slide\" role=\"group\" aria-roledescription=\"slide\">\n\t\t\t\t\t\t\t\t\t<div class=\"elementor-carousel-image\" role=\"img\" aria-label=\"Fort3-marunusa\" style=\"background-image: url(&#039;https:\/\/marunusa.hr\/wp-content\/uploads\/2021\/10\/Fort3-marunusa.jpg&#039;)\">\n\n\t\t\t\n\t\t\t\t\t<\/div>\n\t\t\t\t\t\t\t\t<\/div>\n\t\t\t\t\t\t\t\t\t\t\t<div class=\"swiper-slide\" role=\"group\" aria-roledescription=\"slide\">\n\t\t\t\t\t\t\t\t\t<div class=\"elementor-carousel-image\" role=\"img\" aria-label=\"Fort4-marunusa\" style=\"background-image: url(&#039;https:\/\/marunusa.hr\/wp-content\/uploads\/2021\/10\/Fort4-marunusa.jpg&#039;)\">\n\n\t\t\t\n\t\t\t\t\t<\/div>\n\t\t\t\t\t\t\t\t<\/div>\n\t\t\t\t\t\t\t\t\t\t\t<div class=\"swiper-slide\" role=\"group\" aria-roledescription=\"slide\">\n\t\t\t\t\t\t\t\t\t<div class=\"elementor-carousel-image\" role=\"img\" aria-label=\"Fort5-marunusa\" style=\"background-image: url(&#039;https:\/\/marunusa.hr\/wp-content\/uploads\/2021\/10\/Fort5-marunusa.jpg&#039;)\">\n\n\t\t\t\n\t\t\t\t\t<\/div>\n\t\t\t\t\t\t\t\t<\/div>\n\t\t\t\t\t\t\t\t\t<\/div>\n\t\t\t\t\t\t\t\t\t\t\t\t\t\t\t<div class=\"elementor-swiper-button elementor-swiper-button-prev\" role=\"button\" tabindex=\"0\" aria-label=\"Previous\">\n\t\t\t\t\t\t\t<i aria-hidden=\"true\" class=\"eicon-chevron-left\"><\/i>\t\t\t\t\t\t<\/div>\n\t\t\t\t\t\t<div class=\"elementor-swiper-button elementor-swiper-button-next\" role=\"button\" tabindex=\"0\" aria-label=\"Next\">\n\t\t\t\t\t\t\t<i aria-hidden=\"true\" class=\"eicon-chevron-right\"><\/i>\t\t\t\t\t\t<\/div>\n\t\t\t\t\t\t\t\t\t\t\t\t\t\t\t\t<div class=\"swiper-pagination\"><\/div>\n\t\t\t\t\t\t\t\t\t\t\t\t<\/div>\n\t\t\t\t<\/div>\n\t\t\t\t\t\t\t\t<\/div>\n\t\t\t\t<\/div>\n\t\t\t\t\t<\/div>\n\t\t<\/div>\n\t\t\t\t\t<\/div>\n\t\t<\/section>\n\t\t\t\t<section class=\"elementor-section elementor-top-section elementor-element elementor-element-d595c2d elementor-section-boxed elementor-section-height-default elementor-section-height-default\" data-id=\"d595c2d\" data-element_type=\"section\">\n\t\t\t\t\t\t<div class=\"elementor-container elementor-column-gap-default\">\n\t\t\t\t\t<div class=\"elementor-column elementor-col-50 elementor-top-column elementor-element elementor-element-013cdcd\" data-id=\"013cdcd\" data-element_type=\"column\">\n\t\t\t<div class=\"elementor-widget-wrap elementor-element-populated\">\n\t\t\t\t\t\t<div class=\"elementor-element elementor-element-121f4f8 elementor-widget elementor-widget-text-editor\" data-id=\"121f4f8\" data-element_type=\"widget\" data-widget_type=\"text-editor.default\">\n\t\t\t\t<div class=\"elementor-widget-container\">\n\t\t\t\t\t\t\t\t\t<div dir=\"auto\" style=\"text-align: justify;\"><p>Obilazak Kninske tvr\u0111ave u pratnji licenciranog turisti\u010dkog vodi\u010da u trajanju 1h.<\/p><p>Kninska tvr\u0111ava za\u0161ti\u0107ena je urbanisti\u010dka cjelina, upisana u registar Kulturne ba\u0161tine Republike Hrvatske kao spomenik nulte kategorije, tj. spomenik od posebnog nacionalnog interesa. Jedan je od simbola hrvatske dr\u017eavnosti. Jedna je od najve\u0107ih i najstarijih europskih tvr\u0111ava. Potje\u010de iz IX. stolje\u0107a, a kona\u010dan izgled dobila je po\u010detkom XVIII. stolje\u0107a. Spada me\u0111u najve\u0107e Hrvatske fortifikacijske spomenike i druga je po veli\u010dini vojna fortifikacija u Europi. Zauzima prostor od \u010dak 123.143 m\u00b2. Mo\u017ee se podijeliti na pet dijelova: Gornji grad, Srednji grad, Ka\u0161tel Lab, Donji grad, i postaja Belveder. Svaki od ovih dijelova tvr\u0111ave mo\u017ee se smatrati i samostalnim utvr\u0111enim gradom. Ona je \u017eivu\u0107i spomenik kulture i predstavlja najja\u010di turisti\u010dki adut grada Knina.<\/p><p>O Tvr\u0111avi danas skrbi Kninski muzej, osnovan 1969., u \u010dijem se stalnom postavu nalazi arheolo\u0161ka, etnografska i geolo\u0161ko-paleontolo\u0161ka gra\u0111a.<\/p><p>Tura se izvodi za minimalno 10 sudionika. Za sva pitanja obratite nam se na\u00a0<span style=\"color: #008000;\"><a style=\"color: #008000;\" href=\"mailto:info@marunusa.hr\">info@marunusa.hr<\/a><\/span><\/p><\/div>\t\t\t\t\t\t\t\t<\/div>\n\t\t\t\t<\/div>\n\t\t\t\t<div class=\"elementor-element elementor-element-80ac3d2 elementor-widget elementor-widget-shortcode\" data-id=\"80ac3d2\" data-element_type=\"widget\" data-widget_type=\"shortcode.default\">\n\t\t\t\t<div class=\"elementor-widget-container\">\n\t\t\t\t\t\t\t<div class=\"elementor-shortcode\">\n \n<div style=\"display: flex\">\n\n<iframe id=\"iFrameResizer1\"\nsrc=\"https:\/\/booking.ez-booker.com\/tour_details?site_id=9cf8ab11fb56aaef9972f18a3283800b&service_id=945&lang=hr&adults=1.\"\nstyle=\"border:none;width:1280px;height:1024px\"><\/iframe>\n\n<\/div>\n\n<script src=\"https:\/\/app.ez-booker.com\/secure\/js\/iframeResizer.js\"><\/script>\n\n<script>\niFrameResize();\n<\/script> \n<\/div>\n\t\t\t\t\t\t<\/div>\n\t\t\t\t<\/div>\n\t\t\t\t\t<\/div>\n\t\t<\/div>\n\t\t\t\t<div class=\"elementor-column elementor-col-50 elementor-top-column elementor-element elementor-element-ca0a14b\" data-id=\"ca0a14b\" data-element_type=\"column\" data-settings=\"{&quot;background_background&quot;:&quot;classic&quot;}\">\n\t\t\t<div class=\"elementor-widget-wrap elementor-element-populated\">\n\t\t\t\t\t\t<div class=\"elementor-element elementor-element-c6cc3b1 elementor-widget elementor-widget-text-editor\" data-id=\"c6cc3b1\" data-element_type=\"widget\" data-widget_type=\"text-editor.default\">\n\t\t\t\t<div class=\"elementor-widget-container\">\n\t\t\t\t\t\t\t\t\t<p style=\"text-align: justify;\"><strong>Dostupnost<\/strong>: tokom cijele godine<br \/><strong>Minimalan broj ljudi<\/strong>: 10<br \/><strong>Trajanje<\/strong>: 1h<br \/><strong>Zahtjevnost<\/strong>: srednje fiz\u010dki zahtjevno<br \/><strong>\u0160to ponijeti<\/strong>: Ugodnu obu\u0107u za hodanje, hranu, pi\u0107e, za\u0161titu od sunca, za\u0161titu od ki\u0161e, mobitel, fotoaparat<br \/><strong>Uklju\u010deno u cijenu<\/strong>: licencirani turisti\u010dki vodi\u010d, ulaznica za tvr\u0111avu<br \/><strong>Nije uklju\u010deno u cijenu<\/strong>: hrana, pi\u0107e, napojnice<\/p>\t\t\t\t\t\t\t\t<\/div>\n\t\t\t\t<\/div>\n\t\t\t\t\t<\/div>\n\t\t<\/div>\n\t\t\t\t\t<\/div>\n\t\t<\/section>\n\t\t\t\t<\/div>\n\t\t","protected":false},"excerpt":{"rendered":"<p>Previous Next Obilazak Kninske tvr\u0111ave u pratnji licenciranog turisti\u010dkog vodi\u010da u trajanju 1h. Kninska tvr\u0111ava za\u0161ti\u0107ena je urbanisti\u010dka cjelina, upisana u registar Kulturne ba\u0161tine Republike Hrvatske kao spomenik nulte kategorije, tj. spomenik od posebnog nacionalnog interesa. Jedan je od simbola hrvatske dr\u017eavnosti. Jedna je od najve\u0107ih i najstarijih europskih tvr\u0111ava. Potje\u010de iz IX. stolje\u0107a, a [&hellip;]<\/p>\n","protected":false},"author":1,"featured_media":0,"parent":4779,"menu_order":2,"comment_status":"closed","ping_status":"closed","template":"elementor_header_footer","meta":{"footnotes":""},"class_list":["post-4783","page","type-page","status-publish","hentry"],"yoast_head":"<!-- This site is optimized with the Yoast SEO plugin v27.4 - https:\/\/yoast.com\/product\/yoast-seo-wordpress\/ -->\n<title>Obilazak Kninske tvr\u0111ave - marunusa.hr<\/title>\n<meta name=\"robots\" content=\"index, follow, max-snippet:-1, max-image-preview:large, max-video-preview:-1\" \/>\n<link rel=\"canonical\" href=\"https:\/\/marunusa.hr\/hr\/ture\/gradske-ture\/obilazak-kninske-tvrdave\/\" \/>\n<meta property=\"og:locale\" content=\"hr_HR\" \/>\n<meta property=\"og:type\" content=\"article\" \/>\n<meta property=\"og:title\" content=\"Obilazak Kninske tvr\u0111ave - marunusa.hr\" \/>\n<meta property=\"og:description\" content=\"Previous Next Obilazak Kninske tvr\u0111ave u pratnji licenciranog turisti\u010dkog vodi\u010da u trajanju 1h. Kninska tvr\u0111ava za\u0161ti\u0107ena je urbanisti\u010dka cjelina, upisana u registar Kulturne ba\u0161tine Republike Hrvatske kao spomenik nulte kategorije, tj. spomenik od posebnog nacionalnog interesa. Jedan je od simbola hrvatske dr\u017eavnosti. Jedna je od najve\u0107ih i najstarijih europskih tvr\u0111ava. Potje\u010de iz IX. stolje\u0107a, a [&hellip;]\" \/>\n<meta property=\"og:url\" content=\"https:\/\/marunusa.hr\/hr\/ture\/gradske-ture\/obilazak-kninske-tvrdave\/\" \/>\n<meta property=\"og:site_name\" content=\"marunusa.hr\" \/>\n<meta property=\"article:modified_time\" content=\"2022-05-25T11:48:38+00:00\" \/>\n<meta name=\"twitter:card\" content=\"summary_large_image\" \/>\n<meta name=\"twitter:label1\" content=\"Procijenjeno vrijeme \u010ditanja\" \/>\n\t<meta name=\"twitter:data1\" content=\"2 minute\" \/>\n<script type=\"application\/ld+json\" class=\"yoast-schema-graph\">{\"@context\":\"https:\\\/\\\/schema.org\",\"@graph\":[{\"@type\":\"WebPage\",\"@id\":\"https:\\\/\\\/marunusa.hr\\\/ture\\\/gradske-ture\\\/obilazak-kninske-tvrdave\\\/\",\"url\":\"https:\\\/\\\/marunusa.hr\\\/ture\\\/gradske-ture\\\/obilazak-kninske-tvrdave\\\/\",\"name\":\"Obilazak Kninske tvr\u0111ave - marunusa.hr\",\"isPartOf\":{\"@id\":\"https:\\\/\\\/marunusa.hr\\\/#website\"},\"datePublished\":\"2021-10-13T08:32:37+00:00\",\"dateModified\":\"2022-05-25T11:48:38+00:00\",\"breadcrumb\":{\"@id\":\"https:\\\/\\\/marunusa.hr\\\/ture\\\/gradske-ture\\\/obilazak-kninske-tvrdave\\\/#breadcrumb\"},\"inLanguage\":\"hr\",\"potentialAction\":[{\"@type\":\"ReadAction\",\"target\":[\"https:\\\/\\\/marunusa.hr\\\/ture\\\/gradske-ture\\\/obilazak-kninske-tvrdave\\\/\"]}]},{\"@type\":\"BreadcrumbList\",\"@id\":\"https:\\\/\\\/marunusa.hr\\\/ture\\\/gradske-ture\\\/obilazak-kninske-tvrdave\\\/#breadcrumb\",\"itemListElement\":[{\"@type\":\"ListItem\",\"position\":1,\"name\":\"Home\",\"item\":\"https:\\\/\\\/marunusa.hr\\\/hr\\\/\"},{\"@type\":\"ListItem\",\"position\":2,\"name\":\"Ture\",\"item\":\"https:\\\/\\\/marunusa.hr\\\/ture\\\/\"},{\"@type\":\"ListItem\",\"position\":3,\"name\":\"GRADSKE TURE\",\"item\":\"https:\\\/\\\/marunusa.hr\\\/ture\\\/gradske-ture\\\/\"},{\"@type\":\"ListItem\",\"position\":4,\"name\":\"Obilazak Kninske tvr\u0111ave\"}]},{\"@type\":\"WebSite\",\"@id\":\"https:\\\/\\\/marunusa.hr\\\/#website\",\"url\":\"https:\\\/\\\/marunusa.hr\\\/\",\"name\":\"marunusa.hr\",\"description\":\"turisti\u010dka agencija\",\"potentialAction\":[{\"@type\":\"SearchAction\",\"target\":{\"@type\":\"EntryPoint\",\"urlTemplate\":\"https:\\\/\\\/marunusa.hr\\\/?s={search_term_string}\"},\"query-input\":{\"@type\":\"PropertyValueSpecification\",\"valueRequired\":true,\"valueName\":\"search_term_string\"}}],\"inLanguage\":\"hr\"}]}<\/script>\n<!-- \/ Yoast SEO plugin. -->","yoast_head_json":{"title":"Obilazak Kninske tvr\u0111ave - marunusa.hr","robots":{"index":"index","follow":"follow","max-snippet":"max-snippet:-1","max-image-preview":"max-image-preview:large","max-video-preview":"max-video-preview:-1"},"canonical":"https:\/\/marunusa.hr\/hr\/ture\/gradske-ture\/obilazak-kninske-tvrdave\/","og_locale":"hr_HR","og_type":"article","og_title":"Obilazak Kninske tvr\u0111ave - marunusa.hr","og_description":"Previous Next Obilazak Kninske tvr\u0111ave u pratnji licenciranog turisti\u010dkog vodi\u010da u trajanju 1h. Kninska tvr\u0111ava za\u0161ti\u0107ena je urbanisti\u010dka cjelina, upisana u registar Kulturne ba\u0161tine Republike Hrvatske kao spomenik nulte kategorije, tj. spomenik od posebnog nacionalnog interesa. Jedan je od simbola hrvatske dr\u017eavnosti. Jedna je od najve\u0107ih i najstarijih europskih tvr\u0111ava. Potje\u010de iz IX. stolje\u0107a, a [&hellip;]","og_url":"https:\/\/marunusa.hr\/hr\/ture\/gradske-ture\/obilazak-kninske-tvrdave\/","og_site_name":"marunusa.hr","article_modified_time":"2022-05-25T11:48:38+00:00","twitter_card":"summary_large_image","twitter_misc":{"Procijenjeno vrijeme \u010ditanja":"2 minute"},"schema":{"@context":"https:\/\/schema.org","@graph":[{"@type":"WebPage","@id":"https:\/\/marunusa.hr\/ture\/gradske-ture\/obilazak-kninske-tvrdave\/","url":"https:\/\/marunusa.hr\/ture\/gradske-ture\/obilazak-kninske-tvrdave\/","name":"Obilazak Kninske tvr\u0111ave - marunusa.hr","isPartOf":{"@id":"https:\/\/marunusa.hr\/#website"},"datePublished":"2021-10-13T08:32:37+00:00","dateModified":"2022-05-25T11:48:38+00:00","breadcrumb":{"@id":"https:\/\/marunusa.hr\/ture\/gradske-ture\/obilazak-kninske-tvrdave\/#breadcrumb"},"inLanguage":"hr","potentialAction":[{"@type":"ReadAction","target":["https:\/\/marunusa.hr\/ture\/gradske-ture\/obilazak-kninske-tvrdave\/"]}]},{"@type":"BreadcrumbList","@id":"https:\/\/marunusa.hr\/ture\/gradske-ture\/obilazak-kninske-tvrdave\/#breadcrumb","itemListElement":[{"@type":"ListItem","position":1,"name":"Home","item":"https:\/\/marunusa.hr\/hr\/"},{"@type":"ListItem","position":2,"name":"Ture","item":"https:\/\/marunusa.hr\/ture\/"},{"@type":"ListItem","position":3,"name":"GRADSKE TURE","item":"https:\/\/marunusa.hr\/ture\/gradske-ture\/"},{"@type":"ListItem","position":4,"name":"Obilazak Kninske tvr\u0111ave"}]},{"@type":"WebSite","@id":"https:\/\/marunusa.hr\/#website","url":"https:\/\/marunusa.hr\/","name":"marunusa.hr","description":"turisti\u010dka agencija","potentialAction":[{"@type":"SearchAction","target":{"@type":"EntryPoint","urlTemplate":"https:\/\/marunusa.hr\/?s={search_term_string}"},"query-input":{"@type":"PropertyValueSpecification","valueRequired":true,"valueName":"search_term_string"}}],"inLanguage":"hr"}]}},"_links":{"self":[{"href":"https:\/\/marunusa.hr\/hr\/wp-json\/wp\/v2\/pages\/4783","targetHints":{"allow":["GET"]}}],"collection":[{"href":"https:\/\/marunusa.hr\/hr\/wp-json\/wp\/v2\/pages"}],"about":[{"href":"https:\/\/marunusa.hr\/hr\/wp-json\/wp\/v2\/types\/page"}],"author":[{"embeddable":true,"href":"https:\/\/marunusa.hr\/hr\/wp-json\/wp\/v2\/users\/1"}],"replies":[{"embeddable":true,"href":"https:\/\/marunusa.hr\/hr\/wp-json\/wp\/v2\/comments?post=4783"}],"version-history":[{"count":31,"href":"https:\/\/marunusa.hr\/hr\/wp-json\/wp\/v2\/pages\/4783\/revisions"}],"predecessor-version":[{"id":5504,"href":"https:\/\/marunusa.hr\/hr\/wp-json\/wp\/v2\/pages\/4783\/revisions\/5504"}],"up":[{"embeddable":true,"href":"https:\/\/marunusa.hr\/hr\/wp-json\/wp\/v2\/pages\/4779"}],"wp:attachment":[{"href":"https:\/\/marunusa.hr\/hr\/wp-json\/wp\/v2\/media?parent=4783"}],"curies":[{"name":"wp","href":"https:\/\/api.w.org\/{rel}","templated":true}]}}