{"id":4781,"date":"2021-10-13T09:29:24","date_gmt":"2021-10-13T08:29:24","guid":{"rendered":"https:\/\/marunusa.hr\/?page_id=4781"},"modified":"2022-05-25T12:46:47","modified_gmt":"2022-05-25T11:46:47","slug":"obilazak-grada-knina","status":"publish","type":"page","link":"https:\/\/marunusa.hr\/hr\/ture\/gradske-ture\/obilazak-grada-knina\/","title":{"rendered":"Obilazak grada Knina"},"content":{"rendered":"\t\t<div data-elementor-type=\"wp-page\" data-elementor-id=\"4781\" class=\"elementor elementor-4781\" data-elementor-post-type=\"page\">\n\t\t\t\t\t\t<section class=\"elementor-section elementor-top-section elementor-element elementor-element-4de4d00 elementor-section-boxed elementor-section-height-default elementor-section-height-default\" data-id=\"4de4d00\" data-element_type=\"section\" data-settings=\"{&quot;background_background&quot;:&quot;classic&quot;}\">\n\t\t\t\t\t\t<div class=\"elementor-container elementor-column-gap-default\">\n\t\t\t\t\t<div class=\"elementor-column elementor-col-100 elementor-top-column elementor-element elementor-element-61c09e8\" data-id=\"61c09e8\" data-element_type=\"column\" data-settings=\"{&quot;background_background&quot;:&quot;classic&quot;,&quot;background_motion_fx_motion_fx_scrolling&quot;:&quot;yes&quot;,&quot;background_motion_fx_translateY_effect&quot;:&quot;yes&quot;,&quot;background_motion_fx_translateY_speed&quot;:{&quot;unit&quot;:&quot;px&quot;,&quot;size&quot;:4,&quot;sizes&quot;:[]},&quot;background_motion_fx_translateY_affectedRange&quot;:{&quot;unit&quot;:&quot;%&quot;,&quot;size&quot;:&quot;&quot;,&quot;sizes&quot;:{&quot;start&quot;:0,&quot;end&quot;:100}},&quot;background_motion_fx_devices&quot;:[&quot;desktop&quot;,&quot;tablet&quot;,&quot;mobile&quot;]}\">\n\t\t\t<div class=\"elementor-widget-wrap elementor-element-populated\">\n\t\t\t\t\t\t<div class=\"elementor-element elementor-element-f4c14db elementor-widget-tablet__width-inherit elementor-widget elementor-widget-spacer\" data-id=\"f4c14db\" data-element_type=\"widget\" data-widget_type=\"spacer.default\">\n\t\t\t\t<div class=\"elementor-widget-container\">\n\t\t\t\t\t\t\t<div class=\"elementor-spacer\">\n\t\t\t<div class=\"elementor-spacer-inner\"><\/div>\n\t\t<\/div>\n\t\t\t\t\t\t<\/div>\n\t\t\t\t<\/div>\n\t\t\t\t\t<\/div>\n\t\t<\/div>\n\t\t\t\t\t<\/div>\n\t\t<\/section>\n\t\t\t\t<section class=\"elementor-section elementor-top-section elementor-element elementor-element-3b6fa93 elementor-section-boxed elementor-section-height-default elementor-section-height-default\" data-id=\"3b6fa93\" data-element_type=\"section\">\n\t\t\t\t\t\t<div class=\"elementor-container elementor-column-gap-default\">\n\t\t\t\t\t<div class=\"elementor-column elementor-col-100 elementor-top-column elementor-element elementor-element-920b443\" data-id=\"920b443\" data-element_type=\"column\">\n\t\t\t<div class=\"elementor-widget-wrap elementor-element-populated\">\n\t\t\t\t\t\t<div class=\"elementor-element elementor-element-8c72e44 elementor-skin-carousel elementor-arrows-yes elementor-pagination-type-bullets elementor-pagination-position-outside elementor-widget elementor-widget-media-carousel\" data-id=\"8c72e44\" data-element_type=\"widget\" data-settings=\"{&quot;slides_per_view_mobile&quot;:&quot;2&quot;,&quot;skin&quot;:&quot;carousel&quot;,&quot;effect&quot;:&quot;slide&quot;,&quot;show_arrows&quot;:&quot;yes&quot;,&quot;pagination&quot;:&quot;bullets&quot;,&quot;speed&quot;:500,&quot;autoplay&quot;:&quot;yes&quot;,&quot;autoplay_speed&quot;:5000,&quot;loop&quot;:&quot;yes&quot;,&quot;pause_on_hover&quot;:&quot;yes&quot;,&quot;pause_on_interaction&quot;:&quot;yes&quot;,&quot;space_between&quot;:{&quot;unit&quot;:&quot;px&quot;,&quot;size&quot;:10,&quot;sizes&quot;:[]},&quot;space_between_tablet&quot;:{&quot;unit&quot;:&quot;px&quot;,&quot;size&quot;:10,&quot;sizes&quot;:[]},&quot;space_between_mobile&quot;:{&quot;unit&quot;:&quot;px&quot;,&quot;size&quot;:10,&quot;sizes&quot;:[]}}\" data-widget_type=\"media-carousel.default\">\n\t\t\t\t<div class=\"elementor-widget-container\">\n\t\t\t\t\t\t\t\t\t<div class=\"elementor-swiper\">\n\t\t\t\t\t<div class=\"elementor-main-swiper swiper\" role=\"region\" aria-roledescription=\"carousel\" aria-label=\"Slides\">\n\t\t\t\t<div class=\"swiper-wrapper\">\n\t\t\t\t\t\t\t\t\t\t\t<div class=\"swiper-slide\" role=\"group\" aria-roledescription=\"slide\">\n\t\t\t\t\t\t\t\t\t<div class=\"elementor-carousel-image\" role=\"img\" aria-label=\"City1-marunusa\" style=\"background-image: url(&#039;https:\/\/marunusa.hr\/wp-content\/uploads\/2021\/10\/City1-marunusa-1.jpg&#039;)\">\n\n\t\t\t\n\t\t\t\t\t<\/div>\n\t\t\t\t\t\t\t\t<\/div>\n\t\t\t\t\t\t\t\t\t\t\t<div class=\"swiper-slide\" role=\"group\" aria-roledescription=\"slide\">\n\t\t\t\t\t\t\t\t\t<div class=\"elementor-carousel-image\" role=\"img\" aria-label=\"City2-marunusa\" style=\"background-image: url(&#039;https:\/\/marunusa.hr\/wp-content\/uploads\/2021\/10\/City2-marunusa-1.jpg&#039;)\">\n\n\t\t\t\n\t\t\t\t\t<\/div>\n\t\t\t\t\t\t\t\t<\/div>\n\t\t\t\t\t\t\t\t\t\t\t<div class=\"swiper-slide\" role=\"group\" aria-roledescription=\"slide\">\n\t\t\t\t\t\t\t\t\t<div class=\"elementor-carousel-image\" role=\"img\" aria-label=\"City3-marunusa\" style=\"background-image: url(&#039;https:\/\/marunusa.hr\/wp-content\/uploads\/2021\/10\/City3-marunusa-1.jpg&#039;)\">\n\n\t\t\t\n\t\t\t\t\t<\/div>\n\t\t\t\t\t\t\t\t<\/div>\n\t\t\t\t\t\t\t\t\t\t\t<div class=\"swiper-slide\" role=\"group\" aria-roledescription=\"slide\">\n\t\t\t\t\t\t\t\t\t<div class=\"elementor-carousel-image\" role=\"img\" aria-label=\"City4-marunusa\" style=\"background-image: url(&#039;https:\/\/marunusa.hr\/wp-content\/uploads\/2021\/10\/City4-marunusa.jpg&#039;)\">\n\n\t\t\t\n\t\t\t\t\t<\/div>\n\t\t\t\t\t\t\t\t<\/div>\n\t\t\t\t\t\t\t\t\t<\/div>\n\t\t\t\t\t\t\t\t\t\t\t\t\t\t\t<div class=\"elementor-swiper-button elementor-swiper-button-prev\" role=\"button\" tabindex=\"0\" aria-label=\"Previous\">\n\t\t\t\t\t\t\t<i aria-hidden=\"true\" class=\"eicon-chevron-left\"><\/i>\t\t\t\t\t\t<\/div>\n\t\t\t\t\t\t<div class=\"elementor-swiper-button elementor-swiper-button-next\" role=\"button\" tabindex=\"0\" aria-label=\"Next\">\n\t\t\t\t\t\t\t<i aria-hidden=\"true\" class=\"eicon-chevron-right\"><\/i>\t\t\t\t\t\t<\/div>\n\t\t\t\t\t\t\t\t\t\t\t\t\t\t\t\t<div class=\"swiper-pagination\"><\/div>\n\t\t\t\t\t\t\t\t\t\t\t\t<\/div>\n\t\t\t\t<\/div>\n\t\t\t\t\t\t\t\t<\/div>\n\t\t\t\t<\/div>\n\t\t\t\t\t<\/div>\n\t\t<\/div>\n\t\t\t\t\t<\/div>\n\t\t<\/section>\n\t\t\t\t<section class=\"elementor-section elementor-top-section elementor-element elementor-element-4433799 elementor-section-boxed elementor-section-height-default elementor-section-height-default\" data-id=\"4433799\" data-element_type=\"section\">\n\t\t\t\t\t\t<div class=\"elementor-container elementor-column-gap-default\">\n\t\t\t\t\t<div class=\"elementor-column elementor-col-50 elementor-top-column elementor-element elementor-element-1313f65\" data-id=\"1313f65\" data-element_type=\"column\">\n\t\t\t<div class=\"elementor-widget-wrap elementor-element-populated\">\n\t\t\t\t\t\t<div class=\"elementor-element elementor-element-b7262fc elementor-widget elementor-widget-text-editor\" data-id=\"b7262fc\" data-element_type=\"widget\" data-widget_type=\"text-editor.default\">\n\t\t\t\t<div class=\"elementor-widget-container\">\n\t\t\t\t\t\t\t\t\t<div dir=\"auto\" style=\"text-align: justify;\"><p style=\"text-align: justify;\">Orijentacijski obilazak grada u pratnji licenciranog turisti\u010dkog vodi\u010da, s naglaskom na informacijama o povijesti, arhitekturi, tradiciji i prirodi u trajanju 1h.<\/p><\/div><p style=\"text-align: justify;\">Tura zapo\u010dinje na glavnom gradskom trgu, trgu Ante Star\u010devi\u0107a. Ovdje se nalazi spomenik hrvatske pobjede Oluja 95. Tako\u0111er, uz trg se nalazi i \u017eeljezni\u010dki kolodvor te je izlo\u017eena parna lokomotiva koja podsje\u0107a da je grad bio jedno od najve\u0107ih \u017eeljezni\u010dkih \u010dvori\u0161ta u regiji. Nastavak ture starim dijelom grada i zaustavljanje na Maruli\u0107evom trgu, uz zgradu Prvog muzeja hrvatskih spomenika, Hram pokrova presvete Bogorodice, crkvu sv. Ante te staru gradsku tr\u017enicu. Povratak u smjeru centra grada uz Veleu\u010dili\u0161te, Narodnu knji\u017enicu, Op\u0107inski sud, Gradsku upravu ispred koje se nalazi bista Lovre Montija, prvog kninskog gradona\u010delnika te kona\u010dno spomenika kralju Dmitru Zvonimiru, gdje \u0107emo zavr\u0161iti turu.<\/p><p style=\"text-align: justify;\">Tura se izvodi za minimalno 10 sudionika. Za sva pitanja obratite nam se na <span style=\"color: #008000;\"><a style=\"color: #008000;\" href=\"mailto:info@marunusa.hr\">info@marunusa.hr<\/a><\/span><\/p>\t\t\t\t\t\t\t\t<\/div>\n\t\t\t\t<\/div>\n\t\t\t\t<div class=\"elementor-element elementor-element-678ba38 elementor-widget elementor-widget-shortcode\" data-id=\"678ba38\" data-element_type=\"widget\" data-widget_type=\"shortcode.default\">\n\t\t\t\t<div class=\"elementor-widget-container\">\n\t\t\t\t\t\t\t<div class=\"elementor-shortcode\">\n \n<div style=\"display: flex\">\n\n<iframe id=\"iFrameResizer1\"\nsrc=\"https:\/\/booking.ez-booker.com\/tour_details?site_id=9cf8ab11fb56aaef9972f18a3283800b&service_id=938&lang=hr&adults=1.\"\nstyle=\"border:none;width:1280px;height:1024px\"><\/iframe>\n\n<\/div>\n\n<script src=\"https:\/\/app.ez-booker.com\/secure\/js\/iframeResizer.js\"><\/script>\n\n<script>\niFrameResize();\n<\/script> \n<\/div>\n\t\t\t\t\t\t<\/div>\n\t\t\t\t<\/div>\n\t\t\t\t\t<\/div>\n\t\t<\/div>\n\t\t\t\t<div class=\"elementor-column elementor-col-50 elementor-top-column elementor-element elementor-element-389fb1d\" data-id=\"389fb1d\" data-element_type=\"column\" data-settings=\"{&quot;background_background&quot;:&quot;classic&quot;}\">\n\t\t\t<div class=\"elementor-widget-wrap elementor-element-populated\">\n\t\t\t\t\t\t<div class=\"elementor-element elementor-element-3660c2d elementor-widget elementor-widget-text-editor\" data-id=\"3660c2d\" data-element_type=\"widget\" data-widget_type=\"text-editor.default\">\n\t\t\t\t<div class=\"elementor-widget-container\">\n\t\t\t\t\t\t\t\t\t<p style=\"text-align: justify;\"><strong>Dostupnost<\/strong>: tokom cijele godine<br \/><strong>Minimalan broj ljudi<\/strong>: 10<br \/><strong>Trajanje<\/strong>: 1h<br \/><strong>Zahtjevnost<\/strong>: lagano, nije fiz\u010dki zahtjevno<br \/><strong>\u0160to ponijeti<\/strong>: Ugodnu obu\u0107u za hodanje, hranu, pi\u0107e, za\u0161titu od sunca, za\u0161titu od ki\u0161e, mobitel, fotoaparat<br \/><strong>Uklju\u010deno u cijenu<\/strong>: licencirani turisti\u010dki vodi\u010d<br \/><strong>Nije uklju\u010deno u cijenu<\/strong>: hrana, pi\u0107e, napojnice<\/p>\t\t\t\t\t\t\t\t<\/div>\n\t\t\t\t<\/div>\n\t\t\t\t\t<\/div>\n\t\t<\/div>\n\t\t\t\t\t<\/div>\n\t\t<\/section>\n\t\t\t\t<\/div>\n\t\t","protected":false},"excerpt":{"rendered":"<p>Previous Next Orijentacijski obilazak grada u pratnji licenciranog turisti\u010dkog vodi\u010da, s naglaskom na informacijama o povijesti, arhitekturi, tradiciji i prirodi u trajanju 1h. Tura zapo\u010dinje na glavnom gradskom trgu, trgu Ante Star\u010devi\u0107a. Ovdje se nalazi spomenik hrvatske pobjede Oluja 95. Tako\u0111er, uz trg se nalazi i \u017eeljezni\u010dki kolodvor te je izlo\u017eena parna lokomotiva koja podsje\u0107a [&hellip;]<\/p>\n","protected":false},"author":1,"featured_media":0,"parent":4779,"menu_order":1,"comment_status":"closed","ping_status":"closed","template":"elementor_header_footer","meta":{"footnotes":""},"class_list":["post-4781","page","type-page","status-publish","hentry"],"yoast_head":"<!-- This site is optimized with the Yoast SEO plugin v27.4 - https:\/\/yoast.com\/product\/yoast-seo-wordpress\/ -->\n<title>Obilazak grada Knina - marunusa.hr<\/title>\n<meta name=\"robots\" content=\"index, follow, max-snippet:-1, max-image-preview:large, max-video-preview:-1\" \/>\n<link rel=\"canonical\" href=\"https:\/\/marunusa.hr\/hr\/ture\/gradske-ture\/obilazak-grada-knina\/\" \/>\n<meta property=\"og:locale\" content=\"hr_HR\" \/>\n<meta property=\"og:type\" content=\"article\" \/>\n<meta property=\"og:title\" content=\"Obilazak grada Knina - marunusa.hr\" \/>\n<meta property=\"og:description\" content=\"Previous Next Orijentacijski obilazak grada u pratnji licenciranog turisti\u010dkog vodi\u010da, s naglaskom na informacijama o povijesti, arhitekturi, tradiciji i prirodi u trajanju 1h. Tura zapo\u010dinje na glavnom gradskom trgu, trgu Ante Star\u010devi\u0107a. Ovdje se nalazi spomenik hrvatske pobjede Oluja 95. Tako\u0111er, uz trg se nalazi i \u017eeljezni\u010dki kolodvor te je izlo\u017eena parna lokomotiva koja podsje\u0107a [&hellip;]\" \/>\n<meta property=\"og:url\" content=\"https:\/\/marunusa.hr\/hr\/ture\/gradske-ture\/obilazak-grada-knina\/\" \/>\n<meta property=\"og:site_name\" content=\"marunusa.hr\" \/>\n<meta property=\"article:modified_time\" content=\"2022-05-25T11:46:47+00:00\" \/>\n<meta name=\"twitter:card\" content=\"summary_large_image\" \/>\n<meta name=\"twitter:label1\" content=\"Procijenjeno vrijeme \u010ditanja\" \/>\n\t<meta name=\"twitter:data1\" content=\"2 minute\" \/>\n<script type=\"application\/ld+json\" class=\"yoast-schema-graph\">{\"@context\":\"https:\\\/\\\/schema.org\",\"@graph\":[{\"@type\":\"WebPage\",\"@id\":\"https:\\\/\\\/marunusa.hr\\\/ture\\\/gradske-ture\\\/obilazak-grada-knina\\\/\",\"url\":\"https:\\\/\\\/marunusa.hr\\\/ture\\\/gradske-ture\\\/obilazak-grada-knina\\\/\",\"name\":\"Obilazak grada Knina - marunusa.hr\",\"isPartOf\":{\"@id\":\"https:\\\/\\\/marunusa.hr\\\/#website\"},\"datePublished\":\"2021-10-13T08:29:24+00:00\",\"dateModified\":\"2022-05-25T11:46:47+00:00\",\"breadcrumb\":{\"@id\":\"https:\\\/\\\/marunusa.hr\\\/ture\\\/gradske-ture\\\/obilazak-grada-knina\\\/#breadcrumb\"},\"inLanguage\":\"hr\",\"potentialAction\":[{\"@type\":\"ReadAction\",\"target\":[\"https:\\\/\\\/marunusa.hr\\\/ture\\\/gradske-ture\\\/obilazak-grada-knina\\\/\"]}]},{\"@type\":\"BreadcrumbList\",\"@id\":\"https:\\\/\\\/marunusa.hr\\\/ture\\\/gradske-ture\\\/obilazak-grada-knina\\\/#breadcrumb\",\"itemListElement\":[{\"@type\":\"ListItem\",\"position\":1,\"name\":\"Home\",\"item\":\"https:\\\/\\\/marunusa.hr\\\/hr\\\/\"},{\"@type\":\"ListItem\",\"position\":2,\"name\":\"Ture\",\"item\":\"https:\\\/\\\/marunusa.hr\\\/ture\\\/\"},{\"@type\":\"ListItem\",\"position\":3,\"name\":\"GRADSKE TURE\",\"item\":\"https:\\\/\\\/marunusa.hr\\\/ture\\\/gradske-ture\\\/\"},{\"@type\":\"ListItem\",\"position\":4,\"name\":\"Obilazak grada Knina\"}]},{\"@type\":\"WebSite\",\"@id\":\"https:\\\/\\\/marunusa.hr\\\/#website\",\"url\":\"https:\\\/\\\/marunusa.hr\\\/\",\"name\":\"marunusa.hr\",\"description\":\"turisti\u010dka agencija\",\"potentialAction\":[{\"@type\":\"SearchAction\",\"target\":{\"@type\":\"EntryPoint\",\"urlTemplate\":\"https:\\\/\\\/marunusa.hr\\\/?s={search_term_string}\"},\"query-input\":{\"@type\":\"PropertyValueSpecification\",\"valueRequired\":true,\"valueName\":\"search_term_string\"}}],\"inLanguage\":\"hr\"}]}<\/script>\n<!-- \/ Yoast SEO plugin. -->","yoast_head_json":{"title":"Obilazak grada Knina - marunusa.hr","robots":{"index":"index","follow":"follow","max-snippet":"max-snippet:-1","max-image-preview":"max-image-preview:large","max-video-preview":"max-video-preview:-1"},"canonical":"https:\/\/marunusa.hr\/hr\/ture\/gradske-ture\/obilazak-grada-knina\/","og_locale":"hr_HR","og_type":"article","og_title":"Obilazak grada Knina - marunusa.hr","og_description":"Previous Next Orijentacijski obilazak grada u pratnji licenciranog turisti\u010dkog vodi\u010da, s naglaskom na informacijama o povijesti, arhitekturi, tradiciji i prirodi u trajanju 1h. Tura zapo\u010dinje na glavnom gradskom trgu, trgu Ante Star\u010devi\u0107a. Ovdje se nalazi spomenik hrvatske pobjede Oluja 95. Tako\u0111er, uz trg se nalazi i \u017eeljezni\u010dki kolodvor te je izlo\u017eena parna lokomotiva koja podsje\u0107a [&hellip;]","og_url":"https:\/\/marunusa.hr\/hr\/ture\/gradske-ture\/obilazak-grada-knina\/","og_site_name":"marunusa.hr","article_modified_time":"2022-05-25T11:46:47+00:00","twitter_card":"summary_large_image","twitter_misc":{"Procijenjeno vrijeme \u010ditanja":"2 minute"},"schema":{"@context":"https:\/\/schema.org","@graph":[{"@type":"WebPage","@id":"https:\/\/marunusa.hr\/ture\/gradske-ture\/obilazak-grada-knina\/","url":"https:\/\/marunusa.hr\/ture\/gradske-ture\/obilazak-grada-knina\/","name":"Obilazak grada Knina - marunusa.hr","isPartOf":{"@id":"https:\/\/marunusa.hr\/#website"},"datePublished":"2021-10-13T08:29:24+00:00","dateModified":"2022-05-25T11:46:47+00:00","breadcrumb":{"@id":"https:\/\/marunusa.hr\/ture\/gradske-ture\/obilazak-grada-knina\/#breadcrumb"},"inLanguage":"hr","potentialAction":[{"@type":"ReadAction","target":["https:\/\/marunusa.hr\/ture\/gradske-ture\/obilazak-grada-knina\/"]}]},{"@type":"BreadcrumbList","@id":"https:\/\/marunusa.hr\/ture\/gradske-ture\/obilazak-grada-knina\/#breadcrumb","itemListElement":[{"@type":"ListItem","position":1,"name":"Home","item":"https:\/\/marunusa.hr\/hr\/"},{"@type":"ListItem","position":2,"name":"Ture","item":"https:\/\/marunusa.hr\/ture\/"},{"@type":"ListItem","position":3,"name":"GRADSKE TURE","item":"https:\/\/marunusa.hr\/ture\/gradske-ture\/"},{"@type":"ListItem","position":4,"name":"Obilazak grada Knina"}]},{"@type":"WebSite","@id":"https:\/\/marunusa.hr\/#website","url":"https:\/\/marunusa.hr\/","name":"marunusa.hr","description":"turisti\u010dka agencija","potentialAction":[{"@type":"SearchAction","target":{"@type":"EntryPoint","urlTemplate":"https:\/\/marunusa.hr\/?s={search_term_string}"},"query-input":{"@type":"PropertyValueSpecification","valueRequired":true,"valueName":"search_term_string"}}],"inLanguage":"hr"}]}},"_links":{"self":[{"href":"https:\/\/marunusa.hr\/hr\/wp-json\/wp\/v2\/pages\/4781","targetHints":{"allow":["GET"]}}],"collection":[{"href":"https:\/\/marunusa.hr\/hr\/wp-json\/wp\/v2\/pages"}],"about":[{"href":"https:\/\/marunusa.hr\/hr\/wp-json\/wp\/v2\/types\/page"}],"author":[{"embeddable":true,"href":"https:\/\/marunusa.hr\/hr\/wp-json\/wp\/v2\/users\/1"}],"replies":[{"embeddable":true,"href":"https:\/\/marunusa.hr\/hr\/wp-json\/wp\/v2\/comments?post=4781"}],"version-history":[{"count":43,"href":"https:\/\/marunusa.hr\/hr\/wp-json\/wp\/v2\/pages\/4781\/revisions"}],"predecessor-version":[{"id":5498,"href":"https:\/\/marunusa.hr\/hr\/wp-json\/wp\/v2\/pages\/4781\/revisions\/5498"}],"up":[{"embeddable":true,"href":"https:\/\/marunusa.hr\/hr\/wp-json\/wp\/v2\/pages\/4779"}],"wp:attachment":[{"href":"https:\/\/marunusa.hr\/hr\/wp-json\/wp\/v2\/media?parent=4781"}],"curies":[{"name":"wp","href":"https:\/\/api.w.org\/{rel}","templated":true}]}}