{"id":4174,"date":"2021-08-27T10:58:08","date_gmt":"2021-08-27T09:58:08","guid":{"rendered":"https:\/\/marunusa.hr\/?page_id=4174"},"modified":"2021-12-01T11:51:28","modified_gmt":"2021-12-01T10:51:28","slug":"zipline","status":"publish","type":"page","link":"https:\/\/marunusa.hr\/hr\/ture\/zipline\/","title":{"rendered":"ZIPLINE"},"content":{"rendered":"\t\t<div data-elementor-type=\"wp-page\" data-elementor-id=\"4174\" class=\"elementor elementor-4174\" data-elementor-post-type=\"page\">\n\t\t\t\t\t\t<section class=\"elementor-section elementor-top-section elementor-element elementor-element-1bc8854 elementor-section-boxed elementor-section-height-default elementor-section-height-default\" data-id=\"1bc8854\" data-element_type=\"section\" data-settings=\"{&quot;background_background&quot;:&quot;classic&quot;}\">\n\t\t\t\t\t\t<div class=\"elementor-container elementor-column-gap-default\">\n\t\t\t\t\t<div class=\"elementor-column elementor-col-100 elementor-top-column elementor-element elementor-element-dae5f51\" data-id=\"dae5f51\" data-element_type=\"column\" data-settings=\"{&quot;background_background&quot;:&quot;classic&quot;,&quot;background_motion_fx_motion_fx_scrolling&quot;:&quot;yes&quot;,&quot;background_motion_fx_translateY_effect&quot;:&quot;yes&quot;,&quot;background_motion_fx_translateY_speed&quot;:{&quot;unit&quot;:&quot;px&quot;,&quot;size&quot;:4,&quot;sizes&quot;:[]},&quot;background_motion_fx_translateY_affectedRange&quot;:{&quot;unit&quot;:&quot;%&quot;,&quot;size&quot;:&quot;&quot;,&quot;sizes&quot;:{&quot;start&quot;:0,&quot;end&quot;:100}},&quot;background_motion_fx_devices&quot;:[&quot;desktop&quot;,&quot;tablet&quot;,&quot;mobile&quot;]}\">\n\t\t\t<div class=\"elementor-widget-wrap elementor-element-populated\">\n\t\t\t\t\t\t<div class=\"elementor-element elementor-element-7a6dc17 elementor-widget elementor-widget-spacer\" data-id=\"7a6dc17\" data-element_type=\"widget\" data-widget_type=\"spacer.default\">\n\t\t\t\t<div class=\"elementor-widget-container\">\n\t\t\t\t\t\t\t<div class=\"elementor-spacer\">\n\t\t\t<div class=\"elementor-spacer-inner\"><\/div>\n\t\t<\/div>\n\t\t\t\t\t\t<\/div>\n\t\t\t\t<\/div>\n\t\t\t\t\t<\/div>\n\t\t<\/div>\n\t\t\t\t\t<\/div>\n\t\t<\/section>\n\t\t\t\t<section class=\"elementor-section elementor-top-section elementor-element elementor-element-affe3bb elementor-section-boxed elementor-section-height-default elementor-section-height-default\" data-id=\"affe3bb\" data-element_type=\"section\">\n\t\t\t\t\t\t<div class=\"elementor-container elementor-column-gap-default\">\n\t\t\t\t\t<div class=\"elementor-column elementor-col-100 elementor-top-column elementor-element elementor-element-d78797d\" data-id=\"d78797d\" data-element_type=\"column\">\n\t\t\t<div class=\"elementor-widget-wrap elementor-element-populated\">\n\t\t\t\t\t\t<div class=\"elementor-element elementor-element-ff3df70 elementor-skin-carousel elementor-arrows-yes elementor-pagination-type-bullets elementor-pagination-position-outside elementor-widget elementor-widget-media-carousel\" data-id=\"ff3df70\" data-element_type=\"widget\" data-settings=\"{&quot;slides_per_view_mobile&quot;:&quot;2&quot;,&quot;skin&quot;:&quot;carousel&quot;,&quot;effect&quot;:&quot;slide&quot;,&quot;show_arrows&quot;:&quot;yes&quot;,&quot;pagination&quot;:&quot;bullets&quot;,&quot;speed&quot;:500,&quot;autoplay&quot;:&quot;yes&quot;,&quot;autoplay_speed&quot;:5000,&quot;loop&quot;:&quot;yes&quot;,&quot;pause_on_hover&quot;:&quot;yes&quot;,&quot;pause_on_interaction&quot;:&quot;yes&quot;,&quot;space_between&quot;:{&quot;unit&quot;:&quot;px&quot;,&quot;size&quot;:10,&quot;sizes&quot;:[]},&quot;space_between_tablet&quot;:{&quot;unit&quot;:&quot;px&quot;,&quot;size&quot;:10,&quot;sizes&quot;:[]},&quot;space_between_mobile&quot;:{&quot;unit&quot;:&quot;px&quot;,&quot;size&quot;:10,&quot;sizes&quot;:[]}}\" data-widget_type=\"media-carousel.default\">\n\t\t\t\t<div class=\"elementor-widget-container\">\n\t\t\t\t\t\t\t\t\t<div class=\"elementor-swiper\">\n\t\t\t\t\t<div class=\"elementor-main-swiper swiper\" role=\"region\" aria-roledescription=\"carousel\" aria-label=\"Slides\">\n\t\t\t\t<div class=\"swiper-wrapper\">\n\t\t\t\t\t\t\t\t\t\t\t<div class=\"swiper-slide\" role=\"group\" aria-roledescription=\"slide\">\n\t\t\t\t\t\t\t\t\t<div class=\"elementor-carousel-image\" role=\"img\" aria-label=\"Zipline1-marunusa\" style=\"background-image: url(&#039;https:\/\/marunusa.hr\/wp-content\/uploads\/2021\/11\/Zipline1-marunusa.jpg&#039;)\">\n\n\t\t\t\n\t\t\t\t\t<\/div>\n\t\t\t\t\t\t\t\t<\/div>\n\t\t\t\t\t\t\t\t\t\t\t<div class=\"swiper-slide\" role=\"group\" aria-roledescription=\"slide\">\n\t\t\t\t\t\t\t\t\t<div class=\"elementor-carousel-image\" role=\"img\" aria-label=\"Zipline2-marunusa\" style=\"background-image: url(&#039;https:\/\/marunusa.hr\/wp-content\/uploads\/2021\/11\/Zipline2-marunusa.jpg&#039;)\">\n\n\t\t\t\n\t\t\t\t\t<\/div>\n\t\t\t\t\t\t\t\t<\/div>\n\t\t\t\t\t\t\t\t\t\t\t<div class=\"swiper-slide\" role=\"group\" aria-roledescription=\"slide\">\n\t\t\t\t\t\t\t\t\t<div class=\"elementor-carousel-image\" role=\"img\" aria-label=\"Zipline3-marunusa\" style=\"background-image: url(&#039;https:\/\/marunusa.hr\/wp-content\/uploads\/2021\/11\/Zipline3-marunusa.jpg&#039;)\">\n\n\t\t\t\n\t\t\t\t\t<\/div>\n\t\t\t\t\t\t\t\t<\/div>\n\t\t\t\t\t\t\t\t\t\t\t<div class=\"swiper-slide\" role=\"group\" aria-roledescription=\"slide\">\n\t\t\t\t\t\t\t\t\t<div class=\"elementor-carousel-image\" role=\"img\" aria-label=\"Zipline4-marunusa\" style=\"background-image: url(&#039;https:\/\/marunusa.hr\/wp-content\/uploads\/2021\/11\/Zipline4-marunusa.jpg&#039;)\">\n\n\t\t\t\n\t\t\t\t\t<\/div>\n\t\t\t\t\t\t\t\t<\/div>\n\t\t\t\t\t\t\t\t\t\t\t<div class=\"swiper-slide\" role=\"group\" aria-roledescription=\"slide\">\n\t\t\t\t\t\t\t\t\t<div class=\"elementor-carousel-image\" role=\"img\" aria-label=\"Zipline5-marunusa\" style=\"background-image: url(&#039;https:\/\/marunusa.hr\/wp-content\/uploads\/2021\/11\/Zipline5-marunusa.jpg&#039;)\">\n\n\t\t\t\n\t\t\t\t\t<\/div>\n\t\t\t\t\t\t\t\t<\/div>\n\t\t\t\t\t\t\t\t\t<\/div>\n\t\t\t\t\t\t\t\t\t\t\t\t\t\t\t<div class=\"elementor-swiper-button elementor-swiper-button-prev\" role=\"button\" tabindex=\"0\" aria-label=\"Previous\">\n\t\t\t\t\t\t\t<i aria-hidden=\"true\" class=\"eicon-chevron-left\"><\/i>\t\t\t\t\t\t<\/div>\n\t\t\t\t\t\t<div class=\"elementor-swiper-button elementor-swiper-button-next\" role=\"button\" tabindex=\"0\" aria-label=\"Next\">\n\t\t\t\t\t\t\t<i aria-hidden=\"true\" class=\"eicon-chevron-right\"><\/i>\t\t\t\t\t\t<\/div>\n\t\t\t\t\t\t\t\t\t\t\t\t\t\t\t\t<div class=\"swiper-pagination\"><\/div>\n\t\t\t\t\t\t\t\t\t\t\t\t<\/div>\n\t\t\t\t<\/div>\n\t\t\t\t\t\t\t\t<\/div>\n\t\t\t\t<\/div>\n\t\t\t\t\t<\/div>\n\t\t<\/div>\n\t\t\t\t\t<\/div>\n\t\t<\/section>\n\t\t\t\t<section class=\"elementor-section elementor-top-section elementor-element elementor-element-070dab5 elementor-section-boxed elementor-section-height-default elementor-section-height-default\" data-id=\"070dab5\" data-element_type=\"section\">\n\t\t\t\t\t\t<div class=\"elementor-container elementor-column-gap-default\">\n\t\t\t\t\t<div class=\"elementor-column elementor-col-50 elementor-top-column elementor-element elementor-element-18d6c2e\" data-id=\"18d6c2e\" data-element_type=\"column\">\n\t\t\t<div class=\"elementor-widget-wrap elementor-element-populated\">\n\t\t\t\t\t\t<div class=\"elementor-element elementor-element-2294867 elementor-widget elementor-widget-text-editor\" data-id=\"2294867\" data-element_type=\"widget\" data-widget_type=\"text-editor.default\">\n\t\t\t\t<div class=\"elementor-widget-container\">\n\t\t\t\t\t\t\t\t\t<p style=\"text-align: justify;\">Podno Svilaje pa kroz Petrovo polje rijeka \u010cikola sa svojih 46 kilometara duljine ne prestaje zadivljavati. Posebno je atraktivan njezin 130 metara dubok kanjon oboga\u0107en s 298 vrsti biljaka, nekoliko spilja i srednjovjekovnim utvrdama. Ovu netaknutu divljinu poseban je do\u017eivljaj iskusiti slobodno poput ptice, u sigurnosti za\u0161titne opreme.<\/p>\n<p style=\"text-align: justify;\">Pridru\u017eite nam se na zipline avanturi koja \u0107e vas ostaviti bez daha! 1,4 kilometra dug zipline, visok mjestimice i do 120 metara kojim mo\u017eete juriti i do 70 kilometara na sat kroz kanjon rijeke \u010cikole. Tri \u017eice koje vas vode iznad kro\u0161nji drve\u0107a i kanjona rijeke duga\u010dke su 500, 650 i 250 metara. Okvirno trajanje je 1 sat.<\/p>\n<p style=\"text-align: justify;\">Tura je dostupna s opcijom provjere raspolo\u017eivosti, \u0161to zna\u010di da odaberete datum, broj ljudi i po\u0161aljete upit. U najkra\u0107em mogu\u0107em roku odgovoriti \u0107emo vam je li mogu\u0107e pru\u017eiti uslugu u tra\u017eenom terminu<\/p>\n<p style=\"text-align: justify;\">Za ostala pitanja obratite nam se na <a href=\"mailto:info@marunusa.hr\"><span style=\"color: #108c0a;\">info@marunusa.hr<\/span><\/a><\/p>\t\t\t\t\t\t\t\t<\/div>\n\t\t\t\t<\/div>\n\t\t\t\t<div class=\"elementor-element elementor-element-37d0de1 elementor-widget elementor-widget-shortcode\" data-id=\"37d0de1\" data-element_type=\"widget\" data-widget_type=\"shortcode.default\">\n\t\t\t\t<div class=\"elementor-widget-container\">\n\t\t\t\t\t\t\t<div class=\"elementor-shortcode\">\n \n<div style=\"display: flex\">\n\n<iframe id=\"iFrameResizer1\"\nsrc=\"https:\/\/booking.ez-booker.com\/tour_details?site_id=9cf8ab11fb56aaef9972f18a3283800b&service_id=951&lang=hr&adults=1.\"\nstyle=\"border:none;width:1280px;height:1024px\"><\/iframe>\n\n<\/div>\n\n<script src=\"https:\/\/app.ez-booker.com\/secure\/js\/iframeResizer.js\"><\/script>\n\n<script>\niFrameResize();\n<\/script> \n<\/div>\n\t\t\t\t\t\t<\/div>\n\t\t\t\t<\/div>\n\t\t\t\t\t<\/div>\n\t\t<\/div>\n\t\t\t\t<div class=\"elementor-column elementor-col-50 elementor-top-column elementor-element elementor-element-9a33dd1\" data-id=\"9a33dd1\" data-element_type=\"column\" data-settings=\"{&quot;background_background&quot;:&quot;classic&quot;}\">\n\t\t\t<div class=\"elementor-widget-wrap elementor-element-populated\">\n\t\t\t\t\t\t<div class=\"elementor-element elementor-element-f65392b elementor-widget elementor-widget-text-editor\" data-id=\"f65392b\" data-element_type=\"widget\" data-widget_type=\"text-editor.default\">\n\t\t\t\t<div class=\"elementor-widget-container\">\n\t\t\t\t\t\t\t\t\t<p style=\"text-align: justify;\"><strong>ZIPLINE<\/strong><br \/><strong>Kanjon rijeke \u010cikole<\/strong><\/p><p style=\"text-align: justify;\"><b>Ukupna du\u017eina:<\/b> 1400 metara<\/p><p style=\"text-align: justify;\"><strong>Prva \u017eica<\/strong>: 500 metara du\u017eine, 120 metara visine<br \/><strong>Druga \u017eica<\/strong>: 650 metara du\u017eine, 70 metara visine<br \/><strong>Tre\u0107a \u017eica<\/strong>: 250 metara du\u017eine, 30 metara visine<\/p><p style=\"text-align: justify;\"><strong>Cijena uklju\u010duje<\/strong>: kratku obuku od strane instruktora, opremu, zipline vo\u017enju, osiguranje.<\/p><p style=\"text-align: justify;\"><strong>Cijena ne uklju\u010duje prijevoz do lokacije.<\/strong><\/p>\t\t\t\t\t\t\t\t<\/div>\n\t\t\t\t<\/div>\n\t\t\t\t\t<\/div>\n\t\t<\/div>\n\t\t\t\t\t<\/div>\n\t\t<\/section>\n\t\t\t\t<\/div>\n\t\t","protected":false},"excerpt":{"rendered":"<p>Previous Next Podno Svilaje pa kroz Petrovo polje rijeka \u010cikola sa svojih 46 kilometara duljine ne prestaje zadivljavati. Posebno je atraktivan njezin 130 metara dubok kanjon oboga\u0107en s 298 vrsti biljaka, nekoliko spilja i srednjovjekovnim utvrdama. Ovu netaknutu divljinu poseban je do\u017eivljaj iskusiti slobodno poput ptice, u sigurnosti za\u0161titne opreme. Pridru\u017eite nam se na zipline [&hellip;]<\/p>\n","protected":false},"author":1,"featured_media":0,"parent":3168,"menu_order":0,"comment_status":"closed","ping_status":"closed","template":"elementor_header_footer","meta":{"footnotes":""},"class_list":["post-4174","page","type-page","status-publish","hentry"],"yoast_head":"<!-- This site is optimized with the Yoast SEO plugin v27.4 - https:\/\/yoast.com\/product\/yoast-seo-wordpress\/ -->\n<title>ZIPLINE - marunusa.hr<\/title>\n<meta name=\"robots\" content=\"index, follow, max-snippet:-1, max-image-preview:large, max-video-preview:-1\" \/>\n<link rel=\"canonical\" href=\"https:\/\/marunusa.hr\/hr\/ture\/zipline\/\" \/>\n<meta property=\"og:locale\" content=\"hr_HR\" \/>\n<meta property=\"og:type\" content=\"article\" \/>\n<meta property=\"og:title\" content=\"ZIPLINE - marunusa.hr\" \/>\n<meta property=\"og:description\" content=\"Previous Next Podno Svilaje pa kroz Petrovo polje rijeka \u010cikola sa svojih 46 kilometara duljine ne prestaje zadivljavati. Posebno je atraktivan njezin 130 metara dubok kanjon oboga\u0107en s 298 vrsti biljaka, nekoliko spilja i srednjovjekovnim utvrdama. Ovu netaknutu divljinu poseban je do\u017eivljaj iskusiti slobodno poput ptice, u sigurnosti za\u0161titne opreme. Pridru\u017eite nam se na zipline [&hellip;]\" \/>\n<meta property=\"og:url\" content=\"https:\/\/marunusa.hr\/hr\/ture\/zipline\/\" \/>\n<meta property=\"og:site_name\" content=\"marunusa.hr\" \/>\n<meta property=\"article:modified_time\" content=\"2021-12-01T10:51:28+00:00\" \/>\n<meta name=\"twitter:card\" content=\"summary_large_image\" \/>\n<meta name=\"twitter:label1\" content=\"Procijenjeno vrijeme \u010ditanja\" \/>\n\t<meta name=\"twitter:data1\" content=\"1 minuta\" \/>\n<script type=\"application\/ld+json\" class=\"yoast-schema-graph\">{\"@context\":\"https:\\\/\\\/schema.org\",\"@graph\":[{\"@type\":\"WebPage\",\"@id\":\"https:\\\/\\\/marunusa.hr\\\/ture\\\/zipline\\\/\",\"url\":\"https:\\\/\\\/marunusa.hr\\\/ture\\\/zipline\\\/\",\"name\":\"ZIPLINE - marunusa.hr\",\"isPartOf\":{\"@id\":\"https:\\\/\\\/marunusa.hr\\\/#website\"},\"datePublished\":\"2021-08-27T09:58:08+00:00\",\"dateModified\":\"2021-12-01T10:51:28+00:00\",\"breadcrumb\":{\"@id\":\"https:\\\/\\\/marunusa.hr\\\/ture\\\/zipline\\\/#breadcrumb\"},\"inLanguage\":\"hr\",\"potentialAction\":[{\"@type\":\"ReadAction\",\"target\":[\"https:\\\/\\\/marunusa.hr\\\/ture\\\/zipline\\\/\"]}]},{\"@type\":\"BreadcrumbList\",\"@id\":\"https:\\\/\\\/marunusa.hr\\\/ture\\\/zipline\\\/#breadcrumb\",\"itemListElement\":[{\"@type\":\"ListItem\",\"position\":1,\"name\":\"Home\",\"item\":\"https:\\\/\\\/marunusa.hr\\\/hr\\\/\"},{\"@type\":\"ListItem\",\"position\":2,\"name\":\"Ture\",\"item\":\"https:\\\/\\\/marunusa.hr\\\/ture\\\/\"},{\"@type\":\"ListItem\",\"position\":3,\"name\":\"ZIPLINE\"}]},{\"@type\":\"WebSite\",\"@id\":\"https:\\\/\\\/marunusa.hr\\\/#website\",\"url\":\"https:\\\/\\\/marunusa.hr\\\/\",\"name\":\"marunusa.hr\",\"description\":\"turisti\u010dka agencija\",\"potentialAction\":[{\"@type\":\"SearchAction\",\"target\":{\"@type\":\"EntryPoint\",\"urlTemplate\":\"https:\\\/\\\/marunusa.hr\\\/?s={search_term_string}\"},\"query-input\":{\"@type\":\"PropertyValueSpecification\",\"valueRequired\":true,\"valueName\":\"search_term_string\"}}],\"inLanguage\":\"hr\"}]}<\/script>\n<!-- \/ Yoast SEO plugin. -->","yoast_head_json":{"title":"ZIPLINE - marunusa.hr","robots":{"index":"index","follow":"follow","max-snippet":"max-snippet:-1","max-image-preview":"max-image-preview:large","max-video-preview":"max-video-preview:-1"},"canonical":"https:\/\/marunusa.hr\/hr\/ture\/zipline\/","og_locale":"hr_HR","og_type":"article","og_title":"ZIPLINE - marunusa.hr","og_description":"Previous Next Podno Svilaje pa kroz Petrovo polje rijeka \u010cikola sa svojih 46 kilometara duljine ne prestaje zadivljavati. Posebno je atraktivan njezin 130 metara dubok kanjon oboga\u0107en s 298 vrsti biljaka, nekoliko spilja i srednjovjekovnim utvrdama. Ovu netaknutu divljinu poseban je do\u017eivljaj iskusiti slobodno poput ptice, u sigurnosti za\u0161titne opreme. Pridru\u017eite nam se na zipline [&hellip;]","og_url":"https:\/\/marunusa.hr\/hr\/ture\/zipline\/","og_site_name":"marunusa.hr","article_modified_time":"2021-12-01T10:51:28+00:00","twitter_card":"summary_large_image","twitter_misc":{"Procijenjeno vrijeme \u010ditanja":"1 minuta"},"schema":{"@context":"https:\/\/schema.org","@graph":[{"@type":"WebPage","@id":"https:\/\/marunusa.hr\/ture\/zipline\/","url":"https:\/\/marunusa.hr\/ture\/zipline\/","name":"ZIPLINE - marunusa.hr","isPartOf":{"@id":"https:\/\/marunusa.hr\/#website"},"datePublished":"2021-08-27T09:58:08+00:00","dateModified":"2021-12-01T10:51:28+00:00","breadcrumb":{"@id":"https:\/\/marunusa.hr\/ture\/zipline\/#breadcrumb"},"inLanguage":"hr","potentialAction":[{"@type":"ReadAction","target":["https:\/\/marunusa.hr\/ture\/zipline\/"]}]},{"@type":"BreadcrumbList","@id":"https:\/\/marunusa.hr\/ture\/zipline\/#breadcrumb","itemListElement":[{"@type":"ListItem","position":1,"name":"Home","item":"https:\/\/marunusa.hr\/hr\/"},{"@type":"ListItem","position":2,"name":"Ture","item":"https:\/\/marunusa.hr\/ture\/"},{"@type":"ListItem","position":3,"name":"ZIPLINE"}]},{"@type":"WebSite","@id":"https:\/\/marunusa.hr\/#website","url":"https:\/\/marunusa.hr\/","name":"marunusa.hr","description":"turisti\u010dka agencija","potentialAction":[{"@type":"SearchAction","target":{"@type":"EntryPoint","urlTemplate":"https:\/\/marunusa.hr\/?s={search_term_string}"},"query-input":{"@type":"PropertyValueSpecification","valueRequired":true,"valueName":"search_term_string"}}],"inLanguage":"hr"}]}},"_links":{"self":[{"href":"https:\/\/marunusa.hr\/hr\/wp-json\/wp\/v2\/pages\/4174","targetHints":{"allow":["GET"]}}],"collection":[{"href":"https:\/\/marunusa.hr\/hr\/wp-json\/wp\/v2\/pages"}],"about":[{"href":"https:\/\/marunusa.hr\/hr\/wp-json\/wp\/v2\/types\/page"}],"author":[{"embeddable":true,"href":"https:\/\/marunusa.hr\/hr\/wp-json\/wp\/v2\/users\/1"}],"replies":[{"embeddable":true,"href":"https:\/\/marunusa.hr\/hr\/wp-json\/wp\/v2\/comments?post=4174"}],"version-history":[{"count":34,"href":"https:\/\/marunusa.hr\/hr\/wp-json\/wp\/v2\/pages\/4174\/revisions"}],"predecessor-version":[{"id":5084,"href":"https:\/\/marunusa.hr\/hr\/wp-json\/wp\/v2\/pages\/4174\/revisions\/5084"}],"up":[{"embeddable":true,"href":"https:\/\/marunusa.hr\/hr\/wp-json\/wp\/v2\/pages\/3168"}],"wp:attachment":[{"href":"https:\/\/marunusa.hr\/hr\/wp-json\/wp\/v2\/media?parent=4174"}],"curies":[{"name":"wp","href":"https:\/\/api.w.org\/{rel}","templated":true}]}}