{"id":3905,"date":"2021-08-23T09:23:10","date_gmt":"2021-08-23T08:23:10","guid":{"rendered":"https:\/\/marunusa.hr\/?page_id=3905"},"modified":"2022-11-11T13:22:36","modified_gmt":"2022-11-11T12:22:36","slug":"tura-gumenim-camcem-180kg","status":"publish","type":"page","link":"https:\/\/marunusa.hr\/hr\/ture\/tura-gumenim-camcem-180kg\/","title":{"rendered":"Tura gumenim \u010damcem 180kg"},"content":{"rendered":"\t\t<div data-elementor-type=\"wp-page\" data-elementor-id=\"3905\" class=\"elementor elementor-3905\" data-elementor-post-type=\"page\">\n\t\t\t\t\t\t<section class=\"elementor-section elementor-top-section elementor-element elementor-element-6da7631 elementor-section-boxed elementor-section-height-default elementor-section-height-default\" data-id=\"6da7631\" data-element_type=\"section\" data-settings=\"{&quot;background_background&quot;:&quot;classic&quot;}\">\n\t\t\t\t\t\t<div class=\"elementor-container elementor-column-gap-default\">\n\t\t\t\t\t<div class=\"elementor-column elementor-col-100 elementor-top-column elementor-element elementor-element-a8a356c\" data-id=\"a8a356c\" data-element_type=\"column\" data-settings=\"{&quot;background_background&quot;:&quot;classic&quot;,&quot;background_motion_fx_motion_fx_scrolling&quot;:&quot;yes&quot;,&quot;background_motion_fx_translateY_effect&quot;:&quot;yes&quot;,&quot;background_motion_fx_translateY_speed&quot;:{&quot;unit&quot;:&quot;px&quot;,&quot;size&quot;:4,&quot;sizes&quot;:[]},&quot;background_motion_fx_translateY_affectedRange&quot;:{&quot;unit&quot;:&quot;%&quot;,&quot;size&quot;:&quot;&quot;,&quot;sizes&quot;:{&quot;start&quot;:0,&quot;end&quot;:100}},&quot;background_motion_fx_devices&quot;:[&quot;desktop&quot;,&quot;tablet&quot;,&quot;mobile&quot;]}\">\n\t\t\t<div class=\"elementor-widget-wrap elementor-element-populated\">\n\t\t\t\t\t\t<div class=\"elementor-element elementor-element-c4cd420 elementor-widget elementor-widget-spacer\" data-id=\"c4cd420\" data-element_type=\"widget\" data-widget_type=\"spacer.default\">\n\t\t\t\t<div class=\"elementor-widget-container\">\n\t\t\t\t\t\t\t<div class=\"elementor-spacer\">\n\t\t\t<div class=\"elementor-spacer-inner\"><\/div>\n\t\t<\/div>\n\t\t\t\t\t\t<\/div>\n\t\t\t\t<\/div>\n\t\t\t\t\t<\/div>\n\t\t<\/div>\n\t\t\t\t\t<\/div>\n\t\t<\/section>\n\t\t\t\t<section class=\"elementor-section elementor-top-section elementor-element elementor-element-2c216dd elementor-section-boxed elementor-section-height-default elementor-section-height-default\" data-id=\"2c216dd\" data-element_type=\"section\">\n\t\t\t\t\t\t<div class=\"elementor-container elementor-column-gap-default\">\n\t\t\t\t\t<div class=\"elementor-column elementor-col-50 elementor-top-column elementor-element elementor-element-ef9a7e5\" data-id=\"ef9a7e5\" data-element_type=\"column\">\n\t\t\t<div class=\"elementor-widget-wrap elementor-element-populated\">\n\t\t\t\t\t\t<div class=\"elementor-element elementor-element-fdcea87 elementor-widget elementor-widget-text-editor\" data-id=\"fdcea87\" data-element_type=\"widget\" data-widget_type=\"text-editor.default\">\n\t\t\t\t<div class=\"elementor-widget-container\">\n\t\t\t\t\t\t\t\t\t<p style=\"text-align: justify;\">Vodimo vas na avanturu na rijeci Krki. Veslati \u0107ete nizvodno gornjim tokom Krke i u\u017eivati u pogledu i mirnoj vo\u017enji.<\/p><p style=\"text-align: justify;\">To\u010dka sastanka je Ekolo\u0161ko-informativni centar na Krki, odakle \u0107emo vas i \u010damac prevesti do ribnjaka u ulici Dalibora Defilipisa gdje se ukrcavate u Krku i zapo\u010dinjete avanturu. Ruta je duga 4,5km a traje izme\u0111u 1 i 2 sata, ovisno o veslanju. Putem \u0107ete u\u017eivati u najljep\u0161em pogledu na Kninsku tvr\u0111avu, pro\u0107i pored u\u0161\u0107a Kosov\u010dice u Krku, arheolo\u0161kog lokaliteta Kapitul te u\u0161\u0107a Ora\u0161nice u Krku.<\/p><p style=\"text-align: justify;\">Turu mo\u017eete pro\u0107i samostalno ili koristiti uslugu vodi\u010da. Na\u0161i vodi\u010di \u0107e vam pomo\u0107i upravljati \u010damcem i objasniti sve lokalitete pored kojih prolazite na turi. Na vama je da odaberete uslugu koja vam najvi\u0161e odgovara.<\/p><p style=\"text-align: justify;\">Za ostala pitanja obratite nam se na\u00a0<span style=\"color: #008000;\"><a style=\"color: #008000;\" href=\"mailto:info@marunusa.hr\">info@marunusa.hr<\/a><\/span><\/p>\t\t\t\t\t\t\t\t<\/div>\n\t\t\t\t<\/div>\n\t\t\t\t<div class=\"elementor-element elementor-element-1d645c1 elementor-widget elementor-widget-shortcode\" data-id=\"1d645c1\" data-element_type=\"widget\" data-widget_type=\"shortcode.default\">\n\t\t\t\t<div class=\"elementor-widget-container\">\n\t\t\t\t\t\t\t<div class=\"elementor-shortcode\">\n \n<div style=\"display: flex\">\n\n<iframe id=\"iFrameResizer1\"\nsrc=\"https:\/\/booking.ez-booker.com\/tour_details?site_id=9cf8ab11fb56aaef9972f18a3283800b&service_id=918&lang=hr&adults=1.\"\nstyle=\"border:none;width:1280px;height:1024px\"><\/iframe>\n\n<\/div>\n\n<script src=\"https:\/\/app.ez-booker.com\/secure\/js\/iframeResizer.js\"><\/script>\n\n<script>\niFrameResize();\n<\/script> \n<\/div>\n\t\t\t\t\t\t<\/div>\n\t\t\t\t<\/div>\n\t\t\t\t\t<\/div>\n\t\t<\/div>\n\t\t\t\t<div class=\"elementor-column elementor-col-50 elementor-top-column elementor-element elementor-element-b13a1aa\" data-id=\"b13a1aa\" data-element_type=\"column\" data-settings=\"{&quot;background_background&quot;:&quot;classic&quot;}\">\n\t\t\t<div class=\"elementor-widget-wrap elementor-element-populated\">\n\t\t\t\t\t\t<div class=\"elementor-element elementor-element-417921d elementor-widget elementor-widget-text-editor\" data-id=\"417921d\" data-element_type=\"widget\" data-widget_type=\"text-editor.default\">\n\t\t\t\t<div class=\"elementor-widget-container\">\n\t\t\t\t\t\t\t\t\t<p style=\"text-align: justify;\"><strong>SUNNY<\/strong><br \/><strong>\u010cAMAC NA NAPUHAVANJE<\/strong><\/p><p style=\"text-align: justify;\"><strong>Du\u017eina<\/strong>: 380cm<br \/><strong>\u0160irina<\/strong>: 80cm<br \/><strong>Te\u017eina<\/strong>: 16kg<br \/><strong>Maksimalna nosivost<\/strong>: 180kg<br \/><strong>Maksimalan broj ljudi<\/strong>: 2<\/p><p style=\"text-align: justify;\"><strong>Cijena uklju\u010duje 1 veslo po osobi, 1 za\u0161titni prsluk po osobi, 1 vodonepropusnu torbu, osiguranje, parking za automobil i transfer od cilja do starta<\/strong><\/p><hr style=\"margin: 10px 0px;\" \/><p style=\"text-align: justify;\"><strong>PALAVA<\/strong><br \/><strong>\u010cAMAC NA NAPUHAVANJE<\/strong><\/p><p style=\"text-align: justify;\"><strong>Du\u017eina<\/strong>: 380cm<br \/><strong>\u0160irina<\/strong>: 90cm<br \/><strong>Te\u017eina<\/strong>: 21kg<br \/><strong>Maksimalna nosivost<\/strong>: 240kg<br \/><strong>Maksimalan broj ljudi<\/strong>: 2+1<\/p><p style=\"text-align: justify;\"><strong>Cijena uklju\u010duje 1 veslo po osobi, 1 za\u0161titni prsluk po osobi, 1 vodonepropusnu torbu, osiguranje, parking za automobil i transfer od cilja do starta<\/strong><\/p>\t\t\t\t\t\t\t\t<\/div>\n\t\t\t\t<\/div>\n\t\t\t\t\t<\/div>\n\t\t<\/div>\n\t\t\t\t\t<\/div>\n\t\t<\/section>\n\t\t\t\t<\/div>\n\t\t","protected":false},"excerpt":{"rendered":"<p>Vodimo vas na avanturu na rijeci Krki. Veslati \u0107ete nizvodno gornjim tokom Krke i u\u017eivati u pogledu i mirnoj vo\u017enji. To\u010dka sastanka je Ekolo\u0161ko-informativni centar na Krki, odakle \u0107emo vas i \u010damac prevesti do ribnjaka u ulici Dalibora Defilipisa gdje se ukrcavate u Krku i zapo\u010dinjete avanturu. Ruta je duga 4,5km a traje izme\u0111u 1 [&hellip;]<\/p>\n","protected":false},"author":1,"featured_media":0,"parent":3168,"menu_order":3,"comment_status":"closed","ping_status":"closed","template":"elementor_header_footer","meta":{"footnotes":""},"class_list":["post-3905","page","type-page","status-publish","hentry"],"yoast_head":"<!-- This site is optimized with the Yoast SEO plugin v27.4 - https:\/\/yoast.com\/product\/yoast-seo-wordpress\/ -->\n<title>Tura gumenim \u010damcem 180kg - marunusa.hr<\/title>\n<meta name=\"robots\" content=\"index, follow, max-snippet:-1, max-image-preview:large, max-video-preview:-1\" \/>\n<link rel=\"canonical\" href=\"https:\/\/marunusa.hr\/hr\/ture\/tura-gumenim-camcem-180kg\/\" \/>\n<meta property=\"og:locale\" content=\"hr_HR\" \/>\n<meta property=\"og:type\" content=\"article\" \/>\n<meta property=\"og:title\" content=\"Tura gumenim \u010damcem 180kg - marunusa.hr\" \/>\n<meta property=\"og:description\" content=\"Vodimo vas na avanturu na rijeci Krki. Veslati \u0107ete nizvodno gornjim tokom Krke i u\u017eivati u pogledu i mirnoj vo\u017enji. To\u010dka sastanka je Ekolo\u0161ko-informativni centar na Krki, odakle \u0107emo vas i \u010damac prevesti do ribnjaka u ulici Dalibora Defilipisa gdje se ukrcavate u Krku i zapo\u010dinjete avanturu. Ruta je duga 4,5km a traje izme\u0111u 1 [&hellip;]\" \/>\n<meta property=\"og:url\" content=\"https:\/\/marunusa.hr\/hr\/ture\/tura-gumenim-camcem-180kg\/\" \/>\n<meta property=\"og:site_name\" content=\"marunusa.hr\" \/>\n<meta property=\"article:modified_time\" content=\"2022-11-11T12:22:36+00:00\" \/>\n<meta name=\"twitter:card\" content=\"summary_large_image\" \/>\n<meta name=\"twitter:label1\" content=\"Procijenjeno vrijeme \u010ditanja\" \/>\n\t<meta name=\"twitter:data1\" content=\"2 minute\" \/>\n<script type=\"application\/ld+json\" class=\"yoast-schema-graph\">{\"@context\":\"https:\\\/\\\/schema.org\",\"@graph\":[{\"@type\":\"WebPage\",\"@id\":\"https:\\\/\\\/marunusa.hr\\\/ture\\\/tura-gumenim-camcem-180kg\\\/\",\"url\":\"https:\\\/\\\/marunusa.hr\\\/ture\\\/tura-gumenim-camcem-180kg\\\/\",\"name\":\"Tura gumenim \u010damcem 180kg - marunusa.hr\",\"isPartOf\":{\"@id\":\"https:\\\/\\\/marunusa.hr\\\/#website\"},\"datePublished\":\"2021-08-23T08:23:10+00:00\",\"dateModified\":\"2022-11-11T12:22:36+00:00\",\"breadcrumb\":{\"@id\":\"https:\\\/\\\/marunusa.hr\\\/ture\\\/tura-gumenim-camcem-180kg\\\/#breadcrumb\"},\"inLanguage\":\"hr\",\"potentialAction\":[{\"@type\":\"ReadAction\",\"target\":[\"https:\\\/\\\/marunusa.hr\\\/ture\\\/tura-gumenim-camcem-180kg\\\/\"]}]},{\"@type\":\"BreadcrumbList\",\"@id\":\"https:\\\/\\\/marunusa.hr\\\/ture\\\/tura-gumenim-camcem-180kg\\\/#breadcrumb\",\"itemListElement\":[{\"@type\":\"ListItem\",\"position\":1,\"name\":\"Home\",\"item\":\"https:\\\/\\\/marunusa.hr\\\/hr\\\/\"},{\"@type\":\"ListItem\",\"position\":2,\"name\":\"Ture\",\"item\":\"https:\\\/\\\/marunusa.hr\\\/ture\\\/\"},{\"@type\":\"ListItem\",\"position\":3,\"name\":\"Tura gumenim \u010damcem 180kg\"}]},{\"@type\":\"WebSite\",\"@id\":\"https:\\\/\\\/marunusa.hr\\\/#website\",\"url\":\"https:\\\/\\\/marunusa.hr\\\/\",\"name\":\"marunusa.hr\",\"description\":\"turisti\u010dka agencija\",\"potentialAction\":[{\"@type\":\"SearchAction\",\"target\":{\"@type\":\"EntryPoint\",\"urlTemplate\":\"https:\\\/\\\/marunusa.hr\\\/?s={search_term_string}\"},\"query-input\":{\"@type\":\"PropertyValueSpecification\",\"valueRequired\":true,\"valueName\":\"search_term_string\"}}],\"inLanguage\":\"hr\"}]}<\/script>\n<!-- \/ Yoast SEO plugin. -->","yoast_head_json":{"title":"Tura gumenim \u010damcem 180kg - marunusa.hr","robots":{"index":"index","follow":"follow","max-snippet":"max-snippet:-1","max-image-preview":"max-image-preview:large","max-video-preview":"max-video-preview:-1"},"canonical":"https:\/\/marunusa.hr\/hr\/ture\/tura-gumenim-camcem-180kg\/","og_locale":"hr_HR","og_type":"article","og_title":"Tura gumenim \u010damcem 180kg - marunusa.hr","og_description":"Vodimo vas na avanturu na rijeci Krki. Veslati \u0107ete nizvodno gornjim tokom Krke i u\u017eivati u pogledu i mirnoj vo\u017enji. To\u010dka sastanka je Ekolo\u0161ko-informativni centar na Krki, odakle \u0107emo vas i \u010damac prevesti do ribnjaka u ulici Dalibora Defilipisa gdje se ukrcavate u Krku i zapo\u010dinjete avanturu. Ruta je duga 4,5km a traje izme\u0111u 1 [&hellip;]","og_url":"https:\/\/marunusa.hr\/hr\/ture\/tura-gumenim-camcem-180kg\/","og_site_name":"marunusa.hr","article_modified_time":"2022-11-11T12:22:36+00:00","twitter_card":"summary_large_image","twitter_misc":{"Procijenjeno vrijeme \u010ditanja":"2 minute"},"schema":{"@context":"https:\/\/schema.org","@graph":[{"@type":"WebPage","@id":"https:\/\/marunusa.hr\/ture\/tura-gumenim-camcem-180kg\/","url":"https:\/\/marunusa.hr\/ture\/tura-gumenim-camcem-180kg\/","name":"Tura gumenim \u010damcem 180kg - marunusa.hr","isPartOf":{"@id":"https:\/\/marunusa.hr\/#website"},"datePublished":"2021-08-23T08:23:10+00:00","dateModified":"2022-11-11T12:22:36+00:00","breadcrumb":{"@id":"https:\/\/marunusa.hr\/ture\/tura-gumenim-camcem-180kg\/#breadcrumb"},"inLanguage":"hr","potentialAction":[{"@type":"ReadAction","target":["https:\/\/marunusa.hr\/ture\/tura-gumenim-camcem-180kg\/"]}]},{"@type":"BreadcrumbList","@id":"https:\/\/marunusa.hr\/ture\/tura-gumenim-camcem-180kg\/#breadcrumb","itemListElement":[{"@type":"ListItem","position":1,"name":"Home","item":"https:\/\/marunusa.hr\/hr\/"},{"@type":"ListItem","position":2,"name":"Ture","item":"https:\/\/marunusa.hr\/ture\/"},{"@type":"ListItem","position":3,"name":"Tura gumenim \u010damcem 180kg"}]},{"@type":"WebSite","@id":"https:\/\/marunusa.hr\/#website","url":"https:\/\/marunusa.hr\/","name":"marunusa.hr","description":"turisti\u010dka agencija","potentialAction":[{"@type":"SearchAction","target":{"@type":"EntryPoint","urlTemplate":"https:\/\/marunusa.hr\/?s={search_term_string}"},"query-input":{"@type":"PropertyValueSpecification","valueRequired":true,"valueName":"search_term_string"}}],"inLanguage":"hr"}]}},"_links":{"self":[{"href":"https:\/\/marunusa.hr\/hr\/wp-json\/wp\/v2\/pages\/3905","targetHints":{"allow":["GET"]}}],"collection":[{"href":"https:\/\/marunusa.hr\/hr\/wp-json\/wp\/v2\/pages"}],"about":[{"href":"https:\/\/marunusa.hr\/hr\/wp-json\/wp\/v2\/types\/page"}],"author":[{"embeddable":true,"href":"https:\/\/marunusa.hr\/hr\/wp-json\/wp\/v2\/users\/1"}],"replies":[{"embeddable":true,"href":"https:\/\/marunusa.hr\/hr\/wp-json\/wp\/v2\/comments?post=3905"}],"version-history":[{"count":80,"href":"https:\/\/marunusa.hr\/hr\/wp-json\/wp\/v2\/pages\/3905\/revisions"}],"predecessor-version":[{"id":5947,"href":"https:\/\/marunusa.hr\/hr\/wp-json\/wp\/v2\/pages\/3905\/revisions\/5947"}],"up":[{"embeddable":true,"href":"https:\/\/marunusa.hr\/hr\/wp-json\/wp\/v2\/pages\/3168"}],"wp:attachment":[{"href":"https:\/\/marunusa.hr\/hr\/wp-json\/wp\/v2\/media?parent=3905"}],"curies":[{"name":"wp","href":"https:\/\/api.w.org\/{rel}","templated":true}]}}