{"id":3904,"date":"2021-08-23T09:22:40","date_gmt":"2021-08-23T08:22:40","guid":{"rendered":"https:\/\/marunusa.hr\/?page_id=3904"},"modified":"2022-11-11T13:21:45","modified_gmt":"2022-11-11T12:21:45","slug":"cetina-jeep-safari","status":"publish","type":"page","link":"https:\/\/marunusa.hr\/hr\/ture\/cetina-jeep-safari\/","title":{"rendered":"Cetina Jeep Safari"},"content":{"rendered":"\t\t<div data-elementor-type=\"wp-page\" data-elementor-id=\"3904\" class=\"elementor elementor-3904\" data-elementor-post-type=\"page\">\n\t\t\t\t\t\t<section class=\"elementor-section elementor-top-section elementor-element elementor-element-a14297d elementor-section-boxed elementor-section-height-default elementor-section-height-default\" data-id=\"a14297d\" data-element_type=\"section\" data-settings=\"{&quot;background_background&quot;:&quot;classic&quot;}\">\n\t\t\t\t\t\t<div class=\"elementor-container elementor-column-gap-default\">\n\t\t\t\t\t<div class=\"elementor-column elementor-col-100 elementor-top-column elementor-element elementor-element-2e806fd\" data-id=\"2e806fd\" data-element_type=\"column\" data-settings=\"{&quot;background_background&quot;:&quot;classic&quot;,&quot;background_motion_fx_motion_fx_scrolling&quot;:&quot;yes&quot;,&quot;background_motion_fx_translateY_effect&quot;:&quot;yes&quot;,&quot;background_motion_fx_range&quot;:&quot;viewport&quot;,&quot;background_motion_fx_translateY_speed&quot;:{&quot;unit&quot;:&quot;px&quot;,&quot;size&quot;:4,&quot;sizes&quot;:[]},&quot;background_motion_fx_translateY_affectedRange&quot;:{&quot;unit&quot;:&quot;%&quot;,&quot;size&quot;:&quot;&quot;,&quot;sizes&quot;:{&quot;start&quot;:0,&quot;end&quot;:100}},&quot;background_motion_fx_devices&quot;:[&quot;desktop&quot;,&quot;tablet&quot;,&quot;mobile&quot;]}\">\n\t\t\t<div class=\"elementor-widget-wrap elementor-element-populated\">\n\t\t\t\t\t<div class=\"elementor-background-overlay\"><\/div>\n\t\t\t\t\t\t<div class=\"elementor-element elementor-element-ba92406 elementor-widget elementor-widget-spacer\" data-id=\"ba92406\" data-element_type=\"widget\" data-widget_type=\"spacer.default\">\n\t\t\t\t<div class=\"elementor-widget-container\">\n\t\t\t\t\t\t\t<div class=\"elementor-spacer\">\n\t\t\t<div class=\"elementor-spacer-inner\"><\/div>\n\t\t<\/div>\n\t\t\t\t\t\t<\/div>\n\t\t\t\t<\/div>\n\t\t\t\t\t<\/div>\n\t\t<\/div>\n\t\t\t\t\t<\/div>\n\t\t<\/section>\n\t\t\t\t<section class=\"elementor-section elementor-top-section elementor-element elementor-element-a4dc81f elementor-section-boxed elementor-section-height-default elementor-section-height-default\" data-id=\"a4dc81f\" data-element_type=\"section\">\n\t\t\t\t\t\t<div class=\"elementor-container elementor-column-gap-default\">\n\t\t\t\t\t<div class=\"elementor-column elementor-col-100 elementor-top-column elementor-element elementor-element-a6a4179\" data-id=\"a6a4179\" data-element_type=\"column\">\n\t\t\t<div class=\"elementor-widget-wrap elementor-element-populated\">\n\t\t\t\t\t\t<div class=\"elementor-element elementor-element-ef55c3d elementor-skin-carousel elementor-arrows-yes elementor-pagination-type-bullets elementor-pagination-position-outside elementor-widget elementor-widget-media-carousel\" data-id=\"ef55c3d\" data-element_type=\"widget\" data-settings=\"{&quot;slides_per_view_mobile&quot;:&quot;2&quot;,&quot;skin&quot;:&quot;carousel&quot;,&quot;effect&quot;:&quot;slide&quot;,&quot;show_arrows&quot;:&quot;yes&quot;,&quot;pagination&quot;:&quot;bullets&quot;,&quot;speed&quot;:500,&quot;autoplay&quot;:&quot;yes&quot;,&quot;autoplay_speed&quot;:5000,&quot;loop&quot;:&quot;yes&quot;,&quot;pause_on_hover&quot;:&quot;yes&quot;,&quot;pause_on_interaction&quot;:&quot;yes&quot;,&quot;space_between&quot;:{&quot;unit&quot;:&quot;px&quot;,&quot;size&quot;:10,&quot;sizes&quot;:[]},&quot;space_between_tablet&quot;:{&quot;unit&quot;:&quot;px&quot;,&quot;size&quot;:10,&quot;sizes&quot;:[]},&quot;space_between_mobile&quot;:{&quot;unit&quot;:&quot;px&quot;,&quot;size&quot;:10,&quot;sizes&quot;:[]}}\" data-widget_type=\"media-carousel.default\">\n\t\t\t\t<div class=\"elementor-widget-container\">\n\t\t\t\t\t\t\t\t\t<div class=\"elementor-swiper\">\n\t\t\t\t\t<div class=\"elementor-main-swiper swiper\" role=\"region\" aria-roledescription=\"carousel\" aria-label=\"Slides\">\n\t\t\t\t<div class=\"swiper-wrapper\">\n\t\t\t\t\t\t\t\t\t\t\t<div class=\"swiper-slide\" role=\"group\" aria-roledescription=\"slide\">\n\t\t\t\t\t\t\t\t\t<div class=\"elementor-carousel-image\" role=\"img\" aria-label=\"Cetina1-marunusa\" style=\"background-image: url(&#039;https:\/\/marunusa.hr\/wp-content\/uploads\/2021\/11\/Cetina1-marunusa.jpg&#039;)\">\n\n\t\t\t\n\t\t\t\t\t<\/div>\n\t\t\t\t\t\t\t\t<\/div>\n\t\t\t\t\t\t\t\t\t\t\t<div class=\"swiper-slide\" role=\"group\" aria-roledescription=\"slide\">\n\t\t\t\t\t\t\t\t\t<div class=\"elementor-carousel-image\" role=\"img\" aria-label=\"Cetina2-marunusa\" style=\"background-image: url(&#039;https:\/\/marunusa.hr\/wp-content\/uploads\/2021\/11\/Cetina2-marunusa.jpg&#039;)\">\n\n\t\t\t\n\t\t\t\t\t<\/div>\n\t\t\t\t\t\t\t\t<\/div>\n\t\t\t\t\t\t\t\t\t\t\t<div class=\"swiper-slide\" role=\"group\" aria-roledescription=\"slide\">\n\t\t\t\t\t\t\t\t\t<div class=\"elementor-carousel-image\" role=\"img\" aria-label=\"DCIM100GOPROG0223936.JPG\" style=\"background-image: url(&#039;https:\/\/marunusa.hr\/wp-content\/uploads\/2021\/11\/Cetina3-copy-marunnusa-scaled.jpg&#039;)\">\n\n\t\t\t\n\t\t\t\t\t<\/div>\n\t\t\t\t\t\t\t\t<\/div>\n\t\t\t\t\t\t\t\t\t<\/div>\n\t\t\t\t\t\t\t\t\t\t\t\t\t\t\t<div class=\"elementor-swiper-button elementor-swiper-button-prev\" role=\"button\" tabindex=\"0\" aria-label=\"Previous\">\n\t\t\t\t\t\t\t<i aria-hidden=\"true\" class=\"eicon-chevron-left\"><\/i>\t\t\t\t\t\t<\/div>\n\t\t\t\t\t\t<div class=\"elementor-swiper-button elementor-swiper-button-next\" role=\"button\" tabindex=\"0\" aria-label=\"Next\">\n\t\t\t\t\t\t\t<i aria-hidden=\"true\" class=\"eicon-chevron-right\"><\/i>\t\t\t\t\t\t<\/div>\n\t\t\t\t\t\t\t\t\t\t\t\t\t\t\t\t<div class=\"swiper-pagination\"><\/div>\n\t\t\t\t\t\t\t\t\t\t\t\t<\/div>\n\t\t\t\t<\/div>\n\t\t\t\t\t\t\t\t<\/div>\n\t\t\t\t<\/div>\n\t\t\t\t\t<\/div>\n\t\t<\/div>\n\t\t\t\t\t<\/div>\n\t\t<\/section>\n\t\t\t\t<section class=\"elementor-section elementor-top-section elementor-element elementor-element-4a1afd0 elementor-section-boxed elementor-section-height-default elementor-section-height-default\" data-id=\"4a1afd0\" data-element_type=\"section\">\n\t\t\t\t\t\t<div class=\"elementor-container elementor-column-gap-default\">\n\t\t\t\t\t<div class=\"elementor-column elementor-col-50 elementor-top-column elementor-element elementor-element-502ab0d\" data-id=\"502ab0d\" data-element_type=\"column\">\n\t\t\t<div class=\"elementor-widget-wrap elementor-element-populated\">\n\t\t\t\t\t\t<div class=\"elementor-element elementor-element-2ec6a86 elementor-widget elementor-widget-text-editor\" data-id=\"2ec6a86\" data-element_type=\"widget\" data-widget_type=\"text-editor.default\">\n\t\t\t\t<div class=\"elementor-widget-container\">\n\t\t\t\t\t\t\t\t\t<p style=\"text-align: justify;\">Vodimo vas na avanturu u prekrasnoj prirodi okolice Knina. To\u010dka susreta je Trg Ante Star\u010devi\u0107a u Kninu odakle terenskim vozilom kre\u0107emo prema izvoru rijeke Krke i slapu Kr\u010di\u0107. Po dolasku slijedi kratka stanka za fotografiranje i u\u017eivanje u prirodnim ljepotama.<\/p><p style=\"text-align: justify;\">Nakon pauze kre\u0107emo dalje Napoleonovom cestom i pratimo tok rijeke Kr\u010di\u0107. Budu\u0107i da rijeka Kr\u010di\u0107 ljeti presu\u0161i, ovisno o sezoni u\u017eivati \u0107emo u pogledu na slapove Kr\u010di\u0107a ili \u0161etati koritom rijeke.<\/p><p style=\"text-align: justify;\">Zatim \u0107emo u Suhopolju kod Kijeva u\u017eivati u pogledu na Dinaru, najvi\u0161u planinu u Hrvatskoj. Nastavak ture makadamskom cestom do ponora dubokog 115 metara, najljep\u0161eg oka Dalmacije \u2013 izvora Cetine. Imati \u0107ete slobodno vrijeme za fotografiranje i u\u017eivanje u ljepotama izvora. Nakon pauze slijedi povratak u Knin. Tura je duga oko 60km.<\/p><p style=\"text-align: justify;\">Tura je dostupna s opcijom provjere raspolo\u017eivosti, \u0161to zna\u010di da odaberete datum, broj ljudi i po\u0161aljete upit. U najkra\u0107em mogu\u0107em roku odgovoriti \u0107emo vam je li mogu\u0107e pru\u017eiti uslugu u tra\u017eenom terminu.<\/p><p style=\"text-align: justify;\">Za ostala pitanja obratite nam se na <a href=\"mailto:info@marunusa.hr\"><span style=\"color: #008000;\">info@marunusa.hr<\/span><\/a><\/p>\t\t\t\t\t\t\t\t<\/div>\n\t\t\t\t<\/div>\n\t\t\t\t<div class=\"elementor-element elementor-element-c488337 elementor-widget elementor-widget-shortcode\" data-id=\"c488337\" data-element_type=\"widget\" data-widget_type=\"shortcode.default\">\n\t\t\t\t<div class=\"elementor-widget-container\">\n\t\t\t\t\t\t\t<div class=\"elementor-shortcode\">\n \n<div style=\"display: flex\">\n\n<iframe id=\"iFrameResizer1\"\nsrc=\"https:\/\/booking.ez-booker.com\/tour_details?site_id=9cf8ab11fb56aaef9972f18a3283800b&service_id=925&lang=hr&adults=2.\"\nstyle=\"border:none;width:1280px;height:1024px\"><\/iframe>\n\n<\/div>\n\n<script src=\"https:\/\/app.ez-booker.com\/secure\/js\/iframeResizer.js\"><\/script>\n\n<script>\niFrameResize();\n<\/script> \n<\/div>\n\t\t\t\t\t\t<\/div>\n\t\t\t\t<\/div>\n\t\t\t\t\t<\/div>\n\t\t<\/div>\n\t\t\t\t<div class=\"elementor-column elementor-col-50 elementor-top-column elementor-element elementor-element-b0f916b\" data-id=\"b0f916b\" data-element_type=\"column\" data-settings=\"{&quot;background_background&quot;:&quot;classic&quot;}\">\n\t\t\t<div class=\"elementor-widget-wrap elementor-element-populated\">\n\t\t\t\t\t<div class=\"elementor-background-overlay\"><\/div>\n\t\t\t\t\t\t<div class=\"elementor-element elementor-element-566ba44 elementor-widget elementor-widget-text-editor\" data-id=\"566ba44\" data-element_type=\"widget\" data-widget_type=\"text-editor.default\">\n\t\t\t\t<div class=\"elementor-widget-container\">\n\t\t\t\t\t\t\t\t\t<p style=\"text-align: justify;\"><strong>Vozilo<\/strong>: Nissan Terrano 2014.<br \/><strong>Dostupnost<\/strong>: tokom cijele godine<br \/><strong>Minimalan broj ljudi<\/strong>: 2<br \/><strong>Maksimalan broj ljudi<\/strong>: 6<br \/><strong>Trajanje<\/strong>: 3h<br \/><strong>Zahtjevnost<\/strong>: lagano, nije fizi\u010dki zahtjevno<br \/><strong>Fizi\u010dki uvjeti<\/strong>: nije preporu\u010dljivo za trudnice i osobe koje imaju problema s le\u0111ima<br \/><strong>Preporu\u010dena dob<\/strong>: djeca od 6 godina i stariji<br \/><strong>\u0160to ponijeti<\/strong>: sportsku obu\u0107u ili obu\u0107u za planinarenje, hranu, pi\u0107e, za\u0161titu od sunca, za\u0161titu od ki\u0161e, fotoaparat, mobitel<br \/><strong>Uklju\u010deno u cijenu<\/strong>: vozilo, gorivo, voza\u010d, osiguranje<br \/><strong>Nije uklju\u010deno u cijenu<\/strong>: hrana, pi\u0107e, napojnice<\/p><p style=\"text-align: left;\"><strong>Dodaci i doplate<\/strong>: GoPro HERO9 Black, zamjenska baterija<\/p>\t\t\t\t\t\t\t\t<\/div>\n\t\t\t\t<\/div>\n\t\t\t\t\t<\/div>\n\t\t<\/div>\n\t\t\t\t\t<\/div>\n\t\t<\/section>\n\t\t\t\t<\/div>\n\t\t","protected":false},"excerpt":{"rendered":"<p>Previous Next Vodimo vas na avanturu u prekrasnoj prirodi okolice Knina. To\u010dka susreta je Trg Ante Star\u010devi\u0107a u Kninu odakle terenskim vozilom kre\u0107emo prema izvoru rijeke Krke i slapu Kr\u010di\u0107. Po dolasku slijedi kratka stanka za fotografiranje i u\u017eivanje u prirodnim ljepotama. Nakon pauze kre\u0107emo dalje Napoleonovom cestom i pratimo tok rijeke Kr\u010di\u0107. Budu\u0107i da [&hellip;]<\/p>\n","protected":false},"author":1,"featured_media":0,"parent":3168,"menu_order":2,"comment_status":"closed","ping_status":"closed","template":"elementor_header_footer","meta":{"footnotes":""},"class_list":["post-3904","page","type-page","status-publish","hentry"],"yoast_head":"<!-- This site is optimized with the Yoast SEO plugin v27.4 - https:\/\/yoast.com\/product\/yoast-seo-wordpress\/ -->\n<title>Cetina Jeep Safari - marunusa.hr<\/title>\n<meta name=\"robots\" content=\"index, follow, max-snippet:-1, max-image-preview:large, max-video-preview:-1\" \/>\n<link rel=\"canonical\" href=\"https:\/\/marunusa.hr\/hr\/ture\/cetina-jeep-safari\/\" \/>\n<meta property=\"og:locale\" content=\"hr_HR\" \/>\n<meta property=\"og:type\" content=\"article\" \/>\n<meta property=\"og:title\" content=\"Cetina Jeep Safari - marunusa.hr\" \/>\n<meta property=\"og:description\" content=\"Previous Next Vodimo vas na avanturu u prekrasnoj prirodi okolice Knina. To\u010dka susreta je Trg Ante Star\u010devi\u0107a u Kninu odakle terenskim vozilom kre\u0107emo prema izvoru rijeke Krke i slapu Kr\u010di\u0107. Po dolasku slijedi kratka stanka za fotografiranje i u\u017eivanje u prirodnim ljepotama. Nakon pauze kre\u0107emo dalje Napoleonovom cestom i pratimo tok rijeke Kr\u010di\u0107. Budu\u0107i da [&hellip;]\" \/>\n<meta property=\"og:url\" content=\"https:\/\/marunusa.hr\/hr\/ture\/cetina-jeep-safari\/\" \/>\n<meta property=\"og:site_name\" content=\"marunusa.hr\" \/>\n<meta property=\"article:modified_time\" content=\"2022-11-11T12:21:45+00:00\" \/>\n<meta name=\"twitter:card\" content=\"summary_large_image\" \/>\n<meta name=\"twitter:label1\" content=\"Procijenjeno vrijeme \u010ditanja\" \/>\n\t<meta name=\"twitter:data1\" content=\"2 minute\" \/>\n<script type=\"application\/ld+json\" class=\"yoast-schema-graph\">{\"@context\":\"https:\\\/\\\/schema.org\",\"@graph\":[{\"@type\":\"WebPage\",\"@id\":\"https:\\\/\\\/marunusa.hr\\\/ture\\\/cetina-jeep-safari\\\/\",\"url\":\"https:\\\/\\\/marunusa.hr\\\/ture\\\/cetina-jeep-safari\\\/\",\"name\":\"Cetina Jeep Safari - marunusa.hr\",\"isPartOf\":{\"@id\":\"https:\\\/\\\/marunusa.hr\\\/#website\"},\"datePublished\":\"2021-08-23T08:22:40+00:00\",\"dateModified\":\"2022-11-11T12:21:45+00:00\",\"breadcrumb\":{\"@id\":\"https:\\\/\\\/marunusa.hr\\\/ture\\\/cetina-jeep-safari\\\/#breadcrumb\"},\"inLanguage\":\"hr\",\"potentialAction\":[{\"@type\":\"ReadAction\",\"target\":[\"https:\\\/\\\/marunusa.hr\\\/ture\\\/cetina-jeep-safari\\\/\"]}]},{\"@type\":\"BreadcrumbList\",\"@id\":\"https:\\\/\\\/marunusa.hr\\\/ture\\\/cetina-jeep-safari\\\/#breadcrumb\",\"itemListElement\":[{\"@type\":\"ListItem\",\"position\":1,\"name\":\"Home\",\"item\":\"https:\\\/\\\/marunusa.hr\\\/hr\\\/\"},{\"@type\":\"ListItem\",\"position\":2,\"name\":\"Ture\",\"item\":\"https:\\\/\\\/marunusa.hr\\\/ture\\\/\"},{\"@type\":\"ListItem\",\"position\":3,\"name\":\"Cetina Jeep Safari\"}]},{\"@type\":\"WebSite\",\"@id\":\"https:\\\/\\\/marunusa.hr\\\/#website\",\"url\":\"https:\\\/\\\/marunusa.hr\\\/\",\"name\":\"marunusa.hr\",\"description\":\"turisti\u010dka agencija\",\"potentialAction\":[{\"@type\":\"SearchAction\",\"target\":{\"@type\":\"EntryPoint\",\"urlTemplate\":\"https:\\\/\\\/marunusa.hr\\\/?s={search_term_string}\"},\"query-input\":{\"@type\":\"PropertyValueSpecification\",\"valueRequired\":true,\"valueName\":\"search_term_string\"}}],\"inLanguage\":\"hr\"}]}<\/script>\n<!-- \/ Yoast SEO plugin. -->","yoast_head_json":{"title":"Cetina Jeep Safari - marunusa.hr","robots":{"index":"index","follow":"follow","max-snippet":"max-snippet:-1","max-image-preview":"max-image-preview:large","max-video-preview":"max-video-preview:-1"},"canonical":"https:\/\/marunusa.hr\/hr\/ture\/cetina-jeep-safari\/","og_locale":"hr_HR","og_type":"article","og_title":"Cetina Jeep Safari - marunusa.hr","og_description":"Previous Next Vodimo vas na avanturu u prekrasnoj prirodi okolice Knina. To\u010dka susreta je Trg Ante Star\u010devi\u0107a u Kninu odakle terenskim vozilom kre\u0107emo prema izvoru rijeke Krke i slapu Kr\u010di\u0107. Po dolasku slijedi kratka stanka za fotografiranje i u\u017eivanje u prirodnim ljepotama. Nakon pauze kre\u0107emo dalje Napoleonovom cestom i pratimo tok rijeke Kr\u010di\u0107. Budu\u0107i da [&hellip;]","og_url":"https:\/\/marunusa.hr\/hr\/ture\/cetina-jeep-safari\/","og_site_name":"marunusa.hr","article_modified_time":"2022-11-11T12:21:45+00:00","twitter_card":"summary_large_image","twitter_misc":{"Procijenjeno vrijeme \u010ditanja":"2 minute"},"schema":{"@context":"https:\/\/schema.org","@graph":[{"@type":"WebPage","@id":"https:\/\/marunusa.hr\/ture\/cetina-jeep-safari\/","url":"https:\/\/marunusa.hr\/ture\/cetina-jeep-safari\/","name":"Cetina Jeep Safari - marunusa.hr","isPartOf":{"@id":"https:\/\/marunusa.hr\/#website"},"datePublished":"2021-08-23T08:22:40+00:00","dateModified":"2022-11-11T12:21:45+00:00","breadcrumb":{"@id":"https:\/\/marunusa.hr\/ture\/cetina-jeep-safari\/#breadcrumb"},"inLanguage":"hr","potentialAction":[{"@type":"ReadAction","target":["https:\/\/marunusa.hr\/ture\/cetina-jeep-safari\/"]}]},{"@type":"BreadcrumbList","@id":"https:\/\/marunusa.hr\/ture\/cetina-jeep-safari\/#breadcrumb","itemListElement":[{"@type":"ListItem","position":1,"name":"Home","item":"https:\/\/marunusa.hr\/hr\/"},{"@type":"ListItem","position":2,"name":"Ture","item":"https:\/\/marunusa.hr\/ture\/"},{"@type":"ListItem","position":3,"name":"Cetina Jeep Safari"}]},{"@type":"WebSite","@id":"https:\/\/marunusa.hr\/#website","url":"https:\/\/marunusa.hr\/","name":"marunusa.hr","description":"turisti\u010dka agencija","potentialAction":[{"@type":"SearchAction","target":{"@type":"EntryPoint","urlTemplate":"https:\/\/marunusa.hr\/?s={search_term_string}"},"query-input":{"@type":"PropertyValueSpecification","valueRequired":true,"valueName":"search_term_string"}}],"inLanguage":"hr"}]}},"_links":{"self":[{"href":"https:\/\/marunusa.hr\/hr\/wp-json\/wp\/v2\/pages\/3904","targetHints":{"allow":["GET"]}}],"collection":[{"href":"https:\/\/marunusa.hr\/hr\/wp-json\/wp\/v2\/pages"}],"about":[{"href":"https:\/\/marunusa.hr\/hr\/wp-json\/wp\/v2\/types\/page"}],"author":[{"embeddable":true,"href":"https:\/\/marunusa.hr\/hr\/wp-json\/wp\/v2\/users\/1"}],"replies":[{"embeddable":true,"href":"https:\/\/marunusa.hr\/hr\/wp-json\/wp\/v2\/comments?post=3904"}],"version-history":[{"count":124,"href":"https:\/\/marunusa.hr\/hr\/wp-json\/wp\/v2\/pages\/3904\/revisions"}],"predecessor-version":[{"id":5941,"href":"https:\/\/marunusa.hr\/hr\/wp-json\/wp\/v2\/pages\/3904\/revisions\/5941"}],"up":[{"embeddable":true,"href":"https:\/\/marunusa.hr\/hr\/wp-json\/wp\/v2\/pages\/3168"}],"wp:attachment":[{"href":"https:\/\/marunusa.hr\/hr\/wp-json\/wp\/v2\/media?parent=3904"}],"curies":[{"name":"wp","href":"https:\/\/api.w.org\/{rel}","templated":true}]}}