{"id":3164,"date":"2021-08-04T15:07:11","date_gmt":"2021-08-04T14:07:11","guid":{"rendered":"https:\/\/marunusa.hr\/?page_id=3164"},"modified":"2022-08-01T10:45:42","modified_gmt":"2022-08-01T09:45:42","slug":"grad-knin-i-okolica","status":"publish","type":"page","link":"https:\/\/marunusa.hr\/hr\/aranzmani\/grad-knin-i-okolica\/","title":{"rendered":"Dvodnevni izlet"},"content":{"rendered":"\t\t<div data-elementor-type=\"wp-page\" data-elementor-id=\"3164\" class=\"elementor elementor-3164\" data-elementor-post-type=\"page\">\n\t\t\t\t\t\t<section class=\"elementor-section elementor-top-section elementor-element elementor-element-cbd7031 elementor-section-boxed elementor-section-height-default elementor-section-height-default\" data-id=\"cbd7031\" data-element_type=\"section\" data-settings=\"{&quot;background_background&quot;:&quot;classic&quot;}\">\n\t\t\t\t\t\t<div class=\"elementor-container elementor-column-gap-default\">\n\t\t\t\t\t<div class=\"elementor-column elementor-col-100 elementor-top-column elementor-element elementor-element-f9b4685\" data-id=\"f9b4685\" data-element_type=\"column\" data-settings=\"{&quot;background_background&quot;:&quot;classic&quot;,&quot;background_motion_fx_motion_fx_scrolling&quot;:&quot;yes&quot;,&quot;background_motion_fx_translateY_effect&quot;:&quot;yes&quot;,&quot;background_motion_fx_translateY_speed&quot;:{&quot;unit&quot;:&quot;px&quot;,&quot;size&quot;:4,&quot;sizes&quot;:[]},&quot;background_motion_fx_translateY_affectedRange&quot;:{&quot;unit&quot;:&quot;%&quot;,&quot;size&quot;:&quot;&quot;,&quot;sizes&quot;:{&quot;start&quot;:0,&quot;end&quot;:100}},&quot;background_motion_fx_devices&quot;:[&quot;desktop&quot;,&quot;tablet&quot;,&quot;mobile&quot;]}\">\n\t\t\t<div class=\"elementor-widget-wrap elementor-element-populated\">\n\t\t\t\t\t\t<div class=\"elementor-element elementor-element-3810241 elementor-widget elementor-widget-spacer\" data-id=\"3810241\" data-element_type=\"widget\" data-widget_type=\"spacer.default\">\n\t\t\t\t<div class=\"elementor-widget-container\">\n\t\t\t\t\t\t\t<div class=\"elementor-spacer\">\n\t\t\t<div class=\"elementor-spacer-inner\"><\/div>\n\t\t<\/div>\n\t\t\t\t\t\t<\/div>\n\t\t\t\t<\/div>\n\t\t\t\t\t<\/div>\n\t\t<\/div>\n\t\t\t\t\t<\/div>\n\t\t<\/section>\n\t\t\t\t<section class=\"elementor-section elementor-top-section elementor-element elementor-element-fe3ff98 elementor-section-boxed elementor-section-height-default elementor-section-height-default\" data-id=\"fe3ff98\" data-element_type=\"section\">\n\t\t\t\t\t\t<div class=\"elementor-container elementor-column-gap-default\">\n\t\t\t\t\t<div class=\"elementor-column elementor-col-50 elementor-top-column elementor-element elementor-element-218577b\" data-id=\"218577b\" data-element_type=\"column\" data-settings=\"{&quot;background_background&quot;:&quot;gradient&quot;}\">\n\t\t\t<div class=\"elementor-widget-wrap elementor-element-populated\">\n\t\t\t\t\t\t<div class=\"elementor-element elementor-element-5243930 elementor-widget elementor-widget-text-editor\" data-id=\"5243930\" data-element_type=\"widget\" data-widget_type=\"text-editor.default\">\n\t\t\t\t<div class=\"elementor-widget-container\">\n\t\t\t\t\t\t\t\t\t<div dir=\"auto\" style=\"text-align: justify;\">Otkrijte novu razinu do\u017eivljaja uz dvodnevni izlet koji uklju\u010duje posjet najva\u017enijim turisti\u010dkim atrakcijama grada Knina i okolice. Izlet se odvija prema slijede\u0107em itineraru:<\/div><div dir=\"auto\" style=\"text-align: justify;\">\u00a0<\/div><div dir=\"auto\" style=\"text-align: justify;\"><strong>1.dan<\/strong><\/div><div dir=\"auto\" style=\"text-align: justify;\"><strong>9:00 \u2013 10:00<\/strong><\/div><div dir=\"auto\" style=\"text-align: justify;\">Okupljanje grupe u Ekolo\u0161ko \u2013 informativnom centru na Krki, jutarnja kava i predstavljanje dnevnog programa. Razgledavanje zbirke starina i predmeta prona\u0111enih u Krki.<\/div><div dir=\"auto\" style=\"text-align: justify;\">\u00a0<\/div><div dir=\"auto\" style=\"text-align: justify;\"><strong>10:00 \u2013 11:00<\/strong><\/div><div dir=\"auto\" style=\"text-align: justify;\">Obilazak izvora rijeke Krke i slapa Kr\u010di\u0107. Ovo je jedinstvena prirodna pojava jer slapom Kr\u010di\u0107 zavr\u0161ava rijeka Kr\u010di\u0107 te se ulijeva u izvor druge rijeke, rijeke Krke. Prilazak slapu i izvoru te razgledavanje s vidikovca.<\/div><div dir=\"auto\" style=\"text-align: justify;\">\u00a0<\/div><div dir=\"auto\" style=\"text-align: justify;\"><strong>11:00 \u2013 13:00<\/strong><\/div><div dir=\"auto\" style=\"text-align: justify;\">Posjet jednom od naj\u010darobnijih mjesta u Hrvatskoj \u2013 izvoru Cetine, poznatom i kao najljep\u0161em oku Dalmacije. Oblik i boje koje se prelijevaju kroz kristalno \u010distu vodu, posebice gledano iz pti\u010dje perspektive, donijeli su mu veliku popularnost. Na izvoru je temperatura vode uvijek oko 8 stupnjeva pa se ovdje osvje\u017eavaju samo najhrabriji. Nedaleko od vrela nalazi se najstarija starohrvatska crkva u Hrvatskoj \u2013 predromani\u010dka crkva Sv. Spasa sagra\u0111ena u 9. stolje\u0107u \u0161to cijelom lokalitetu daje jo\u0161 sadr\u017eaja za istra\u017eivanje.<\/div><div dir=\"auto\" style=\"text-align: justify;\">\u00a0<\/div><div dir=\"auto\" style=\"text-align: justify;\"><strong>13:00 \u2013 16:30<\/strong><\/div><div dir=\"auto\" style=\"text-align: justify;\">Povratak u Ekolo\u0161ko \u2013 informativni centar na ru\u010dak i kratak odmor. Obilazak kninske tvr\u0111ave, najve\u0107e mleta\u010dke nerezidencijalne tvr\u0111ave u Hrvatskoj. Najstariji dijelovi tvr\u0111ave potje\u010du iz 9. stolje\u0107a, a kona\u010dan oblik dobila je po\u010detkom 18. stolje\u0107a. Zbog bogate povijesti i atraktivnog izgleda, danas je najja\u010di turisti\u010dki adut grada Knina.<\/div><div dir=\"auto\" style=\"text-align: justify;\">\u00a0<\/div><div dir=\"auto\" style=\"text-align: justify;\"><strong>16:30 \u2013 18:00<\/strong><\/div><div dir=\"auto\" style=\"text-align: justify;\">Obilazak 8ha velikog nasada badema i 6,5ha velikog vinograda sa 30 tisu\u0107a trsova loze autohtonih i stranih sorti. Poja\u0161njavanje procesa proizvodnje, brige o imanju, sadnje itd. Nastavak obilaska vinarije Burnum i degustacija vina s ekolo\u0161kim certifikatima sa tradicionalnim delicijama na\u0161eg kraja (pr\u0161ut, panceta, sir).<\/div><div dir=\"auto\" style=\"text-align: justify;\">\u00a0<\/div><div dir=\"auto\" style=\"text-align: justify;\"><strong>18:00 \u2013 20:00<\/strong><\/div><div dir=\"auto\" style=\"text-align: justify;\">Smje\u0161taj u smje\u0161tajne kapacitete i slobodno vrijeme. No\u0107enje.<\/div><div dir=\"auto\">\u00a0<\/div><div dir=\"auto\" style=\"text-align: justify;\"><strong>2. dan<\/strong><\/div><div dir=\"auto\" style=\"text-align: justify;\"><strong>8:00 \u2013 10:00<\/strong><\/div><div dir=\"auto\" style=\"text-align: justify;\">Bu\u0111enje i doru\u010dak. Slobodno vrijeme.<\/div><div dir=\"auto\" style=\"text-align: justify;\">\u00a0<\/div><div dir=\"auto\" style=\"text-align: justify;\"><strong>10:00 \u2013 11:00<\/strong><\/div><div dir=\"auto\" style=\"text-align: justify;\">Obilazak ran\u010da konja udruge Grabarije. Udruga prvenstveno pru\u017ea uslugu terapijskog jahanja, a organizira i \u0161kolu jahanja te rekreativno i turisti\u010dko jahanje. Upoznati \u0107ete se s radom udruge, konji \u0107e se slobodno kretati oko vas, a imati \u0107ete prilike za dru\u017eenje i fotografiranje s njima.<\/div><div dir=\"auto\" style=\"text-align: justify;\">\u00a0<\/div><div dir=\"auto\" style=\"text-align: justify;\"><strong>11:00 \u2013 12:00<\/strong><\/div><div dir=\"auto\" style=\"text-align: justify;\">Posjet OPG-u Marko\u0161 u selu Pa\u0111ene kraj Knina. Do\u010dekati \u0107e vas obitelj Marko\u0161, proizvo\u0111a\u010di kravljeg sira na dobrom glasu u cijelom kninskom kraju. Provesti \u0107e vas obiteljskim imanjem, pokazati vam farmu i objasniti proces proizvodnje od pa\u0161njaka do gotovog proizvoda. U novoizgra\u0111enoj ku\u0161aonici degustirati \u0107ete 4 vrste sira: svje\u017ei kravlji sir \u2013 basu, mladi kravlji sir, polutvrdi kravlji sir i sir iz mje\u0161ine.<\/div><div dir=\"auto\" style=\"text-align: justify;\">\u00a0<\/div><div dir=\"auto\" style=\"text-align: justify;\"><strong>12:00 \u2013 14:00<\/strong><\/div><div dir=\"auto\" style=\"text-align: justify;\">Slijedi povratak u Ekolo\u0161ko \u2013 informativni centar na ru\u010dak i degustaciju kninskog craft piva (Kraljevsko pivo). Degustirati \u0107ete dvije vrste piva \u2013 pilsner i ale.<\/div><div dir=\"auto\" style=\"text-align: left;\">\u00a0<\/div><div dir=\"auto\" style=\"text-align: left;\"><strong>14:00 \u2013 16:00<\/strong><\/div><div dir=\"auto\" style=\"text-align: justify;\">Obilazak OPG-a Borovi\u0107 koji obuhva\u0107a obilazak planta\u017ee smilja, farme magaraca te obilazak laboratorija za proizvodnju prirodne kozmetike. Mogu\u0107nost kupnje prirodne kozmetike uz 10% popusta na licu mjesta. Kraj programa i povratak.<\/div><div dir=\"auto\" style=\"text-align: justify;\">\u00a0<\/div><div dir=\"auto\" style=\"text-align: justify;\">\u00a0<\/div><div dir=\"auto\" style=\"text-align: justify;\">Cijenu izleta formiramo na upit. U upitu nazna\u010dite mjesto polaska i povratka, broj ljudi i \u017eeljeni termin putovanja. Za sva dodatna pitanja obratite nam se na\u00a0<a href=\"mailto:info@marunusa.hr\">i<span style=\"color: #008000;\">nfo@marunusa.hr<\/span><\/a><\/div>\t\t\t\t\t\t\t\t<\/div>\n\t\t\t\t<\/div>\n\t\t\t\t\t<\/div>\n\t\t<\/div>\n\t\t\t\t<div class=\"elementor-column elementor-col-50 elementor-top-column elementor-element elementor-element-56d8eb4\" data-id=\"56d8eb4\" data-element_type=\"column\" data-settings=\"{&quot;background_background&quot;:&quot;classic&quot;}\">\n\t\t\t<div class=\"elementor-widget-wrap elementor-element-populated\">\n\t\t\t\t\t<div class=\"elementor-background-overlay\"><\/div>\n\t\t\t\t\t\t<div class=\"elementor-element elementor-element-ec64a0d elementor-widget elementor-widget-text-editor\" data-id=\"ec64a0d\" data-element_type=\"widget\" data-widget_type=\"text-editor.default\">\n\t\t\t\t<div class=\"elementor-widget-container\">\n\t\t\t\t\t\t\t\t\t<p><strong>Dostupnost<\/strong>: tokom cijele godine<br \/><strong>Trajanje<\/strong>: 2 dana<br \/><strong>Zahtjevnost<\/strong>: lagano, nije fiz\u010dki zahtjevno<br \/><strong>\u0160to ponijeti<\/strong>: ugodnu obu\u0107u za hodanje, za\u0161titu od sunca \/ za\u0161titu od ki\u0161e, mobitel, fotoaparat<br \/><strong>Uklju\u010deno u cijenu<\/strong>: prijevoz turisti\u010dkim autobusom, razgledavanje zbirke starina i predmeta prona\u0111enih u Krki, obilazak slapa Kr\u010di\u0107 i izvora rijeke Krke, obilazak izvora Cetine i crkve Sv. Spasa, ru\u010dak, ulaznicu i obilazak kninske tvr\u0111ave, obilazak vinograda, nasada badema i vinarije Burnum, degustaciju 3 vrste vina s ekolo\u0161kim certifikatom, zakusku uz degustaciju vina, no\u0107enje s doru\u010dkom, obilazak ran\u010da konja, obilazak farme OPG-a Marko\u0161 i degustaciju 4 vrste sira, ru\u010dak i degustaciju dvije vrste craft piva, obilazak planta\u017ee smilja, farme magaraca i laboratorija OPG-a Borovi\u0107, licenciranog turisti\u010dkog vodi\u010da, organizaciju izleta.<br \/><strong>Nije uklju\u010deno u cijenu<\/strong>: putno osiguranje, fakultativne usluge, osobni tro\u0161kovi, napojnice<br \/><strong>Ostalo:<\/strong>\u00a0na fakultativne usluge najma bicikla i najma kajaka odobravamo popust od 30%<\/p><p>Putno osiguranje mo\u017eete ugovoriti na:\u00a0<a href=\"https:\/\/www.uniqa.hr\/shop\/putno-osiguranje\/314\">www.uniqa.hr<\/a><\/p>\t\t\t\t\t\t\t\t<\/div>\n\t\t\t\t<\/div>\n\t\t\t\t\t<\/div>\n\t\t<\/div>\n\t\t\t\t\t<\/div>\n\t\t<\/section>\n\t\t\t\t<\/div>\n\t\t","protected":false},"excerpt":{"rendered":"<p>Otkrijte novu razinu do\u017eivljaja uz dvodnevni izlet koji uklju\u010duje posjet najva\u017enijim turisti\u010dkim atrakcijama grada Knina i okolice. Izlet se odvija prema slijede\u0107em itineraru:\u00a01.dan9:00 \u2013 10:00Okupljanje grupe u Ekolo\u0161ko \u2013 informativnom centru na Krki, jutarnja kava i predstavljanje dnevnog programa. Razgledavanje zbirke starina i predmeta prona\u0111enih u Krki.\u00a010:00 \u2013 11:00Obilazak izvora rijeke Krke i slapa Kr\u010di\u0107. [&hellip;]<\/p>\n","protected":false},"author":1,"featured_media":0,"parent":767,"menu_order":2,"comment_status":"closed","ping_status":"closed","template":"elementor_header_footer","meta":{"footnotes":""},"class_list":["post-3164","page","type-page","status-publish","hentry"],"yoast_head":"<!-- This site is optimized with the Yoast SEO plugin v27.5 - https:\/\/yoast.com\/product\/yoast-seo-wordpress\/ -->\n<title>Dvodnevni izlet - marunusa.hr<\/title>\n<meta name=\"robots\" content=\"index, follow, max-snippet:-1, max-image-preview:large, max-video-preview:-1\" \/>\n<link rel=\"canonical\" href=\"https:\/\/marunusa.hr\/hr\/aranzmani\/grad-knin-i-okolica\/\" \/>\n<meta property=\"og:locale\" content=\"hr_HR\" \/>\n<meta property=\"og:type\" content=\"article\" \/>\n<meta property=\"og:title\" content=\"Dvodnevni izlet - marunusa.hr\" \/>\n<meta property=\"og:description\" content=\"Otkrijte novu razinu do\u017eivljaja uz dvodnevni izlet koji uklju\u010duje posjet najva\u017enijim turisti\u010dkim atrakcijama grada Knina i okolice. Izlet se odvija prema slijede\u0107em itineraru:\u00a01.dan9:00 \u2013 10:00Okupljanje grupe u Ekolo\u0161ko \u2013 informativnom centru na Krki, jutarnja kava i predstavljanje dnevnog programa. Razgledavanje zbirke starina i predmeta prona\u0111enih u Krki.\u00a010:00 \u2013 11:00Obilazak izvora rijeke Krke i slapa Kr\u010di\u0107. [&hellip;]\" \/>\n<meta property=\"og:url\" content=\"https:\/\/marunusa.hr\/hr\/aranzmani\/grad-knin-i-okolica\/\" \/>\n<meta property=\"og:site_name\" content=\"marunusa.hr\" \/>\n<meta property=\"article:modified_time\" content=\"2022-08-01T09:45:42+00:00\" \/>\n<meta name=\"twitter:card\" content=\"summary_large_image\" \/>\n<meta name=\"twitter:label1\" content=\"Procijenjeno vrijeme \u010ditanja\" \/>\n\t<meta name=\"twitter:data1\" content=\"4 minute\" \/>\n<script type=\"application\/ld+json\" class=\"yoast-schema-graph\">{\"@context\":\"https:\\\/\\\/schema.org\",\"@graph\":[{\"@type\":\"WebPage\",\"@id\":\"https:\\\/\\\/marunusa.hr\\\/aranzmani\\\/grad-knin-i-okolica\\\/\",\"url\":\"https:\\\/\\\/marunusa.hr\\\/aranzmani\\\/grad-knin-i-okolica\\\/\",\"name\":\"Dvodnevni izlet - marunusa.hr\",\"isPartOf\":{\"@id\":\"https:\\\/\\\/marunusa.hr\\\/#website\"},\"datePublished\":\"2021-08-04T14:07:11+00:00\",\"dateModified\":\"2022-08-01T09:45:42+00:00\",\"breadcrumb\":{\"@id\":\"https:\\\/\\\/marunusa.hr\\\/aranzmani\\\/grad-knin-i-okolica\\\/#breadcrumb\"},\"inLanguage\":\"hr\",\"potentialAction\":[{\"@type\":\"ReadAction\",\"target\":[\"https:\\\/\\\/marunusa.hr\\\/aranzmani\\\/grad-knin-i-okolica\\\/\"]}]},{\"@type\":\"BreadcrumbList\",\"@id\":\"https:\\\/\\\/marunusa.hr\\\/aranzmani\\\/grad-knin-i-okolica\\\/#breadcrumb\",\"itemListElement\":[{\"@type\":\"ListItem\",\"position\":1,\"name\":\"Home\",\"item\":\"https:\\\/\\\/marunusa.hr\\\/hr\\\/\"},{\"@type\":\"ListItem\",\"position\":2,\"name\":\"aran\u017emani\",\"item\":\"https:\\\/\\\/marunusa.hr\\\/aranzmani\\\/\"},{\"@type\":\"ListItem\",\"position\":3,\"name\":\"Dvodnevni izlet\"}]},{\"@type\":\"WebSite\",\"@id\":\"https:\\\/\\\/marunusa.hr\\\/#website\",\"url\":\"https:\\\/\\\/marunusa.hr\\\/\",\"name\":\"marunusa.hr\",\"description\":\"turisti\u010dka agencija\",\"potentialAction\":[{\"@type\":\"SearchAction\",\"target\":{\"@type\":\"EntryPoint\",\"urlTemplate\":\"https:\\\/\\\/marunusa.hr\\\/?s={search_term_string}\"},\"query-input\":{\"@type\":\"PropertyValueSpecification\",\"valueRequired\":true,\"valueName\":\"search_term_string\"}}],\"inLanguage\":\"hr\"}]}<\/script>\n<!-- \/ Yoast SEO plugin. -->","yoast_head_json":{"title":"Dvodnevni izlet - marunusa.hr","robots":{"index":"index","follow":"follow","max-snippet":"max-snippet:-1","max-image-preview":"max-image-preview:large","max-video-preview":"max-video-preview:-1"},"canonical":"https:\/\/marunusa.hr\/hr\/aranzmani\/grad-knin-i-okolica\/","og_locale":"hr_HR","og_type":"article","og_title":"Dvodnevni izlet - marunusa.hr","og_description":"Otkrijte novu razinu do\u017eivljaja uz dvodnevni izlet koji uklju\u010duje posjet najva\u017enijim turisti\u010dkim atrakcijama grada Knina i okolice. Izlet se odvija prema slijede\u0107em itineraru:\u00a01.dan9:00 \u2013 10:00Okupljanje grupe u Ekolo\u0161ko \u2013 informativnom centru na Krki, jutarnja kava i predstavljanje dnevnog programa. Razgledavanje zbirke starina i predmeta prona\u0111enih u Krki.\u00a010:00 \u2013 11:00Obilazak izvora rijeke Krke i slapa Kr\u010di\u0107. [&hellip;]","og_url":"https:\/\/marunusa.hr\/hr\/aranzmani\/grad-knin-i-okolica\/","og_site_name":"marunusa.hr","article_modified_time":"2022-08-01T09:45:42+00:00","twitter_card":"summary_large_image","twitter_misc":{"Procijenjeno vrijeme \u010ditanja":"4 minute"},"schema":{"@context":"https:\/\/schema.org","@graph":[{"@type":"WebPage","@id":"https:\/\/marunusa.hr\/aranzmani\/grad-knin-i-okolica\/","url":"https:\/\/marunusa.hr\/aranzmani\/grad-knin-i-okolica\/","name":"Dvodnevni izlet - marunusa.hr","isPartOf":{"@id":"https:\/\/marunusa.hr\/#website"},"datePublished":"2021-08-04T14:07:11+00:00","dateModified":"2022-08-01T09:45:42+00:00","breadcrumb":{"@id":"https:\/\/marunusa.hr\/aranzmani\/grad-knin-i-okolica\/#breadcrumb"},"inLanguage":"hr","potentialAction":[{"@type":"ReadAction","target":["https:\/\/marunusa.hr\/aranzmani\/grad-knin-i-okolica\/"]}]},{"@type":"BreadcrumbList","@id":"https:\/\/marunusa.hr\/aranzmani\/grad-knin-i-okolica\/#breadcrumb","itemListElement":[{"@type":"ListItem","position":1,"name":"Home","item":"https:\/\/marunusa.hr\/hr\/"},{"@type":"ListItem","position":2,"name":"aran\u017emani","item":"https:\/\/marunusa.hr\/aranzmani\/"},{"@type":"ListItem","position":3,"name":"Dvodnevni izlet"}]},{"@type":"WebSite","@id":"https:\/\/marunusa.hr\/#website","url":"https:\/\/marunusa.hr\/","name":"marunusa.hr","description":"turisti\u010dka agencija","potentialAction":[{"@type":"SearchAction","target":{"@type":"EntryPoint","urlTemplate":"https:\/\/marunusa.hr\/?s={search_term_string}"},"query-input":{"@type":"PropertyValueSpecification","valueRequired":true,"valueName":"search_term_string"}}],"inLanguage":"hr"}]}},"_links":{"self":[{"href":"https:\/\/marunusa.hr\/hr\/wp-json\/wp\/v2\/pages\/3164","targetHints":{"allow":["GET"]}}],"collection":[{"href":"https:\/\/marunusa.hr\/hr\/wp-json\/wp\/v2\/pages"}],"about":[{"href":"https:\/\/marunusa.hr\/hr\/wp-json\/wp\/v2\/types\/page"}],"author":[{"embeddable":true,"href":"https:\/\/marunusa.hr\/hr\/wp-json\/wp\/v2\/users\/1"}],"replies":[{"embeddable":true,"href":"https:\/\/marunusa.hr\/hr\/wp-json\/wp\/v2\/comments?post=3164"}],"version-history":[{"count":65,"href":"https:\/\/marunusa.hr\/hr\/wp-json\/wp\/v2\/pages\/3164\/revisions"}],"predecessor-version":[{"id":5752,"href":"https:\/\/marunusa.hr\/hr\/wp-json\/wp\/v2\/pages\/3164\/revisions\/5752"}],"up":[{"embeddable":true,"href":"https:\/\/marunusa.hr\/hr\/wp-json\/wp\/v2\/pages\/767"}],"wp:attachment":[{"href":"https:\/\/marunusa.hr\/hr\/wp-json\/wp\/v2\/media?parent=3164"}],"curies":[{"name":"wp","href":"https:\/\/api.w.org\/{rel}","templated":true}]}}