{"id":3162,"date":"2021-08-04T15:06:36","date_gmt":"2021-08-04T14:06:36","guid":{"rendered":"https:\/\/marunusa.hr\/?page_id=3162"},"modified":"2022-08-01T10:46:12","modified_gmt":"2022-08-01T09:46:12","slug":"sportska-avantura","status":"publish","type":"page","link":"https:\/\/marunusa.hr\/hr\/aranzmani\/sportska-avantura\/","title":{"rendered":"Jednodnevni izlet"},"content":{"rendered":"\t\t<div data-elementor-type=\"wp-page\" data-elementor-id=\"3162\" class=\"elementor elementor-3162\" data-elementor-post-type=\"page\">\n\t\t\t\t\t\t<section class=\"elementor-section elementor-top-section elementor-element elementor-element-94229a6 elementor-section-boxed elementor-section-height-default elementor-section-height-default\" data-id=\"94229a6\" data-element_type=\"section\" data-settings=\"{&quot;background_background&quot;:&quot;classic&quot;}\">\n\t\t\t\t\t\t<div class=\"elementor-container elementor-column-gap-default\">\n\t\t\t\t\t<div class=\"elementor-column elementor-col-100 elementor-top-column elementor-element elementor-element-fbdee46\" data-id=\"fbdee46\" data-element_type=\"column\" data-settings=\"{&quot;background_background&quot;:&quot;classic&quot;,&quot;background_motion_fx_motion_fx_scrolling&quot;:&quot;yes&quot;,&quot;background_motion_fx_translateY_effect&quot;:&quot;yes&quot;,&quot;background_motion_fx_translateY_speed&quot;:{&quot;unit&quot;:&quot;px&quot;,&quot;size&quot;:4,&quot;sizes&quot;:[]},&quot;background_motion_fx_translateY_affectedRange&quot;:{&quot;unit&quot;:&quot;%&quot;,&quot;size&quot;:&quot;&quot;,&quot;sizes&quot;:{&quot;start&quot;:0,&quot;end&quot;:100}},&quot;background_motion_fx_devices&quot;:[&quot;desktop&quot;,&quot;tablet&quot;,&quot;mobile&quot;]}\">\n\t\t\t<div class=\"elementor-widget-wrap elementor-element-populated\">\n\t\t\t\t\t\t<div class=\"elementor-element elementor-element-6e003e0 elementor-widget elementor-widget-spacer\" data-id=\"6e003e0\" data-element_type=\"widget\" data-widget_type=\"spacer.default\">\n\t\t\t\t<div class=\"elementor-widget-container\">\n\t\t\t\t\t\t\t<div class=\"elementor-spacer\">\n\t\t\t<div class=\"elementor-spacer-inner\"><\/div>\n\t\t<\/div>\n\t\t\t\t\t\t<\/div>\n\t\t\t\t<\/div>\n\t\t\t\t\t<\/div>\n\t\t<\/div>\n\t\t\t\t\t<\/div>\n\t\t<\/section>\n\t\t\t\t<section class=\"elementor-section elementor-top-section elementor-element elementor-element-5bdb0a0 elementor-section-boxed elementor-section-height-default elementor-section-height-default\" data-id=\"5bdb0a0\" data-element_type=\"section\">\n\t\t\t\t\t\t<div class=\"elementor-container elementor-column-gap-default\">\n\t\t\t\t\t<div class=\"elementor-column elementor-col-100 elementor-top-column elementor-element elementor-element-9e68c54\" data-id=\"9e68c54\" data-element_type=\"column\">\n\t\t\t<div class=\"elementor-widget-wrap elementor-element-populated\">\n\t\t\t\t\t\t<div class=\"elementor-element elementor-element-9762c2a elementor-skin-carousel elementor-arrows-yes elementor-pagination-type-bullets elementor-pagination-position-outside elementor-widget elementor-widget-media-carousel\" data-id=\"9762c2a\" data-element_type=\"widget\" data-settings=\"{&quot;slides_per_view_mobile&quot;:&quot;2&quot;,&quot;skin&quot;:&quot;carousel&quot;,&quot;effect&quot;:&quot;slide&quot;,&quot;show_arrows&quot;:&quot;yes&quot;,&quot;pagination&quot;:&quot;bullets&quot;,&quot;speed&quot;:500,&quot;autoplay&quot;:&quot;yes&quot;,&quot;autoplay_speed&quot;:5000,&quot;loop&quot;:&quot;yes&quot;,&quot;pause_on_hover&quot;:&quot;yes&quot;,&quot;pause_on_interaction&quot;:&quot;yes&quot;,&quot;space_between&quot;:{&quot;unit&quot;:&quot;px&quot;,&quot;size&quot;:10,&quot;sizes&quot;:[]},&quot;space_between_tablet&quot;:{&quot;unit&quot;:&quot;px&quot;,&quot;size&quot;:10,&quot;sizes&quot;:[]},&quot;space_between_mobile&quot;:{&quot;unit&quot;:&quot;px&quot;,&quot;size&quot;:10,&quot;sizes&quot;:[]}}\" data-widget_type=\"media-carousel.default\">\n\t\t\t\t<div class=\"elementor-widget-container\">\n\t\t\t\t\t\t\t\t\t<div class=\"elementor-swiper\">\n\t\t\t\t\t<div class=\"elementor-main-swiper swiper\" role=\"region\" aria-roledescription=\"carousel\" aria-label=\"Slides\">\n\t\t\t\t<div class=\"swiper-wrapper\">\n\t\t\t\t\t\t\t\t\t\t\t<div class=\"swiper-slide\" role=\"group\" aria-roledescription=\"slide\">\n\t\t\t\t\t\t\t\t\t<div class=\"elementor-carousel-image\" role=\"img\" aria-label=\"1-1200\" style=\"background-image: url(&#039;https:\/\/marunusa.hr\/wp-content\/uploads\/2021\/12\/1-1200.jpg&#039;)\">\n\n\t\t\t\n\t\t\t\t\t<\/div>\n\t\t\t\t\t\t\t\t<\/div>\n\t\t\t\t\t\t\t\t\t\t\t<div class=\"swiper-slide\" role=\"group\" aria-roledescription=\"slide\">\n\t\t\t\t\t\t\t\t\t<div class=\"elementor-carousel-image\" role=\"img\" aria-label=\"2-1200\" style=\"background-image: url(&#039;https:\/\/marunusa.hr\/wp-content\/uploads\/2021\/12\/2-1200.jpg&#039;)\">\n\n\t\t\t\n\t\t\t\t\t<\/div>\n\t\t\t\t\t\t\t\t<\/div>\n\t\t\t\t\t\t\t\t\t\t\t<div class=\"swiper-slide\" role=\"group\" aria-roledescription=\"slide\">\n\t\t\t\t\t\t\t\t\t<div class=\"elementor-carousel-image\" role=\"img\" aria-label=\"3-1200\" style=\"background-image: url(&#039;https:\/\/marunusa.hr\/wp-content\/uploads\/2021\/12\/3-1200.jpg&#039;)\">\n\n\t\t\t\n\t\t\t\t\t<\/div>\n\t\t\t\t\t\t\t\t<\/div>\n\t\t\t\t\t\t\t\t\t\t\t<div class=\"swiper-slide\" role=\"group\" aria-roledescription=\"slide\">\n\t\t\t\t\t\t\t\t\t<div class=\"elementor-carousel-image\" role=\"img\" aria-label=\"4--1200\" style=\"background-image: url(&#039;https:\/\/marunusa.hr\/wp-content\/uploads\/2021\/12\/4-1200.jpg&#039;)\">\n\n\t\t\t\n\t\t\t\t\t<\/div>\n\t\t\t\t\t\t\t\t<\/div>\n\t\t\t\t\t\t\t\t\t\t\t<div class=\"swiper-slide\" role=\"group\" aria-roledescription=\"slide\">\n\t\t\t\t\t\t\t\t\t<div class=\"elementor-carousel-image\" role=\"img\" aria-label=\"5-1200\" style=\"background-image: url(&#039;https:\/\/marunusa.hr\/wp-content\/uploads\/2021\/12\/5-1200.jpg&#039;)\">\n\n\t\t\t\n\t\t\t\t\t<\/div>\n\t\t\t\t\t\t\t\t<\/div>\n\t\t\t\t\t\t\t\t\t\t\t<div class=\"swiper-slide\" role=\"group\" aria-roledescription=\"slide\">\n\t\t\t\t\t\t\t\t\t<div class=\"elementor-carousel-image\" role=\"img\" aria-label=\"6-1200\" style=\"background-image: url(&#039;https:\/\/marunusa.hr\/wp-content\/uploads\/2021\/12\/6-1200.jpg&#039;)\">\n\n\t\t\t\n\t\t\t\t\t<\/div>\n\t\t\t\t\t\t\t\t<\/div>\n\t\t\t\t\t\t\t\t\t\t\t<div class=\"swiper-slide\" role=\"group\" aria-roledescription=\"slide\">\n\t\t\t\t\t\t\t\t\t<div class=\"elementor-carousel-image\" role=\"img\" aria-label=\"7-1200\" style=\"background-image: url(&#039;https:\/\/marunusa.hr\/wp-content\/uploads\/2021\/12\/7-1200.jpg&#039;)\">\n\n\t\t\t\n\t\t\t\t\t<\/div>\n\t\t\t\t\t\t\t\t<\/div>\n\t\t\t\t\t\t\t\t\t<\/div>\n\t\t\t\t\t\t\t\t\t\t\t\t\t\t\t<div class=\"elementor-swiper-button elementor-swiper-button-prev\" role=\"button\" tabindex=\"0\" aria-label=\"Previous\">\n\t\t\t\t\t\t\t<i aria-hidden=\"true\" class=\"eicon-chevron-left\"><\/i>\t\t\t\t\t\t<\/div>\n\t\t\t\t\t\t<div class=\"elementor-swiper-button elementor-swiper-button-next\" role=\"button\" tabindex=\"0\" aria-label=\"Next\">\n\t\t\t\t\t\t\t<i aria-hidden=\"true\" class=\"eicon-chevron-right\"><\/i>\t\t\t\t\t\t<\/div>\n\t\t\t\t\t\t\t\t\t\t\t\t\t\t\t\t<div class=\"swiper-pagination\"><\/div>\n\t\t\t\t\t\t\t\t\t\t\t\t<\/div>\n\t\t\t\t<\/div>\n\t\t\t\t\t\t\t\t<\/div>\n\t\t\t\t<\/div>\n\t\t\t\t\t<\/div>\n\t\t<\/div>\n\t\t\t\t\t<\/div>\n\t\t<\/section>\n\t\t\t\t<section class=\"elementor-section elementor-top-section elementor-element elementor-element-738ac64 elementor-section-boxed elementor-section-height-default elementor-section-height-default\" data-id=\"738ac64\" data-element_type=\"section\">\n\t\t\t\t\t\t<div class=\"elementor-container elementor-column-gap-default\">\n\t\t\t\t\t<div class=\"elementor-column elementor-col-50 elementor-top-column elementor-element elementor-element-73778a7\" data-id=\"73778a7\" data-element_type=\"column\">\n\t\t\t<div class=\"elementor-widget-wrap elementor-element-populated\">\n\t\t\t\t\t\t<div class=\"elementor-element elementor-element-3ced764 elementor-widget elementor-widget-text-editor\" data-id=\"3ced764\" data-element_type=\"widget\" data-widget_type=\"text-editor.default\">\n\t\t\t\t<div class=\"elementor-widget-container\">\n\t\t\t\t\t\t\t\t\t<div dir=\"auto\" style=\"text-align: justify;\"><p style=\"text-align: justify;\">Otkrijte novu razinu do\u017eivljaja uz izlet koji uklju\u010duje posjet najva\u017enijim turisti\u010dkim atrakcijama grada Knina &#8211; kninskoj tvr\u0111avi, modrozelenom izvoru rijeke Krke u koju se ulijeva 22 metra visok slap rijeke Kr\u010di\u0107 te obilazak 2 lokalne udruge. Izlet se odvija prema slijede\u0107em itineraru:<\/p><p style=\"text-align: left;\"><strong>9:00 &#8211; 9:45<\/strong><\/p><p style=\"text-align: left;\"><span style=\"text-align: justify;\">Okupljanje grupe na trgu Ante Star\u010devi\u0107a. Predstavljanje dnevnog programa, interpretacija spomenika &#8220;Oluja 95&#8221;, informacije o povijesti grada, tradiciji i prirodi. Polazak autobusom prema izvoru rijeke Krke i slapu Kr\u010di\u0107u.<\/span><\/p><\/div><p style=\"text-align: justify;\"><strong>10:00 &#8211; 11:00<\/strong><\/p><p style=\"text-align: justify;\">Posjet izvoru rijeke Krke i slapu Kr\u010di\u0107. Nije poznato da se jo\u0161 neka rijeka slapom ulijeva u izvor druge rijeke kao \u0161to se Kr\u010di\u0107 ulijeva u Krku. Lokaciju \u0107emo posjetiti u dvije to\u010dke: donjoj, pored izvora i slapa, te gornjoj, s vidikovca kraj Napoleonove ceste. Slobodno vrijeme za fotografiranje i u\u017eivanje u pogledu. Polazak autobusu prema ran\u010du konja udruge Grabarije.<\/p><p style=\"text-align: justify;\"><strong>11:15 &#8211; 12:30<\/strong><\/p><p style=\"text-align: justify;\">Obilazak ran\u010da konja udruge Grabarije. Udruga pru\u017ea uslugu terapijskog jahanja, a organizira i \u0161kolu jahanja te rekreativno i turisti\u010dko jahanje. Upoznati \u0107ete se s radom udruge i \u010duti s kojim se izazovima susre\u0107u u radu, dok \u0107e se konji slobodno kretati oko vas. Imati \u0107ete priliku za dru\u017eenje i fotografiranje s ovim divnim \u017eivotinjama. Polazak autobusom prema Ekolo\u0161ko informativnom centru.<\/p><p style=\"text-align: justify;\"><strong>12:45 &#8211; 14:00<\/strong><\/p><p style=\"text-align: justify;\">Posjet Ekolo\u0161ko informativnom centru i Ekolo\u0161koj udruzi &#8220;Krka&#8221; Knin. Udruga je osnovana s ciljem za\u0161tite i promocije prirodnih i drugih potencijala grada Knina ali i \u0160ibensko-kninske \u017eupanije. Upoznati \u0107ete se s radom udruge i razgledati zbirku starina izlo\u017eenu u Centru. Mo\u0107i \u0107ete istra\u017eiti i okolicu Centra, smje\u0161tenog podno kninske tvr\u0111ave, uz rijeku Krku. Ru\u010dak i kratak odmor. Polazak pje\u0161ice prema kninskoj tvr\u0111avi.<\/p><p style=\"text-align: left;\"><strong>14:15 &#8211; 16:00<\/strong><\/p><p style=\"text-align: justify;\">Uspon starim dijelom grada do kninske tvr\u0111ave i obilazak ove, najve\u0107e mleta\u010dke nerezidencijalne tvr\u0111ave u Hrvatskoj. Najstariji dijelovi tvr\u0111ave potje\u010du iz 9. stolje\u0107a, a kona\u010dan oblik dobila je po\u010detkom 18. stolje\u0107a. Zbog bogate povijesti i atraktivnog izgleda, danas je najja\u010di turisti\u010dki adut grada Knina. Tvr\u0111ava je upisana u Registar kulturne ba\u0161tine RH kao spomenik nulte kategorije, odnosno spomenik od posebnog nacionalnog interesa.<\/p><p style=\"text-align: justify;\"><strong>16:00 &#8211; 19:00<\/strong><\/p><p style=\"text-align: justify;\">Slobodno vrijeme koje mo\u017eete iskoristiti za kavu ili pala\u010dinke u restoranu na tvr\u0111avi s najljep\u0161im pogledom na grad, unajmiti bicikle i istra\u017eiti <em>Sastavke<\/em>, popularnu \u0161etnicu i biciklisti\u010dku stazu koja zavr\u0161ava u\u0161\u0107em Buti\u017enice u Krku, unajmiti kajak i do\u017eivjeti Knin iz druge perspektive istra\u017euju\u0107i Krku ili degustirati dvije vrste piva u craft pivovari Kninskog piva. U 19h povratak autobusom u mjesto polaska.<\/p><p>\u00a0<\/p><div dir=\"auto\" style=\"text-align: justify;\"><p style=\"text-align: justify;\">Cijenu izleta formiramo na upit. U upitu nazna\u010dite mjesto polaska i povratka, broj ljudi i \u017eeljeni termin putovanja. Za sva dodatna pitanja obratite nam se na <span style=\"color: #008000;\"><a style=\"color: #008000;\" href=\"mailto:info@marunusa.hr\">info@marunusa.hr<\/a><\/span><\/p><\/div>\t\t\t\t\t\t\t\t<\/div>\n\t\t\t\t<\/div>\n\t\t\t\t\t<\/div>\n\t\t<\/div>\n\t\t\t\t<div class=\"elementor-column elementor-col-50 elementor-top-column elementor-element elementor-element-fa0f348\" data-id=\"fa0f348\" data-element_type=\"column\" data-settings=\"{&quot;background_background&quot;:&quot;gradient&quot;}\">\n\t\t\t<div class=\"elementor-widget-wrap elementor-element-populated\">\n\t\t\t\t\t\t<div class=\"elementor-element elementor-element-68f5c0b elementor-widget elementor-widget-text-editor\" data-id=\"68f5c0b\" data-element_type=\"widget\" data-widget_type=\"text-editor.default\">\n\t\t\t\t<div class=\"elementor-widget-container\">\n\t\t\t\t\t\t\t\t\t<p><strong>Dostupnost<\/strong>: tokom cijele godine<br \/><strong>Trajanje<\/strong>: 10h<br \/><strong>Zahtjevnost<\/strong>: lagano, nije fiz\u010dki zahtjevno<br \/><strong>\u0160to ponijeti<\/strong>: ugodnu obu\u0107u za hodanje, za\u0161titu od sunca \/ za\u0161titu od ki\u0161e, mobitel, fotoaparat<br \/><strong>Uklju\u010deno u cijenu<\/strong>: prijevoz turisti\u010dkim autobusom,\u00a0 obilazak slapa Kr\u010di\u0107 i izvora rijeke Krke, obilazak ran\u010da konja, razgledavanje zbirke starina i predmeta prona\u0111enih u Krki, ru\u010dak, ulaznicu i obilazak kninske tvr\u0111ave, licenciranog turisti\u010dkog vodi\u010da, organizaciju izleta<br \/><strong>Nije uklju\u010deno u cijenu<\/strong>: putno osiguranje, fakultativne usluge, osobni tro\u0161kovi, napojnice<br \/><strong>Ostalo:<\/strong> na fakultativne usluge najma bicikla i najma kajaka odobravamo popust od 30%<\/p><p>Putno osiguranje mo\u017eete ugovoriti na: <a href=\"https:\/\/www.uniqa.hr\/shop\/putno-osiguranje\/314\">www.uniqa.hr<\/a><\/p>\t\t\t\t\t\t\t\t<\/div>\n\t\t\t\t<\/div>\n\t\t\t\t\t<\/div>\n\t\t<\/div>\n\t\t\t\t\t<\/div>\n\t\t<\/section>\n\t\t\t\t<\/div>\n\t\t","protected":false},"excerpt":{"rendered":"<p>Previous Next Otkrijte novu razinu do\u017eivljaja uz izlet koji uklju\u010duje posjet najva\u017enijim turisti\u010dkim atrakcijama grada Knina &#8211; kninskoj tvr\u0111avi, modrozelenom izvoru rijeke Krke u koju se ulijeva 22 metra visok slap rijeke Kr\u010di\u0107 te obilazak 2 lokalne udruge. Izlet se odvija prema slijede\u0107em itineraru: 9:00 &#8211; 9:45 Okupljanje grupe na trgu Ante Star\u010devi\u0107a. Predstavljanje dnevnog [&hellip;]<\/p>\n","protected":false},"author":1,"featured_media":0,"parent":767,"menu_order":1,"comment_status":"closed","ping_status":"closed","template":"elementor_header_footer","meta":{"footnotes":""},"class_list":["post-3162","page","type-page","status-publish","hentry"],"yoast_head":"<!-- This site is optimized with the Yoast SEO plugin v27.5 - https:\/\/yoast.com\/product\/yoast-seo-wordpress\/ -->\n<title>Jednodnevni izlet - marunusa.hr<\/title>\n<meta name=\"robots\" content=\"index, follow, max-snippet:-1, max-image-preview:large, max-video-preview:-1\" \/>\n<link rel=\"canonical\" href=\"https:\/\/marunusa.hr\/hr\/aranzmani\/sportska-avantura\/\" \/>\n<meta property=\"og:locale\" content=\"hr_HR\" \/>\n<meta property=\"og:type\" content=\"article\" \/>\n<meta property=\"og:title\" content=\"Jednodnevni izlet - marunusa.hr\" \/>\n<meta property=\"og:description\" content=\"Previous Next Otkrijte novu razinu do\u017eivljaja uz izlet koji uklju\u010duje posjet najva\u017enijim turisti\u010dkim atrakcijama grada Knina &#8211; kninskoj tvr\u0111avi, modrozelenom izvoru rijeke Krke u koju se ulijeva 22 metra visok slap rijeke Kr\u010di\u0107 te obilazak 2 lokalne udruge. Izlet se odvija prema slijede\u0107em itineraru: 9:00 &#8211; 9:45 Okupljanje grupe na trgu Ante Star\u010devi\u0107a. Predstavljanje dnevnog [&hellip;]\" \/>\n<meta property=\"og:url\" content=\"https:\/\/marunusa.hr\/hr\/aranzmani\/sportska-avantura\/\" \/>\n<meta property=\"og:site_name\" content=\"marunusa.hr\" \/>\n<meta property=\"article:modified_time\" content=\"2022-08-01T09:46:12+00:00\" \/>\n<meta name=\"twitter:card\" content=\"summary_large_image\" \/>\n<meta name=\"twitter:label1\" content=\"Procijenjeno vrijeme \u010ditanja\" \/>\n\t<meta name=\"twitter:data1\" content=\"3 minute\" \/>\n<script type=\"application\/ld+json\" class=\"yoast-schema-graph\">{\"@context\":\"https:\\\/\\\/schema.org\",\"@graph\":[{\"@type\":\"WebPage\",\"@id\":\"https:\\\/\\\/marunusa.hr\\\/aranzmani\\\/sportska-avantura\\\/\",\"url\":\"https:\\\/\\\/marunusa.hr\\\/aranzmani\\\/sportska-avantura\\\/\",\"name\":\"Jednodnevni izlet - marunusa.hr\",\"isPartOf\":{\"@id\":\"https:\\\/\\\/marunusa.hr\\\/#website\"},\"datePublished\":\"2021-08-04T14:06:36+00:00\",\"dateModified\":\"2022-08-01T09:46:12+00:00\",\"breadcrumb\":{\"@id\":\"https:\\\/\\\/marunusa.hr\\\/aranzmani\\\/sportska-avantura\\\/#breadcrumb\"},\"inLanguage\":\"hr\",\"potentialAction\":[{\"@type\":\"ReadAction\",\"target\":[\"https:\\\/\\\/marunusa.hr\\\/aranzmani\\\/sportska-avantura\\\/\"]}]},{\"@type\":\"BreadcrumbList\",\"@id\":\"https:\\\/\\\/marunusa.hr\\\/aranzmani\\\/sportska-avantura\\\/#breadcrumb\",\"itemListElement\":[{\"@type\":\"ListItem\",\"position\":1,\"name\":\"Home\",\"item\":\"https:\\\/\\\/marunusa.hr\\\/hr\\\/\"},{\"@type\":\"ListItem\",\"position\":2,\"name\":\"aran\u017emani\",\"item\":\"https:\\\/\\\/marunusa.hr\\\/aranzmani\\\/\"},{\"@type\":\"ListItem\",\"position\":3,\"name\":\"Jednodnevni izlet\"}]},{\"@type\":\"WebSite\",\"@id\":\"https:\\\/\\\/marunusa.hr\\\/#website\",\"url\":\"https:\\\/\\\/marunusa.hr\\\/\",\"name\":\"marunusa.hr\",\"description\":\"turisti\u010dka agencija\",\"potentialAction\":[{\"@type\":\"SearchAction\",\"target\":{\"@type\":\"EntryPoint\",\"urlTemplate\":\"https:\\\/\\\/marunusa.hr\\\/?s={search_term_string}\"},\"query-input\":{\"@type\":\"PropertyValueSpecification\",\"valueRequired\":true,\"valueName\":\"search_term_string\"}}],\"inLanguage\":\"hr\"}]}<\/script>\n<!-- \/ Yoast SEO plugin. -->","yoast_head_json":{"title":"Jednodnevni izlet - marunusa.hr","robots":{"index":"index","follow":"follow","max-snippet":"max-snippet:-1","max-image-preview":"max-image-preview:large","max-video-preview":"max-video-preview:-1"},"canonical":"https:\/\/marunusa.hr\/hr\/aranzmani\/sportska-avantura\/","og_locale":"hr_HR","og_type":"article","og_title":"Jednodnevni izlet - marunusa.hr","og_description":"Previous Next Otkrijte novu razinu do\u017eivljaja uz izlet koji uklju\u010duje posjet najva\u017enijim turisti\u010dkim atrakcijama grada Knina &#8211; kninskoj tvr\u0111avi, modrozelenom izvoru rijeke Krke u koju se ulijeva 22 metra visok slap rijeke Kr\u010di\u0107 te obilazak 2 lokalne udruge. Izlet se odvija prema slijede\u0107em itineraru: 9:00 &#8211; 9:45 Okupljanje grupe na trgu Ante Star\u010devi\u0107a. Predstavljanje dnevnog [&hellip;]","og_url":"https:\/\/marunusa.hr\/hr\/aranzmani\/sportska-avantura\/","og_site_name":"marunusa.hr","article_modified_time":"2022-08-01T09:46:12+00:00","twitter_card":"summary_large_image","twitter_misc":{"Procijenjeno vrijeme \u010ditanja":"3 minute"},"schema":{"@context":"https:\/\/schema.org","@graph":[{"@type":"WebPage","@id":"https:\/\/marunusa.hr\/aranzmani\/sportska-avantura\/","url":"https:\/\/marunusa.hr\/aranzmani\/sportska-avantura\/","name":"Jednodnevni izlet - marunusa.hr","isPartOf":{"@id":"https:\/\/marunusa.hr\/#website"},"datePublished":"2021-08-04T14:06:36+00:00","dateModified":"2022-08-01T09:46:12+00:00","breadcrumb":{"@id":"https:\/\/marunusa.hr\/aranzmani\/sportska-avantura\/#breadcrumb"},"inLanguage":"hr","potentialAction":[{"@type":"ReadAction","target":["https:\/\/marunusa.hr\/aranzmani\/sportska-avantura\/"]}]},{"@type":"BreadcrumbList","@id":"https:\/\/marunusa.hr\/aranzmani\/sportska-avantura\/#breadcrumb","itemListElement":[{"@type":"ListItem","position":1,"name":"Home","item":"https:\/\/marunusa.hr\/hr\/"},{"@type":"ListItem","position":2,"name":"aran\u017emani","item":"https:\/\/marunusa.hr\/aranzmani\/"},{"@type":"ListItem","position":3,"name":"Jednodnevni izlet"}]},{"@type":"WebSite","@id":"https:\/\/marunusa.hr\/#website","url":"https:\/\/marunusa.hr\/","name":"marunusa.hr","description":"turisti\u010dka agencija","potentialAction":[{"@type":"SearchAction","target":{"@type":"EntryPoint","urlTemplate":"https:\/\/marunusa.hr\/?s={search_term_string}"},"query-input":{"@type":"PropertyValueSpecification","valueRequired":true,"valueName":"search_term_string"}}],"inLanguage":"hr"}]}},"_links":{"self":[{"href":"https:\/\/marunusa.hr\/hr\/wp-json\/wp\/v2\/pages\/3162","targetHints":{"allow":["GET"]}}],"collection":[{"href":"https:\/\/marunusa.hr\/hr\/wp-json\/wp\/v2\/pages"}],"about":[{"href":"https:\/\/marunusa.hr\/hr\/wp-json\/wp\/v2\/types\/page"}],"author":[{"embeddable":true,"href":"https:\/\/marunusa.hr\/hr\/wp-json\/wp\/v2\/users\/1"}],"replies":[{"embeddable":true,"href":"https:\/\/marunusa.hr\/hr\/wp-json\/wp\/v2\/comments?post=3162"}],"version-history":[{"count":122,"href":"https:\/\/marunusa.hr\/hr\/wp-json\/wp\/v2\/pages\/3162\/revisions"}],"predecessor-version":[{"id":5758,"href":"https:\/\/marunusa.hr\/hr\/wp-json\/wp\/v2\/pages\/3162\/revisions\/5758"}],"up":[{"embeddable":true,"href":"https:\/\/marunusa.hr\/hr\/wp-json\/wp\/v2\/pages\/767"}],"wp:attachment":[{"href":"https:\/\/marunusa.hr\/hr\/wp-json\/wp\/v2\/media?parent=3162"}],"curies":[{"name":"wp","href":"https:\/\/api.w.org\/{rel}","templated":true}]}}