{"id":2568,"date":"2021-07-12T16:17:59","date_gmt":"2021-07-12T15:17:59","guid":{"rendered":"https:\/\/marunusa.hr\/?page_id=2568"},"modified":"2022-05-17T12:16:51","modified_gmt":"2022-05-17T11:16:51","slug":"krka-safari-180-kg","status":"publish","type":"page","link":"https:\/\/marunusa.hr\/hr\/krka-safari-180-kg\/","title":{"rendered":"gumeni \u010damac 180 kg"},"content":{"rendered":"\t\t<div data-elementor-type=\"wp-page\" data-elementor-id=\"2568\" class=\"elementor elementor-2568\" data-elementor-post-type=\"page\">\n\t\t\t\t\t\t<section class=\"elementor-section elementor-top-section elementor-element elementor-element-87fa3a7 elementor-section-boxed elementor-section-height-default elementor-section-height-default\" data-id=\"87fa3a7\" data-element_type=\"section\" data-settings=\"{&quot;background_background&quot;:&quot;classic&quot;}\">\n\t\t\t\t\t\t<div class=\"elementor-container elementor-column-gap-default\">\n\t\t\t\t\t<div class=\"elementor-column elementor-col-100 elementor-top-column elementor-element elementor-element-169318b\" data-id=\"169318b\" data-element_type=\"column\" data-settings=\"{&quot;background_background&quot;:&quot;classic&quot;,&quot;background_motion_fx_motion_fx_scrolling&quot;:&quot;yes&quot;,&quot;background_motion_fx_translateY_effect&quot;:&quot;yes&quot;,&quot;background_motion_fx_translateY_speed&quot;:{&quot;unit&quot;:&quot;px&quot;,&quot;size&quot;:4,&quot;sizes&quot;:[]},&quot;background_motion_fx_translateY_affectedRange&quot;:{&quot;unit&quot;:&quot;%&quot;,&quot;size&quot;:&quot;&quot;,&quot;sizes&quot;:{&quot;start&quot;:0,&quot;end&quot;:100}},&quot;background_motion_fx_devices&quot;:[&quot;desktop&quot;,&quot;tablet&quot;,&quot;mobile&quot;]}\">\n\t\t\t<div class=\"elementor-widget-wrap elementor-element-populated\">\n\t\t\t\t\t\t<div class=\"elementor-element elementor-element-f175dac elementor-widget elementor-widget-spacer\" data-id=\"f175dac\" data-element_type=\"widget\" data-widget_type=\"spacer.default\">\n\t\t\t\t<div class=\"elementor-widget-container\">\n\t\t\t\t\t\t\t<div class=\"elementor-spacer\">\n\t\t\t<div class=\"elementor-spacer-inner\"><\/div>\n\t\t<\/div>\n\t\t\t\t\t\t<\/div>\n\t\t\t\t<\/div>\n\t\t\t\t\t<\/div>\n\t\t<\/div>\n\t\t\t\t\t<\/div>\n\t\t<\/section>\n\t\t\t\t<section class=\"elementor-section elementor-top-section elementor-element elementor-element-9081704 elementor-section-boxed elementor-section-height-default elementor-section-height-default\" data-id=\"9081704\" data-element_type=\"section\">\n\t\t\t\t\t\t<div class=\"elementor-container elementor-column-gap-default\">\n\t\t\t\t\t<div class=\"elementor-column elementor-col-50 elementor-top-column elementor-element elementor-element-bc12f22\" data-id=\"bc12f22\" data-element_type=\"column\">\n\t\t\t<div class=\"elementor-widget-wrap elementor-element-populated\">\n\t\t\t\t\t\t<div class=\"elementor-element elementor-element-7896f69 elementor-widget elementor-widget-text-editor\" data-id=\"7896f69\" data-element_type=\"widget\" data-widget_type=\"text-editor.default\">\n\t\t\t\t<div class=\"elementor-widget-container\">\n\t\t\t\t\t\t\t\t\t<p style=\"text-align: justify;\">Iznajmite gumeni \u010damac i do\u017eivite Knin iz druga\u010dije perspektive. Veslati \u0107ete gornjim tokom rijeke Krke, u\u017eivati u mirnoj vo\u017enji i glasanju cvr\u010daka. Start i cilj su na istom mjestu, veslati \u0107ete uzvodno i nizvodno rijekom Krkom.<\/p><p style=\"text-align: justify;\">Imamo dvije opcije najma \u010damaca: do 1h \/ do 3h.<\/p><p style=\"text-align: justify;\"><span style=\"background-color: transparent; letter-spacing: -0.1px;\">Mo\u017eemo organizirati i<span style=\"color: #ff6600;\"> <a style=\"color: #ff6600;\" href=\"https:\/\/marunusa.hr\/hr\/ture\/tura-gumenim-camcem-180kg\/\">spust rijekom Krkom nizvodno<\/a><\/span>, uz mogu\u0107nost samostalne vo\u017enje ili vo\u017enje s vodi\u010dem. Na\u0161i vodi\u010di \u0107e vam pomo\u0107i upravljati \u010damcem i objasniti sve lokalitete pored kojih prolazite na turi. Na vama je da odaberete uslugu koja vam najvi\u0161e odgovara.<\/span><\/p><p style=\"text-align: justify;\">Za ostala pitanja obratite nam se na <a href=\"mailto:info@marunusa.hr\"><span style=\"color: #108c0a;\">info@marunusa.hr<\/span><\/a><\/p>\t\t\t\t\t\t\t\t<\/div>\n\t\t\t\t<\/div>\n\t\t\t\t<div class=\"elementor-element elementor-element-22c8141 elementor-widget elementor-widget-shortcode\" data-id=\"22c8141\" data-element_type=\"widget\" data-widget_type=\"shortcode.default\">\n\t\t\t\t<div class=\"elementor-widget-container\">\n\t\t\t\t\t\t\t<div class=\"elementor-shortcode\">\n \n<div style=\"display: flex\">\n\n<iframe id=\"iFrameResizer1\"\nsrc=\"https:\/\/booking.ez-booker.com\/tour_details?site_id=9cf8ab11fb56aaef9972f18a3283800b&service_id=948&lang=hr&adults=1.\"\nstyle=\"border:none;width:1280px;height:1024px\"><\/iframe>\n\n<\/div>\n\n<script src=\"https:\/\/app.ez-booker.com\/secure\/js\/iframeResizer.js\"><\/script>\n\n<script>\niFrameResize();\n<\/script> \n<\/div>\n\t\t\t\t\t\t<\/div>\n\t\t\t\t<\/div>\n\t\t\t\t\t<\/div>\n\t\t<\/div>\n\t\t\t\t<div class=\"elementor-column elementor-col-50 elementor-top-column elementor-element elementor-element-ad17d46\" data-id=\"ad17d46\" data-element_type=\"column\" data-settings=\"{&quot;background_background&quot;:&quot;classic&quot;}\">\n\t\t\t<div class=\"elementor-widget-wrap elementor-element-populated\">\n\t\t\t\t\t\t<div class=\"elementor-element elementor-element-7243aff elementor-widget elementor-widget-text-editor\" data-id=\"7243aff\" data-element_type=\"widget\" data-widget_type=\"text-editor.default\">\n\t\t\t\t<div class=\"elementor-widget-container\">\n\t\t\t\t\t\t\t\t\t<p style=\"text-align: left;\"><strong>SUNNY<\/strong><br \/><strong>\u010cAMAC NA NAPUHAVANJE<\/strong><\/p><p><strong>Du\u017eina<\/strong>: 380cm<br \/><strong>\u0160irina<\/strong>: 80cm<br \/><strong>Te\u017eina<\/strong>: 16kg<br \/><strong>Maksimalna nosivost<\/strong>: 180kg<br \/><strong>Maksimalan<\/strong>\u00a0<strong>broj<\/strong> <strong>ljudi<\/strong>: 2<\/p><p style=\"text-align: left;\"><strong>Cijena najma uklju\u010duje 1 veslo po osobi, 1 za\u0161titni prsluk po osobi i 1 vodonepropusnu torbu<\/strong><\/p><hr style=\"margin: 10px 0px;\" \/><p style=\"text-align: left;\"><strong>PALAVA<\/strong><br \/><strong>\u010cAMAC NA NAPUHAVANJE<\/strong><\/p><p><strong>Du\u017eina<\/strong>: 380cm<br \/><strong>\u0160irina<\/strong>: 90cm<br \/><strong>Te\u017eina<\/strong>: 21kg<br \/><strong>Maksimalna nosivost<\/strong>: 240kg<br \/><strong>Maksimalan broj ljudi<\/strong>: 2+1<\/p><p style=\"text-align: left;\"><strong>Cijena najma uklju\u010duje 1 veslo po osobi, 1 za\u0161titni prsluk po osobi i 1 vodonepropusnu torbu<\/strong><\/p>\t\t\t\t\t\t\t\t<\/div>\n\t\t\t\t<\/div>\n\t\t\t\t\t<\/div>\n\t\t<\/div>\n\t\t\t\t\t<\/div>\n\t\t<\/section>\n\t\t\t\t<\/div>\n\t\t","protected":false},"excerpt":{"rendered":"<p>Iznajmite gumeni \u010damac i do\u017eivite Knin iz druga\u010dije perspektive. Veslati \u0107ete gornjim tokom rijeke Krke, u\u017eivati u mirnoj vo\u017enji i glasanju cvr\u010daka. Start i cilj su na istom mjestu, veslati \u0107ete uzvodno i nizvodno rijekom Krkom. Imamo dvije opcije najma \u010damaca: do 1h \/ do 3h. Mo\u017eemo organizirati i spust rijekom Krkom nizvodno, uz mogu\u0107nost [&hellip;]<\/p>\n","protected":false},"author":1,"featured_media":0,"parent":0,"menu_order":0,"comment_status":"closed","ping_status":"closed","template":"elementor_header_footer","meta":{"footnotes":""},"class_list":["post-2568","page","type-page","status-publish","hentry"],"yoast_head":"<!-- This site is optimized with the Yoast SEO plugin v27.5 - https:\/\/yoast.com\/product\/yoast-seo-wordpress\/ -->\n<title>gumeni \u010damac 180 kg - marunusa.hr<\/title>\n<meta name=\"robots\" content=\"index, follow, max-snippet:-1, max-image-preview:large, max-video-preview:-1\" \/>\n<link rel=\"canonical\" href=\"https:\/\/marunusa.hr\/hr\/krka-safari-180-kg\/\" \/>\n<meta property=\"og:locale\" content=\"hr_HR\" \/>\n<meta property=\"og:type\" content=\"article\" \/>\n<meta property=\"og:title\" content=\"gumeni \u010damac 180 kg - marunusa.hr\" \/>\n<meta property=\"og:description\" content=\"Iznajmite gumeni \u010damac i do\u017eivite Knin iz druga\u010dije perspektive. Veslati \u0107ete gornjim tokom rijeke Krke, u\u017eivati u mirnoj vo\u017enji i glasanju cvr\u010daka. Start i cilj su na istom mjestu, veslati \u0107ete uzvodno i nizvodno rijekom Krkom. Imamo dvije opcije najma \u010damaca: do 1h \/ do 3h. Mo\u017eemo organizirati i spust rijekom Krkom nizvodno, uz mogu\u0107nost [&hellip;]\" \/>\n<meta property=\"og:url\" content=\"https:\/\/marunusa.hr\/hr\/krka-safari-180-kg\/\" \/>\n<meta property=\"og:site_name\" content=\"marunusa.hr\" \/>\n<meta property=\"article:modified_time\" content=\"2022-05-17T11:16:51+00:00\" \/>\n<meta name=\"twitter:card\" content=\"summary_large_image\" \/>\n<meta name=\"twitter:label1\" content=\"Procijenjeno vrijeme \u010ditanja\" \/>\n\t<meta name=\"twitter:data1\" content=\"1 minuta\" \/>\n<script type=\"application\/ld+json\" class=\"yoast-schema-graph\">{\"@context\":\"https:\\\/\\\/schema.org\",\"@graph\":[{\"@type\":\"WebPage\",\"@id\":\"https:\\\/\\\/marunusa.hr\\\/krka-safari-180-kg\\\/\",\"url\":\"https:\\\/\\\/marunusa.hr\\\/krka-safari-180-kg\\\/\",\"name\":\"gumeni \u010damac 180 kg - marunusa.hr\",\"isPartOf\":{\"@id\":\"https:\\\/\\\/marunusa.hr\\\/#website\"},\"datePublished\":\"2021-07-12T15:17:59+00:00\",\"dateModified\":\"2022-05-17T11:16:51+00:00\",\"breadcrumb\":{\"@id\":\"https:\\\/\\\/marunusa.hr\\\/krka-safari-180-kg\\\/#breadcrumb\"},\"inLanguage\":\"hr\",\"potentialAction\":[{\"@type\":\"ReadAction\",\"target\":[\"https:\\\/\\\/marunusa.hr\\\/krka-safari-180-kg\\\/\"]}]},{\"@type\":\"BreadcrumbList\",\"@id\":\"https:\\\/\\\/marunusa.hr\\\/krka-safari-180-kg\\\/#breadcrumb\",\"itemListElement\":[{\"@type\":\"ListItem\",\"position\":1,\"name\":\"Home\",\"item\":\"https:\\\/\\\/marunusa.hr\\\/hr\\\/\"},{\"@type\":\"ListItem\",\"position\":2,\"name\":\"gumeni \u010damac 180 kg\"}]},{\"@type\":\"WebSite\",\"@id\":\"https:\\\/\\\/marunusa.hr\\\/#website\",\"url\":\"https:\\\/\\\/marunusa.hr\\\/\",\"name\":\"marunusa.hr\",\"description\":\"turisti\u010dka agencija\",\"potentialAction\":[{\"@type\":\"SearchAction\",\"target\":{\"@type\":\"EntryPoint\",\"urlTemplate\":\"https:\\\/\\\/marunusa.hr\\\/?s={search_term_string}\"},\"query-input\":{\"@type\":\"PropertyValueSpecification\",\"valueRequired\":true,\"valueName\":\"search_term_string\"}}],\"inLanguage\":\"hr\"}]}<\/script>\n<!-- \/ Yoast SEO plugin. -->","yoast_head_json":{"title":"gumeni \u010damac 180 kg - marunusa.hr","robots":{"index":"index","follow":"follow","max-snippet":"max-snippet:-1","max-image-preview":"max-image-preview:large","max-video-preview":"max-video-preview:-1"},"canonical":"https:\/\/marunusa.hr\/hr\/krka-safari-180-kg\/","og_locale":"hr_HR","og_type":"article","og_title":"gumeni \u010damac 180 kg - marunusa.hr","og_description":"Iznajmite gumeni \u010damac i do\u017eivite Knin iz druga\u010dije perspektive. Veslati \u0107ete gornjim tokom rijeke Krke, u\u017eivati u mirnoj vo\u017enji i glasanju cvr\u010daka. Start i cilj su na istom mjestu, veslati \u0107ete uzvodno i nizvodno rijekom Krkom. Imamo dvije opcije najma \u010damaca: do 1h \/ do 3h. Mo\u017eemo organizirati i spust rijekom Krkom nizvodno, uz mogu\u0107nost [&hellip;]","og_url":"https:\/\/marunusa.hr\/hr\/krka-safari-180-kg\/","og_site_name":"marunusa.hr","article_modified_time":"2022-05-17T11:16:51+00:00","twitter_card":"summary_large_image","twitter_misc":{"Procijenjeno vrijeme \u010ditanja":"1 minuta"},"schema":{"@context":"https:\/\/schema.org","@graph":[{"@type":"WebPage","@id":"https:\/\/marunusa.hr\/krka-safari-180-kg\/","url":"https:\/\/marunusa.hr\/krka-safari-180-kg\/","name":"gumeni \u010damac 180 kg - marunusa.hr","isPartOf":{"@id":"https:\/\/marunusa.hr\/#website"},"datePublished":"2021-07-12T15:17:59+00:00","dateModified":"2022-05-17T11:16:51+00:00","breadcrumb":{"@id":"https:\/\/marunusa.hr\/krka-safari-180-kg\/#breadcrumb"},"inLanguage":"hr","potentialAction":[{"@type":"ReadAction","target":["https:\/\/marunusa.hr\/krka-safari-180-kg\/"]}]},{"@type":"BreadcrumbList","@id":"https:\/\/marunusa.hr\/krka-safari-180-kg\/#breadcrumb","itemListElement":[{"@type":"ListItem","position":1,"name":"Home","item":"https:\/\/marunusa.hr\/hr\/"},{"@type":"ListItem","position":2,"name":"gumeni \u010damac 180 kg"}]},{"@type":"WebSite","@id":"https:\/\/marunusa.hr\/#website","url":"https:\/\/marunusa.hr\/","name":"marunusa.hr","description":"turisti\u010dka agencija","potentialAction":[{"@type":"SearchAction","target":{"@type":"EntryPoint","urlTemplate":"https:\/\/marunusa.hr\/?s={search_term_string}"},"query-input":{"@type":"PropertyValueSpecification","valueRequired":true,"valueName":"search_term_string"}}],"inLanguage":"hr"}]}},"_links":{"self":[{"href":"https:\/\/marunusa.hr\/hr\/wp-json\/wp\/v2\/pages\/2568","targetHints":{"allow":["GET"]}}],"collection":[{"href":"https:\/\/marunusa.hr\/hr\/wp-json\/wp\/v2\/pages"}],"about":[{"href":"https:\/\/marunusa.hr\/hr\/wp-json\/wp\/v2\/types\/page"}],"author":[{"embeddable":true,"href":"https:\/\/marunusa.hr\/hr\/wp-json\/wp\/v2\/users\/1"}],"replies":[{"embeddable":true,"href":"https:\/\/marunusa.hr\/hr\/wp-json\/wp\/v2\/comments?post=2568"}],"version-history":[{"count":116,"href":"https:\/\/marunusa.hr\/hr\/wp-json\/wp\/v2\/pages\/2568\/revisions"}],"predecessor-version":[{"id":5894,"href":"https:\/\/marunusa.hr\/hr\/wp-json\/wp\/v2\/pages\/2568\/revisions\/5894"}],"wp:attachment":[{"href":"https:\/\/marunusa.hr\/hr\/wp-json\/wp\/v2\/media?parent=2568"}],"curies":[{"name":"wp","href":"https:\/\/api.w.org\/{rel}","templated":true}]}}