{"id":2268,"date":"2021-07-06T13:48:19","date_gmt":"2021-07-06T12:48:19","guid":{"rendered":"https:\/\/marunusa.hr\/?page_id=2268"},"modified":"2021-08-19T08:42:04","modified_gmt":"2021-08-19T07:42:04","slug":"sup","status":"publish","type":"page","link":"https:\/\/marunusa.hr\/hr\/sup\/","title":{"rendered":"SUP"},"content":{"rendered":"\t\t<div data-elementor-type=\"wp-page\" data-elementor-id=\"2268\" class=\"elementor elementor-2268\" data-elementor-post-type=\"page\">\n\t\t\t\t\t\t<section class=\"elementor-section elementor-top-section elementor-element elementor-element-b3444e0 elementor-section-boxed elementor-section-height-default elementor-section-height-default\" data-id=\"b3444e0\" data-element_type=\"section\" data-settings=\"{&quot;background_background&quot;:&quot;classic&quot;}\">\n\t\t\t\t\t\t<div class=\"elementor-container elementor-column-gap-default\">\n\t\t\t\t\t<div class=\"elementor-column elementor-col-100 elementor-top-column elementor-element elementor-element-dfc424e\" data-id=\"dfc424e\" data-element_type=\"column\" data-settings=\"{&quot;background_background&quot;:&quot;classic&quot;,&quot;background_motion_fx_motion_fx_scrolling&quot;:&quot;yes&quot;,&quot;background_motion_fx_translateY_effect&quot;:&quot;yes&quot;,&quot;background_motion_fx_translateY_speed&quot;:{&quot;unit&quot;:&quot;px&quot;,&quot;size&quot;:4,&quot;sizes&quot;:[]},&quot;background_motion_fx_translateY_affectedRange&quot;:{&quot;unit&quot;:&quot;%&quot;,&quot;size&quot;:&quot;&quot;,&quot;sizes&quot;:{&quot;start&quot;:0,&quot;end&quot;:100}},&quot;background_motion_fx_devices&quot;:[&quot;desktop&quot;,&quot;tablet&quot;,&quot;mobile&quot;]}\">\n\t\t\t<div class=\"elementor-widget-wrap elementor-element-populated\">\n\t\t\t\t\t\t<div class=\"elementor-element elementor-element-35ab36b elementor-widget elementor-widget-spacer\" data-id=\"35ab36b\" data-element_type=\"widget\" data-widget_type=\"spacer.default\">\n\t\t\t\t<div class=\"elementor-widget-container\">\n\t\t\t\t\t\t\t<div class=\"elementor-spacer\">\n\t\t\t<div class=\"elementor-spacer-inner\"><\/div>\n\t\t<\/div>\n\t\t\t\t\t\t<\/div>\n\t\t\t\t<\/div>\n\t\t\t\t\t<\/div>\n\t\t<\/div>\n\t\t\t\t\t<\/div>\n\t\t<\/section>\n\t\t\t\t<section class=\"elementor-section elementor-top-section elementor-element elementor-element-766429e elementor-section-boxed elementor-section-height-default elementor-section-height-default\" data-id=\"766429e\" data-element_type=\"section\">\n\t\t\t\t\t\t<div class=\"elementor-container elementor-column-gap-default\">\n\t\t\t\t\t<div class=\"elementor-column elementor-col-50 elementor-top-column elementor-element elementor-element-a0e14ac\" data-id=\"a0e14ac\" data-element_type=\"column\">\n\t\t\t<div class=\"elementor-widget-wrap elementor-element-populated\">\n\t\t\t\t\t\t<div class=\"elementor-element elementor-element-de2ee54 elementor-widget elementor-widget-text-editor\" data-id=\"de2ee54\" data-element_type=\"widget\" data-widget_type=\"text-editor.default\">\n\t\t\t\t<div class=\"elementor-widget-container\">\n\t\t\t\t\t\t\t\t\t<p>Iznajmite SUP i do\u017eivite Knin iz druga\u010dije perspektive. Veslati \u0107ete gornjim tokom rijeke Krke, u\u017eivati u mirnoj vo\u017enji i glasanju cvr\u010daka.<\/p><p>Imamo dvije opcije najma SUP-a: do 1h \/ do 3h.<\/p><p>Za ostala pitanja obratite nam se na <span style=\"color: #158c0a;\"><a style=\"color: #158c0a;\" href=\"mailto:info@marunusa.hr\">info@marunusa.hr<\/a><\/span><\/p>\t\t\t\t\t\t\t\t<\/div>\n\t\t\t\t<\/div>\n\t\t\t\t<div class=\"elementor-element elementor-element-8f362cb elementor-widget elementor-widget-shortcode\" data-id=\"8f362cb\" data-element_type=\"widget\" data-widget_type=\"shortcode.default\">\n\t\t\t\t<div class=\"elementor-widget-container\">\n\t\t\t\t\t\t\t<div class=\"elementor-shortcode\">\n \n<div style=\"display: flex\">\n\n<iframe id=\"iFrameResizer1\"\nsrc=\"https:\/\/booking.ez-booker.com\/tour_details?site_id=9cf8ab11fb56aaef9972f18a3283800b&service_id=953&lang=hr&adults=1.\"\nstyle=\"border:none;width:1280px;height:1024px\"><\/iframe>\n\n<\/div>\n\n<script src=\"https:\/\/app.ez-booker.com\/secure\/js\/iframeResizer.js\"><\/script>\n\n<script>\niFrameResize();\n<\/script> \n<\/div>\n\t\t\t\t\t\t<\/div>\n\t\t\t\t<\/div>\n\t\t\t\t\t<\/div>\n\t\t<\/div>\n\t\t\t\t<div class=\"elementor-column elementor-col-50 elementor-top-column elementor-element elementor-element-2bb6c80\" data-id=\"2bb6c80\" data-element_type=\"column\" data-settings=\"{&quot;background_background&quot;:&quot;classic&quot;}\">\n\t\t\t<div class=\"elementor-widget-wrap elementor-element-populated\">\n\t\t\t\t\t\t<div class=\"elementor-element elementor-element-1801c26 elementor-widget elementor-widget-text-editor\" data-id=\"1801c26\" data-element_type=\"widget\" data-widget_type=\"text-editor.default\">\n\t\t\t\t<div class=\"elementor-widget-container\">\n\t\t\t\t\t\t\t\t\t<p><strong>SUPERBA SUP<\/strong><br \/><strong>SUP na napuhavanje<\/strong><\/p><p><strong>Du\u017eina:<\/strong> 305cm<br \/><strong>\u0160irina:<\/strong> 76cm<br \/><strong>Debljina:<\/strong> 15cm<br \/><strong>Maksimalna nosivost:<\/strong> 130kg<br \/><strong>Tehnologija izrade:<\/strong> Guma (oja\u010dana konstrukcija dropstitch)<br \/><strong>Razina:<\/strong> po\u010detni \/ srednji<\/p><p><strong>Cijena najma uklju\u010duje 1 veslo. 1 za\u0161titni prsluk i 1 vodonepropusnu torbu<\/strong><\/p>\t\t\t\t\t\t\t\t<\/div>\n\t\t\t\t<\/div>\n\t\t\t\t\t<\/div>\n\t\t<\/div>\n\t\t\t\t\t<\/div>\n\t\t<\/section>\n\t\t\t\t<\/div>\n\t\t","protected":false},"excerpt":{"rendered":"<p>Iznajmite SUP i do\u017eivite Knin iz druga\u010dije perspektive. Veslati \u0107ete gornjim tokom rijeke Krke, u\u017eivati u mirnoj vo\u017enji i glasanju cvr\u010daka. Imamo dvije opcije najma SUP-a: do 1h \/ do 3h. Za ostala pitanja obratite nam se na info@marunusa.hr SUPERBA SUPSUP na napuhavanje Du\u017eina: 305cm\u0160irina: 76cmDebljina: 15cmMaksimalna nosivost: 130kgTehnologija izrade: Guma (oja\u010dana konstrukcija dropstitch)Razina: po\u010detni [&hellip;]<\/p>\n","protected":false},"author":1,"featured_media":0,"parent":0,"menu_order":0,"comment_status":"closed","ping_status":"closed","template":"elementor_header_footer","meta":{"footnotes":""},"class_list":["post-2268","page","type-page","status-publish","hentry"],"yoast_head":"<!-- This site is optimized with the Yoast SEO plugin v27.4 - https:\/\/yoast.com\/product\/yoast-seo-wordpress\/ -->\n<title>SUP - marunusa.hr<\/title>\n<meta name=\"robots\" content=\"index, follow, max-snippet:-1, max-image-preview:large, max-video-preview:-1\" \/>\n<link rel=\"canonical\" href=\"https:\/\/marunusa.hr\/hr\/sup\/\" \/>\n<meta property=\"og:locale\" content=\"hr_HR\" \/>\n<meta property=\"og:type\" content=\"article\" \/>\n<meta property=\"og:title\" content=\"SUP - marunusa.hr\" \/>\n<meta property=\"og:description\" content=\"Iznajmite SUP i do\u017eivite Knin iz druga\u010dije perspektive. Veslati \u0107ete gornjim tokom rijeke Krke, u\u017eivati u mirnoj vo\u017enji i glasanju cvr\u010daka. Imamo dvije opcije najma SUP-a: do 1h \/ do 3h. Za ostala pitanja obratite nam se na info@marunusa.hr SUPERBA SUPSUP na napuhavanje Du\u017eina: 305cm\u0160irina: 76cmDebljina: 15cmMaksimalna nosivost: 130kgTehnologija izrade: Guma (oja\u010dana konstrukcija dropstitch)Razina: po\u010detni [&hellip;]\" \/>\n<meta property=\"og:url\" content=\"https:\/\/marunusa.hr\/hr\/sup\/\" \/>\n<meta property=\"og:site_name\" content=\"marunusa.hr\" \/>\n<meta property=\"article:modified_time\" content=\"2021-08-19T07:42:04+00:00\" \/>\n<meta name=\"twitter:card\" content=\"summary_large_image\" \/>\n<meta name=\"twitter:label1\" content=\"Procijenjeno vrijeme \u010ditanja\" \/>\n\t<meta name=\"twitter:data1\" content=\"1 minuta\" \/>\n<script type=\"application\/ld+json\" class=\"yoast-schema-graph\">{\"@context\":\"https:\\\/\\\/schema.org\",\"@graph\":[{\"@type\":\"WebPage\",\"@id\":\"https:\\\/\\\/marunusa.hr\\\/sup\\\/\",\"url\":\"https:\\\/\\\/marunusa.hr\\\/sup\\\/\",\"name\":\"SUP - marunusa.hr\",\"isPartOf\":{\"@id\":\"https:\\\/\\\/marunusa.hr\\\/#website\"},\"datePublished\":\"2021-07-06T12:48:19+00:00\",\"dateModified\":\"2021-08-19T07:42:04+00:00\",\"breadcrumb\":{\"@id\":\"https:\\\/\\\/marunusa.hr\\\/sup\\\/#breadcrumb\"},\"inLanguage\":\"hr\",\"potentialAction\":[{\"@type\":\"ReadAction\",\"target\":[\"https:\\\/\\\/marunusa.hr\\\/sup\\\/\"]}]},{\"@type\":\"BreadcrumbList\",\"@id\":\"https:\\\/\\\/marunusa.hr\\\/sup\\\/#breadcrumb\",\"itemListElement\":[{\"@type\":\"ListItem\",\"position\":1,\"name\":\"Home\",\"item\":\"https:\\\/\\\/marunusa.hr\\\/hr\\\/\"},{\"@type\":\"ListItem\",\"position\":2,\"name\":\"SUP\"}]},{\"@type\":\"WebSite\",\"@id\":\"https:\\\/\\\/marunusa.hr\\\/#website\",\"url\":\"https:\\\/\\\/marunusa.hr\\\/\",\"name\":\"marunusa.hr\",\"description\":\"turisti\u010dka agencija\",\"potentialAction\":[{\"@type\":\"SearchAction\",\"target\":{\"@type\":\"EntryPoint\",\"urlTemplate\":\"https:\\\/\\\/marunusa.hr\\\/?s={search_term_string}\"},\"query-input\":{\"@type\":\"PropertyValueSpecification\",\"valueRequired\":true,\"valueName\":\"search_term_string\"}}],\"inLanguage\":\"hr\"}]}<\/script>\n<!-- \/ Yoast SEO plugin. -->","yoast_head_json":{"title":"SUP - marunusa.hr","robots":{"index":"index","follow":"follow","max-snippet":"max-snippet:-1","max-image-preview":"max-image-preview:large","max-video-preview":"max-video-preview:-1"},"canonical":"https:\/\/marunusa.hr\/hr\/sup\/","og_locale":"hr_HR","og_type":"article","og_title":"SUP - marunusa.hr","og_description":"Iznajmite SUP i do\u017eivite Knin iz druga\u010dije perspektive. Veslati \u0107ete gornjim tokom rijeke Krke, u\u017eivati u mirnoj vo\u017enji i glasanju cvr\u010daka. Imamo dvije opcije najma SUP-a: do 1h \/ do 3h. Za ostala pitanja obratite nam se na info@marunusa.hr SUPERBA SUPSUP na napuhavanje Du\u017eina: 305cm\u0160irina: 76cmDebljina: 15cmMaksimalna nosivost: 130kgTehnologija izrade: Guma (oja\u010dana konstrukcija dropstitch)Razina: po\u010detni [&hellip;]","og_url":"https:\/\/marunusa.hr\/hr\/sup\/","og_site_name":"marunusa.hr","article_modified_time":"2021-08-19T07:42:04+00:00","twitter_card":"summary_large_image","twitter_misc":{"Procijenjeno vrijeme \u010ditanja":"1 minuta"},"schema":{"@context":"https:\/\/schema.org","@graph":[{"@type":"WebPage","@id":"https:\/\/marunusa.hr\/sup\/","url":"https:\/\/marunusa.hr\/sup\/","name":"SUP - marunusa.hr","isPartOf":{"@id":"https:\/\/marunusa.hr\/#website"},"datePublished":"2021-07-06T12:48:19+00:00","dateModified":"2021-08-19T07:42:04+00:00","breadcrumb":{"@id":"https:\/\/marunusa.hr\/sup\/#breadcrumb"},"inLanguage":"hr","potentialAction":[{"@type":"ReadAction","target":["https:\/\/marunusa.hr\/sup\/"]}]},{"@type":"BreadcrumbList","@id":"https:\/\/marunusa.hr\/sup\/#breadcrumb","itemListElement":[{"@type":"ListItem","position":1,"name":"Home","item":"https:\/\/marunusa.hr\/hr\/"},{"@type":"ListItem","position":2,"name":"SUP"}]},{"@type":"WebSite","@id":"https:\/\/marunusa.hr\/#website","url":"https:\/\/marunusa.hr\/","name":"marunusa.hr","description":"turisti\u010dka agencija","potentialAction":[{"@type":"SearchAction","target":{"@type":"EntryPoint","urlTemplate":"https:\/\/marunusa.hr\/?s={search_term_string}"},"query-input":{"@type":"PropertyValueSpecification","valueRequired":true,"valueName":"search_term_string"}}],"inLanguage":"hr"}]}},"_links":{"self":[{"href":"https:\/\/marunusa.hr\/hr\/wp-json\/wp\/v2\/pages\/2268","targetHints":{"allow":["GET"]}}],"collection":[{"href":"https:\/\/marunusa.hr\/hr\/wp-json\/wp\/v2\/pages"}],"about":[{"href":"https:\/\/marunusa.hr\/hr\/wp-json\/wp\/v2\/types\/page"}],"author":[{"embeddable":true,"href":"https:\/\/marunusa.hr\/hr\/wp-json\/wp\/v2\/users\/1"}],"replies":[{"embeddable":true,"href":"https:\/\/marunusa.hr\/hr\/wp-json\/wp\/v2\/comments?post=2268"}],"version-history":[{"count":43,"href":"https:\/\/marunusa.hr\/hr\/wp-json\/wp\/v2\/pages\/2268\/revisions"}],"predecessor-version":[{"id":3887,"href":"https:\/\/marunusa.hr\/hr\/wp-json\/wp\/v2\/pages\/2268\/revisions\/3887"}],"wp:attachment":[{"href":"https:\/\/marunusa.hr\/hr\/wp-json\/wp\/v2\/media?parent=2268"}],"curies":[{"name":"wp","href":"https:\/\/api.w.org\/{rel}","templated":true}]}}