{"id":2265,"date":"2021-07-06T13:47:47","date_gmt":"2021-07-06T12:47:47","guid":{"rendered":"https:\/\/marunusa.hr\/?page_id=2265"},"modified":"2021-08-18T13:53:52","modified_gmt":"2021-08-18T12:53:52","slug":"gopro-hero9-black","status":"publish","type":"page","link":"https:\/\/marunusa.hr\/hr\/gopro-hero9-black\/","title":{"rendered":"GoPro HERO9 Black"},"content":{"rendered":"\t\t<div data-elementor-type=\"wp-page\" data-elementor-id=\"2265\" class=\"elementor elementor-2265\" data-elementor-post-type=\"page\">\n\t\t\t\t\t\t<section class=\"elementor-section elementor-top-section elementor-element elementor-element-d0100fe elementor-section-boxed elementor-section-height-default elementor-section-height-default\" data-id=\"d0100fe\" data-element_type=\"section\" data-settings=\"{&quot;background_background&quot;:&quot;classic&quot;}\">\n\t\t\t\t\t\t<div class=\"elementor-container elementor-column-gap-default\">\n\t\t\t\t\t<div class=\"elementor-column elementor-col-100 elementor-top-column elementor-element elementor-element-b60e3c9\" data-id=\"b60e3c9\" data-element_type=\"column\" data-settings=\"{&quot;background_background&quot;:&quot;classic&quot;,&quot;background_motion_fx_motion_fx_scrolling&quot;:&quot;yes&quot;,&quot;background_motion_fx_translateY_effect&quot;:&quot;yes&quot;,&quot;background_motion_fx_translateY_speed&quot;:{&quot;unit&quot;:&quot;px&quot;,&quot;size&quot;:4,&quot;sizes&quot;:[]},&quot;background_motion_fx_translateY_affectedRange&quot;:{&quot;unit&quot;:&quot;%&quot;,&quot;size&quot;:&quot;&quot;,&quot;sizes&quot;:{&quot;start&quot;:0,&quot;end&quot;:100}},&quot;background_motion_fx_devices&quot;:[&quot;desktop&quot;,&quot;tablet&quot;,&quot;mobile&quot;]}\">\n\t\t\t<div class=\"elementor-widget-wrap elementor-element-populated\">\n\t\t\t\t\t\t<div class=\"elementor-element elementor-element-0e65f6d elementor-widget elementor-widget-spacer\" data-id=\"0e65f6d\" data-element_type=\"widget\" data-widget_type=\"spacer.default\">\n\t\t\t\t<div class=\"elementor-widget-container\">\n\t\t\t\t\t\t\t<div class=\"elementor-spacer\">\n\t\t\t<div class=\"elementor-spacer-inner\"><\/div>\n\t\t<\/div>\n\t\t\t\t\t\t<\/div>\n\t\t\t\t<\/div>\n\t\t\t\t\t<\/div>\n\t\t<\/div>\n\t\t\t\t\t<\/div>\n\t\t<\/section>\n\t\t\t\t<section class=\"elementor-section elementor-top-section elementor-element elementor-element-93048a5 elementor-section-boxed elementor-section-height-default elementor-section-height-default\" data-id=\"93048a5\" data-element_type=\"section\">\n\t\t\t\t\t\t<div class=\"elementor-container elementor-column-gap-default\">\n\t\t\t\t\t<div class=\"elementor-column elementor-col-50 elementor-top-column elementor-element elementor-element-893b555\" data-id=\"893b555\" data-element_type=\"column\">\n\t\t\t<div class=\"elementor-widget-wrap elementor-element-populated\">\n\t\t\t\t\t\t<div class=\"elementor-element elementor-element-78521bb elementor-widget elementor-widget-text-editor\" data-id=\"78521bb\" data-element_type=\"widget\" data-widget_type=\"text-editor.default\">\n\t\t\t\t<div class=\"elementor-widget-container\">\n\t\t\t\t\t\t\t\t\t<p style=\"text-align: justify;\">Uhvatite svaki trenutak va\u0161e avanture bilo da ste na biciklu, gumenom \u010damcu, SUP-u, u \u0161etnji gradom ili jednostavno snimite \u0161to god \u017eelite. GoPro HERO9 Black dizajniran je za ekstremne uvjete, otporan na vodu i pra\u0161inu. Postoji mogu\u0107nost montiranja kamere na bicikl, gumeni \u010damac, SUP, prsa, kacigu, sportske i ostale rekvizite.<\/p>\n<p style=\"text-align: justify;\">Imamo dvije opcije najma GoPro HERO9 Black kamere: do 1h \/ do 24h.<\/p>\n<p style=\"text-align: justify;\">Za ostala pitanja obratite nam se na<span style=\"color: #14870e;\"><a style=\"color: #14870e;\" href=\"mailto:info@marunusa.hr\"> info@marunusa.hr<\/a><\/span><\/p>\t\t\t\t\t\t\t\t<\/div>\n\t\t\t\t<\/div>\n\t\t\t\t<div class=\"elementor-element elementor-element-a9a6196 elementor-widget elementor-widget-shortcode\" data-id=\"a9a6196\" data-element_type=\"widget\" data-widget_type=\"shortcode.default\">\n\t\t\t\t<div class=\"elementor-widget-container\">\n\t\t\t\t\t\t\t<div class=\"elementor-shortcode\">\n \n<div style=\"display: flex\">\n\n<iframe id=\"iFrameResizer1\"\nsrc=\"https:\/\/booking.ez-booker.com\/tour_details?site_id=9cf8ab11fb56aaef9972f18a3283800b&service_id=952&lang=hr&adults=1.\"\nstyle=\"border:none;width:1280px;height:1024px\"><\/iframe>\n\n<\/div>\n\n<script src=\"https:\/\/app.ez-booker.com\/secure\/js\/iframeResizer.js\"><\/script>\n\n<script>\niFrameResize();\n<\/script> \n<\/div>\n\t\t\t\t\t\t<\/div>\n\t\t\t\t<\/div>\n\t\t\t\t\t<\/div>\n\t\t<\/div>\n\t\t\t\t<div class=\"elementor-column elementor-col-50 elementor-top-column elementor-element elementor-element-80e91d2\" data-id=\"80e91d2\" data-element_type=\"column\" data-settings=\"{&quot;background_background&quot;:&quot;classic&quot;}\">\n\t\t\t<div class=\"elementor-widget-wrap elementor-element-populated\">\n\t\t\t\t\t\t<div class=\"elementor-element elementor-element-87a6eae elementor-widget elementor-widget-text-editor\" data-id=\"87a6eae\" data-element_type=\"widget\" data-widget_type=\"text-editor.default\">\n\t\t\t\t<div class=\"elementor-widget-container\">\n\t\t\t\t\t\t\t\t\t<p><strong>GOPRO HERO9 BLACK<\/strong><br \/><strong>Akcijska kamera<\/strong><\/p><p><strong>Na\u010dini rada:<\/strong> Fotografiranje \/ Video \/ Time Lapse<br \/><strong>Fotografiranje:<\/strong> 20MP<br \/><strong>Video:<\/strong> 5K 30fps, 4K 60fps<br \/><strong>Time Lapse:<\/strong> fotografiranje, video, no\u0107no fotografiranje, no\u0107ni video, TimeWarp 3.0 Video<\/p><ul><li>Hypersmooth 3.0<\/li><li>8x Slo-Mo<\/li><li>Glasovna kontrola<\/li><li>Superfotografija<\/li><li>Wi-Fi + Bluetooth\u00ae<\/li><\/ul>\t\t\t\t\t\t\t\t<\/div>\n\t\t\t\t<\/div>\n\t\t\t\t\t<\/div>\n\t\t<\/div>\n\t\t\t\t\t<\/div>\n\t\t<\/section>\n\t\t\t\t<\/div>\n\t\t","protected":false},"excerpt":{"rendered":"<p>Uhvatite svaki trenutak va\u0161e avanture bilo da ste na biciklu, gumenom \u010damcu, SUP-u, u \u0161etnji gradom ili jednostavno snimite \u0161to god \u017eelite. GoPro HERO9 Black dizajniran je za ekstremne uvjete, otporan na vodu i pra\u0161inu. Postoji mogu\u0107nost montiranja kamere na bicikl, gumeni \u010damac, SUP, prsa, kacigu, sportske i ostale rekvizite. Imamo dvije opcije najma GoPro [&hellip;]<\/p>\n","protected":false},"author":1,"featured_media":0,"parent":0,"menu_order":0,"comment_status":"closed","ping_status":"closed","template":"elementor_header_footer","meta":{"footnotes":""},"class_list":["post-2265","page","type-page","status-publish","hentry"],"yoast_head":"<!-- This site is optimized with the Yoast SEO plugin v27.4 - https:\/\/yoast.com\/product\/yoast-seo-wordpress\/ -->\n<title>GoPro HERO9 Black - marunusa.hr<\/title>\n<meta name=\"robots\" content=\"index, follow, max-snippet:-1, max-image-preview:large, max-video-preview:-1\" \/>\n<link rel=\"canonical\" href=\"https:\/\/marunusa.hr\/hr\/gopro-hero9-black\/\" \/>\n<meta property=\"og:locale\" content=\"hr_HR\" \/>\n<meta property=\"og:type\" content=\"article\" \/>\n<meta property=\"og:title\" content=\"GoPro HERO9 Black - marunusa.hr\" \/>\n<meta property=\"og:description\" content=\"Uhvatite svaki trenutak va\u0161e avanture bilo da ste na biciklu, gumenom \u010damcu, SUP-u, u \u0161etnji gradom ili jednostavno snimite \u0161to god \u017eelite. GoPro HERO9 Black dizajniran je za ekstremne uvjete, otporan na vodu i pra\u0161inu. Postoji mogu\u0107nost montiranja kamere na bicikl, gumeni \u010damac, SUP, prsa, kacigu, sportske i ostale rekvizite. Imamo dvije opcije najma GoPro [&hellip;]\" \/>\n<meta property=\"og:url\" content=\"https:\/\/marunusa.hr\/hr\/gopro-hero9-black\/\" \/>\n<meta property=\"og:site_name\" content=\"marunusa.hr\" \/>\n<meta property=\"article:modified_time\" content=\"2021-08-18T12:53:52+00:00\" \/>\n<meta name=\"twitter:card\" content=\"summary_large_image\" \/>\n<meta name=\"twitter:label1\" content=\"Procijenjeno vrijeme \u010ditanja\" \/>\n\t<meta name=\"twitter:data1\" content=\"1 minuta\" \/>\n<script type=\"application\/ld+json\" class=\"yoast-schema-graph\">{\"@context\":\"https:\\\/\\\/schema.org\",\"@graph\":[{\"@type\":\"WebPage\",\"@id\":\"https:\\\/\\\/marunusa.hr\\\/gopro-hero9-black\\\/\",\"url\":\"https:\\\/\\\/marunusa.hr\\\/gopro-hero9-black\\\/\",\"name\":\"GoPro HERO9 Black - marunusa.hr\",\"isPartOf\":{\"@id\":\"https:\\\/\\\/marunusa.hr\\\/#website\"},\"datePublished\":\"2021-07-06T12:47:47+00:00\",\"dateModified\":\"2021-08-18T12:53:52+00:00\",\"breadcrumb\":{\"@id\":\"https:\\\/\\\/marunusa.hr\\\/gopro-hero9-black\\\/#breadcrumb\"},\"inLanguage\":\"hr\",\"potentialAction\":[{\"@type\":\"ReadAction\",\"target\":[\"https:\\\/\\\/marunusa.hr\\\/gopro-hero9-black\\\/\"]}]},{\"@type\":\"BreadcrumbList\",\"@id\":\"https:\\\/\\\/marunusa.hr\\\/gopro-hero9-black\\\/#breadcrumb\",\"itemListElement\":[{\"@type\":\"ListItem\",\"position\":1,\"name\":\"Home\",\"item\":\"https:\\\/\\\/marunusa.hr\\\/hr\\\/\"},{\"@type\":\"ListItem\",\"position\":2,\"name\":\"GoPro HERO9 Black\"}]},{\"@type\":\"WebSite\",\"@id\":\"https:\\\/\\\/marunusa.hr\\\/#website\",\"url\":\"https:\\\/\\\/marunusa.hr\\\/\",\"name\":\"marunusa.hr\",\"description\":\"turisti\u010dka agencija\",\"potentialAction\":[{\"@type\":\"SearchAction\",\"target\":{\"@type\":\"EntryPoint\",\"urlTemplate\":\"https:\\\/\\\/marunusa.hr\\\/?s={search_term_string}\"},\"query-input\":{\"@type\":\"PropertyValueSpecification\",\"valueRequired\":true,\"valueName\":\"search_term_string\"}}],\"inLanguage\":\"hr\"}]}<\/script>\n<!-- \/ Yoast SEO plugin. -->","yoast_head_json":{"title":"GoPro HERO9 Black - marunusa.hr","robots":{"index":"index","follow":"follow","max-snippet":"max-snippet:-1","max-image-preview":"max-image-preview:large","max-video-preview":"max-video-preview:-1"},"canonical":"https:\/\/marunusa.hr\/hr\/gopro-hero9-black\/","og_locale":"hr_HR","og_type":"article","og_title":"GoPro HERO9 Black - marunusa.hr","og_description":"Uhvatite svaki trenutak va\u0161e avanture bilo da ste na biciklu, gumenom \u010damcu, SUP-u, u \u0161etnji gradom ili jednostavno snimite \u0161to god \u017eelite. GoPro HERO9 Black dizajniran je za ekstremne uvjete, otporan na vodu i pra\u0161inu. Postoji mogu\u0107nost montiranja kamere na bicikl, gumeni \u010damac, SUP, prsa, kacigu, sportske i ostale rekvizite. Imamo dvije opcije najma GoPro [&hellip;]","og_url":"https:\/\/marunusa.hr\/hr\/gopro-hero9-black\/","og_site_name":"marunusa.hr","article_modified_time":"2021-08-18T12:53:52+00:00","twitter_card":"summary_large_image","twitter_misc":{"Procijenjeno vrijeme \u010ditanja":"1 minuta"},"schema":{"@context":"https:\/\/schema.org","@graph":[{"@type":"WebPage","@id":"https:\/\/marunusa.hr\/gopro-hero9-black\/","url":"https:\/\/marunusa.hr\/gopro-hero9-black\/","name":"GoPro HERO9 Black - marunusa.hr","isPartOf":{"@id":"https:\/\/marunusa.hr\/#website"},"datePublished":"2021-07-06T12:47:47+00:00","dateModified":"2021-08-18T12:53:52+00:00","breadcrumb":{"@id":"https:\/\/marunusa.hr\/gopro-hero9-black\/#breadcrumb"},"inLanguage":"hr","potentialAction":[{"@type":"ReadAction","target":["https:\/\/marunusa.hr\/gopro-hero9-black\/"]}]},{"@type":"BreadcrumbList","@id":"https:\/\/marunusa.hr\/gopro-hero9-black\/#breadcrumb","itemListElement":[{"@type":"ListItem","position":1,"name":"Home","item":"https:\/\/marunusa.hr\/hr\/"},{"@type":"ListItem","position":2,"name":"GoPro HERO9 Black"}]},{"@type":"WebSite","@id":"https:\/\/marunusa.hr\/#website","url":"https:\/\/marunusa.hr\/","name":"marunusa.hr","description":"turisti\u010dka agencija","potentialAction":[{"@type":"SearchAction","target":{"@type":"EntryPoint","urlTemplate":"https:\/\/marunusa.hr\/?s={search_term_string}"},"query-input":{"@type":"PropertyValueSpecification","valueRequired":true,"valueName":"search_term_string"}}],"inLanguage":"hr"}]}},"_links":{"self":[{"href":"https:\/\/marunusa.hr\/hr\/wp-json\/wp\/v2\/pages\/2265","targetHints":{"allow":["GET"]}}],"collection":[{"href":"https:\/\/marunusa.hr\/hr\/wp-json\/wp\/v2\/pages"}],"about":[{"href":"https:\/\/marunusa.hr\/hr\/wp-json\/wp\/v2\/types\/page"}],"author":[{"embeddable":true,"href":"https:\/\/marunusa.hr\/hr\/wp-json\/wp\/v2\/users\/1"}],"replies":[{"embeddable":true,"href":"https:\/\/marunusa.hr\/hr\/wp-json\/wp\/v2\/comments?post=2265"}],"version-history":[{"count":68,"href":"https:\/\/marunusa.hr\/hr\/wp-json\/wp\/v2\/pages\/2265\/revisions"}],"predecessor-version":[{"id":3876,"href":"https:\/\/marunusa.hr\/hr\/wp-json\/wp\/v2\/pages\/2265\/revisions\/3876"}],"wp:attachment":[{"href":"https:\/\/marunusa.hr\/hr\/wp-json\/wp\/v2\/media?parent=2265"}],"curies":[{"name":"wp","href":"https:\/\/api.w.org\/{rel}","templated":true}]}}