{"id":19,"date":"2021-01-19T16:47:59","date_gmt":"2021-01-19T16:47:59","guid":{"rendered":"https:\/\/marunusa.hr\/?page_id=19"},"modified":"2023-12-07T14:53:54","modified_gmt":"2023-12-07T13:53:54","slug":"o-nama","status":"publish","type":"page","link":"https:\/\/marunusa.hr\/hr\/o-nama\/","title":{"rendered":"o nama"},"content":{"rendered":"\t\t<div data-elementor-type=\"wp-page\" data-elementor-id=\"19\" class=\"elementor elementor-19\" data-elementor-post-type=\"page\">\n\t\t\t\t\t\t<section class=\"elementor-section elementor-top-section elementor-element elementor-element-05ebb38 elementor-section-boxed elementor-section-height-default elementor-section-height-default\" data-id=\"05ebb38\" data-element_type=\"section\">\n\t\t\t\t\t\t<div class=\"elementor-container elementor-column-gap-default\">\n\t\t\t\t\t\t<\/div>\n\t\t<\/section>\n\t\t\t\t<section class=\"elementor-section elementor-top-section elementor-element elementor-element-ef0b275 elementor-section-boxed elementor-section-height-default elementor-section-height-default\" data-id=\"ef0b275\" data-element_type=\"section\">\n\t\t\t\t\t\t<div class=\"elementor-container elementor-column-gap-default\">\n\t\t\t\t\t<div class=\"elementor-column elementor-col-100 elementor-top-column elementor-element elementor-element-48eaa92\" data-id=\"48eaa92\" data-element_type=\"column\">\n\t\t\t<div class=\"elementor-widget-wrap elementor-element-populated\">\n\t\t\t\t\t\t<div class=\"elementor-element elementor-element-d22cc6e elementor-widget elementor-widget-spacer\" data-id=\"d22cc6e\" data-element_type=\"widget\" data-widget_type=\"spacer.default\">\n\t\t\t\t<div class=\"elementor-widget-container\">\n\t\t\t\t\t\t\t<div class=\"elementor-spacer\">\n\t\t\t<div class=\"elementor-spacer-inner\"><\/div>\n\t\t<\/div>\n\t\t\t\t\t\t<\/div>\n\t\t\t\t<\/div>\n\t\t\t\t\t<\/div>\n\t\t<\/div>\n\t\t\t\t\t<\/div>\n\t\t<\/section>\n\t\t\t\t<section class=\"elementor-section elementor-top-section elementor-element elementor-element-6b87d4d elementor-section-content-middle elementor-section-boxed elementor-section-height-default elementor-section-height-default\" data-id=\"6b87d4d\" data-element_type=\"section\">\n\t\t\t\t\t\t<div class=\"elementor-container elementor-column-gap-default\">\n\t\t\t\t\t<div class=\"elementor-column elementor-col-100 elementor-top-column elementor-element elementor-element-662f804\" data-id=\"662f804\" data-element_type=\"column\">\n\t\t\t<div class=\"elementor-widget-wrap elementor-element-populated\">\n\t\t\t\t\t\t<div class=\"elementor-element elementor-element-3fcb926 elementor-widget elementor-widget-heading\" data-id=\"3fcb926\" data-element_type=\"widget\" data-widget_type=\"heading.default\">\n\t\t\t\t<div class=\"elementor-widget-container\">\n\t\t\t\t\t<h2 class=\"elementor-heading-title elementor-size-default\">MARUNU\u0160A j.d.o.o<\/h2>\t\t\t\t<\/div>\n\t\t\t\t<\/div>\n\t\t\t\t<div class=\"elementor-element elementor-element-d1bf277 elementor-widget elementor-widget-text-editor\" data-id=\"d1bf277\" data-element_type=\"widget\" data-widget_type=\"text-editor.default\">\n\t\t\t\t<div class=\"elementor-widget-container\">\n\t\t\t\t\t\t\t\t\t<p>je dru\u0161tveno poduze\u0107e koje je osnovala Ekolo\u0161ka udruga &#8220;Krka&#8221; Knin 2013. godine.<\/p>\t\t\t\t\t\t\t\t<\/div>\n\t\t\t\t<\/div>\n\t\t\t\t\t<\/div>\n\t\t<\/div>\n\t\t\t\t\t<\/div>\n\t\t<\/section>\n\t\t\t\t<section class=\"elementor-section elementor-top-section elementor-element elementor-element-f8a7a3b elementor-section-boxed elementor-section-height-default elementor-section-height-default\" data-id=\"f8a7a3b\" data-element_type=\"section\">\n\t\t\t\t\t\t<div class=\"elementor-container elementor-column-gap-default\">\n\t\t\t\t\t<div class=\"elementor-column elementor-col-100 elementor-top-column elementor-element elementor-element-b994ae3\" data-id=\"b994ae3\" data-element_type=\"column\">\n\t\t\t<div class=\"elementor-widget-wrap elementor-element-populated\">\n\t\t\t\t\t\t<div class=\"elementor-element elementor-element-b2ced8d elementor-widget elementor-widget-text-editor\" data-id=\"b2ced8d\" data-element_type=\"widget\" data-widget_type=\"text-editor.default\">\n\t\t\t\t<div class=\"elementor-widget-container\">\n\t\t\t\t\t\t\t\t\t<p>2018. godine MARUNU\u0160A j.d.o.o. izabrana je me\u0111u 5 najboljih hrvatskih dru\u0161tvenih poduze\u0107a sa projektom pokretanja turisti\u010dke agencije za promociju prirodne i kulture ba\u0161tine grada Knina i okolice.<\/p><p>Od 17.09.2020. do 17.03.2023. je tvrtka nositelj projekta &#8220;Eko dru\u0161tveni poduzetnici&#8221; te djeluje kao turisti\u010dka agencija.<br \/>Na osnivanje turisti\u010dke agencije odlu\u010dili smo se prvenstveno zbog ljubavi prema na\u0161em gradu i njegovim prirodnim ljepotama.<\/p><p>Grad Knin okru\u017een je sa 7 rijeka i 9 planina, a upravo ova fascinantna prirodna obilje\u017eja potaknula su nas na bavljenje aktivnim i pustolovnim turizmom. Geomorfolo\u0161ka obilje\u017eja na\u0161eg kraja daju nam komparativnu prednost za razvoj ove vrste turizma, tako u na\u0161oj ponudi mo\u017eete na\u0107i kajaking, veslanje na dasci, biciklizam, planinarenje i jahanje, a paletu na\u0161ih usluga konstantno \u0107emo \u0161iriti. Ne\u0107emo zanemariti niti agroturizam koji posljednjih godina do\u017eivljava procvat u okolici Knina. Na\u0161e usluge spoj su avanture, kontakta s prirodom, kulturnih bogatstava, okusa i mirisa na\u0161ega kraja kreirane i za najizbirljivije korisnike.<\/p><p>Kontaktirajte nas i zatra\u017eite svoju ponudu, autenti\u010dni do\u017eivljaj sigurno ne\u0107e izostati.<\/p>\t\t\t\t\t\t\t\t<\/div>\n\t\t\t\t<\/div>\n\t\t\t\t\t<\/div>\n\t\t<\/div>\n\t\t\t\t\t<\/div>\n\t\t<\/section>\n\t\t\t\t<section class=\"elementor-section elementor-top-section elementor-element elementor-element-48951c0 elementor-section-boxed elementor-section-height-default elementor-section-height-default\" data-id=\"48951c0\" data-element_type=\"section\">\n\t\t\t\t\t\t<div class=\"elementor-container elementor-column-gap-default\">\n\t\t\t\t\t<div class=\"elementor-column elementor-col-100 elementor-top-column elementor-element elementor-element-e0355c3\" data-id=\"e0355c3\" data-element_type=\"column\">\n\t\t\t<div class=\"elementor-widget-wrap elementor-element-populated\">\n\t\t\t\t\t\t<div class=\"elementor-element elementor-element-5abe2be elementor-widget-divider--view-line elementor-widget elementor-widget-divider\" data-id=\"5abe2be\" data-element_type=\"widget\" data-widget_type=\"divider.default\">\n\t\t\t\t<div class=\"elementor-widget-container\">\n\t\t\t\t\t\t\t<div class=\"elementor-divider\">\n\t\t\t<span class=\"elementor-divider-separator\">\n\t\t\t\t\t\t<\/span>\n\t\t<\/div>\n\t\t\t\t\t\t<\/div>\n\t\t\t\t<\/div>\n\t\t\t\t\t<\/div>\n\t\t<\/div>\n\t\t\t\t\t<\/div>\n\t\t<\/section>\n\t\t\t\t<section class=\"elementor-section elementor-top-section elementor-element elementor-element-d035def elementor-section-boxed elementor-section-height-default elementor-section-height-default\" data-id=\"d035def\" data-element_type=\"section\" data-settings=\"{&quot;background_background&quot;:&quot;classic&quot;}\">\n\t\t\t\t\t\t<div class=\"elementor-container elementor-column-gap-default\">\n\t\t\t\t\t<div class=\"elementor-column elementor-col-100 elementor-top-column elementor-element elementor-element-a46ca14\" data-id=\"a46ca14\" data-element_type=\"column\" data-settings=\"{&quot;background_background&quot;:&quot;classic&quot;}\">\n\t\t\t<div class=\"elementor-widget-wrap elementor-element-populated\">\n\t\t\t\t\t\t<div class=\"elementor-element elementor-element-6bfae1a elementor-widget elementor-widget-heading\" data-id=\"6bfae1a\" data-element_type=\"widget\" data-widget_type=\"heading.default\">\n\t\t\t\t<div class=\"elementor-widget-container\">\n\t\t\t\t\t<h2 class=\"elementor-heading-title elementor-size-default\">OP\u0106E INFORMACIJE O NAMA<\/h2>\t\t\t\t<\/div>\n\t\t\t\t<\/div>\n\t\t\t\t<div class=\"elementor-element elementor-element-435ba26 elementor-widget elementor-widget-text-editor\" data-id=\"435ba26\" data-element_type=\"widget\" data-widget_type=\"text-editor.default\">\n\t\t\t\t<div class=\"elementor-widget-container\">\n\t\t\t\t\t\t\t\t\t<p class=\"Normal tm5\"><strong><span class=\"tm6\">TVRTKA \/ NAZIV: <\/span><\/strong><span class=\"tm6\">MARUNU\u0160A jednostavno dru\u0161tvo s ograni\u010denom odgovorno\u0161\u0107u za proizvodnju, trgovinu, usluge i turisti\u010dka agencija<\/span><\/p><p class=\"Normal tm5\"><strong><span class=\"tm6\">SJEDI\u0160TE: <\/span><\/strong><span class=\"tm6\">Drni\u0161ka cesta 2\/b, 22300 Knin<\/span><\/p><p class=\"Normal tm5\"><strong><span class=\"tm6\">TEMELJNI KAPITAL: <\/span><\/strong><span class=\"tm6\">10,00 HRK<\/span><\/p><p class=\"Normal tm5\"><strong><span class=\"tm6\">UPRAVA: <\/span><\/strong><span class=\"tm6\">Sre\u010dko Kmeti\u010d, \u010dlan uprave, direktor, zastupa dru\u0161tvo pojedina\u010dno i samostalno<\/span><\/p><p class=\"Normal tm5\"><strong><span class=\"tm6\">E \u2013 MAIL: <\/span><\/strong><span style=\"color: #16638a;\"><u><a style=\"color: #16638a;\" href=\"mailto:info@marunusa.hr\"><span class=\"tm7\">info@marunusa.hr<\/span><\/a><\/u><\/span><\/p><p class=\"Normal tm5\"><strong><span class=\"tm6\">WEB: <\/span><\/strong><span style=\"color: #16638a;\"><u><a style=\"color: #16638a;\" href=\"https:\/\/marunusa.hr\"><span class=\"tm7\">https:\/\/marunusa.hr<\/span><\/a><\/u><\/span><\/p><p class=\"Normal tm5\"><strong><span class=\"tm6\">RADNO VRIJEME: <\/span><\/strong><span class=\"tm6\">Ponedjeljak &#8211; Petak 08:00h \u2013 16:00h, Subota i Nedjelja 09:00h \u2013 13:00h.<\/span><\/p><p class=\"Normal tm5\"><strong><span class=\"tm6\">REGISTAR: <\/span><\/strong><span class=\"tm6\">Sudski registar Trgova\u010dkog suda u Zadru \u2013 stalna slu\u017eba u \u0160ibeniku, MBS: 110036398<\/span><\/p><p class=\"Normal tm5\"><strong><span class=\"tm6\">BANKOVNI RA\u010cUN: <\/span><\/strong><span class=\"tm6\">IBAN: HR66 2402006 11006919844 kod Erste&amp;Steierm\u00e4rkische Bank d.d., SWIFT: ESBCHR22<\/span><\/p><p class=\"Normal tm5\"><strong><span class=\"tm6\">NADLE\u017dNO TIJELO ZA NADZOR: <\/span><\/strong><span class=\"tm6\">Dr\u017eavni inspektorat Republike Hrvatske \u2013 Turisti\u010dka inspekcija, \u0160ubi\u0107eva ulica 29, 10000 Zagreb<\/span><\/p><p class=\"Normal tm5\"><strong><span class=\"tm6\">OP\u0106I UVJETI POSLOVANJA: <\/span><\/strong><span class=\"Footnote_Reference\">Za paket-aran\u017emane u kojima nastupamo u svojstvu organizatora putovanja na\u0161a ovla\u0161tenja utvr\u0111ena su Zakonom o pru\u017eanju usluga u turizmu, a na\u0161i Op\u0107i uvjeti poslovanja dostupni su <\/span><span style=\"text-decoration: underline;\"><span style=\"color: #ffa200;\"><a style=\"color: #ffa200; text-decoration: underline;\" href=\"http:\/\/marunusa.hr\/dokumenti\/Opci-uvjeti-za-paket-aranzmane.pdf\"><span class=\"Footnote_Reference\"><span style=\"color: #086387; text-decoration: underline;\">ovdje<\/span><\/span><\/a><\/span><\/span><span class=\"Footnote_Reference\">.\u00a0<\/span><\/p><p class=\"Normal tm5\"><strong><span class=\"tm6\">PODNO\u0160ENJE PRIGOVORA: <\/span><\/strong><span class=\"Footnote_Reference\">Eventualno nezadovoljstvo pru\u017eenom uslugom klijenti mogu iskazati prigovorom u pisanoj formi osobno u prostorijama agencije ili putem preporu\u010dene po\u0161te, telefaksa ili elektroni\u010dke po\u0161te na gore navedene adrese\/brojeve. Postupak rje\u0161avanja prigovora opisan je u na\u0161im Op\u0107im uvjetima poslovanja dostupnima <\/span><span style=\"text-decoration: underline;\"><span style=\"color: #ffa200;\"><a style=\"color: #ffa200; text-decoration: underline;\" href=\"http:\/\/marunusa.hr\/dokumenti\/Opci-uvjeti-za-paket-aranzmane.pdf\"><span class=\"Footnote_Reference\"><span style=\"color: #086387; text-decoration: underline;\">ovdje<\/span><\/span><\/a><\/span><\/span><span class=\"Footnote_Reference\">.<\/span><\/p><p class=\"Normal\">\u00a0<\/p>\t\t\t\t\t\t\t\t<\/div>\n\t\t\t\t<\/div>\n\t\t\t\t\t<\/div>\n\t\t<\/div>\n\t\t\t\t\t<\/div>\n\t\t<\/section>\n\t\t\t\t<\/div>\n\t\t","protected":false},"excerpt":{"rendered":"<p>MARUNU\u0160A j.d.o.o je dru\u0161tveno poduze\u0107e koje je osnovala Ekolo\u0161ka udruga &#8220;Krka&#8221; Knin 2013. godine. 2018. godine MARUNU\u0160A j.d.o.o. izabrana je me\u0111u 5 najboljih hrvatskih dru\u0161tvenih poduze\u0107a sa projektom pokretanja turisti\u010dke agencije za promociju prirodne i kulture ba\u0161tine grada Knina i okolice. Od 17.09.2020. do 17.03.2023. je tvrtka nositelj projekta &#8220;Eko dru\u0161tveni poduzetnici&#8221; te djeluje kao [&hellip;]<\/p>\n","protected":false},"author":1,"featured_media":0,"parent":0,"menu_order":0,"comment_status":"closed","ping_status":"closed","template":"elementor_header_footer","meta":{"footnotes":""},"class_list":["post-19","page","type-page","status-publish","hentry"],"yoast_head":"<!-- This site is optimized with the Yoast SEO plugin v27.4 - https:\/\/yoast.com\/product\/yoast-seo-wordpress\/ -->\n<title>o nama - marunusa.hr<\/title>\n<meta name=\"robots\" content=\"index, follow, max-snippet:-1, max-image-preview:large, max-video-preview:-1\" \/>\n<link rel=\"canonical\" href=\"https:\/\/marunusa.hr\/hr\/o-nama\/\" \/>\n<meta property=\"og:locale\" content=\"hr_HR\" \/>\n<meta property=\"og:type\" content=\"article\" \/>\n<meta property=\"og:title\" content=\"o nama - marunusa.hr\" \/>\n<meta property=\"og:description\" content=\"MARUNU\u0160A j.d.o.o je dru\u0161tveno poduze\u0107e koje je osnovala Ekolo\u0161ka udruga &#8220;Krka&#8221; Knin 2013. godine. 2018. godine MARUNU\u0160A j.d.o.o. izabrana je me\u0111u 5 najboljih hrvatskih dru\u0161tvenih poduze\u0107a sa projektom pokretanja turisti\u010dke agencije za promociju prirodne i kulture ba\u0161tine grada Knina i okolice. Od 17.09.2020. do 17.03.2023. je tvrtka nositelj projekta &#8220;Eko dru\u0161tveni poduzetnici&#8221; te djeluje kao [&hellip;]\" \/>\n<meta property=\"og:url\" content=\"https:\/\/marunusa.hr\/hr\/o-nama\/\" \/>\n<meta property=\"og:site_name\" content=\"marunusa.hr\" \/>\n<meta property=\"article:modified_time\" content=\"2023-12-07T13:53:54+00:00\" \/>\n<meta name=\"twitter:card\" content=\"summary_large_image\" \/>\n<meta name=\"twitter:label1\" content=\"Procijenjeno vrijeme \u010ditanja\" \/>\n\t<meta name=\"twitter:data1\" content=\"2 minute\" \/>\n<script type=\"application\/ld+json\" class=\"yoast-schema-graph\">{\"@context\":\"https:\\\/\\\/schema.org\",\"@graph\":[{\"@type\":\"WebPage\",\"@id\":\"https:\\\/\\\/marunusa.hr\\\/hr\\\/o-nama\\\/\",\"url\":\"https:\\\/\\\/marunusa.hr\\\/hr\\\/o-nama\\\/\",\"name\":\"o nama - marunusa.hr\",\"isPartOf\":{\"@id\":\"https:\\\/\\\/marunusa.hr\\\/#website\"},\"datePublished\":\"2021-01-19T16:47:59+00:00\",\"dateModified\":\"2023-12-07T13:53:54+00:00\",\"breadcrumb\":{\"@id\":\"https:\\\/\\\/marunusa.hr\\\/hr\\\/o-nama\\\/#breadcrumb\"},\"inLanguage\":\"hr\",\"potentialAction\":[{\"@type\":\"ReadAction\",\"target\":[\"https:\\\/\\\/marunusa.hr\\\/hr\\\/o-nama\\\/\"]}]},{\"@type\":\"BreadcrumbList\",\"@id\":\"https:\\\/\\\/marunusa.hr\\\/hr\\\/o-nama\\\/#breadcrumb\",\"itemListElement\":[{\"@type\":\"ListItem\",\"position\":1,\"name\":\"Home\",\"item\":\"https:\\\/\\\/marunusa.hr\\\/hr\\\/\"},{\"@type\":\"ListItem\",\"position\":2,\"name\":\"o nama\"}]},{\"@type\":\"WebSite\",\"@id\":\"https:\\\/\\\/marunusa.hr\\\/#website\",\"url\":\"https:\\\/\\\/marunusa.hr\\\/\",\"name\":\"marunusa.hr\",\"description\":\"turisti\u010dka agencija\",\"potentialAction\":[{\"@type\":\"SearchAction\",\"target\":{\"@type\":\"EntryPoint\",\"urlTemplate\":\"https:\\\/\\\/marunusa.hr\\\/?s={search_term_string}\"},\"query-input\":{\"@type\":\"PropertyValueSpecification\",\"valueRequired\":true,\"valueName\":\"search_term_string\"}}],\"inLanguage\":\"hr\"}]}<\/script>\n<!-- \/ Yoast SEO plugin. -->","yoast_head_json":{"title":"o nama - marunusa.hr","robots":{"index":"index","follow":"follow","max-snippet":"max-snippet:-1","max-image-preview":"max-image-preview:large","max-video-preview":"max-video-preview:-1"},"canonical":"https:\/\/marunusa.hr\/hr\/o-nama\/","og_locale":"hr_HR","og_type":"article","og_title":"o nama - marunusa.hr","og_description":"MARUNU\u0160A j.d.o.o je dru\u0161tveno poduze\u0107e koje je osnovala Ekolo\u0161ka udruga &#8220;Krka&#8221; Knin 2013. godine. 2018. godine MARUNU\u0160A j.d.o.o. izabrana je me\u0111u 5 najboljih hrvatskih dru\u0161tvenih poduze\u0107a sa projektom pokretanja turisti\u010dke agencije za promociju prirodne i kulture ba\u0161tine grada Knina i okolice. Od 17.09.2020. do 17.03.2023. je tvrtka nositelj projekta &#8220;Eko dru\u0161tveni poduzetnici&#8221; te djeluje kao [&hellip;]","og_url":"https:\/\/marunusa.hr\/hr\/o-nama\/","og_site_name":"marunusa.hr","article_modified_time":"2023-12-07T13:53:54+00:00","twitter_card":"summary_large_image","twitter_misc":{"Procijenjeno vrijeme \u010ditanja":"2 minute"},"schema":{"@context":"https:\/\/schema.org","@graph":[{"@type":"WebPage","@id":"https:\/\/marunusa.hr\/hr\/o-nama\/","url":"https:\/\/marunusa.hr\/hr\/o-nama\/","name":"o nama - marunusa.hr","isPartOf":{"@id":"https:\/\/marunusa.hr\/#website"},"datePublished":"2021-01-19T16:47:59+00:00","dateModified":"2023-12-07T13:53:54+00:00","breadcrumb":{"@id":"https:\/\/marunusa.hr\/hr\/o-nama\/#breadcrumb"},"inLanguage":"hr","potentialAction":[{"@type":"ReadAction","target":["https:\/\/marunusa.hr\/hr\/o-nama\/"]}]},{"@type":"BreadcrumbList","@id":"https:\/\/marunusa.hr\/hr\/o-nama\/#breadcrumb","itemListElement":[{"@type":"ListItem","position":1,"name":"Home","item":"https:\/\/marunusa.hr\/hr\/"},{"@type":"ListItem","position":2,"name":"o nama"}]},{"@type":"WebSite","@id":"https:\/\/marunusa.hr\/#website","url":"https:\/\/marunusa.hr\/","name":"marunusa.hr","description":"turisti\u010dka agencija","potentialAction":[{"@type":"SearchAction","target":{"@type":"EntryPoint","urlTemplate":"https:\/\/marunusa.hr\/?s={search_term_string}"},"query-input":{"@type":"PropertyValueSpecification","valueRequired":true,"valueName":"search_term_string"}}],"inLanguage":"hr"}]}},"_links":{"self":[{"href":"https:\/\/marunusa.hr\/hr\/wp-json\/wp\/v2\/pages\/19","targetHints":{"allow":["GET"]}}],"collection":[{"href":"https:\/\/marunusa.hr\/hr\/wp-json\/wp\/v2\/pages"}],"about":[{"href":"https:\/\/marunusa.hr\/hr\/wp-json\/wp\/v2\/types\/page"}],"author":[{"embeddable":true,"href":"https:\/\/marunusa.hr\/hr\/wp-json\/wp\/v2\/users\/1"}],"replies":[{"embeddable":true,"href":"https:\/\/marunusa.hr\/hr\/wp-json\/wp\/v2\/comments?post=19"}],"version-history":[{"count":305,"href":"https:\/\/marunusa.hr\/hr\/wp-json\/wp\/v2\/pages\/19\/revisions"}],"predecessor-version":[{"id":6139,"href":"https:\/\/marunusa.hr\/hr\/wp-json\/wp\/v2\/pages\/19\/revisions\/6139"}],"wp:attachment":[{"href":"https:\/\/marunusa.hr\/hr\/wp-json\/wp\/v2\/media?parent=19"}],"curies":[{"name":"wp","href":"https:\/\/api.w.org\/{rel}","templated":true}]}}