{"id":764,"date":"2021-02-16T15:22:01","date_gmt":"2021-02-16T14:22:01","guid":{"rendered":"https:\/\/marunusa.hr\/?page_id=764"},"modified":"2021-07-22T12:32:40","modified_gmt":"2021-07-22T11:32:40","slug":"teambuilding","status":"publish","type":"page","link":"https:\/\/marunusa.hr\/en\/teambuilding\/","title":{"rendered":"TEAMBUILDING"},"content":{"rendered":"<div data-elementor-type=\"wp-page\" data-elementor-id=\"764\" class=\"elementor elementor-764\" data-elementor-post-type=\"page\">\n\t\t\t\t\t\t<section class=\"elementor-section elementor-top-section elementor-element elementor-element-64405d6 elementor-section-boxed elementor-section-height-default elementor-section-height-default\" data-id=\"64405d6\" data-element_type=\"section\">\n\t\t\t\t\t\t<div class=\"elementor-container elementor-column-gap-default\">\n\t\t\t\t\t<div class=\"elementor-column elementor-col-100 elementor-top-column elementor-element elementor-element-fa7b4e9\" data-id=\"fa7b4e9\" data-element_type=\"column\">\n\t\t\t<div class=\"elementor-widget-wrap elementor-element-populated\">\n\t\t\t\t\t\t<div class=\"elementor-element elementor-element-316dd15 elementor-widget elementor-widget-spacer\" data-id=\"316dd15\" data-element_type=\"widget\" data-widget_type=\"spacer.default\">\n\t\t\t\t<div class=\"elementor-widget-container\">\n\t\t\t\t\t\t\t<div class=\"elementor-spacer\">\n\t\t\t<div class=\"elementor-spacer-inner\"><\/div>\n\t\t<\/div>\n\t\t\t\t\t\t<\/div>\n\t\t\t\t<\/div>\n\t\t\t\t\t<\/div>\n\t\t<\/div>\n\t\t\t\t\t<\/div>\n\t\t<\/section>\n\t\t\t\t<section class=\"elementor-section elementor-top-section elementor-element elementor-element-0b19d61 elementor-section-full_width elementor-section-height-default elementor-section-height-default\" data-id=\"0b19d61\" data-element_type=\"section\">\n\t\t\t\t\t\t<div class=\"elementor-container elementor-column-gap-default\">\n\t\t\t\t\t<div class=\"elementor-column elementor-col-100 elementor-top-column elementor-element elementor-element-bdc3553\" data-id=\"bdc3553\" data-element_type=\"column\">\n\t\t\t<div class=\"elementor-widget-wrap elementor-element-populated\">\n\t\t\t\t\t\t<section class=\"elementor-section elementor-inner-section elementor-element elementor-element-28cd693 elementor-section-content-bottom elementor-section-boxed elementor-section-height-default elementor-section-height-default\" data-id=\"28cd693\" data-element_type=\"section\">\n\t\t\t\t\t\t<div class=\"elementor-container elementor-column-gap-default\">\n\t\t\t\t\t<div class=\"elementor-column elementor-col-50 elementor-inner-column elementor-element elementor-element-3f76df5\" data-id=\"3f76df5\" data-element_type=\"column\">\n\t\t\t<div class=\"elementor-widget-wrap elementor-element-populated\">\n\t\t\t\t\t\t<div class=\"elementor-element elementor-element-33a547a elementor-widget elementor-widget-heading\" data-id=\"33a547a\" data-element_type=\"widget\" data-widget_type=\"heading.default\">\n\t\t\t\t<div class=\"elementor-widget-container\">\n\t\t\t\t\t<h2 class=\"elementor-heading-title elementor-size-default\">TEAMBUILDING<\/h2>\t\t\t\t<\/div>\n\t\t\t\t<\/div>\n\t\t\t\t<div class=\"elementor-element elementor-element-e4af37d elementor-widget elementor-widget-text-editor\" data-id=\"e4af37d\" data-element_type=\"widget\" data-widget_type=\"text-editor.default\">\n\t\t\t\t<div class=\"elementor-widget-container\">\n\t\t\t\t\t\t\t\t\t<p style=\"font-weight: 400;\">Using Knin's and its surroundings natural resources, with our knowledge and experience, we are specialized in adventure teambuilding activities. Your teambuilding can also take place indoors. Provide your employees productive and interesting teambuilding using one, combining several services from our offer or choose a tailor-made program in which we fully adapt to the client's needs.<\/p><p style=\"font-weight: 400;\">We approach each group individually. We listen to your wishes, and suggest activities according to the results you want to achieve. Companies use teambuilding programs to build trust among colleagues, reduce conflicts, encourage communication and improve collaboration.<\/p><p style=\"font-weight: 400;\">Choose Knin as the location of your teambuilding and enjoy the city that is just experiencing its tourist boom.<\/p>\t\t\t\t\t\t\t\t<\/div>\n\t\t\t\t<\/div>\n\t\t\t\t\t<\/div>\n\t\t<\/div>\n\t\t\t\t<div class=\"elementor-column elementor-col-50 elementor-inner-column elementor-element elementor-element-2432506\" data-id=\"2432506\" data-element_type=\"column\">\n\t\t\t<div class=\"elementor-widget-wrap elementor-element-populated\">\n\t\t\t\t\t\t<div class=\"elementor-element elementor-element-fb30977 elementor-widget elementor-widget-image\" data-id=\"fb30977\" data-element_type=\"widget\" data-widget_type=\"image.default\">\n\t\t\t\t<div class=\"elementor-widget-container\">\n\t\t\t\t\t\t\t\t\t\t\t\t\t\t\t<img fetchpriority=\"high\" decoding=\"async\" width=\"1041\" height=\"621\" src=\"https:\/\/marunusa.hr\/wp-content\/uploads\/2021\/05\/teambuilding.png\" class=\"attachment-full size-full wp-image-1420\" alt=\"\" srcset=\"https:\/\/marunusa.hr\/wp-content\/uploads\/2021\/05\/teambuilding.png 1041w, https:\/\/marunusa.hr\/wp-content\/uploads\/2021\/05\/teambuilding-300x179.png 300w, https:\/\/marunusa.hr\/wp-content\/uploads\/2021\/05\/teambuilding-1024x611.png 1024w, https:\/\/marunusa.hr\/wp-content\/uploads\/2021\/05\/teambuilding-768x458.png 768w\" sizes=\"(max-width: 1041px) 100vw, 1041px\" \/>\t\t\t\t\t\t\t\t\t\t\t\t\t\t\t<\/div>\n\t\t\t\t<\/div>\n\t\t\t\t\t<\/div>\n\t\t<\/div>\n\t\t\t\t\t<\/div>\n\t\t<\/section>\n\t\t\t\t\t<\/div>\n\t\t<\/div>\n\t\t\t\t\t<\/div>\n\t\t<\/section>\n\t\t\t\t<\/div>","protected":false},"excerpt":{"rendered":"<p>TEAMBUILDING Koriste\u0107i prirodne resurse grada Knina i okolice, uz na\u0161e znanje i iskustvo, specijalizirani smo za pustolovne teambuilding aktivnosti, a mo\u017eemo vam ponuditi i teambuilding u zatvorenom prostoru. Omogu\u0107ite svojim zaposlenicima produktivan i zanimljiv teambuilding koriste\u0107i jednu, kombiniraju\u0107i vi\u0161e usluga iz na\u0161e ponude ili izaberite program izra\u0111en po mjeri u kojem se u potpunosti prilago\u0111avamo [&hellip;]<\/p>","protected":false},"author":1,"featured_media":0,"parent":0,"menu_order":0,"comment_status":"closed","ping_status":"closed","template":"elementor_header_footer","meta":{"footnotes":""},"class_list":["post-764","page","type-page","status-publish","hentry"],"yoast_head":"<!-- This site is optimized with the Yoast SEO plugin v27.4 - https:\/\/yoast.com\/product\/yoast-seo-wordpress\/ -->\n<title>teambuilding - marunusa.hr<\/title>\n<meta name=\"robots\" content=\"index, follow, max-snippet:-1, max-image-preview:large, max-video-preview:-1\" \/>\n<link rel=\"canonical\" href=\"https:\/\/marunusa.hr\/en\/teambuilding\/\" \/>\n<meta property=\"og:locale\" content=\"en_US\" \/>\n<meta property=\"og:type\" content=\"article\" \/>\n<meta property=\"og:title\" content=\"teambuilding - marunusa.hr\" \/>\n<meta property=\"og:description\" content=\"TEAMBUILDING Koriste\u0107i prirodne resurse grada Knina i okolice, uz na\u0161e znanje i iskustvo, specijalizirani smo za pustolovne teambuilding aktivnosti, a mo\u017eemo vam ponuditi i teambuilding u zatvorenom prostoru. Omogu\u0107ite svojim zaposlenicima produktivan i zanimljiv teambuilding koriste\u0107i jednu, kombiniraju\u0107i vi\u0161e usluga iz na\u0161e ponude ili izaberite program izra\u0111en po mjeri u kojem se u potpunosti prilago\u0111avamo [&hellip;]\" \/>\n<meta property=\"og:url\" content=\"https:\/\/marunusa.hr\/en\/teambuilding\/\" \/>\n<meta property=\"og:site_name\" content=\"marunusa.hr\" \/>\n<meta property=\"article:modified_time\" content=\"2021-07-22T11:32:40+00:00\" \/>\n<meta property=\"og:image\" content=\"https:\/\/marunusa.hr\/wp-content\/uploads\/2021\/05\/teambuilding.png\" \/>\n<meta name=\"twitter:card\" content=\"summary_large_image\" \/>\n<meta name=\"twitter:label1\" content=\"Est. reading time\" \/>\n\t<meta name=\"twitter:data1\" content=\"1 minute\" \/>\n<script type=\"application\/ld+json\" class=\"yoast-schema-graph\">{\"@context\":\"https:\\\/\\\/schema.org\",\"@graph\":[{\"@type\":\"WebPage\",\"@id\":\"https:\\\/\\\/marunusa.hr\\\/hr\\\/teambuilding\\\/\",\"url\":\"https:\\\/\\\/marunusa.hr\\\/hr\\\/teambuilding\\\/\",\"name\":\"teambuilding - marunusa.hr\",\"isPartOf\":{\"@id\":\"https:\\\/\\\/marunusa.hr\\\/#website\"},\"primaryImageOfPage\":{\"@id\":\"https:\\\/\\\/marunusa.hr\\\/hr\\\/teambuilding\\\/#primaryimage\"},\"image\":{\"@id\":\"https:\\\/\\\/marunusa.hr\\\/hr\\\/teambuilding\\\/#primaryimage\"},\"thumbnailUrl\":\"https:\\\/\\\/marunusa.hr\\\/wp-content\\\/uploads\\\/2021\\\/05\\\/teambuilding.png\",\"datePublished\":\"2021-02-16T14:22:01+00:00\",\"dateModified\":\"2021-07-22T11:32:40+00:00\",\"breadcrumb\":{\"@id\":\"https:\\\/\\\/marunusa.hr\\\/hr\\\/teambuilding\\\/#breadcrumb\"},\"inLanguage\":\"en-US\",\"potentialAction\":[{\"@type\":\"ReadAction\",\"target\":[\"https:\\\/\\\/marunusa.hr\\\/hr\\\/teambuilding\\\/\"]}]},{\"@type\":\"ImageObject\",\"inLanguage\":\"en-US\",\"@id\":\"https:\\\/\\\/marunusa.hr\\\/hr\\\/teambuilding\\\/#primaryimage\",\"url\":\"https:\\\/\\\/marunusa.hr\\\/wp-content\\\/uploads\\\/2021\\\/05\\\/teambuilding.png\",\"contentUrl\":\"https:\\\/\\\/marunusa.hr\\\/wp-content\\\/uploads\\\/2021\\\/05\\\/teambuilding.png\"},{\"@type\":\"BreadcrumbList\",\"@id\":\"https:\\\/\\\/marunusa.hr\\\/hr\\\/teambuilding\\\/#breadcrumb\",\"itemListElement\":[{\"@type\":\"ListItem\",\"position\":1,\"name\":\"Home\",\"item\":\"https:\\\/\\\/marunusa.hr\\\/hr\\\/\"},{\"@type\":\"ListItem\",\"position\":2,\"name\":\"teambuilding\"}]},{\"@type\":\"WebSite\",\"@id\":\"https:\\\/\\\/marunusa.hr\\\/#website\",\"url\":\"https:\\\/\\\/marunusa.hr\\\/\",\"name\":\"marunusa.hr\",\"description\":\"turisti\u010dka agencija\",\"potentialAction\":[{\"@type\":\"SearchAction\",\"target\":{\"@type\":\"EntryPoint\",\"urlTemplate\":\"https:\\\/\\\/marunusa.hr\\\/?s={search_term_string}\"},\"query-input\":{\"@type\":\"PropertyValueSpecification\",\"valueRequired\":true,\"valueName\":\"search_term_string\"}}],\"inLanguage\":\"en-US\"}]}<\/script>\n<!-- \/ Yoast SEO plugin. -->","yoast_head_json":{"title":"teambuilding - marunusa.hr","robots":{"index":"index","follow":"follow","max-snippet":"max-snippet:-1","max-image-preview":"max-image-preview:large","max-video-preview":"max-video-preview:-1"},"canonical":"https:\/\/marunusa.hr\/en\/teambuilding\/","og_locale":"en_US","og_type":"article","og_title":"teambuilding - marunusa.hr","og_description":"TEAMBUILDING Koriste\u0107i prirodne resurse grada Knina i okolice, uz na\u0161e znanje i iskustvo, specijalizirani smo za pustolovne teambuilding aktivnosti, a mo\u017eemo vam ponuditi i teambuilding u zatvorenom prostoru. Omogu\u0107ite svojim zaposlenicima produktivan i zanimljiv teambuilding koriste\u0107i jednu, kombiniraju\u0107i vi\u0161e usluga iz na\u0161e ponude ili izaberite program izra\u0111en po mjeri u kojem se u potpunosti prilago\u0111avamo [&hellip;]","og_url":"https:\/\/marunusa.hr\/en\/teambuilding\/","og_site_name":"marunusa.hr","article_modified_time":"2021-07-22T11:32:40+00:00","og_image":[{"url":"https:\/\/marunusa.hr\/wp-content\/uploads\/2021\/05\/teambuilding.png","type":"","width":"","height":""}],"twitter_card":"summary_large_image","twitter_misc":{"Est. reading time":"1 minute"},"schema":{"@context":"https:\/\/schema.org","@graph":[{"@type":"WebPage","@id":"https:\/\/marunusa.hr\/hr\/teambuilding\/","url":"https:\/\/marunusa.hr\/hr\/teambuilding\/","name":"teambuilding - marunusa.hr","isPartOf":{"@id":"https:\/\/marunusa.hr\/#website"},"primaryImageOfPage":{"@id":"https:\/\/marunusa.hr\/hr\/teambuilding\/#primaryimage"},"image":{"@id":"https:\/\/marunusa.hr\/hr\/teambuilding\/#primaryimage"},"thumbnailUrl":"https:\/\/marunusa.hr\/wp-content\/uploads\/2021\/05\/teambuilding.png","datePublished":"2021-02-16T14:22:01+00:00","dateModified":"2021-07-22T11:32:40+00:00","breadcrumb":{"@id":"https:\/\/marunusa.hr\/hr\/teambuilding\/#breadcrumb"},"inLanguage":"en-US","potentialAction":[{"@type":"ReadAction","target":["https:\/\/marunusa.hr\/hr\/teambuilding\/"]}]},{"@type":"ImageObject","inLanguage":"en-US","@id":"https:\/\/marunusa.hr\/hr\/teambuilding\/#primaryimage","url":"https:\/\/marunusa.hr\/wp-content\/uploads\/2021\/05\/teambuilding.png","contentUrl":"https:\/\/marunusa.hr\/wp-content\/uploads\/2021\/05\/teambuilding.png"},{"@type":"BreadcrumbList","@id":"https:\/\/marunusa.hr\/hr\/teambuilding\/#breadcrumb","itemListElement":[{"@type":"ListItem","position":1,"name":"Home","item":"https:\/\/marunusa.hr\/hr\/"},{"@type":"ListItem","position":2,"name":"teambuilding"}]},{"@type":"WebSite","@id":"https:\/\/marunusa.hr\/#website","url":"https:\/\/marunusa.hr\/","name":"marunusa.hr","description":"turisti\u010dka agencija","potentialAction":[{"@type":"SearchAction","target":{"@type":"EntryPoint","urlTemplate":"https:\/\/marunusa.hr\/?s={search_term_string}"},"query-input":{"@type":"PropertyValueSpecification","valueRequired":true,"valueName":"search_term_string"}}],"inLanguage":"en-US"}]}},"_links":{"self":[{"href":"https:\/\/marunusa.hr\/en\/wp-json\/wp\/v2\/pages\/764","targetHints":{"allow":["GET"]}}],"collection":[{"href":"https:\/\/marunusa.hr\/en\/wp-json\/wp\/v2\/pages"}],"about":[{"href":"https:\/\/marunusa.hr\/en\/wp-json\/wp\/v2\/types\/page"}],"author":[{"embeddable":true,"href":"https:\/\/marunusa.hr\/en\/wp-json\/wp\/v2\/users\/1"}],"replies":[{"embeddable":true,"href":"https:\/\/marunusa.hr\/en\/wp-json\/wp\/v2\/comments?post=764"}],"version-history":[{"count":63,"href":"https:\/\/marunusa.hr\/en\/wp-json\/wp\/v2\/pages\/764\/revisions"}],"predecessor-version":[{"id":3126,"href":"https:\/\/marunusa.hr\/en\/wp-json\/wp\/v2\/pages\/764\/revisions\/3126"}],"wp:attachment":[{"href":"https:\/\/marunusa.hr\/en\/wp-json\/wp\/v2\/media?parent=764"}],"curies":[{"name":"wp","href":"https:\/\/api.w.org\/{rel}","templated":true}]}}