{"id":5824,"date":"2022-09-13T14:31:03","date_gmt":"2022-09-13T13:31:03","guid":{"rendered":"https:\/\/marunusa.hr\/?page_id=5824"},"modified":"2022-09-14T11:24:39","modified_gmt":"2022-09-14T10:24:39","slug":"via-ferrata-cikola","status":"publish","type":"page","link":"https:\/\/marunusa.hr\/en\/via-ferrata-cikola\/","title":{"rendered":"VIA FERRATA \u010cIKOLA"},"content":{"rendered":"<div data-elementor-type=\"wp-page\" data-elementor-id=\"5824\" class=\"elementor elementor-5824\" data-elementor-post-type=\"page\">\n\t\t\t\t\t\t<section class=\"elementor-section elementor-top-section elementor-element elementor-element-dfe5ab0 elementor-section-boxed elementor-section-height-default elementor-section-height-default\" data-id=\"dfe5ab0\" data-element_type=\"section\" data-settings=\"{&quot;background_background&quot;:&quot;classic&quot;}\">\n\t\t\t\t\t\t<div class=\"elementor-container elementor-column-gap-default\">\n\t\t\t\t\t<div class=\"elementor-column elementor-col-100 elementor-top-column elementor-element elementor-element-f5fdd17\" data-id=\"f5fdd17\" data-element_type=\"column\" data-settings=\"{&quot;background_background&quot;:&quot;classic&quot;,&quot;background_motion_fx_motion_fx_scrolling&quot;:&quot;yes&quot;,&quot;background_motion_fx_translateY_effect&quot;:&quot;yes&quot;,&quot;background_motion_fx_range&quot;:&quot;viewport&quot;,&quot;background_motion_fx_translateY_speed&quot;:{&quot;unit&quot;:&quot;px&quot;,&quot;size&quot;:6,&quot;sizes&quot;:[]},&quot;background_motion_fx_translateY_affectedRange&quot;:{&quot;unit&quot;:&quot;%&quot;,&quot;size&quot;:&quot;&quot;,&quot;sizes&quot;:{&quot;start&quot;:0,&quot;end&quot;:100}},&quot;background_motion_fx_devices&quot;:[&quot;desktop&quot;,&quot;tablet&quot;,&quot;mobile&quot;]}\">\n\t\t\t<div class=\"elementor-widget-wrap elementor-element-populated\">\n\t\t\t\t\t<div class=\"elementor-background-overlay\"><\/div>\n\t\t\t\t\t\t<div class=\"elementor-element elementor-element-6ccf83a elementor-widget elementor-widget-spacer\" data-id=\"6ccf83a\" data-element_type=\"widget\" data-widget_type=\"spacer.default\">\n\t\t\t\t<div class=\"elementor-widget-container\">\n\t\t\t\t\t\t\t<div class=\"elementor-spacer\">\n\t\t\t<div class=\"elementor-spacer-inner\"><\/div>\n\t\t<\/div>\n\t\t\t\t\t\t<\/div>\n\t\t\t\t<\/div>\n\t\t\t\t\t<\/div>\n\t\t<\/div>\n\t\t\t\t\t<\/div>\n\t\t<\/section>\n\t\t\t\t<section class=\"elementor-section elementor-top-section elementor-element elementor-element-996dfd3 elementor-section-boxed elementor-section-height-default elementor-section-height-default\" data-id=\"996dfd3\" data-element_type=\"section\">\n\t\t\t\t\t\t<div class=\"elementor-container elementor-column-gap-default\">\n\t\t\t\t\t<div class=\"elementor-column elementor-col-100 elementor-top-column elementor-element elementor-element-4db30b7\" data-id=\"4db30b7\" data-element_type=\"column\">\n\t\t\t<div class=\"elementor-widget-wrap elementor-element-populated\">\n\t\t\t\t\t\t<div class=\"elementor-element elementor-element-b99e00d elementor-skin-carousel elementor-arrows-yes elementor-pagination-type-bullets elementor-pagination-position-outside elementor-widget elementor-widget-media-carousel\" data-id=\"b99e00d\" data-element_type=\"widget\" data-settings=\"{&quot;slides_per_view_mobile&quot;:&quot;2&quot;,&quot;skin&quot;:&quot;carousel&quot;,&quot;effect&quot;:&quot;slide&quot;,&quot;show_arrows&quot;:&quot;yes&quot;,&quot;pagination&quot;:&quot;bullets&quot;,&quot;speed&quot;:500,&quot;autoplay&quot;:&quot;yes&quot;,&quot;autoplay_speed&quot;:5000,&quot;loop&quot;:&quot;yes&quot;,&quot;pause_on_hover&quot;:&quot;yes&quot;,&quot;pause_on_interaction&quot;:&quot;yes&quot;,&quot;space_between&quot;:{&quot;unit&quot;:&quot;px&quot;,&quot;size&quot;:10,&quot;sizes&quot;:[]},&quot;space_between_tablet&quot;:{&quot;unit&quot;:&quot;px&quot;,&quot;size&quot;:10,&quot;sizes&quot;:[]},&quot;space_between_mobile&quot;:{&quot;unit&quot;:&quot;px&quot;,&quot;size&quot;:10,&quot;sizes&quot;:[]}}\" data-widget_type=\"media-carousel.default\">\n\t\t\t\t<div class=\"elementor-widget-container\">\n\t\t\t\t\t\t\t\t\t<div class=\"elementor-swiper\">\n\t\t\t\t\t<div class=\"elementor-main-swiper swiper\" role=\"region\" aria-roledescription=\"carousel\" aria-label=\"Slides\" data-no-translation-aria-label=\"\">\n\t\t\t\t<div class=\"swiper-wrapper\">\n\t\t\t\t\t\t\t\t\t\t\t<div class=\"swiper-slide\" role=\"group\" aria-roledescription=\"slide\">\n\t\t\t\t\t\t\t\t\t<div class=\"elementor-carousel-image\" role=\"img\" aria-label=\"\" style=\"background-image: url(&#039;https:\/\/marunusa.hr\/wp-content\/uploads\/2022\/09\/1.jpg&#039;)\">\n\n\t\t\t\n\t\t\t\t\t<\/div>\n\t\t\t\t\t\t\t\t<\/div>\n\t\t\t\t\t\t\t\t\t\t\t<div class=\"swiper-slide\" role=\"group\" aria-roledescription=\"slide\">\n\t\t\t\t\t\t\t\t\t<div class=\"elementor-carousel-image\" role=\"img\" aria-label=\"\" style=\"background-image: url(&#039;https:\/\/marunusa.hr\/wp-content\/uploads\/2022\/09\/2.jpg&#039;)\">\n\n\t\t\t\n\t\t\t\t\t<\/div>\n\t\t\t\t\t\t\t\t<\/div>\n\t\t\t\t\t\t\t\t\t\t\t<div class=\"swiper-slide\" role=\"group\" aria-roledescription=\"slide\">\n\t\t\t\t\t\t\t\t\t<div class=\"elementor-carousel-image\" role=\"img\" aria-label=\"\" style=\"background-image: url(&#039;https:\/\/marunusa.hr\/wp-content\/uploads\/2022\/09\/3.jpg&#039;)\">\n\n\t\t\t\n\t\t\t\t\t<\/div>\n\t\t\t\t\t\t\t\t<\/div>\n\t\t\t\t\t\t\t\t\t\t\t<div class=\"swiper-slide\" role=\"group\" aria-roledescription=\"slide\">\n\t\t\t\t\t\t\t\t\t<div class=\"elementor-carousel-image\" role=\"img\" aria-label=\"\" style=\"background-image: url(&#039;https:\/\/marunusa.hr\/wp-content\/uploads\/2022\/09\/4.jpg&#039;)\">\n\n\t\t\t\n\t\t\t\t\t<\/div>\n\t\t\t\t\t\t\t\t<\/div>\n\t\t\t\t\t\t\t\t\t\t\t<div class=\"swiper-slide\" role=\"group\" aria-roledescription=\"slide\">\n\t\t\t\t\t\t\t\t\t<div class=\"elementor-carousel-image\" role=\"img\" aria-label=\"\" style=\"background-image: url(&#039;https:\/\/marunusa.hr\/wp-content\/uploads\/2022\/09\/5.jpg&#039;)\">\n\n\t\t\t\n\t\t\t\t\t<\/div>\n\t\t\t\t\t\t\t\t<\/div>\n\t\t\t\t\t\t\t\t\t<\/div>\n\t\t\t\t\t\t\t\t\t\t\t\t\t\t\t<div class=\"elementor-swiper-button elementor-swiper-button-prev\" role=\"button\" tabindex=\"0\" aria-label=\"Previous\" data-no-translation-aria-label=\"\">\n\t\t\t\t\t\t\t<i aria-hidden=\"true\" class=\"eicon-chevron-left\"><\/i>\t\t\t\t\t\t<\/div>\n\t\t\t\t\t\t<div class=\"elementor-swiper-button elementor-swiper-button-next\" role=\"button\" tabindex=\"0\" aria-label=\"Next\" data-no-translation-aria-label=\"\">\n\t\t\t\t\t\t\t<i aria-hidden=\"true\" class=\"eicon-chevron-right\"><\/i>\t\t\t\t\t\t<\/div>\n\t\t\t\t\t\t\t\t\t\t\t\t\t\t\t\t<div class=\"swiper-pagination\"><\/div>\n\t\t\t\t\t\t\t\t\t\t\t\t<\/div>\n\t\t\t\t<\/div>\n\t\t\t\t\t\t\t\t<\/div>\n\t\t\t\t<\/div>\n\t\t\t\t\t<\/div>\n\t\t<\/div>\n\t\t\t\t\t<\/div>\n\t\t<\/section>\n\t\t\t\t<section class=\"elementor-section elementor-top-section elementor-element elementor-element-ec74181 elementor-section-boxed elementor-section-height-default elementor-section-height-default\" data-id=\"ec74181\" data-element_type=\"section\">\n\t\t\t\t\t\t<div class=\"elementor-container elementor-column-gap-default\">\n\t\t\t\t\t<div class=\"elementor-column elementor-col-50 elementor-top-column elementor-element elementor-element-c5c6dc3\" data-id=\"c5c6dc3\" data-element_type=\"column\">\n\t\t\t<div class=\"elementor-widget-wrap elementor-element-populated\">\n\t\t\t\t\t\t<div class=\"elementor-element elementor-element-08abd64 elementor-widget elementor-widget-text-editor\" data-id=\"08abd64\" data-element_type=\"widget\" data-widget_type=\"text-editor.default\">\n\t\t\t\t<div class=\"elementor-widget-container\">\n\t\t\t\t\t\t\t\t\t<p style=\"text-align: justify;\">Discover the natural beauty of the \u0160ibenik-Knin County through great entertainment and an excursion full of experiences. Going to nature is always a good choice, and with a touch of adventure you will have memories for a lifetime.<\/p><p style=\"text-align: justify;\">Via ferrata means \"iron way\" - a secured walking path where steel cables, metal ladders and pegs are installed in more demanding places. The cables provide insurance for your progress along the mostly horizontal path safely along the edge of the canyon.<\/p><p style=\"text-align: justify;\">Via ferrata in the \u010cikola canyon is an exciting experience for an active family vacation, and the trail is also suitable for children. Experienced and certified guides will take care of your safety, teach you the basic techniques to pass this secured nailed path and show you how to use the equipment correctly.<\/p><p style=\"text-align: justify;\">The tour is ideal for lovers of active vacation and recreation, beginners and advanced users, to enjoy with family and friends. You will enjoy an adrenaline tour through a protected natural landscape, more than 2 km of secured road, enchanting cliffs and beautiful nature, and at the end of the ferrata there is a viewpoint with a view of the entire \u010cikola canyon.<\/p><p style=\"text-align: justify;\">\u010cikola Canyon is protected as a separate area of the ecological network and as a protected area in the category of Significant Landscape. The entire area of the Significant Landscape is included in the NATURA 2000 ecological network as part of the conservation area important for species and habitat types \"\u010cikola\" and within the conservation area important for birds \"Krka and the surrounding plateau\".<\/p><p style=\"text-align: justify;\">The tour is available with an availability check option, which means you select a date, number of people and send an inquiry. We will answer you as soon as possible whether it is possible to provide the service in the requested date and time.<\/p><p style=\"text-align: justify;\">For any questions, contact us at\u00a0<span style=\"color: #008000;\"><a style=\"color: #008000;\" href=\"mailto:info@marunusa.hr\">info@marunusa.hr<\/a><\/span><\/p>\t\t\t\t\t\t\t\t<\/div>\n\t\t\t\t<\/div>\n\t\t\t\t<div class=\"elementor-element elementor-element-9a99ac0 elementor-widget elementor-widget-shortcode\" data-id=\"9a99ac0\" data-element_type=\"widget\" data-widget_type=\"shortcode.default\">\n\t\t\t\t<div class=\"elementor-widget-container\">\n\t\t\t\t\t\t\t<div class=\"elementor-shortcode\"> \n<div style=\"display: flex\">\n\n<iframe id=\"iFrameResizer1\"\nsrc=\"https:\/\/booking.ez-booker.com\/tour_details?site_id=9cf8ab11fb56aaef9972f18a3283800b&service_id=917&adults=2.\"\nstyle=\"border:none;width:1280px;height:1024px\"><\/iframe>\n\n<\/div>\n\n<script src=\"https:\/\/app.ez-booker.com\/secure\/js\/iframeResizer.js\"><\/script>\n\n<script>\niFrameResize();\n<\/script> \n\n<\/div>\n\t\t\t\t\t\t<\/div>\n\t\t\t\t<\/div>\n\t\t\t\t\t<\/div>\n\t\t<\/div>\n\t\t\t\t<div class=\"elementor-column elementor-col-50 elementor-top-column elementor-element elementor-element-477d2eb\" data-id=\"477d2eb\" data-element_type=\"column\" data-settings=\"{&quot;background_background&quot;:&quot;classic&quot;}\">\n\t\t\t<div class=\"elementor-widget-wrap elementor-element-populated\">\n\t\t\t\t\t\t<div class=\"elementor-element elementor-element-c12f1d2 elementor-widget elementor-widget-text-editor\" data-id=\"c12f1d2\" data-element_type=\"widget\" data-widget_type=\"text-editor.default\">\n\t\t\t\t<div class=\"elementor-widget-container\">\n\t\t\t\t\t\t\t\t\t<p><strong>Availability<\/strong>: all year round<br \/><strong>Minimum number of persons<\/strong>: 2<br \/><strong>Maximum number of persons<\/strong>: 24<br \/><strong>Duration<\/strong>: 3h<br \/><strong>Difficulty<\/strong>: easy to moderate<br \/><strong>Distance<\/strong>: more than 2km of secured road (5km in total)<br \/><strong>Recommended age<\/strong>: children 7 years and older<br \/><strong>What to bring<\/strong>: comfortable sports shoes or hiking shoes, sports clothes, backpack, sunglasses, minimum 2 liters of water<br \/><strong>Price includes<\/strong>: licensed guide, insurance during the tour, equipment (via ferrata set, climbing harness, helmet)<br \/><strong>Not included<\/strong>: transfer, food, drinks, tips<\/p>\t\t\t\t\t\t\t\t<\/div>\n\t\t\t\t<\/div>\n\t\t\t\t\t<\/div>\n\t\t<\/div>\n\t\t\t\t\t<\/div>\n\t\t<\/section>\n\t\t\t\t<\/div>","protected":false},"excerpt":{"rendered":"<p>Previous Next Otkrijte prirodne ljepote \u0160ibensko-kninske \u017eupanije kroz odli\u010dnu zabavu i izlet prepun do\u017eivljaja. Odlazak u prirodu uvijek je dobar izbor, a uz da\u0161ak avanture imati \u0107ete uspomene za cijeli \u017eivot. Via ferrata zna\u010di \u201e\u017eeljezni put\u201c \u2013 osigurani hoda\u010dki put gdje su na zahtjevnijim mjestima ugra\u0111ene \u010deli\u010dne sajle, metalne skale i klinovi. Sajle predstavljaju osiguranje [&hellip;]<\/p>","protected":false},"author":1,"featured_media":0,"parent":0,"menu_order":0,"comment_status":"closed","ping_status":"closed","template":"elementor_header_footer","meta":{"footnotes":""},"class_list":["post-5824","page","type-page","status-publish","hentry"],"yoast_head":"<!-- This site is optimized with the Yoast SEO plugin v27.4 - https:\/\/yoast.com\/product\/yoast-seo-wordpress\/ -->\n<title>VIA FERRATA \u010cIKOLA - marunusa.hr<\/title>\n<meta name=\"robots\" content=\"index, follow, max-snippet:-1, max-image-preview:large, max-video-preview:-1\" \/>\n<link rel=\"canonical\" href=\"https:\/\/marunusa.hr\/en\/via-ferrata-cikola\/\" \/>\n<meta property=\"og:locale\" content=\"en_US\" \/>\n<meta property=\"og:type\" content=\"article\" \/>\n<meta property=\"og:title\" content=\"VIA FERRATA \u010cIKOLA - marunusa.hr\" \/>\n<meta property=\"og:description\" content=\"Previous Next Otkrijte prirodne ljepote \u0160ibensko-kninske \u017eupanije kroz odli\u010dnu zabavu i izlet prepun do\u017eivljaja. Odlazak u prirodu uvijek je dobar izbor, a uz da\u0161ak avanture imati \u0107ete uspomene za cijeli \u017eivot. Via ferrata zna\u010di \u201e\u017eeljezni put\u201c \u2013 osigurani hoda\u010dki put gdje su na zahtjevnijim mjestima ugra\u0111ene \u010deli\u010dne sajle, metalne skale i klinovi. Sajle predstavljaju osiguranje [&hellip;]\" \/>\n<meta property=\"og:url\" content=\"https:\/\/marunusa.hr\/en\/via-ferrata-cikola\/\" \/>\n<meta property=\"og:site_name\" content=\"marunusa.hr\" \/>\n<meta property=\"article:modified_time\" content=\"2022-09-14T10:24:39+00:00\" \/>\n<meta name=\"twitter:card\" content=\"summary_large_image\" \/>\n<meta name=\"twitter:label1\" content=\"Est. reading time\" \/>\n\t<meta name=\"twitter:data1\" content=\"2 minutes\" \/>\n<script type=\"application\/ld+json\" class=\"yoast-schema-graph\">{\"@context\":\"https:\\\/\\\/schema.org\",\"@graph\":[{\"@type\":\"WebPage\",\"@id\":\"https:\\\/\\\/marunusa.hr\\\/via-ferrata-cikola\\\/\",\"url\":\"https:\\\/\\\/marunusa.hr\\\/via-ferrata-cikola\\\/\",\"name\":\"VIA FERRATA \u010cIKOLA - marunusa.hr\",\"isPartOf\":{\"@id\":\"https:\\\/\\\/marunusa.hr\\\/#website\"},\"datePublished\":\"2022-09-13T13:31:03+00:00\",\"dateModified\":\"2022-09-14T10:24:39+00:00\",\"breadcrumb\":{\"@id\":\"https:\\\/\\\/marunusa.hr\\\/via-ferrata-cikola\\\/#breadcrumb\"},\"inLanguage\":\"en-US\",\"potentialAction\":[{\"@type\":\"ReadAction\",\"target\":[\"https:\\\/\\\/marunusa.hr\\\/via-ferrata-cikola\\\/\"]}]},{\"@type\":\"BreadcrumbList\",\"@id\":\"https:\\\/\\\/marunusa.hr\\\/via-ferrata-cikola\\\/#breadcrumb\",\"itemListElement\":[{\"@type\":\"ListItem\",\"position\":1,\"name\":\"Home\",\"item\":\"https:\\\/\\\/marunusa.hr\\\/hr\\\/\"},{\"@type\":\"ListItem\",\"position\":2,\"name\":\"VIA FERRATA \u010cIKOLA\"}]},{\"@type\":\"WebSite\",\"@id\":\"https:\\\/\\\/marunusa.hr\\\/#website\",\"url\":\"https:\\\/\\\/marunusa.hr\\\/\",\"name\":\"marunusa.hr\",\"description\":\"turisti\u010dka agencija\",\"potentialAction\":[{\"@type\":\"SearchAction\",\"target\":{\"@type\":\"EntryPoint\",\"urlTemplate\":\"https:\\\/\\\/marunusa.hr\\\/?s={search_term_string}\"},\"query-input\":{\"@type\":\"PropertyValueSpecification\",\"valueRequired\":true,\"valueName\":\"search_term_string\"}}],\"inLanguage\":\"en-US\"}]}<\/script>\n<!-- \/ Yoast SEO plugin. -->","yoast_head_json":{"title":"VIA FERRATA \u010cIKOLA - marunusa.hr","robots":{"index":"index","follow":"follow","max-snippet":"max-snippet:-1","max-image-preview":"max-image-preview:large","max-video-preview":"max-video-preview:-1"},"canonical":"https:\/\/marunusa.hr\/en\/via-ferrata-cikola\/","og_locale":"en_US","og_type":"article","og_title":"VIA FERRATA \u010cIKOLA - marunusa.hr","og_description":"Previous Next Otkrijte prirodne ljepote \u0160ibensko-kninske \u017eupanije kroz odli\u010dnu zabavu i izlet prepun do\u017eivljaja. Odlazak u prirodu uvijek je dobar izbor, a uz da\u0161ak avanture imati \u0107ete uspomene za cijeli \u017eivot. Via ferrata zna\u010di \u201e\u017eeljezni put\u201c \u2013 osigurani hoda\u010dki put gdje su na zahtjevnijim mjestima ugra\u0111ene \u010deli\u010dne sajle, metalne skale i klinovi. Sajle predstavljaju osiguranje [&hellip;]","og_url":"https:\/\/marunusa.hr\/en\/via-ferrata-cikola\/","og_site_name":"marunusa.hr","article_modified_time":"2022-09-14T10:24:39+00:00","twitter_card":"summary_large_image","twitter_misc":{"Est. reading time":"2 minutes"},"schema":{"@context":"https:\/\/schema.org","@graph":[{"@type":"WebPage","@id":"https:\/\/marunusa.hr\/via-ferrata-cikola\/","url":"https:\/\/marunusa.hr\/via-ferrata-cikola\/","name":"VIA FERRATA \u010cIKOLA - marunusa.hr","isPartOf":{"@id":"https:\/\/marunusa.hr\/#website"},"datePublished":"2022-09-13T13:31:03+00:00","dateModified":"2022-09-14T10:24:39+00:00","breadcrumb":{"@id":"https:\/\/marunusa.hr\/via-ferrata-cikola\/#breadcrumb"},"inLanguage":"en-US","potentialAction":[{"@type":"ReadAction","target":["https:\/\/marunusa.hr\/via-ferrata-cikola\/"]}]},{"@type":"BreadcrumbList","@id":"https:\/\/marunusa.hr\/via-ferrata-cikola\/#breadcrumb","itemListElement":[{"@type":"ListItem","position":1,"name":"Home","item":"https:\/\/marunusa.hr\/hr\/"},{"@type":"ListItem","position":2,"name":"VIA FERRATA \u010cIKOLA"}]},{"@type":"WebSite","@id":"https:\/\/marunusa.hr\/#website","url":"https:\/\/marunusa.hr\/","name":"marunusa.hr","description":"turisti\u010dka agencija","potentialAction":[{"@type":"SearchAction","target":{"@type":"EntryPoint","urlTemplate":"https:\/\/marunusa.hr\/?s={search_term_string}"},"query-input":{"@type":"PropertyValueSpecification","valueRequired":true,"valueName":"search_term_string"}}],"inLanguage":"en-US"}]}},"_links":{"self":[{"href":"https:\/\/marunusa.hr\/en\/wp-json\/wp\/v2\/pages\/5824","targetHints":{"allow":["GET"]}}],"collection":[{"href":"https:\/\/marunusa.hr\/en\/wp-json\/wp\/v2\/pages"}],"about":[{"href":"https:\/\/marunusa.hr\/en\/wp-json\/wp\/v2\/types\/page"}],"author":[{"embeddable":true,"href":"https:\/\/marunusa.hr\/en\/wp-json\/wp\/v2\/users\/1"}],"replies":[{"embeddable":true,"href":"https:\/\/marunusa.hr\/en\/wp-json\/wp\/v2\/comments?post=5824"}],"version-history":[{"count":43,"href":"https:\/\/marunusa.hr\/en\/wp-json\/wp\/v2\/pages\/5824\/revisions"}],"predecessor-version":[{"id":5891,"href":"https:\/\/marunusa.hr\/en\/wp-json\/wp\/v2\/pages\/5824\/revisions\/5891"}],"wp:attachment":[{"href":"https:\/\/marunusa.hr\/en\/wp-json\/wp\/v2\/media?parent=5824"}],"curies":[{"name":"wp","href":"https:\/\/api.w.org\/{rel}","templated":true}]}}