{"id":5302,"date":"2022-04-12T11:24:04","date_gmt":"2022-04-12T10:24:04","guid":{"rendered":"https:\/\/marunusa.hr\/?page_id=5302"},"modified":"2022-11-11T13:21:11","modified_gmt":"2022-11-11T12:21:11","slug":"dinara-krka-safari","status":"publish","type":"page","link":"https:\/\/marunusa.hr\/en\/dinara-krka-safari\/","title":{"rendered":"DINARA &#038; KRKA SAFARI"},"content":{"rendered":"<div data-elementor-type=\"wp-page\" data-elementor-id=\"5302\" class=\"elementor elementor-5302\" data-elementor-post-type=\"page\">\n\t\t\t\t\t\t<section class=\"elementor-section elementor-top-section elementor-element elementor-element-92e79aa elementor-section-boxed elementor-section-height-default elementor-section-height-default\" data-id=\"92e79aa\" data-element_type=\"section\" data-settings=\"{&quot;background_background&quot;:&quot;classic&quot;}\">\n\t\t\t\t\t\t<div class=\"elementor-container elementor-column-gap-default\">\n\t\t\t\t\t<div class=\"elementor-column elementor-col-100 elementor-top-column elementor-element elementor-element-4cddf8c\" data-id=\"4cddf8c\" data-element_type=\"column\" data-settings=\"{&quot;background_background&quot;:&quot;classic&quot;,&quot;background_motion_fx_motion_fx_scrolling&quot;:&quot;yes&quot;,&quot;background_motion_fx_translateY_effect&quot;:&quot;yes&quot;,&quot;background_motion_fx_range&quot;:&quot;viewport&quot;,&quot;background_motion_fx_translateY_speed&quot;:{&quot;unit&quot;:&quot;px&quot;,&quot;size&quot;:4,&quot;sizes&quot;:[]},&quot;background_motion_fx_translateY_affectedRange&quot;:{&quot;unit&quot;:&quot;%&quot;,&quot;size&quot;:&quot;&quot;,&quot;sizes&quot;:{&quot;start&quot;:0,&quot;end&quot;:100}},&quot;background_motion_fx_devices&quot;:[&quot;desktop&quot;,&quot;tablet&quot;,&quot;mobile&quot;]}\">\n\t\t\t<div class=\"elementor-widget-wrap elementor-element-populated\">\n\t\t\t\t\t<div class=\"elementor-background-overlay\"><\/div>\n\t\t\t\t\t\t<div class=\"elementor-element elementor-element-25d437f elementor-widget elementor-widget-spacer\" data-id=\"25d437f\" data-element_type=\"widget\" data-widget_type=\"spacer.default\">\n\t\t\t\t<div class=\"elementor-widget-container\">\n\t\t\t\t\t\t\t<div class=\"elementor-spacer\">\n\t\t\t<div class=\"elementor-spacer-inner\"><\/div>\n\t\t<\/div>\n\t\t\t\t\t\t<\/div>\n\t\t\t\t<\/div>\n\t\t\t\t\t<\/div>\n\t\t<\/div>\n\t\t\t\t\t<\/div>\n\t\t<\/section>\n\t\t\t\t<section class=\"elementor-section elementor-top-section elementor-element elementor-element-935e7e5 elementor-section-boxed elementor-section-height-default elementor-section-height-default\" data-id=\"935e7e5\" data-element_type=\"section\">\n\t\t\t\t\t\t<div class=\"elementor-container elementor-column-gap-default\">\n\t\t\t\t\t<div class=\"elementor-column elementor-col-100 elementor-top-column elementor-element elementor-element-db05a1f\" data-id=\"db05a1f\" data-element_type=\"column\">\n\t\t\t<div class=\"elementor-widget-wrap elementor-element-populated\">\n\t\t\t\t\t\t<div class=\"elementor-element elementor-element-57e9763 elementor-skin-carousel elementor-arrows-yes elementor-pagination-type-bullets elementor-pagination-position-outside elementor-widget elementor-widget-media-carousel\" data-id=\"57e9763\" data-element_type=\"widget\" data-settings=\"{&quot;slides_per_view_mobile&quot;:&quot;1&quot;,&quot;slides_to_scroll_mobile&quot;:&quot;1&quot;,&quot;skin&quot;:&quot;carousel&quot;,&quot;effect&quot;:&quot;slide&quot;,&quot;show_arrows&quot;:&quot;yes&quot;,&quot;pagination&quot;:&quot;bullets&quot;,&quot;speed&quot;:500,&quot;autoplay&quot;:&quot;yes&quot;,&quot;autoplay_speed&quot;:5000,&quot;loop&quot;:&quot;yes&quot;,&quot;pause_on_hover&quot;:&quot;yes&quot;,&quot;pause_on_interaction&quot;:&quot;yes&quot;,&quot;space_between&quot;:{&quot;unit&quot;:&quot;px&quot;,&quot;size&quot;:10,&quot;sizes&quot;:[]},&quot;space_between_tablet&quot;:{&quot;unit&quot;:&quot;px&quot;,&quot;size&quot;:10,&quot;sizes&quot;:[]},&quot;space_between_mobile&quot;:{&quot;unit&quot;:&quot;px&quot;,&quot;size&quot;:10,&quot;sizes&quot;:[]}}\" data-widget_type=\"media-carousel.default\">\n\t\t\t\t<div class=\"elementor-widget-container\">\n\t\t\t\t\t\t\t\t\t<div class=\"elementor-swiper\">\n\t\t\t\t\t<div class=\"elementor-main-swiper swiper\" role=\"region\" aria-roledescription=\"carousel\" aria-label=\"Slides\">\n\t\t\t\t<div class=\"swiper-wrapper\">\n\t\t\t\t\t\t\t\t\t\t\t<div class=\"swiper-slide\" role=\"group\" aria-roledescription=\"slide\">\n\t\t\t\t\t\t\t\t\t<div class=\"elementor-carousel-image\" role=\"img\" aria-label=\"1-1\" style=\"background-image: url(&#039;https:\/\/marunusa.hr\/wp-content\/uploads\/2022\/04\/1-1.jpg&#039;)\">\n\n\t\t\t\n\t\t\t\t\t<\/div>\n\t\t\t\t\t\t\t\t<\/div>\n\t\t\t\t\t\t\t\t\t\t\t<div class=\"swiper-slide\" role=\"group\" aria-roledescription=\"slide\">\n\t\t\t\t\t\t\t\t\t<div class=\"elementor-carousel-image\" role=\"img\" aria-label=\"2-2\" style=\"background-image: url(&#039;https:\/\/marunusa.hr\/wp-content\/uploads\/2022\/04\/2-2.jpg&#039;)\">\n\n\t\t\t\n\t\t\t\t\t<\/div>\n\t\t\t\t\t\t\t\t<\/div>\n\t\t\t\t\t\t\t\t\t\t\t<div class=\"swiper-slide\" role=\"group\" aria-roledescription=\"slide\">\n\t\t\t\t\t\t\t\t\t<div class=\"elementor-carousel-image\" role=\"img\" aria-label=\"3-3\" style=\"background-image: url(&#039;https:\/\/marunusa.hr\/wp-content\/uploads\/2022\/04\/3-3.jpg&#039;)\">\n\n\t\t\t\n\t\t\t\t\t<\/div>\n\t\t\t\t\t\t\t\t<\/div>\n\t\t\t\t\t\t\t\t\t\t\t<div class=\"swiper-slide\" role=\"group\" aria-roledescription=\"slide\">\n\t\t\t\t\t\t\t\t\t<div class=\"elementor-carousel-image\" role=\"img\" aria-label=\"4-4\" style=\"background-image: url(&#039;https:\/\/marunusa.hr\/wp-content\/uploads\/2022\/04\/4-4.jpg&#039;)\">\n\n\t\t\t\n\t\t\t\t\t<\/div>\n\t\t\t\t\t\t\t\t<\/div>\n\t\t\t\t\t\t\t\t\t<\/div>\n\t\t\t\t\t\t\t\t\t\t\t\t\t\t\t<div class=\"elementor-swiper-button elementor-swiper-button-prev\" role=\"button\" tabindex=\"0\" aria-label=\"Previous\">\n\t\t\t\t\t\t\t<i aria-hidden=\"true\" class=\"eicon-chevron-left\"><\/i>\t\t\t\t\t\t<\/div>\n\t\t\t\t\t\t<div class=\"elementor-swiper-button elementor-swiper-button-next\" role=\"button\" tabindex=\"0\" aria-label=\"Next\">\n\t\t\t\t\t\t\t<i aria-hidden=\"true\" class=\"eicon-chevron-right\"><\/i>\t\t\t\t\t\t<\/div>\n\t\t\t\t\t\t\t\t\t\t\t\t\t\t\t\t<div class=\"swiper-pagination\"><\/div>\n\t\t\t\t\t\t\t\t\t\t\t\t<\/div>\n\t\t\t\t<\/div>\n\t\t\t\t\t\t\t\t<\/div>\n\t\t\t\t<\/div>\n\t\t\t\t\t<\/div>\n\t\t<\/div>\n\t\t\t\t\t<\/div>\n\t\t<\/section>\n\t\t\t\t<section class=\"elementor-section elementor-top-section elementor-element elementor-element-5391e72 elementor-section-boxed elementor-section-height-default elementor-section-height-default\" data-id=\"5391e72\" data-element_type=\"section\">\n\t\t\t\t\t\t<div class=\"elementor-container elementor-column-gap-default\">\n\t\t\t\t\t<div class=\"elementor-column elementor-col-50 elementor-top-column elementor-element elementor-element-6096d3a\" data-id=\"6096d3a\" data-element_type=\"column\">\n\t\t\t<div class=\"elementor-widget-wrap elementor-element-populated\">\n\t\t\t\t\t\t<div class=\"elementor-element elementor-element-0890ec7 elementor-widget elementor-widget-text-editor\" data-id=\"0890ec7\" data-element_type=\"widget\" data-widget_type=\"text-editor.default\">\n\t\t\t\t<div class=\"elementor-widget-container\">\n\t\t\t\t\t\t\t\t\t<p style=\"text-align: justify;\">Dinara &amp; Krka Safari is a combination of our two most popular services and the best way to experience the attractive nature of Knin and its surroundings.<\/p><p style=\"text-align: justify;\">First you will visit Dinara, the highest mountain in the Republic of Croatia, by off-road vehicle. You will have the opportunity to see the difficult but attractive terrain and enjoy the beautiful view and the richness of untouched nature - large limestone rocks, spacious meadows, beech forest and create memories for a lifetime. With three breaks for photography and refreshments, we will rise to 1260 meters above sea level. The tour is about 50 km long, and the height difference between the starting point and the destination point is almost 1050 meters (this tour does not include a visit to the highest Croatian peak).<\/p><p style=\"text-align: justify;\">After the offroad adventure on the Dinara Monutain, we return to Knin, to the Ecological Information Center for lunch. After lunch and a short break, it's time for a quiet and pleasant kayak ride on the river Krka. You will paddle downstream along the upper course of the Krka and enjoy the view and the peaceful ride. The route is 4.5 km long and lasts between 1 and 2 hours, depending on the paddling. Along the way you will enjoy the most beautiful view of the Knin Fortress, pass by the confluence of Kosov\u010dica in Krka, the archeological site Kapitul and the confluence of Ora\u0161nica in Krka.<\/p><p style=\"text-align: justify;\">The tour is available with an availability check option, which means you select a date, number of people and send an inquiry. We will answer you as soon as possible whether it is possible to provide the service in the requested date and time.<\/p><p style=\"text-align: justify;\">You can go on the kayak tour on your own or use the tour guide service. Our guides will help you manage the boat and explain all the sites you pass on the tour. It is up to you to choose the service that suits you best. Supplement for the guide on the kayak is 170.00 HRK. A GoPro HERO9 Black action camera with a spare battery is also available. Supplement for the camera is 100.00 HRK, and for the battery 50.00 HRK.<\/p><p style=\"text-align: justify;\">For larger groups and other questions contact us at <span style=\"color: #008000;\"><a style=\"color: #008000;\" href=\"mailto:info@marunusa.hr\">info@marunusa.hr<\/a><\/span><\/p>\t\t\t\t\t\t\t\t<\/div>\n\t\t\t\t<\/div>\n\t\t\t\t<div class=\"elementor-element elementor-element-d63fe57 elementor-widget elementor-widget-shortcode\" data-id=\"d63fe57\" data-element_type=\"widget\" data-widget_type=\"shortcode.default\">\n\t\t\t\t<div class=\"elementor-widget-container\">\n\t\t\t\t\t\t\t<div class=\"elementor-shortcode\"> \n<div style=\"display: flex\">\n\n<iframe id=\"iFrameResizer1\"\nsrc=\"https:\/\/booking.ez-booker.com\/tour_details?site_id=9cf8ab11fb56aaef9972f18a3283800b&service_id=961&adults=2.\"\nstyle=\"border:none;width:1280px;height:1024px\"><\/iframe>\n\n<\/div>\n\n<script src=\"https:\/\/app.ez-booker.com\/secure\/js\/iframeResizer.js\"><\/script>\n\n<script>\niFrameResize();\n<\/script> \n\n<\/div>\n\t\t\t\t\t\t<\/div>\n\t\t\t\t<\/div>\n\t\t\t\t\t<\/div>\n\t\t<\/div>\n\t\t\t\t<div class=\"elementor-column elementor-col-50 elementor-top-column elementor-element elementor-element-74a2ef5\" data-id=\"74a2ef5\" data-element_type=\"column\" data-settings=\"{&quot;background_background&quot;:&quot;classic&quot;}\">\n\t\t\t<div class=\"elementor-widget-wrap elementor-element-populated\">\n\t\t\t\t\t\t<div class=\"elementor-element elementor-element-5f4afff elementor-widget elementor-widget-text-editor\" data-id=\"5f4afff\" data-element_type=\"widget\" data-widget_type=\"text-editor.default\">\n\t\t\t\t<div class=\"elementor-widget-container\">\n\t\t\t\t\t\t\t\t\t<p style=\"text-align: left;\"><strong>Vehicle<\/strong>: Nissan Terrano 2014. \/ Gumotex Ontario<br \/><strong>Availability<\/strong>: April \u2013 October<br \/><strong>Minimum number of persons<\/strong>: 2<br \/><strong>Maximum number of persons<\/strong>: 6<br \/><strong>Duration: <\/strong>7h<br \/><strong>Difficulty<\/strong>: light, not physically demanding<br \/><strong>Physical conditions<\/strong>: not recommended for pregnant women and people with back problems<br \/><strong>Recommended age<\/strong>: children 6 years and older, minimum one adult<br \/><strong>What to bring<\/strong>: comfortable sports shoes or hiking shoes, comfortable clothes, bottle of water, sun protection, rain protection, cell phone \/ camera<br \/><strong>Price includes<\/strong>: vehicle, fuel, driver, insurance, lunch, 1 paddle per person, 1 protective vest per person, 1 waterproof bag, insurance, car parking and transfer from finish to start<br \/><strong>Not included<\/strong>: personal expenses, tips<\/p><p style=\"text-align: left;\"><strong>Accessories and extras<\/strong>: GoPro HERO9 Black, replacement battery; kayak guide<\/p>\t\t\t\t\t\t\t\t<\/div>\n\t\t\t\t<\/div>\n\t\t\t\t\t<\/div>\n\t\t<\/div>\n\t\t\t\t\t<\/div>\n\t\t<\/section>\n\t\t\t\t<\/div>","protected":false},"excerpt":{"rendered":"<p>Previous Next Dinara &amp; Krka Safari spoj je na\u0161e dvije najpopularnije usluge i najbolji na\u010din za do\u017eivjeti atraktivnu prirodu Knina i okolice. Prvo \u0107ete terenskim vozilom obi\u0107i Dinaru, najvi\u0161u planinu u Republici Hrvatskoj. Imati \u0107ete priliku vidjeti te\u017eak ali atraktivan teren te u\u017eivati u predivnom pogledu i bogatstvu netaknute prirode \u2013 velikim vapnena\u010dkim stijenama, prostranim [&hellip;]<\/p>","protected":false},"author":1,"featured_media":0,"parent":0,"menu_order":0,"comment_status":"closed","ping_status":"closed","template":"elementor_header_footer","meta":{"footnotes":""},"class_list":["post-5302","page","type-page","status-publish","hentry"],"yoast_head":"<!-- This site is optimized with the Yoast SEO plugin v27.4 - https:\/\/yoast.com\/product\/yoast-seo-wordpress\/ -->\n<title>DINARA &amp; KRKA SAFARI - marunusa.hr<\/title>\n<meta name=\"robots\" content=\"index, follow, max-snippet:-1, max-image-preview:large, max-video-preview:-1\" \/>\n<link rel=\"canonical\" href=\"https:\/\/marunusa.hr\/en\/dinara-krka-safari\/\" \/>\n<meta property=\"og:locale\" content=\"en_US\" \/>\n<meta property=\"og:type\" content=\"article\" \/>\n<meta property=\"og:title\" content=\"DINARA &amp; KRKA SAFARI - marunusa.hr\" \/>\n<meta property=\"og:description\" content=\"Previous Next Dinara &amp; Krka Safari spoj je na\u0161e dvije najpopularnije usluge i najbolji na\u010din za do\u017eivjeti atraktivnu prirodu Knina i okolice. Prvo \u0107ete terenskim vozilom obi\u0107i Dinaru, najvi\u0161u planinu u Republici Hrvatskoj. Imati \u0107ete priliku vidjeti te\u017eak ali atraktivan teren te u\u017eivati u predivnom pogledu i bogatstvu netaknute prirode \u2013 velikim vapnena\u010dkim stijenama, prostranim [&hellip;]\" \/>\n<meta property=\"og:url\" content=\"https:\/\/marunusa.hr\/en\/dinara-krka-safari\/\" \/>\n<meta property=\"og:site_name\" content=\"marunusa.hr\" \/>\n<meta property=\"article:modified_time\" content=\"2022-11-11T12:21:11+00:00\" \/>\n<meta name=\"twitter:card\" content=\"summary_large_image\" \/>\n<meta name=\"twitter:label1\" content=\"Est. reading time\" \/>\n\t<meta name=\"twitter:data1\" content=\"3 minutes\" \/>\n<script type=\"application\/ld+json\" class=\"yoast-schema-graph\">{\"@context\":\"https:\\\/\\\/schema.org\",\"@graph\":[{\"@type\":\"WebPage\",\"@id\":\"https:\\\/\\\/marunusa.hr\\\/dinara-krka-safari\\\/\",\"url\":\"https:\\\/\\\/marunusa.hr\\\/dinara-krka-safari\\\/\",\"name\":\"DINARA & KRKA SAFARI - marunusa.hr\",\"isPartOf\":{\"@id\":\"https:\\\/\\\/marunusa.hr\\\/#website\"},\"datePublished\":\"2022-04-12T10:24:04+00:00\",\"dateModified\":\"2022-11-11T12:21:11+00:00\",\"breadcrumb\":{\"@id\":\"https:\\\/\\\/marunusa.hr\\\/dinara-krka-safari\\\/#breadcrumb\"},\"inLanguage\":\"en-US\",\"potentialAction\":[{\"@type\":\"ReadAction\",\"target\":[\"https:\\\/\\\/marunusa.hr\\\/dinara-krka-safari\\\/\"]}]},{\"@type\":\"BreadcrumbList\",\"@id\":\"https:\\\/\\\/marunusa.hr\\\/dinara-krka-safari\\\/#breadcrumb\",\"itemListElement\":[{\"@type\":\"ListItem\",\"position\":1,\"name\":\"Home\",\"item\":\"https:\\\/\\\/marunusa.hr\\\/hr\\\/\"},{\"@type\":\"ListItem\",\"position\":2,\"name\":\"DINARA &#038; KRKA SAFARI\"}]},{\"@type\":\"WebSite\",\"@id\":\"https:\\\/\\\/marunusa.hr\\\/#website\",\"url\":\"https:\\\/\\\/marunusa.hr\\\/\",\"name\":\"marunusa.hr\",\"description\":\"turisti\u010dka agencija\",\"potentialAction\":[{\"@type\":\"SearchAction\",\"target\":{\"@type\":\"EntryPoint\",\"urlTemplate\":\"https:\\\/\\\/marunusa.hr\\\/?s={search_term_string}\"},\"query-input\":{\"@type\":\"PropertyValueSpecification\",\"valueRequired\":true,\"valueName\":\"search_term_string\"}}],\"inLanguage\":\"en-US\"}]}<\/script>\n<!-- \/ Yoast SEO plugin. -->","yoast_head_json":{"title":"DINARA & KRKA SAFARI - marunusa.hr","robots":{"index":"index","follow":"follow","max-snippet":"max-snippet:-1","max-image-preview":"max-image-preview:large","max-video-preview":"max-video-preview:-1"},"canonical":"https:\/\/marunusa.hr\/en\/dinara-krka-safari\/","og_locale":"en_US","og_type":"article","og_title":"DINARA & KRKA SAFARI - marunusa.hr","og_description":"Previous Next Dinara &amp; Krka Safari spoj je na\u0161e dvije najpopularnije usluge i najbolji na\u010din za do\u017eivjeti atraktivnu prirodu Knina i okolice. Prvo \u0107ete terenskim vozilom obi\u0107i Dinaru, najvi\u0161u planinu u Republici Hrvatskoj. Imati \u0107ete priliku vidjeti te\u017eak ali atraktivan teren te u\u017eivati u predivnom pogledu i bogatstvu netaknute prirode \u2013 velikim vapnena\u010dkim stijenama, prostranim [&hellip;]","og_url":"https:\/\/marunusa.hr\/en\/dinara-krka-safari\/","og_site_name":"marunusa.hr","article_modified_time":"2022-11-11T12:21:11+00:00","twitter_card":"summary_large_image","twitter_misc":{"Est. reading time":"3 minutes"},"schema":{"@context":"https:\/\/schema.org","@graph":[{"@type":"WebPage","@id":"https:\/\/marunusa.hr\/dinara-krka-safari\/","url":"https:\/\/marunusa.hr\/dinara-krka-safari\/","name":"DINARA & KRKA SAFARI - marunusa.hr","isPartOf":{"@id":"https:\/\/marunusa.hr\/#website"},"datePublished":"2022-04-12T10:24:04+00:00","dateModified":"2022-11-11T12:21:11+00:00","breadcrumb":{"@id":"https:\/\/marunusa.hr\/dinara-krka-safari\/#breadcrumb"},"inLanguage":"en-US","potentialAction":[{"@type":"ReadAction","target":["https:\/\/marunusa.hr\/dinara-krka-safari\/"]}]},{"@type":"BreadcrumbList","@id":"https:\/\/marunusa.hr\/dinara-krka-safari\/#breadcrumb","itemListElement":[{"@type":"ListItem","position":1,"name":"Home","item":"https:\/\/marunusa.hr\/hr\/"},{"@type":"ListItem","position":2,"name":"DINARA &#038; KRKA SAFARI"}]},{"@type":"WebSite","@id":"https:\/\/marunusa.hr\/#website","url":"https:\/\/marunusa.hr\/","name":"marunusa.hr","description":"turisti\u010dka agencija","potentialAction":[{"@type":"SearchAction","target":{"@type":"EntryPoint","urlTemplate":"https:\/\/marunusa.hr\/?s={search_term_string}"},"query-input":{"@type":"PropertyValueSpecification","valueRequired":true,"valueName":"search_term_string"}}],"inLanguage":"en-US"}]}},"_links":{"self":[{"href":"https:\/\/marunusa.hr\/en\/wp-json\/wp\/v2\/pages\/5302","targetHints":{"allow":["GET"]}}],"collection":[{"href":"https:\/\/marunusa.hr\/en\/wp-json\/wp\/v2\/pages"}],"about":[{"href":"https:\/\/marunusa.hr\/en\/wp-json\/wp\/v2\/types\/page"}],"author":[{"embeddable":true,"href":"https:\/\/marunusa.hr\/en\/wp-json\/wp\/v2\/users\/1"}],"replies":[{"embeddable":true,"href":"https:\/\/marunusa.hr\/en\/wp-json\/wp\/v2\/comments?post=5302"}],"version-history":[{"count":94,"href":"https:\/\/marunusa.hr\/en\/wp-json\/wp\/v2\/pages\/5302\/revisions"}],"predecessor-version":[{"id":5938,"href":"https:\/\/marunusa.hr\/en\/wp-json\/wp\/v2\/pages\/5302\/revisions\/5938"}],"wp:attachment":[{"href":"https:\/\/marunusa.hr\/en\/wp-json\/wp\/v2\/media?parent=5302"}],"curies":[{"name":"wp","href":"https:\/\/api.w.org\/{rel}","templated":true}]}}