{"id":4795,"date":"2021-10-13T09:45:57","date_gmt":"2021-10-13T08:45:57","guid":{"rendered":"https:\/\/marunusa.hr\/?page_id=4795"},"modified":"2022-05-25T12:51:35","modified_gmt":"2022-05-25T11:51:35","slug":"obilazak-opg-a-borovic","status":"publish","type":"page","link":"https:\/\/marunusa.hr\/en\/ture\/opg\/obilazak-opg-a-borovic\/","title":{"rendered":"BOROVI\u0106 FAMILY FARM TOUR"},"content":{"rendered":"<div data-elementor-type=\"wp-page\" data-elementor-id=\"4795\" class=\"elementor elementor-4795\" data-elementor-post-type=\"page\">\n\t\t\t\t\t\t<section class=\"elementor-section elementor-top-section elementor-element elementor-element-8a0aa2c elementor-section-boxed elementor-section-height-default elementor-section-height-default\" data-id=\"8a0aa2c\" data-element_type=\"section\" data-settings=\"{&quot;background_background&quot;:&quot;classic&quot;}\">\n\t\t\t\t\t\t<div class=\"elementor-container elementor-column-gap-default\">\n\t\t\t\t\t<div class=\"elementor-column elementor-col-100 elementor-top-column elementor-element elementor-element-a0543db\" data-id=\"a0543db\" data-element_type=\"column\" data-settings=\"{&quot;background_background&quot;:&quot;classic&quot;,&quot;background_motion_fx_motion_fx_scrolling&quot;:&quot;yes&quot;,&quot;background_motion_fx_translateY_effect&quot;:&quot;yes&quot;,&quot;background_motion_fx_translateY_speed&quot;:{&quot;unit&quot;:&quot;px&quot;,&quot;size&quot;:4,&quot;sizes&quot;:[]},&quot;background_motion_fx_translateY_affectedRange&quot;:{&quot;unit&quot;:&quot;%&quot;,&quot;size&quot;:&quot;&quot;,&quot;sizes&quot;:{&quot;start&quot;:0,&quot;end&quot;:100}},&quot;background_motion_fx_devices&quot;:[&quot;desktop&quot;,&quot;tablet&quot;,&quot;mobile&quot;]}\">\n\t\t\t<div class=\"elementor-widget-wrap elementor-element-populated\">\n\t\t\t\t\t\t<div class=\"elementor-element elementor-element-1884aa6 elementor-widget elementor-widget-spacer\" data-id=\"1884aa6\" data-element_type=\"widget\" data-widget_type=\"spacer.default\">\n\t\t\t\t<div class=\"elementor-widget-container\">\n\t\t\t\t\t\t\t<div class=\"elementor-spacer\">\n\t\t\t<div class=\"elementor-spacer-inner\"><\/div>\n\t\t<\/div>\n\t\t\t\t\t\t<\/div>\n\t\t\t\t<\/div>\n\t\t\t\t\t<\/div>\n\t\t<\/div>\n\t\t\t\t\t<\/div>\n\t\t<\/section>\n\t\t\t\t<section class=\"elementor-section elementor-top-section elementor-element elementor-element-73d79f0 elementor-section-boxed elementor-section-height-default elementor-section-height-default\" data-id=\"73d79f0\" data-element_type=\"section\">\n\t\t\t\t\t\t<div class=\"elementor-container elementor-column-gap-default\">\n\t\t\t\t\t<div class=\"elementor-column elementor-col-50 elementor-top-column elementor-element elementor-element-58989f8\" data-id=\"58989f8\" data-element_type=\"column\">\n\t\t\t<div class=\"elementor-widget-wrap elementor-element-populated\">\n\t\t\t\t\t\t<div class=\"elementor-element elementor-element-49e00ac elementor-widget elementor-widget-text-editor\" data-id=\"49e00ac\" data-element_type=\"widget\" data-widget_type=\"text-editor.default\">\n\t\t\t\t<div class=\"elementor-widget-container\">\n\t\t\t\t\t\t\t\t\t<div dir=\"auto\" style=\"text-align: justify;\"><p>Visit to the Borovi\u0107 family farm in the village of Radu\u010di\u0107 near Knin. You will be hosted by Brankica and Paolo, owners of an family farm that was selected in 2020 as the best family farm in \u0160ibenik-Knin County and as the 2nd best young Croatian farmer for 2021.<\/p><p>They planted immortelle plantations on 2 ha of land, and more than 350 almonds on a hectare of cleared karst. They have developed a line of 13 face and body care products, completely natural and from their own immortelle.<\/p><p>Tour includes a immortelle plantation tour, a donkey farm tour, a laboratory tour, and 10% discount for buying natural cosmetics on the spot. Every visitor will receive a gift - immortelle macerate.<\/p><p>The tour is performed for a minimum of 10 participants. For all questions contact us at <span style=\"color: #008000;\"><a style=\"color: #008000;\" href=\"mailto:info@marunusa.hr\">info@marunusa.hr<\/a><\/span><\/p><\/div>\t\t\t\t\t\t\t\t<\/div>\n\t\t\t\t<\/div>\n\t\t\t\t<div class=\"elementor-element elementor-element-e43b4fe elementor-widget elementor-widget-shortcode\" data-id=\"e43b4fe\" data-element_type=\"widget\" data-widget_type=\"shortcode.default\">\n\t\t\t\t<div class=\"elementor-widget-container\">\n\t\t\t\t\t\t\t<div class=\"elementor-shortcode\"> \n<div style=\"display: flex\">\n\n<iframe id=\"iFrameResizer1\"\nsrc=\"https:\/\/booking.ez-booker.com\/tour_details?site_id=9cf8ab11fb56aaef9972f18a3283800b&service_id=944&adults=1.\"\nstyle=\"border:none;width:1280px;height:1024px\"><\/iframe>\n\n<\/div>\n\n<script src=\"https:\/\/app.ez-booker.com\/secure\/js\/iframeResizer.js\"><\/script>\n\n<script>\niFrameResize();\n<\/script> \n\n<\/div>\n\t\t\t\t\t\t<\/div>\n\t\t\t\t<\/div>\n\t\t\t\t\t<\/div>\n\t\t<\/div>\n\t\t\t\t<div class=\"elementor-column elementor-col-50 elementor-top-column elementor-element elementor-element-3a63c92\" data-id=\"3a63c92\" data-element_type=\"column\" data-settings=\"{&quot;background_background&quot;:&quot;classic&quot;}\">\n\t\t\t<div class=\"elementor-widget-wrap elementor-element-populated\">\n\t\t\t\t\t<div class=\"elementor-background-overlay\"><\/div>\n\t\t\t\t\t\t<div class=\"elementor-element elementor-element-337b61d elementor-widget elementor-widget-text-editor\" data-id=\"337b61d\" data-element_type=\"widget\" data-widget_type=\"text-editor.default\">\n\t\t\t\t<div class=\"elementor-widget-container\">\n\t\t\t\t\t\t\t\t\t<p style=\"text-align: justify;\"><strong>Availability<\/strong>: all year round<br \/><strong>Minimum number of persons<\/strong>: 10<br \/><strong>Duration<\/strong>: 1h<br \/><strong>Difficulty<\/strong>: light, not physically demanding<br \/><strong>What to bring<\/strong>: comfortable walking shoes, sun protection, rain protection, mobile phone, camera<br \/><strong>Price includes<\/strong>: licensed tour guide, a immortelle plantation tour, a donkey farm tour, a laboratory tour, and 10% discount for buying natural cosmetics on the spot, a gift - immortelle macerate.<br \/><strong>Not included<\/strong>: transportation, food, drinks, tips<\/p>\t\t\t\t\t\t\t\t<\/div>\n\t\t\t\t<\/div>\n\t\t\t\t\t<\/div>\n\t\t<\/div>\n\t\t\t\t\t<\/div>\n\t\t<\/section>\n\t\t\t\t<\/div>","protected":false},"excerpt":{"rendered":"<p>Posjet OPG-u Brankica Borovi\u0107 u selu Radu\u010di\u0107 kraj Knina. Do\u010dekati \u0107e vas Brankica i Paolo, vlasnici poljoprivrednog gospodarstva koje je 2020. odabrano kao najbolji OPG \u0160ibensko-kninske \u017eupanije te kao 2. najbolji mladi hrvatski poljoprivrednik za 2021. godinu. Na dva hektara zemlje posadili su nasade smilja, a na hektaru raskr\u010denog kr\u0161a vi\u0161e od 350 badema. Razvili [&hellip;]<\/p>","protected":false},"author":1,"featured_media":0,"parent":4793,"menu_order":1,"comment_status":"closed","ping_status":"closed","template":"elementor_header_footer","meta":{"footnotes":""},"class_list":["post-4795","page","type-page","status-publish","hentry"],"yoast_head":"<!-- This site is optimized with the Yoast SEO plugin v27.4 - https:\/\/yoast.com\/product\/yoast-seo-wordpress\/ -->\n<title>Obilazak OPG-a Borovi\u0107 - marunusa.hr<\/title>\n<meta name=\"robots\" content=\"index, follow, max-snippet:-1, max-image-preview:large, max-video-preview:-1\" \/>\n<link rel=\"canonical\" href=\"https:\/\/marunusa.hr\/en\/ture\/opg\/obilazak-opg-a-borovic\/\" \/>\n<meta property=\"og:locale\" content=\"en_US\" \/>\n<meta property=\"og:type\" content=\"article\" \/>\n<meta property=\"og:title\" content=\"Obilazak OPG-a Borovi\u0107 - marunusa.hr\" \/>\n<meta property=\"og:description\" content=\"Posjet OPG-u Brankica Borovi\u0107 u selu Radu\u010di\u0107 kraj Knina. Do\u010dekati \u0107e vas Brankica i Paolo, vlasnici poljoprivrednog gospodarstva koje je 2020. odabrano kao najbolji OPG \u0160ibensko-kninske \u017eupanije te kao 2. najbolji mladi hrvatski poljoprivrednik za 2021. godinu. Na dva hektara zemlje posadili su nasade smilja, a na hektaru raskr\u010denog kr\u0161a vi\u0161e od 350 badema. Razvili [&hellip;]\" \/>\n<meta property=\"og:url\" content=\"https:\/\/marunusa.hr\/en\/ture\/opg\/obilazak-opg-a-borovic\/\" \/>\n<meta property=\"og:site_name\" content=\"marunusa.hr\" \/>\n<meta property=\"article:modified_time\" content=\"2022-05-25T11:51:35+00:00\" \/>\n<meta name=\"twitter:card\" content=\"summary_large_image\" \/>\n<meta name=\"twitter:label1\" content=\"Est. reading time\" \/>\n\t<meta name=\"twitter:data1\" content=\"1 minute\" \/>\n<script type=\"application\/ld+json\" class=\"yoast-schema-graph\">{\"@context\":\"https:\\\/\\\/schema.org\",\"@graph\":[{\"@type\":\"WebPage\",\"@id\":\"https:\\\/\\\/marunusa.hr\\\/ture\\\/opg\\\/obilazak-opg-a-borovic\\\/\",\"url\":\"https:\\\/\\\/marunusa.hr\\\/ture\\\/opg\\\/obilazak-opg-a-borovic\\\/\",\"name\":\"Obilazak OPG-a Borovi\u0107 - marunusa.hr\",\"isPartOf\":{\"@id\":\"https:\\\/\\\/marunusa.hr\\\/#website\"},\"datePublished\":\"2021-10-13T08:45:57+00:00\",\"dateModified\":\"2022-05-25T11:51:35+00:00\",\"breadcrumb\":{\"@id\":\"https:\\\/\\\/marunusa.hr\\\/ture\\\/opg\\\/obilazak-opg-a-borovic\\\/#breadcrumb\"},\"inLanguage\":\"en-US\",\"potentialAction\":[{\"@type\":\"ReadAction\",\"target\":[\"https:\\\/\\\/marunusa.hr\\\/ture\\\/opg\\\/obilazak-opg-a-borovic\\\/\"]}]},{\"@type\":\"BreadcrumbList\",\"@id\":\"https:\\\/\\\/marunusa.hr\\\/ture\\\/opg\\\/obilazak-opg-a-borovic\\\/#breadcrumb\",\"itemListElement\":[{\"@type\":\"ListItem\",\"position\":1,\"name\":\"Home\",\"item\":\"https:\\\/\\\/marunusa.hr\\\/hr\\\/\"},{\"@type\":\"ListItem\",\"position\":2,\"name\":\"Ture\",\"item\":\"https:\\\/\\\/marunusa.hr\\\/ture\\\/\"},{\"@type\":\"ListItem\",\"position\":3,\"name\":\"OPG\",\"item\":\"https:\\\/\\\/marunusa.hr\\\/ture\\\/opg\\\/\"},{\"@type\":\"ListItem\",\"position\":4,\"name\":\"Obilazak OPG-a Borovi\u0107\"}]},{\"@type\":\"WebSite\",\"@id\":\"https:\\\/\\\/marunusa.hr\\\/#website\",\"url\":\"https:\\\/\\\/marunusa.hr\\\/\",\"name\":\"marunusa.hr\",\"description\":\"turisti\u010dka agencija\",\"potentialAction\":[{\"@type\":\"SearchAction\",\"target\":{\"@type\":\"EntryPoint\",\"urlTemplate\":\"https:\\\/\\\/marunusa.hr\\\/?s={search_term_string}\"},\"query-input\":{\"@type\":\"PropertyValueSpecification\",\"valueRequired\":true,\"valueName\":\"search_term_string\"}}],\"inLanguage\":\"en-US\"}]}<\/script>\n<!-- \/ Yoast SEO plugin. -->","yoast_head_json":{"title":"Obilazak OPG-a Borovi\u0107 - marunusa.hr","robots":{"index":"index","follow":"follow","max-snippet":"max-snippet:-1","max-image-preview":"max-image-preview:large","max-video-preview":"max-video-preview:-1"},"canonical":"https:\/\/marunusa.hr\/en\/ture\/opg\/obilazak-opg-a-borovic\/","og_locale":"en_US","og_type":"article","og_title":"Obilazak OPG-a Borovi\u0107 - marunusa.hr","og_description":"Posjet OPG-u Brankica Borovi\u0107 u selu Radu\u010di\u0107 kraj Knina. Do\u010dekati \u0107e vas Brankica i Paolo, vlasnici poljoprivrednog gospodarstva koje je 2020. odabrano kao najbolji OPG \u0160ibensko-kninske \u017eupanije te kao 2. najbolji mladi hrvatski poljoprivrednik za 2021. godinu. Na dva hektara zemlje posadili su nasade smilja, a na hektaru raskr\u010denog kr\u0161a vi\u0161e od 350 badema. Razvili [&hellip;]","og_url":"https:\/\/marunusa.hr\/en\/ture\/opg\/obilazak-opg-a-borovic\/","og_site_name":"marunusa.hr","article_modified_time":"2022-05-25T11:51:35+00:00","twitter_card":"summary_large_image","twitter_misc":{"Est. reading time":"1 minute"},"schema":{"@context":"https:\/\/schema.org","@graph":[{"@type":"WebPage","@id":"https:\/\/marunusa.hr\/ture\/opg\/obilazak-opg-a-borovic\/","url":"https:\/\/marunusa.hr\/ture\/opg\/obilazak-opg-a-borovic\/","name":"Obilazak OPG-a Borovi\u0107 - marunusa.hr","isPartOf":{"@id":"https:\/\/marunusa.hr\/#website"},"datePublished":"2021-10-13T08:45:57+00:00","dateModified":"2022-05-25T11:51:35+00:00","breadcrumb":{"@id":"https:\/\/marunusa.hr\/ture\/opg\/obilazak-opg-a-borovic\/#breadcrumb"},"inLanguage":"en-US","potentialAction":[{"@type":"ReadAction","target":["https:\/\/marunusa.hr\/ture\/opg\/obilazak-opg-a-borovic\/"]}]},{"@type":"BreadcrumbList","@id":"https:\/\/marunusa.hr\/ture\/opg\/obilazak-opg-a-borovic\/#breadcrumb","itemListElement":[{"@type":"ListItem","position":1,"name":"Home","item":"https:\/\/marunusa.hr\/hr\/"},{"@type":"ListItem","position":2,"name":"Ture","item":"https:\/\/marunusa.hr\/ture\/"},{"@type":"ListItem","position":3,"name":"OPG","item":"https:\/\/marunusa.hr\/ture\/opg\/"},{"@type":"ListItem","position":4,"name":"Obilazak OPG-a Borovi\u0107"}]},{"@type":"WebSite","@id":"https:\/\/marunusa.hr\/#website","url":"https:\/\/marunusa.hr\/","name":"marunusa.hr","description":"turisti\u010dka agencija","potentialAction":[{"@type":"SearchAction","target":{"@type":"EntryPoint","urlTemplate":"https:\/\/marunusa.hr\/?s={search_term_string}"},"query-input":{"@type":"PropertyValueSpecification","valueRequired":true,"valueName":"search_term_string"}}],"inLanguage":"en-US"}]}},"_links":{"self":[{"href":"https:\/\/marunusa.hr\/en\/wp-json\/wp\/v2\/pages\/4795","targetHints":{"allow":["GET"]}}],"collection":[{"href":"https:\/\/marunusa.hr\/en\/wp-json\/wp\/v2\/pages"}],"about":[{"href":"https:\/\/marunusa.hr\/en\/wp-json\/wp\/v2\/types\/page"}],"author":[{"embeddable":true,"href":"https:\/\/marunusa.hr\/en\/wp-json\/wp\/v2\/users\/1"}],"replies":[{"embeddable":true,"href":"https:\/\/marunusa.hr\/en\/wp-json\/wp\/v2\/comments?post=4795"}],"version-history":[{"count":20,"href":"https:\/\/marunusa.hr\/en\/wp-json\/wp\/v2\/pages\/4795\/revisions"}],"predecessor-version":[{"id":5513,"href":"https:\/\/marunusa.hr\/en\/wp-json\/wp\/v2\/pages\/4795\/revisions\/5513"}],"up":[{"embeddable":true,"href":"https:\/\/marunusa.hr\/en\/wp-json\/wp\/v2\/pages\/4793"}],"wp:attachment":[{"href":"https:\/\/marunusa.hr\/en\/wp-json\/wp\/v2\/media?parent=4795"}],"curies":[{"name":"wp","href":"https:\/\/api.w.org\/{rel}","templated":true}]}}