{"id":4789,"date":"2021-10-13T09:35:53","date_gmt":"2021-10-13T08:35:53","guid":{"rendered":"https:\/\/marunusa.hr\/?page_id=4789"},"modified":"2022-05-25T13:02:32","modified_gmt":"2022-05-25T12:02:32","slug":"degustacija-vina","status":"publish","type":"page","link":"https:\/\/marunusa.hr\/en\/ture\/gurmanske-ture\/degustacija-vina\/","title":{"rendered":"WINE TASTING"},"content":{"rendered":"<div data-elementor-type=\"wp-page\" data-elementor-id=\"4789\" class=\"elementor elementor-4789\" data-elementor-post-type=\"page\">\n\t\t\t\t\t\t<section class=\"elementor-section elementor-top-section elementor-element elementor-element-ea69088 elementor-section-boxed elementor-section-height-default elementor-section-height-default\" data-id=\"ea69088\" data-element_type=\"section\" data-settings=\"{&quot;background_background&quot;:&quot;classic&quot;}\">\n\t\t\t\t\t\t<div class=\"elementor-container elementor-column-gap-default\">\n\t\t\t\t\t<div class=\"elementor-column elementor-col-100 elementor-top-column elementor-element elementor-element-0efbf58\" data-id=\"0efbf58\" data-element_type=\"column\" data-settings=\"{&quot;background_background&quot;:&quot;classic&quot;,&quot;background_motion_fx_motion_fx_scrolling&quot;:&quot;yes&quot;,&quot;background_motion_fx_translateY_effect&quot;:&quot;yes&quot;,&quot;background_motion_fx_translateY_speed&quot;:{&quot;unit&quot;:&quot;px&quot;,&quot;size&quot;:4,&quot;sizes&quot;:[]},&quot;background_motion_fx_translateY_affectedRange&quot;:{&quot;unit&quot;:&quot;%&quot;,&quot;size&quot;:&quot;&quot;,&quot;sizes&quot;:{&quot;start&quot;:0,&quot;end&quot;:100}},&quot;background_motion_fx_devices&quot;:[&quot;desktop&quot;,&quot;tablet&quot;,&quot;mobile&quot;]}\">\n\t\t\t<div class=\"elementor-widget-wrap elementor-element-populated\">\n\t\t\t\t\t\t<div class=\"elementor-element elementor-element-c0a1a23 elementor-widget elementor-widget-spacer\" data-id=\"c0a1a23\" data-element_type=\"widget\" data-widget_type=\"spacer.default\">\n\t\t\t\t<div class=\"elementor-widget-container\">\n\t\t\t\t\t\t\t<div class=\"elementor-spacer\">\n\t\t\t<div class=\"elementor-spacer-inner\"><\/div>\n\t\t<\/div>\n\t\t\t\t\t\t<\/div>\n\t\t\t\t<\/div>\n\t\t\t\t\t<\/div>\n\t\t<\/div>\n\t\t\t\t\t<\/div>\n\t\t<\/section>\n\t\t\t\t<section class=\"elementor-section elementor-top-section elementor-element elementor-element-2e25cd9 elementor-section-boxed elementor-section-height-default elementor-section-height-default\" data-id=\"2e25cd9\" data-element_type=\"section\">\n\t\t\t\t\t\t<div class=\"elementor-container elementor-column-gap-default\">\n\t\t\t\t\t<div class=\"elementor-column elementor-col-100 elementor-top-column elementor-element elementor-element-f661a75\" data-id=\"f661a75\" data-element_type=\"column\">\n\t\t\t<div class=\"elementor-widget-wrap elementor-element-populated\">\n\t\t\t\t\t\t<div class=\"elementor-element elementor-element-09cdc9a elementor-skin-carousel elementor-arrows-yes elementor-pagination-type-bullets elementor-pagination-position-outside elementor-widget elementor-widget-media-carousel\" data-id=\"09cdc9a\" data-element_type=\"widget\" data-settings=\"{&quot;slides_per_view_mobile&quot;:&quot;2&quot;,&quot;skin&quot;:&quot;carousel&quot;,&quot;effect&quot;:&quot;slide&quot;,&quot;show_arrows&quot;:&quot;yes&quot;,&quot;pagination&quot;:&quot;bullets&quot;,&quot;speed&quot;:500,&quot;autoplay&quot;:&quot;yes&quot;,&quot;autoplay_speed&quot;:5000,&quot;loop&quot;:&quot;yes&quot;,&quot;pause_on_hover&quot;:&quot;yes&quot;,&quot;pause_on_interaction&quot;:&quot;yes&quot;,&quot;space_between&quot;:{&quot;unit&quot;:&quot;px&quot;,&quot;size&quot;:10,&quot;sizes&quot;:[]},&quot;space_between_tablet&quot;:{&quot;unit&quot;:&quot;px&quot;,&quot;size&quot;:10,&quot;sizes&quot;:[]},&quot;space_between_mobile&quot;:{&quot;unit&quot;:&quot;px&quot;,&quot;size&quot;:10,&quot;sizes&quot;:[]}}\" data-widget_type=\"media-carousel.default\">\n\t\t\t\t<div class=\"elementor-widget-container\">\n\t\t\t\t\t\t\t\t\t<div class=\"elementor-swiper\">\n\t\t\t\t\t<div class=\"elementor-main-swiper swiper\" role=\"region\" aria-roledescription=\"carousel\" aria-label=\"Slides\">\n\t\t\t\t<div class=\"swiper-wrapper\">\n\t\t\t\t\t\t\t\t\t\t\t<div class=\"swiper-slide\" role=\"group\" aria-roledescription=\"slide\">\n\t\t\t\t\t\t\t\t\t<div class=\"elementor-carousel-image\" role=\"img\" aria-label=\"Wine1-marunusa\" style=\"background-image: url(&#039;https:\/\/marunusa.hr\/wp-content\/uploads\/2021\/11\/Wine1-marunusa.jpg&#039;)\">\n\n\t\t\t\n\t\t\t\t\t<\/div>\n\t\t\t\t\t\t\t\t<\/div>\n\t\t\t\t\t\t\t\t\t\t\t<div class=\"swiper-slide\" role=\"group\" aria-roledescription=\"slide\">\n\t\t\t\t\t\t\t\t\t<div class=\"elementor-carousel-image\" role=\"img\" aria-label=\"Wine2-marunusa\" style=\"background-image: url(&#039;https:\/\/marunusa.hr\/wp-content\/uploads\/2021\/10\/Wine2-marunusa.jpg&#039;)\">\n\n\t\t\t\n\t\t\t\t\t<\/div>\n\t\t\t\t\t\t\t\t<\/div>\n\t\t\t\t\t\t\t\t\t\t\t<div class=\"swiper-slide\" role=\"group\" aria-roledescription=\"slide\">\n\t\t\t\t\t\t\t\t\t<div class=\"elementor-carousel-image\" role=\"img\" aria-label=\"Wine3-marunusa\" style=\"background-image: url(&#039;https:\/\/marunusa.hr\/wp-content\/uploads\/2021\/10\/Wine3-marunusa.jpg&#039;)\">\n\n\t\t\t\n\t\t\t\t\t<\/div>\n\t\t\t\t\t\t\t\t<\/div>\n\t\t\t\t\t\t\t\t\t\t\t<div class=\"swiper-slide\" role=\"group\" aria-roledescription=\"slide\">\n\t\t\t\t\t\t\t\t\t<div class=\"elementor-carousel-image\" role=\"img\" aria-label=\"Wine4-marunusa\" style=\"background-image: url(&#039;https:\/\/marunusa.hr\/wp-content\/uploads\/2021\/10\/Wine4-marunusa.jpg&#039;)\">\n\n\t\t\t\n\t\t\t\t\t<\/div>\n\t\t\t\t\t\t\t\t<\/div>\n\t\t\t\t\t\t\t\t\t\t\t<div class=\"swiper-slide\" role=\"group\" aria-roledescription=\"slide\">\n\t\t\t\t\t\t\t\t\t<div class=\"elementor-carousel-image\" role=\"img\" aria-label=\"Wine5-marunusa\" style=\"background-image: url(&#039;https:\/\/marunusa.hr\/wp-content\/uploads\/2021\/10\/Wine5-marunusa.jpg&#039;)\">\n\n\t\t\t\n\t\t\t\t\t<\/div>\n\t\t\t\t\t\t\t\t<\/div>\n\t\t\t\t\t\t\t\t\t<\/div>\n\t\t\t\t\t\t\t\t\t\t\t\t\t\t\t<div class=\"elementor-swiper-button elementor-swiper-button-prev\" role=\"button\" tabindex=\"0\" aria-label=\"Previous\">\n\t\t\t\t\t\t\t<i aria-hidden=\"true\" class=\"eicon-chevron-left\"><\/i>\t\t\t\t\t\t<\/div>\n\t\t\t\t\t\t<div class=\"elementor-swiper-button elementor-swiper-button-next\" role=\"button\" tabindex=\"0\" aria-label=\"Next\">\n\t\t\t\t\t\t\t<i aria-hidden=\"true\" class=\"eicon-chevron-right\"><\/i>\t\t\t\t\t\t<\/div>\n\t\t\t\t\t\t\t\t\t\t\t\t\t\t\t\t<div class=\"swiper-pagination\"><\/div>\n\t\t\t\t\t\t\t\t\t\t\t\t<\/div>\n\t\t\t\t<\/div>\n\t\t\t\t\t\t\t\t<\/div>\n\t\t\t\t<\/div>\n\t\t\t\t\t<\/div>\n\t\t<\/div>\n\t\t\t\t\t<\/div>\n\t\t<\/section>\n\t\t\t\t<section class=\"elementor-section elementor-top-section elementor-element elementor-element-210d391 elementor-section-boxed elementor-section-height-default elementor-section-height-default\" data-id=\"210d391\" data-element_type=\"section\">\n\t\t\t\t\t\t<div class=\"elementor-container elementor-column-gap-default\">\n\t\t\t\t\t<div class=\"elementor-column elementor-col-50 elementor-top-column elementor-element elementor-element-437dbd3\" data-id=\"437dbd3\" data-element_type=\"column\">\n\t\t\t<div class=\"elementor-widget-wrap elementor-element-populated\">\n\t\t\t\t\t\t<div class=\"elementor-element elementor-element-77b86a2 elementor-widget elementor-widget-text-editor\" data-id=\"77b86a2\" data-element_type=\"widget\" data-widget_type=\"text-editor.default\">\n\t\t\t\t<div class=\"elementor-widget-container\">\n\t\t\t\t\t\t\t\t\t<div dir=\"auto\" style=\"text-align: justify;\"><p>Visit to the Burnum winery in the village of Vrbnik near Knin. Our host An\u0111elka will welcome you and show you how on the northern side of Promina, in the karst itself, 30,000 vines of autochthonous and foreign varieties grow on 6.5 ha, which produce excellent wines.<\/p><p>Next to the vineyard there is an 8 ha almond plantation and it is irrigated from a 220 meters deep well. The Tour includes information on grape \/ almond planting, organic farming, farm care and production.<\/p><p>Tour continues in the winery, where you will taste the white cuvee of po\u0161ip, mara\u0161tina, viognier and chardonnay; black cuvee made of merlot, cabernet sauvignon and babi\u0107; and sparkling wine made of babi\u0107, first one in this area. You will have free time to buy the products.<\/p><p>The tour is performed for a minimum of 10 participants. For all questions contact us at\u00a0<span style=\"color: #008000;\"><a style=\"color: #008000;\" href=\"mailto:info@marunusa.hr\">info@marunusa.hr<\/a><\/span><\/p><\/div>\t\t\t\t\t\t\t\t<\/div>\n\t\t\t\t<\/div>\n\t\t\t\t<div class=\"elementor-element elementor-element-71e3a08 elementor-widget elementor-widget-shortcode\" data-id=\"71e3a08\" data-element_type=\"widget\" data-widget_type=\"shortcode.default\">\n\t\t\t\t<div class=\"elementor-widget-container\">\n\t\t\t\t\t\t\t<div class=\"elementor-shortcode\"> \n<div style=\"display: flex\">\n\n<iframe id=\"iFrameResizer1\"\nsrc=\"https:\/\/booking.ez-booker.com\/tour_details?site_id=9cf8ab11fb56aaef9972f18a3283800b&service_id=937&adults=1.\"\nstyle=\"border:none;width:1280px;height:1024px\"><\/iframe>\n\n<\/div>\n\n<script src=\"https:\/\/app.ez-booker.com\/secure\/js\/iframeResizer.js\"><\/script>\n\n<script>\niFrameResize();\n<\/script> \n\n<\/div>\n\t\t\t\t\t\t<\/div>\n\t\t\t\t<\/div>\n\t\t\t\t\t<\/div>\n\t\t<\/div>\n\t\t\t\t<div class=\"elementor-column elementor-col-50 elementor-top-column elementor-element elementor-element-ab8aeb5\" data-id=\"ab8aeb5\" data-element_type=\"column\" data-settings=\"{&quot;background_background&quot;:&quot;classic&quot;}\">\n\t\t\t<div class=\"elementor-widget-wrap elementor-element-populated\">\n\t\t\t\t\t\t<div class=\"elementor-element elementor-element-6853476 elementor-widget elementor-widget-text-editor\" data-id=\"6853476\" data-element_type=\"widget\" data-widget_type=\"text-editor.default\">\n\t\t\t\t<div class=\"elementor-widget-container\">\n\t\t\t\t\t\t\t\t\t<p style=\"text-align: justify;\"><strong>Availability<\/strong>: all year round<br \/><strong>Minimum number of persons<\/strong>: 10<br \/><strong>Duration<\/strong>: 1h<br \/><strong>Difficulty<\/strong>: light, not physically demanding<br \/><strong>What to bring<\/strong>: comfortable walking shoes, sun protection, rain protection, mobile phone, camera<br \/><strong>Price includes<\/strong>: licensed tour guide, vineyards and almond groves tour, winery tour, tasting 3 types of wine<br \/><strong>Not included<\/strong>: transportation, food, tips<\/p>\t\t\t\t\t\t\t\t<\/div>\n\t\t\t\t<\/div>\n\t\t\t\t\t<\/div>\n\t\t<\/div>\n\t\t\t\t\t<\/div>\n\t\t<\/section>\n\t\t\t\t<\/div>","protected":false},"excerpt":{"rendered":"<p>Previous Next Posjet vinariji Burnum u selu Vrbnik kraj Knina. Do\u010dekati \u0107e vas voditeljica An\u0111elka i pokazati vam kako sa sjeverne strane Promine, u samom kr\u0161u na 6,5 ha raste 30.000 trsova loze autohtonih i stranih sorti koje daju vrhunska vina. Uz vinograd se nalazi i 8 ha velik nasad badema i navodnjava se iz [&hellip;]<\/p>","protected":false},"author":1,"featured_media":0,"parent":4785,"menu_order":2,"comment_status":"closed","ping_status":"closed","template":"elementor_header_footer","meta":{"footnotes":""},"class_list":["post-4789","page","type-page","status-publish","hentry"],"yoast_head":"<!-- This site is optimized with the Yoast SEO plugin v27.4 - https:\/\/yoast.com\/product\/yoast-seo-wordpress\/ -->\n<title>Degustacija vina - marunusa.hr<\/title>\n<meta name=\"robots\" content=\"index, follow, max-snippet:-1, max-image-preview:large, max-video-preview:-1\" \/>\n<link rel=\"canonical\" href=\"https:\/\/marunusa.hr\/en\/ture\/gurmanske-ture\/degustacija-vina\/\" \/>\n<meta property=\"og:locale\" content=\"en_US\" \/>\n<meta property=\"og:type\" content=\"article\" \/>\n<meta property=\"og:title\" content=\"Degustacija vina - marunusa.hr\" \/>\n<meta property=\"og:description\" content=\"Previous Next Posjet vinariji Burnum u selu Vrbnik kraj Knina. Do\u010dekati \u0107e vas voditeljica An\u0111elka i pokazati vam kako sa sjeverne strane Promine, u samom kr\u0161u na 6,5 ha raste 30.000 trsova loze autohtonih i stranih sorti koje daju vrhunska vina. Uz vinograd se nalazi i 8 ha velik nasad badema i navodnjava se iz [&hellip;]\" \/>\n<meta property=\"og:url\" content=\"https:\/\/marunusa.hr\/en\/ture\/gurmanske-ture\/degustacija-vina\/\" \/>\n<meta property=\"og:site_name\" content=\"marunusa.hr\" \/>\n<meta property=\"article:modified_time\" content=\"2022-05-25T12:02:32+00:00\" \/>\n<meta name=\"twitter:card\" content=\"summary_large_image\" \/>\n<meta name=\"twitter:label1\" content=\"Est. reading time\" \/>\n\t<meta name=\"twitter:data1\" content=\"1 minute\" \/>\n<script type=\"application\/ld+json\" class=\"yoast-schema-graph\">{\"@context\":\"https:\\\/\\\/schema.org\",\"@graph\":[{\"@type\":\"WebPage\",\"@id\":\"https:\\\/\\\/marunusa.hr\\\/ture\\\/gurmanske-ture\\\/degustacija-vina\\\/\",\"url\":\"https:\\\/\\\/marunusa.hr\\\/ture\\\/gurmanske-ture\\\/degustacija-vina\\\/\",\"name\":\"Degustacija vina - marunusa.hr\",\"isPartOf\":{\"@id\":\"https:\\\/\\\/marunusa.hr\\\/#website\"},\"datePublished\":\"2021-10-13T08:35:53+00:00\",\"dateModified\":\"2022-05-25T12:02:32+00:00\",\"breadcrumb\":{\"@id\":\"https:\\\/\\\/marunusa.hr\\\/ture\\\/gurmanske-ture\\\/degustacija-vina\\\/#breadcrumb\"},\"inLanguage\":\"en-US\",\"potentialAction\":[{\"@type\":\"ReadAction\",\"target\":[\"https:\\\/\\\/marunusa.hr\\\/ture\\\/gurmanske-ture\\\/degustacija-vina\\\/\"]}]},{\"@type\":\"BreadcrumbList\",\"@id\":\"https:\\\/\\\/marunusa.hr\\\/ture\\\/gurmanske-ture\\\/degustacija-vina\\\/#breadcrumb\",\"itemListElement\":[{\"@type\":\"ListItem\",\"position\":1,\"name\":\"Home\",\"item\":\"https:\\\/\\\/marunusa.hr\\\/hr\\\/\"},{\"@type\":\"ListItem\",\"position\":2,\"name\":\"Ture\",\"item\":\"https:\\\/\\\/marunusa.hr\\\/ture\\\/\"},{\"@type\":\"ListItem\",\"position\":3,\"name\":\"GURMANSKE TURE\",\"item\":\"https:\\\/\\\/marunusa.hr\\\/ture\\\/gurmanske-ture\\\/\"},{\"@type\":\"ListItem\",\"position\":4,\"name\":\"Degustacija vina\"}]},{\"@type\":\"WebSite\",\"@id\":\"https:\\\/\\\/marunusa.hr\\\/#website\",\"url\":\"https:\\\/\\\/marunusa.hr\\\/\",\"name\":\"marunusa.hr\",\"description\":\"turisti\u010dka agencija\",\"potentialAction\":[{\"@type\":\"SearchAction\",\"target\":{\"@type\":\"EntryPoint\",\"urlTemplate\":\"https:\\\/\\\/marunusa.hr\\\/?s={search_term_string}\"},\"query-input\":{\"@type\":\"PropertyValueSpecification\",\"valueRequired\":true,\"valueName\":\"search_term_string\"}}],\"inLanguage\":\"en-US\"}]}<\/script>\n<!-- \/ Yoast SEO plugin. -->","yoast_head_json":{"title":"Degustacija vina - marunusa.hr","robots":{"index":"index","follow":"follow","max-snippet":"max-snippet:-1","max-image-preview":"max-image-preview:large","max-video-preview":"max-video-preview:-1"},"canonical":"https:\/\/marunusa.hr\/en\/ture\/gurmanske-ture\/degustacija-vina\/","og_locale":"en_US","og_type":"article","og_title":"Degustacija vina - marunusa.hr","og_description":"Previous Next Posjet vinariji Burnum u selu Vrbnik kraj Knina. Do\u010dekati \u0107e vas voditeljica An\u0111elka i pokazati vam kako sa sjeverne strane Promine, u samom kr\u0161u na 6,5 ha raste 30.000 trsova loze autohtonih i stranih sorti koje daju vrhunska vina. Uz vinograd se nalazi i 8 ha velik nasad badema i navodnjava se iz [&hellip;]","og_url":"https:\/\/marunusa.hr\/en\/ture\/gurmanske-ture\/degustacija-vina\/","og_site_name":"marunusa.hr","article_modified_time":"2022-05-25T12:02:32+00:00","twitter_card":"summary_large_image","twitter_misc":{"Est. reading time":"1 minute"},"schema":{"@context":"https:\/\/schema.org","@graph":[{"@type":"WebPage","@id":"https:\/\/marunusa.hr\/ture\/gurmanske-ture\/degustacija-vina\/","url":"https:\/\/marunusa.hr\/ture\/gurmanske-ture\/degustacija-vina\/","name":"Degustacija vina - marunusa.hr","isPartOf":{"@id":"https:\/\/marunusa.hr\/#website"},"datePublished":"2021-10-13T08:35:53+00:00","dateModified":"2022-05-25T12:02:32+00:00","breadcrumb":{"@id":"https:\/\/marunusa.hr\/ture\/gurmanske-ture\/degustacija-vina\/#breadcrumb"},"inLanguage":"en-US","potentialAction":[{"@type":"ReadAction","target":["https:\/\/marunusa.hr\/ture\/gurmanske-ture\/degustacija-vina\/"]}]},{"@type":"BreadcrumbList","@id":"https:\/\/marunusa.hr\/ture\/gurmanske-ture\/degustacija-vina\/#breadcrumb","itemListElement":[{"@type":"ListItem","position":1,"name":"Home","item":"https:\/\/marunusa.hr\/hr\/"},{"@type":"ListItem","position":2,"name":"Ture","item":"https:\/\/marunusa.hr\/ture\/"},{"@type":"ListItem","position":3,"name":"GURMANSKE TURE","item":"https:\/\/marunusa.hr\/ture\/gurmanske-ture\/"},{"@type":"ListItem","position":4,"name":"Degustacija vina"}]},{"@type":"WebSite","@id":"https:\/\/marunusa.hr\/#website","url":"https:\/\/marunusa.hr\/","name":"marunusa.hr","description":"turisti\u010dka agencija","potentialAction":[{"@type":"SearchAction","target":{"@type":"EntryPoint","urlTemplate":"https:\/\/marunusa.hr\/?s={search_term_string}"},"query-input":{"@type":"PropertyValueSpecification","valueRequired":true,"valueName":"search_term_string"}}],"inLanguage":"en-US"}]}},"_links":{"self":[{"href":"https:\/\/marunusa.hr\/en\/wp-json\/wp\/v2\/pages\/4789","targetHints":{"allow":["GET"]}}],"collection":[{"href":"https:\/\/marunusa.hr\/en\/wp-json\/wp\/v2\/pages"}],"about":[{"href":"https:\/\/marunusa.hr\/en\/wp-json\/wp\/v2\/types\/page"}],"author":[{"embeddable":true,"href":"https:\/\/marunusa.hr\/en\/wp-json\/wp\/v2\/users\/1"}],"replies":[{"embeddable":true,"href":"https:\/\/marunusa.hr\/en\/wp-json\/wp\/v2\/comments?post=4789"}],"version-history":[{"count":34,"href":"https:\/\/marunusa.hr\/en\/wp-json\/wp\/v2\/pages\/4789\/revisions"}],"predecessor-version":[{"id":5543,"href":"https:\/\/marunusa.hr\/en\/wp-json\/wp\/v2\/pages\/4789\/revisions\/5543"}],"up":[{"embeddable":true,"href":"https:\/\/marunusa.hr\/en\/wp-json\/wp\/v2\/pages\/4785"}],"wp:attachment":[{"href":"https:\/\/marunusa.hr\/en\/wp-json\/wp\/v2\/media?parent=4789"}],"curies":[{"name":"wp","href":"https:\/\/api.w.org\/{rel}","templated":true}]}}