{"id":4781,"date":"2021-10-13T09:29:24","date_gmt":"2021-10-13T08:29:24","guid":{"rendered":"https:\/\/marunusa.hr\/?page_id=4781"},"modified":"2022-05-25T12:46:47","modified_gmt":"2022-05-25T11:46:47","slug":"obilazak-grada-knina","status":"publish","type":"page","link":"https:\/\/marunusa.hr\/en\/ture\/gradske-ture\/obilazak-grada-knina\/","title":{"rendered":"KNIN CITY TOUR"},"content":{"rendered":"<div data-elementor-type=\"wp-page\" data-elementor-id=\"4781\" class=\"elementor elementor-4781\" data-elementor-post-type=\"page\">\n\t\t\t\t\t\t<section class=\"elementor-section elementor-top-section elementor-element elementor-element-4de4d00 elementor-section-boxed elementor-section-height-default elementor-section-height-default\" data-id=\"4de4d00\" data-element_type=\"section\" data-settings=\"{&quot;background_background&quot;:&quot;classic&quot;}\">\n\t\t\t\t\t\t<div class=\"elementor-container elementor-column-gap-default\">\n\t\t\t\t\t<div class=\"elementor-column elementor-col-100 elementor-top-column elementor-element elementor-element-61c09e8\" data-id=\"61c09e8\" data-element_type=\"column\" data-settings=\"{&quot;background_background&quot;:&quot;classic&quot;,&quot;background_motion_fx_motion_fx_scrolling&quot;:&quot;yes&quot;,&quot;background_motion_fx_translateY_effect&quot;:&quot;yes&quot;,&quot;background_motion_fx_translateY_speed&quot;:{&quot;unit&quot;:&quot;px&quot;,&quot;size&quot;:4,&quot;sizes&quot;:[]},&quot;background_motion_fx_translateY_affectedRange&quot;:{&quot;unit&quot;:&quot;%&quot;,&quot;size&quot;:&quot;&quot;,&quot;sizes&quot;:{&quot;start&quot;:0,&quot;end&quot;:100}},&quot;background_motion_fx_devices&quot;:[&quot;desktop&quot;,&quot;tablet&quot;,&quot;mobile&quot;]}\">\n\t\t\t<div class=\"elementor-widget-wrap elementor-element-populated\">\n\t\t\t\t\t\t<div class=\"elementor-element elementor-element-f4c14db elementor-widget-tablet__width-inherit elementor-widget elementor-widget-spacer\" data-id=\"f4c14db\" data-element_type=\"widget\" data-widget_type=\"spacer.default\">\n\t\t\t\t<div class=\"elementor-widget-container\">\n\t\t\t\t\t\t\t<div class=\"elementor-spacer\">\n\t\t\t<div class=\"elementor-spacer-inner\"><\/div>\n\t\t<\/div>\n\t\t\t\t\t\t<\/div>\n\t\t\t\t<\/div>\n\t\t\t\t\t<\/div>\n\t\t<\/div>\n\t\t\t\t\t<\/div>\n\t\t<\/section>\n\t\t\t\t<section class=\"elementor-section elementor-top-section elementor-element elementor-element-3b6fa93 elementor-section-boxed elementor-section-height-default elementor-section-height-default\" data-id=\"3b6fa93\" data-element_type=\"section\">\n\t\t\t\t\t\t<div class=\"elementor-container elementor-column-gap-default\">\n\t\t\t\t\t<div class=\"elementor-column elementor-col-100 elementor-top-column elementor-element elementor-element-920b443\" data-id=\"920b443\" data-element_type=\"column\">\n\t\t\t<div class=\"elementor-widget-wrap elementor-element-populated\">\n\t\t\t\t\t\t<div class=\"elementor-element elementor-element-8c72e44 elementor-skin-carousel elementor-arrows-yes elementor-pagination-type-bullets elementor-pagination-position-outside elementor-widget elementor-widget-media-carousel\" data-id=\"8c72e44\" data-element_type=\"widget\" data-settings=\"{&quot;slides_per_view_mobile&quot;:&quot;2&quot;,&quot;skin&quot;:&quot;carousel&quot;,&quot;effect&quot;:&quot;slide&quot;,&quot;show_arrows&quot;:&quot;yes&quot;,&quot;pagination&quot;:&quot;bullets&quot;,&quot;speed&quot;:500,&quot;autoplay&quot;:&quot;yes&quot;,&quot;autoplay_speed&quot;:5000,&quot;loop&quot;:&quot;yes&quot;,&quot;pause_on_hover&quot;:&quot;yes&quot;,&quot;pause_on_interaction&quot;:&quot;yes&quot;,&quot;space_between&quot;:{&quot;unit&quot;:&quot;px&quot;,&quot;size&quot;:10,&quot;sizes&quot;:[]},&quot;space_between_tablet&quot;:{&quot;unit&quot;:&quot;px&quot;,&quot;size&quot;:10,&quot;sizes&quot;:[]},&quot;space_between_mobile&quot;:{&quot;unit&quot;:&quot;px&quot;,&quot;size&quot;:10,&quot;sizes&quot;:[]}}\" data-widget_type=\"media-carousel.default\">\n\t\t\t\t<div class=\"elementor-widget-container\">\n\t\t\t\t\t\t\t\t\t<div class=\"elementor-swiper\">\n\t\t\t\t\t<div class=\"elementor-main-swiper swiper\" role=\"region\" aria-roledescription=\"carousel\" aria-label=\"Slides\">\n\t\t\t\t<div class=\"swiper-wrapper\">\n\t\t\t\t\t\t\t\t\t\t\t<div class=\"swiper-slide\" role=\"group\" aria-roledescription=\"slide\">\n\t\t\t\t\t\t\t\t\t<div class=\"elementor-carousel-image\" role=\"img\" aria-label=\"City1-marunusa\" style=\"background-image: url(&#039;https:\/\/marunusa.hr\/wp-content\/uploads\/2021\/10\/City1-marunusa-1.jpg&#039;)\">\n\n\t\t\t\n\t\t\t\t\t<\/div>\n\t\t\t\t\t\t\t\t<\/div>\n\t\t\t\t\t\t\t\t\t\t\t<div class=\"swiper-slide\" role=\"group\" aria-roledescription=\"slide\">\n\t\t\t\t\t\t\t\t\t<div class=\"elementor-carousel-image\" role=\"img\" aria-label=\"City2-marunusa\" style=\"background-image: url(&#039;https:\/\/marunusa.hr\/wp-content\/uploads\/2021\/10\/City2-marunusa-1.jpg&#039;)\">\n\n\t\t\t\n\t\t\t\t\t<\/div>\n\t\t\t\t\t\t\t\t<\/div>\n\t\t\t\t\t\t\t\t\t\t\t<div class=\"swiper-slide\" role=\"group\" aria-roledescription=\"slide\">\n\t\t\t\t\t\t\t\t\t<div class=\"elementor-carousel-image\" role=\"img\" aria-label=\"City3-marunusa\" style=\"background-image: url(&#039;https:\/\/marunusa.hr\/wp-content\/uploads\/2021\/10\/City3-marunusa-1.jpg&#039;)\">\n\n\t\t\t\n\t\t\t\t\t<\/div>\n\t\t\t\t\t\t\t\t<\/div>\n\t\t\t\t\t\t\t\t\t\t\t<div class=\"swiper-slide\" role=\"group\" aria-roledescription=\"slide\">\n\t\t\t\t\t\t\t\t\t<div class=\"elementor-carousel-image\" role=\"img\" aria-label=\"City4-marunusa\" style=\"background-image: url(&#039;https:\/\/marunusa.hr\/wp-content\/uploads\/2021\/10\/City4-marunusa.jpg&#039;)\">\n\n\t\t\t\n\t\t\t\t\t<\/div>\n\t\t\t\t\t\t\t\t<\/div>\n\t\t\t\t\t\t\t\t\t<\/div>\n\t\t\t\t\t\t\t\t\t\t\t\t\t\t\t<div class=\"elementor-swiper-button elementor-swiper-button-prev\" role=\"button\" tabindex=\"0\" aria-label=\"Previous\" data-no-translation-aria-label=\"\">\n\t\t\t\t\t\t\t<i aria-hidden=\"true\" class=\"eicon-chevron-left\"><\/i>\t\t\t\t\t\t<\/div>\n\t\t\t\t\t\t<div class=\"elementor-swiper-button elementor-swiper-button-next\" role=\"button\" tabindex=\"0\" aria-label=\"Next\" data-no-translation-aria-label=\"\">\n\t\t\t\t\t\t\t<i aria-hidden=\"true\" class=\"eicon-chevron-right\"><\/i>\t\t\t\t\t\t<\/div>\n\t\t\t\t\t\t\t\t\t\t\t\t\t\t\t\t<div class=\"swiper-pagination\"><\/div>\n\t\t\t\t\t\t\t\t\t\t\t\t<\/div>\n\t\t\t\t<\/div>\n\t\t\t\t\t\t\t\t<\/div>\n\t\t\t\t<\/div>\n\t\t\t\t\t<\/div>\n\t\t<\/div>\n\t\t\t\t\t<\/div>\n\t\t<\/section>\n\t\t\t\t<section class=\"elementor-section elementor-top-section elementor-element elementor-element-4433799 elementor-section-boxed elementor-section-height-default elementor-section-height-default\" data-id=\"4433799\" data-element_type=\"section\">\n\t\t\t\t\t\t<div class=\"elementor-container elementor-column-gap-default\">\n\t\t\t\t\t<div class=\"elementor-column elementor-col-50 elementor-top-column elementor-element elementor-element-1313f65\" data-id=\"1313f65\" data-element_type=\"column\">\n\t\t\t<div class=\"elementor-widget-wrap elementor-element-populated\">\n\t\t\t\t\t\t<div class=\"elementor-element elementor-element-b7262fc elementor-widget elementor-widget-text-editor\" data-id=\"b7262fc\" data-element_type=\"widget\" data-widget_type=\"text-editor.default\">\n\t\t\t\t<div class=\"elementor-widget-container\">\n\t\t\t\t\t\t\t\t\t<div dir=\"auto\" style=\"text-align: justify;\"><p style=\"text-align: justify;\">Orientation city tour accompanied by a licensed tour guide, with emphasis on information on history, architecture, tradition and nature for 1 hour.<\/p><\/div><p style=\"text-align: justify;\">The tour starts on the main town square, Ante Star\u010devi\u0107 Square. Here is a monument to the Croatian victory Storm 95. Also, next to the square there is a railway station and a steam locomotive on display, which reminds that the city was one of the largest railway hubs in the region. Tour continues through the old part of the city and stops at Maruli\u0107 Square, next to the building of the First Museum of Croatian Monuments, the Church of the Intercession of the Blessed Virgin Mary, the Church of St. Ante and the old town market. Return to the city center and stops at the Polytechnic, the National Library, the Municipal Court, the City Administration in front of which is a bust of Lovro Monti, the first mayor of Knin and finally the monument to King Dmitar Zvonimir, where we will end the Tour.<\/p><p style=\"text-align: justify;\">The tour is performed for a minimum of 10 participants. For all questions contact us at <span style=\"color: #008000;\"><a style=\"color: #008000;\" href=\"mailto:info@marunusa.hr\">info@marunusa.hr<\/a><\/span><\/p>\t\t\t\t\t\t\t\t<\/div>\n\t\t\t\t<\/div>\n\t\t\t\t<div class=\"elementor-element elementor-element-678ba38 elementor-widget elementor-widget-shortcode\" data-id=\"678ba38\" data-element_type=\"widget\" data-widget_type=\"shortcode.default\">\n\t\t\t\t<div class=\"elementor-widget-container\">\n\t\t\t\t\t\t\t<div class=\"elementor-shortcode\"> \n<div style=\"display: flex\">\n\n<iframe id=\"iFrameResizer1\"\nsrc=\"https:\/\/booking.ez-booker.com\/tour_details?site_id=9cf8ab11fb56aaef9972f18a3283800b&service_id=938&adults=1.\"\nstyle=\"border:none;width:1280px;height:1024px\"><\/iframe>\n\n<\/div>\n\n<script src=\"https:\/\/app.ez-booker.com\/secure\/js\/iframeResizer.js\"><\/script>\n\n<script>\niFrameResize();\n<\/script> \n\n<\/div>\n\t\t\t\t\t\t<\/div>\n\t\t\t\t<\/div>\n\t\t\t\t\t<\/div>\n\t\t<\/div>\n\t\t\t\t<div class=\"elementor-column elementor-col-50 elementor-top-column elementor-element elementor-element-389fb1d\" data-id=\"389fb1d\" data-element_type=\"column\" data-settings=\"{&quot;background_background&quot;:&quot;classic&quot;}\">\n\t\t\t<div class=\"elementor-widget-wrap elementor-element-populated\">\n\t\t\t\t\t\t<div class=\"elementor-element elementor-element-3660c2d elementor-widget elementor-widget-text-editor\" data-id=\"3660c2d\" data-element_type=\"widget\" data-widget_type=\"text-editor.default\">\n\t\t\t\t<div class=\"elementor-widget-container\">\n\t\t\t\t\t\t\t\t\t<p style=\"text-align: justify;\"><strong>Availability<\/strong>: all year round<br \/><strong>Minimum number of persons<\/strong>: 10<br \/><strong>Duration<\/strong>: 1h<br \/><strong>Difficulty<\/strong>: light, not physically demanding<br \/><strong>What to bring<\/strong>: comfortable walking shoes, food, drinks, sun protection, rain protection, mobile phone, camera<br \/><strong>Price includes<\/strong>: licensed tour guide<br \/><strong>Not included<\/strong>: food, drinks, tips<\/p>\t\t\t\t\t\t\t\t<\/div>\n\t\t\t\t<\/div>\n\t\t\t\t\t<\/div>\n\t\t<\/div>\n\t\t\t\t\t<\/div>\n\t\t<\/section>\n\t\t\t\t<\/div>","protected":false},"excerpt":{"rendered":"<p>Previous Next Orijentacijski obilazak grada u pratnji licenciranog turisti\u010dkog vodi\u010da, s naglaskom na informacijama o povijesti, arhitekturi, tradiciji i prirodi u trajanju 1h. Tura zapo\u010dinje na glavnom gradskom trgu, trgu Ante Star\u010devi\u0107a. Ovdje se nalazi spomenik hrvatske pobjede Oluja 95. Tako\u0111er, uz trg se nalazi i \u017eeljezni\u010dki kolodvor te je izlo\u017eena parna lokomotiva koja podsje\u0107a [&hellip;]<\/p>","protected":false},"author":1,"featured_media":0,"parent":4779,"menu_order":1,"comment_status":"closed","ping_status":"closed","template":"elementor_header_footer","meta":{"footnotes":""},"class_list":["post-4781","page","type-page","status-publish","hentry"],"yoast_head":"<!-- This site is optimized with the Yoast SEO plugin v27.4 - https:\/\/yoast.com\/product\/yoast-seo-wordpress\/ -->\n<title>Obilazak grada Knina - marunusa.hr<\/title>\n<meta name=\"robots\" content=\"index, follow, max-snippet:-1, max-image-preview:large, max-video-preview:-1\" \/>\n<link rel=\"canonical\" href=\"https:\/\/marunusa.hr\/en\/ture\/gradske-ture\/obilazak-grada-knina\/\" \/>\n<meta property=\"og:locale\" content=\"en_US\" \/>\n<meta property=\"og:type\" content=\"article\" \/>\n<meta property=\"og:title\" content=\"Obilazak grada Knina - marunusa.hr\" \/>\n<meta property=\"og:description\" content=\"Previous Next Orijentacijski obilazak grada u pratnji licenciranog turisti\u010dkog vodi\u010da, s naglaskom na informacijama o povijesti, arhitekturi, tradiciji i prirodi u trajanju 1h. Tura zapo\u010dinje na glavnom gradskom trgu, trgu Ante Star\u010devi\u0107a. Ovdje se nalazi spomenik hrvatske pobjede Oluja 95. Tako\u0111er, uz trg se nalazi i \u017eeljezni\u010dki kolodvor te je izlo\u017eena parna lokomotiva koja podsje\u0107a [&hellip;]\" \/>\n<meta property=\"og:url\" content=\"https:\/\/marunusa.hr\/en\/ture\/gradske-ture\/obilazak-grada-knina\/\" \/>\n<meta property=\"og:site_name\" content=\"marunusa.hr\" \/>\n<meta property=\"article:modified_time\" content=\"2022-05-25T11:46:47+00:00\" \/>\n<meta name=\"twitter:card\" content=\"summary_large_image\" \/>\n<meta name=\"twitter:label1\" content=\"Est. reading time\" \/>\n\t<meta name=\"twitter:data1\" content=\"2 minutes\" \/>\n<script type=\"application\/ld+json\" class=\"yoast-schema-graph\">{\"@context\":\"https:\\\/\\\/schema.org\",\"@graph\":[{\"@type\":\"WebPage\",\"@id\":\"https:\\\/\\\/marunusa.hr\\\/ture\\\/gradske-ture\\\/obilazak-grada-knina\\\/\",\"url\":\"https:\\\/\\\/marunusa.hr\\\/ture\\\/gradske-ture\\\/obilazak-grada-knina\\\/\",\"name\":\"Obilazak grada Knina - marunusa.hr\",\"isPartOf\":{\"@id\":\"https:\\\/\\\/marunusa.hr\\\/#website\"},\"datePublished\":\"2021-10-13T08:29:24+00:00\",\"dateModified\":\"2022-05-25T11:46:47+00:00\",\"breadcrumb\":{\"@id\":\"https:\\\/\\\/marunusa.hr\\\/ture\\\/gradske-ture\\\/obilazak-grada-knina\\\/#breadcrumb\"},\"inLanguage\":\"en-US\",\"potentialAction\":[{\"@type\":\"ReadAction\",\"target\":[\"https:\\\/\\\/marunusa.hr\\\/ture\\\/gradske-ture\\\/obilazak-grada-knina\\\/\"]}]},{\"@type\":\"BreadcrumbList\",\"@id\":\"https:\\\/\\\/marunusa.hr\\\/ture\\\/gradske-ture\\\/obilazak-grada-knina\\\/#breadcrumb\",\"itemListElement\":[{\"@type\":\"ListItem\",\"position\":1,\"name\":\"Home\",\"item\":\"https:\\\/\\\/marunusa.hr\\\/hr\\\/\"},{\"@type\":\"ListItem\",\"position\":2,\"name\":\"Ture\",\"item\":\"https:\\\/\\\/marunusa.hr\\\/ture\\\/\"},{\"@type\":\"ListItem\",\"position\":3,\"name\":\"GRADSKE TURE\",\"item\":\"https:\\\/\\\/marunusa.hr\\\/ture\\\/gradske-ture\\\/\"},{\"@type\":\"ListItem\",\"position\":4,\"name\":\"Obilazak grada Knina\"}]},{\"@type\":\"WebSite\",\"@id\":\"https:\\\/\\\/marunusa.hr\\\/#website\",\"url\":\"https:\\\/\\\/marunusa.hr\\\/\",\"name\":\"marunusa.hr\",\"description\":\"turisti\u010dka agencija\",\"potentialAction\":[{\"@type\":\"SearchAction\",\"target\":{\"@type\":\"EntryPoint\",\"urlTemplate\":\"https:\\\/\\\/marunusa.hr\\\/?s={search_term_string}\"},\"query-input\":{\"@type\":\"PropertyValueSpecification\",\"valueRequired\":true,\"valueName\":\"search_term_string\"}}],\"inLanguage\":\"en-US\"}]}<\/script>\n<!-- \/ Yoast SEO plugin. -->","yoast_head_json":{"title":"Obilazak grada Knina - marunusa.hr","robots":{"index":"index","follow":"follow","max-snippet":"max-snippet:-1","max-image-preview":"max-image-preview:large","max-video-preview":"max-video-preview:-1"},"canonical":"https:\/\/marunusa.hr\/en\/ture\/gradske-ture\/obilazak-grada-knina\/","og_locale":"en_US","og_type":"article","og_title":"Obilazak grada Knina - marunusa.hr","og_description":"Previous Next Orijentacijski obilazak grada u pratnji licenciranog turisti\u010dkog vodi\u010da, s naglaskom na informacijama o povijesti, arhitekturi, tradiciji i prirodi u trajanju 1h. Tura zapo\u010dinje na glavnom gradskom trgu, trgu Ante Star\u010devi\u0107a. Ovdje se nalazi spomenik hrvatske pobjede Oluja 95. Tako\u0111er, uz trg se nalazi i \u017eeljezni\u010dki kolodvor te je izlo\u017eena parna lokomotiva koja podsje\u0107a [&hellip;]","og_url":"https:\/\/marunusa.hr\/en\/ture\/gradske-ture\/obilazak-grada-knina\/","og_site_name":"marunusa.hr","article_modified_time":"2022-05-25T11:46:47+00:00","twitter_card":"summary_large_image","twitter_misc":{"Est. reading time":"2 minutes"},"schema":{"@context":"https:\/\/schema.org","@graph":[{"@type":"WebPage","@id":"https:\/\/marunusa.hr\/ture\/gradske-ture\/obilazak-grada-knina\/","url":"https:\/\/marunusa.hr\/ture\/gradske-ture\/obilazak-grada-knina\/","name":"Obilazak grada Knina - marunusa.hr","isPartOf":{"@id":"https:\/\/marunusa.hr\/#website"},"datePublished":"2021-10-13T08:29:24+00:00","dateModified":"2022-05-25T11:46:47+00:00","breadcrumb":{"@id":"https:\/\/marunusa.hr\/ture\/gradske-ture\/obilazak-grada-knina\/#breadcrumb"},"inLanguage":"en-US","potentialAction":[{"@type":"ReadAction","target":["https:\/\/marunusa.hr\/ture\/gradske-ture\/obilazak-grada-knina\/"]}]},{"@type":"BreadcrumbList","@id":"https:\/\/marunusa.hr\/ture\/gradske-ture\/obilazak-grada-knina\/#breadcrumb","itemListElement":[{"@type":"ListItem","position":1,"name":"Home","item":"https:\/\/marunusa.hr\/hr\/"},{"@type":"ListItem","position":2,"name":"Ture","item":"https:\/\/marunusa.hr\/ture\/"},{"@type":"ListItem","position":3,"name":"GRADSKE TURE","item":"https:\/\/marunusa.hr\/ture\/gradske-ture\/"},{"@type":"ListItem","position":4,"name":"Obilazak grada Knina"}]},{"@type":"WebSite","@id":"https:\/\/marunusa.hr\/#website","url":"https:\/\/marunusa.hr\/","name":"marunusa.hr","description":"turisti\u010dka agencija","potentialAction":[{"@type":"SearchAction","target":{"@type":"EntryPoint","urlTemplate":"https:\/\/marunusa.hr\/?s={search_term_string}"},"query-input":{"@type":"PropertyValueSpecification","valueRequired":true,"valueName":"search_term_string"}}],"inLanguage":"en-US"}]}},"_links":{"self":[{"href":"https:\/\/marunusa.hr\/en\/wp-json\/wp\/v2\/pages\/4781","targetHints":{"allow":["GET"]}}],"collection":[{"href":"https:\/\/marunusa.hr\/en\/wp-json\/wp\/v2\/pages"}],"about":[{"href":"https:\/\/marunusa.hr\/en\/wp-json\/wp\/v2\/types\/page"}],"author":[{"embeddable":true,"href":"https:\/\/marunusa.hr\/en\/wp-json\/wp\/v2\/users\/1"}],"replies":[{"embeddable":true,"href":"https:\/\/marunusa.hr\/en\/wp-json\/wp\/v2\/comments?post=4781"}],"version-history":[{"count":43,"href":"https:\/\/marunusa.hr\/en\/wp-json\/wp\/v2\/pages\/4781\/revisions"}],"predecessor-version":[{"id":5498,"href":"https:\/\/marunusa.hr\/en\/wp-json\/wp\/v2\/pages\/4781\/revisions\/5498"}],"up":[{"embeddable":true,"href":"https:\/\/marunusa.hr\/en\/wp-json\/wp\/v2\/pages\/4779"}],"wp:attachment":[{"href":"https:\/\/marunusa.hr\/en\/wp-json\/wp\/v2\/media?parent=4781"}],"curies":[{"name":"wp","href":"https:\/\/api.w.org\/{rel}","templated":true}]}}