{"id":3906,"date":"2021-08-23T09:24:02","date_gmt":"2021-08-23T08:24:02","guid":{"rendered":"https:\/\/marunusa.hr\/?page_id=3906"},"modified":"2022-11-11T13:22:58","modified_gmt":"2022-11-11T12:22:58","slug":"tura-gumenim-camcem-360kg","status":"publish","type":"page","link":"https:\/\/marunusa.hr\/en\/ture\/tura-gumenim-camcem-360kg\/","title":{"rendered":"Inflatable Boat 360kg Tour"},"content":{"rendered":"<div data-elementor-type=\"wp-page\" data-elementor-id=\"3906\" class=\"elementor elementor-3906\" data-elementor-post-type=\"page\">\n\t\t\t\t\t\t<section class=\"elementor-section elementor-top-section elementor-element elementor-element-24ad0ab elementor-section-boxed elementor-section-height-default elementor-section-height-default\" data-id=\"24ad0ab\" data-element_type=\"section\" data-settings=\"{&quot;background_background&quot;:&quot;classic&quot;}\">\n\t\t\t\t\t\t<div class=\"elementor-container elementor-column-gap-default\">\n\t\t\t\t\t<div class=\"elementor-column elementor-col-100 elementor-top-column elementor-element elementor-element-2141609\" data-id=\"2141609\" data-element_type=\"column\" data-settings=\"{&quot;background_background&quot;:&quot;classic&quot;,&quot;background_motion_fx_motion_fx_scrolling&quot;:&quot;yes&quot;,&quot;background_motion_fx_translateY_effect&quot;:&quot;yes&quot;,&quot;background_motion_fx_translateY_speed&quot;:{&quot;unit&quot;:&quot;px&quot;,&quot;size&quot;:4,&quot;sizes&quot;:[]},&quot;background_motion_fx_translateY_affectedRange&quot;:{&quot;unit&quot;:&quot;%&quot;,&quot;size&quot;:&quot;&quot;,&quot;sizes&quot;:{&quot;start&quot;:0,&quot;end&quot;:100}},&quot;background_motion_fx_devices&quot;:[&quot;desktop&quot;,&quot;tablet&quot;,&quot;mobile&quot;]}\">\n\t\t\t<div class=\"elementor-widget-wrap elementor-element-populated\">\n\t\t\t\t\t\t<div class=\"elementor-element elementor-element-32011c6 elementor-widget elementor-widget-spacer\" data-id=\"32011c6\" data-element_type=\"widget\" data-widget_type=\"spacer.default\">\n\t\t\t\t<div class=\"elementor-widget-container\">\n\t\t\t\t\t\t\t<div class=\"elementor-spacer\">\n\t\t\t<div class=\"elementor-spacer-inner\"><\/div>\n\t\t<\/div>\n\t\t\t\t\t\t<\/div>\n\t\t\t\t<\/div>\n\t\t\t\t\t<\/div>\n\t\t<\/div>\n\t\t\t\t\t<\/div>\n\t\t<\/section>\n\t\t\t\t<section class=\"elementor-section elementor-top-section elementor-element elementor-element-03729e0 elementor-section-boxed elementor-section-height-default elementor-section-height-default\" data-id=\"03729e0\" data-element_type=\"section\">\n\t\t\t\t\t\t<div class=\"elementor-container elementor-column-gap-default\">\n\t\t\t\t\t<div class=\"elementor-column elementor-col-50 elementor-top-column elementor-element elementor-element-249cac2\" data-id=\"249cac2\" data-element_type=\"column\">\n\t\t\t<div class=\"elementor-widget-wrap elementor-element-populated\">\n\t\t\t\t\t\t<div class=\"elementor-element elementor-element-1136a86 elementor-widget elementor-widget-text-editor\" data-id=\"1136a86\" data-element_type=\"widget\" data-widget_type=\"text-editor.default\">\n\t\t\t\t<div class=\"elementor-widget-container\">\n\t\t\t\t\t\t\t\t\t<p style=\"text-align: justify;\">We will take you on an adventure on the Krka River. You will paddle downstream on the upper course of the Krka and enjoy the view and the peaceful ride.<\/p><p style=\"text-align: justify;\">The meeting point is the Ecological Information Center, from where we will take you and the boat to the fishpond in Dalibor Defilipis Street, where you will board the boat and start the adventure. The route is 4.5 km long and lasts between 1 and 2 hours, depending on the paddling. Along the way you will enjoy the most beautiful view of the Knin Fortress, pass by the confluence of Kosov\u010dica in Krka, the archeological site Kapitul and the confluence of Ora\u0161nica in Krka.<\/p><p style=\"text-align: justify;\">You can go on the tour on your own or use the tour guide service. Our guides will help you manage the boat and explain all the sites you pass on the tour. It is up to you to choose the service that suits you best.<\/p><p style=\"text-align: justify;\">For any questions, contact us at\u00a0<span style=\"color: #008000;\"><a style=\"color: #008000;\" href=\"mailto:info@marunusa.hr\">info@marunusa.hr<\/a><\/span><\/p>\t\t\t\t\t\t\t\t<\/div>\n\t\t\t\t<\/div>\n\t\t\t\t<div class=\"elementor-element elementor-element-a95e6b3 elementor-widget elementor-widget-shortcode\" data-id=\"a95e6b3\" data-element_type=\"widget\" data-widget_type=\"shortcode.default\">\n\t\t\t\t<div class=\"elementor-widget-container\">\n\t\t\t\t\t\t\t<div class=\"elementor-shortcode\"> \n<div style=\"display: flex\">\n\n<iframe id=\"iFrameResizer1\"\nsrc=\"https:\/\/booking.ez-booker.com\/tour_details?site_id=9cf8ab11fb56aaef9972f18a3283800b&service_id=922&adults=1.\"\nstyle=\"border:none;width:1280px;height:1024px\"><\/iframe>\n\n<\/div>\n\n<script src=\"https:\/\/app.ez-booker.com\/secure\/js\/iframeResizer.js\"><\/script>\n\n<script>\niFrameResize();\n<\/script> \n\n<\/div>\n\t\t\t\t\t\t<\/div>\n\t\t\t\t<\/div>\n\t\t\t\t\t<\/div>\n\t\t<\/div>\n\t\t\t\t<div class=\"elementor-column elementor-col-50 elementor-top-column elementor-element elementor-element-ea69bca\" data-id=\"ea69bca\" data-element_type=\"column\" data-settings=\"{&quot;background_background&quot;:&quot;classic&quot;}\">\n\t\t\t<div class=\"elementor-widget-wrap elementor-element-populated\">\n\t\t\t\t\t\t<div class=\"elementor-element elementor-element-22b118c elementor-widget elementor-widget-text-editor\" data-id=\"22b118c\" data-element_type=\"widget\" data-widget_type=\"text-editor.default\">\n\t\t\t\t<div class=\"elementor-widget-container\">\n\t\t\t\t\t\t\t\t\t<p style=\"text-align: justify;\"><strong>BARAKA<\/strong><br \/><strong>INFLATABLE BOAT<\/strong><\/p><p style=\"text-align: left;\"><strong>Length:<\/strong>\u00a0410cm<br \/><strong>Width:<\/strong>\u00a0105cm<br \/><strong>Weight:<\/strong>\u00a023,5kg<br \/><strong>Maximum load capacity:<\/strong>\u00a0360kg<br \/><strong>Maximum number of persons:<\/strong>\u00a04<\/p><p style=\"text-align: justify;\"><strong>The rental price includes 1 paddle per person, 1 safety vest per person, 1 waterproof bag, insurance, parking, transfer from finish to start<\/strong><\/p>\t\t\t\t\t\t\t\t<\/div>\n\t\t\t\t<\/div>\n\t\t\t\t\t<\/div>\n\t\t<\/div>\n\t\t\t\t\t<\/div>\n\t\t<\/section>\n\t\t\t\t<\/div>","protected":false},"excerpt":{"rendered":"<p>Vodimo vas na avanturu na rijeci Krki. Veslati \u0107ete nizvodno gornjim tokom Krke i u\u017eivati u pogledu i mirnoj vo\u017enji. To\u010dka sastanka je Ekolo\u0161ko-informativni centar na Krki, odakle \u0107emo vas i \u010damac prevesti do ribnjaka u ulici Dalibora Defilipisa gdje se ukrcavate u Krku i zapo\u010dinjete avanturu. Ruta je duga 4,5km a traje izme\u0111u 1 [&hellip;]<\/p>","protected":false},"author":1,"featured_media":0,"parent":3168,"menu_order":4,"comment_status":"closed","ping_status":"closed","template":"elementor_header_footer","meta":{"footnotes":""},"class_list":["post-3906","page","type-page","status-publish","hentry"],"yoast_head":"<!-- This site is optimized with the Yoast SEO plugin v27.4 - https:\/\/yoast.com\/product\/yoast-seo-wordpress\/ -->\n<title>Tura gumenim \u010damcem 360kg - marunusa.hr<\/title>\n<meta name=\"robots\" content=\"index, follow, max-snippet:-1, max-image-preview:large, max-video-preview:-1\" \/>\n<link rel=\"canonical\" href=\"https:\/\/marunusa.hr\/en\/ture\/tura-gumenim-camcem-360kg\/\" \/>\n<meta property=\"og:locale\" content=\"en_US\" \/>\n<meta property=\"og:type\" content=\"article\" \/>\n<meta property=\"og:title\" content=\"Tura gumenim \u010damcem 360kg - marunusa.hr\" \/>\n<meta property=\"og:description\" content=\"Vodimo vas na avanturu na rijeci Krki. Veslati \u0107ete nizvodno gornjim tokom Krke i u\u017eivati u pogledu i mirnoj vo\u017enji. To\u010dka sastanka je Ekolo\u0161ko-informativni centar na Krki, odakle \u0107emo vas i \u010damac prevesti do ribnjaka u ulici Dalibora Defilipisa gdje se ukrcavate u Krku i zapo\u010dinjete avanturu. Ruta je duga 4,5km a traje izme\u0111u 1 [&hellip;]\" \/>\n<meta property=\"og:url\" content=\"https:\/\/marunusa.hr\/en\/ture\/tura-gumenim-camcem-360kg\/\" \/>\n<meta property=\"og:site_name\" content=\"marunusa.hr\" \/>\n<meta property=\"article:modified_time\" content=\"2022-11-11T12:22:58+00:00\" \/>\n<meta name=\"twitter:card\" content=\"summary_large_image\" \/>\n<meta name=\"twitter:label1\" content=\"Est. reading time\" \/>\n\t<meta name=\"twitter:data1\" content=\"1 minute\" \/>\n<script type=\"application\/ld+json\" class=\"yoast-schema-graph\">{\"@context\":\"https:\\\/\\\/schema.org\",\"@graph\":[{\"@type\":\"WebPage\",\"@id\":\"https:\\\/\\\/marunusa.hr\\\/hr\\\/ture\\\/tura-gumenim-camcem-360kg\\\/\",\"url\":\"https:\\\/\\\/marunusa.hr\\\/hr\\\/ture\\\/tura-gumenim-camcem-360kg\\\/\",\"name\":\"Tura gumenim \u010damcem 360kg - marunusa.hr\",\"isPartOf\":{\"@id\":\"https:\\\/\\\/marunusa.hr\\\/#website\"},\"datePublished\":\"2021-08-23T08:24:02+00:00\",\"dateModified\":\"2022-11-11T12:22:58+00:00\",\"breadcrumb\":{\"@id\":\"https:\\\/\\\/marunusa.hr\\\/hr\\\/ture\\\/tura-gumenim-camcem-360kg\\\/#breadcrumb\"},\"inLanguage\":\"en-US\",\"potentialAction\":[{\"@type\":\"ReadAction\",\"target\":[\"https:\\\/\\\/marunusa.hr\\\/hr\\\/ture\\\/tura-gumenim-camcem-360kg\\\/\"]}]},{\"@type\":\"BreadcrumbList\",\"@id\":\"https:\\\/\\\/marunusa.hr\\\/hr\\\/ture\\\/tura-gumenim-camcem-360kg\\\/#breadcrumb\",\"itemListElement\":[{\"@type\":\"ListItem\",\"position\":1,\"name\":\"Home\",\"item\":\"https:\\\/\\\/marunusa.hr\\\/hr\\\/\"},{\"@type\":\"ListItem\",\"position\":2,\"name\":\"Ture\",\"item\":\"https:\\\/\\\/marunusa.hr\\\/ture\\\/\"},{\"@type\":\"ListItem\",\"position\":3,\"name\":\"Tura gumenim \u010damcem 360kg\"}]},{\"@type\":\"WebSite\",\"@id\":\"https:\\\/\\\/marunusa.hr\\\/#website\",\"url\":\"https:\\\/\\\/marunusa.hr\\\/\",\"name\":\"marunusa.hr\",\"description\":\"turisti\u010dka agencija\",\"potentialAction\":[{\"@type\":\"SearchAction\",\"target\":{\"@type\":\"EntryPoint\",\"urlTemplate\":\"https:\\\/\\\/marunusa.hr\\\/?s={search_term_string}\"},\"query-input\":{\"@type\":\"PropertyValueSpecification\",\"valueRequired\":true,\"valueName\":\"search_term_string\"}}],\"inLanguage\":\"en-US\"}]}<\/script>\n<!-- \/ Yoast SEO plugin. -->","yoast_head_json":{"title":"Tura gumenim \u010damcem 360kg - marunusa.hr","robots":{"index":"index","follow":"follow","max-snippet":"max-snippet:-1","max-image-preview":"max-image-preview:large","max-video-preview":"max-video-preview:-1"},"canonical":"https:\/\/marunusa.hr\/en\/ture\/tura-gumenim-camcem-360kg\/","og_locale":"en_US","og_type":"article","og_title":"Tura gumenim \u010damcem 360kg - marunusa.hr","og_description":"Vodimo vas na avanturu na rijeci Krki. Veslati \u0107ete nizvodno gornjim tokom Krke i u\u017eivati u pogledu i mirnoj vo\u017enji. To\u010dka sastanka je Ekolo\u0161ko-informativni centar na Krki, odakle \u0107emo vas i \u010damac prevesti do ribnjaka u ulici Dalibora Defilipisa gdje se ukrcavate u Krku i zapo\u010dinjete avanturu. Ruta je duga 4,5km a traje izme\u0111u 1 [&hellip;]","og_url":"https:\/\/marunusa.hr\/en\/ture\/tura-gumenim-camcem-360kg\/","og_site_name":"marunusa.hr","article_modified_time":"2022-11-11T12:22:58+00:00","twitter_card":"summary_large_image","twitter_misc":{"Est. reading time":"1 minute"},"schema":{"@context":"https:\/\/schema.org","@graph":[{"@type":"WebPage","@id":"https:\/\/marunusa.hr\/hr\/ture\/tura-gumenim-camcem-360kg\/","url":"https:\/\/marunusa.hr\/hr\/ture\/tura-gumenim-camcem-360kg\/","name":"Tura gumenim \u010damcem 360kg - marunusa.hr","isPartOf":{"@id":"https:\/\/marunusa.hr\/#website"},"datePublished":"2021-08-23T08:24:02+00:00","dateModified":"2022-11-11T12:22:58+00:00","breadcrumb":{"@id":"https:\/\/marunusa.hr\/hr\/ture\/tura-gumenim-camcem-360kg\/#breadcrumb"},"inLanguage":"en-US","potentialAction":[{"@type":"ReadAction","target":["https:\/\/marunusa.hr\/hr\/ture\/tura-gumenim-camcem-360kg\/"]}]},{"@type":"BreadcrumbList","@id":"https:\/\/marunusa.hr\/hr\/ture\/tura-gumenim-camcem-360kg\/#breadcrumb","itemListElement":[{"@type":"ListItem","position":1,"name":"Home","item":"https:\/\/marunusa.hr\/hr\/"},{"@type":"ListItem","position":2,"name":"Ture","item":"https:\/\/marunusa.hr\/ture\/"},{"@type":"ListItem","position":3,"name":"Tura gumenim \u010damcem 360kg"}]},{"@type":"WebSite","@id":"https:\/\/marunusa.hr\/#website","url":"https:\/\/marunusa.hr\/","name":"marunusa.hr","description":"turisti\u010dka agencija","potentialAction":[{"@type":"SearchAction","target":{"@type":"EntryPoint","urlTemplate":"https:\/\/marunusa.hr\/?s={search_term_string}"},"query-input":{"@type":"PropertyValueSpecification","valueRequired":true,"valueName":"search_term_string"}}],"inLanguage":"en-US"}]}},"_links":{"self":[{"href":"https:\/\/marunusa.hr\/en\/wp-json\/wp\/v2\/pages\/3906","targetHints":{"allow":["GET"]}}],"collection":[{"href":"https:\/\/marunusa.hr\/en\/wp-json\/wp\/v2\/pages"}],"about":[{"href":"https:\/\/marunusa.hr\/en\/wp-json\/wp\/v2\/types\/page"}],"author":[{"embeddable":true,"href":"https:\/\/marunusa.hr\/en\/wp-json\/wp\/v2\/users\/1"}],"replies":[{"embeddable":true,"href":"https:\/\/marunusa.hr\/en\/wp-json\/wp\/v2\/comments?post=3906"}],"version-history":[{"count":50,"href":"https:\/\/marunusa.hr\/en\/wp-json\/wp\/v2\/pages\/3906\/revisions"}],"predecessor-version":[{"id":5950,"href":"https:\/\/marunusa.hr\/en\/wp-json\/wp\/v2\/pages\/3906\/revisions\/5950"}],"up":[{"embeddable":true,"href":"https:\/\/marunusa.hr\/en\/wp-json\/wp\/v2\/pages\/3168"}],"wp:attachment":[{"href":"https:\/\/marunusa.hr\/en\/wp-json\/wp\/v2\/media?parent=3906"}],"curies":[{"name":"wp","href":"https:\/\/api.w.org\/{rel}","templated":true}]}}