{"id":3164,"date":"2021-08-04T15:07:11","date_gmt":"2021-08-04T14:07:11","guid":{"rendered":"https:\/\/marunusa.hr\/?page_id=3164"},"modified":"2022-08-01T10:45:42","modified_gmt":"2022-08-01T09:45:42","slug":"grad-knin-i-okolica","status":"publish","type":"page","link":"https:\/\/marunusa.hr\/en\/aranzmani\/grad-knin-i-okolica\/","title":{"rendered":"two-day trip"},"content":{"rendered":"<div data-elementor-type=\"wp-page\" data-elementor-id=\"3164\" class=\"elementor elementor-3164\" data-elementor-post-type=\"page\">\n\t\t\t\t\t\t<section class=\"elementor-section elementor-top-section elementor-element elementor-element-cbd7031 elementor-section-boxed elementor-section-height-default elementor-section-height-default\" data-id=\"cbd7031\" data-element_type=\"section\" data-settings=\"{&quot;background_background&quot;:&quot;classic&quot;}\">\n\t\t\t\t\t\t<div class=\"elementor-container elementor-column-gap-default\">\n\t\t\t\t\t<div class=\"elementor-column elementor-col-100 elementor-top-column elementor-element elementor-element-f9b4685\" data-id=\"f9b4685\" data-element_type=\"column\" data-settings=\"{&quot;background_background&quot;:&quot;classic&quot;,&quot;background_motion_fx_motion_fx_scrolling&quot;:&quot;yes&quot;,&quot;background_motion_fx_translateY_effect&quot;:&quot;yes&quot;,&quot;background_motion_fx_translateY_speed&quot;:{&quot;unit&quot;:&quot;px&quot;,&quot;size&quot;:4,&quot;sizes&quot;:[]},&quot;background_motion_fx_translateY_affectedRange&quot;:{&quot;unit&quot;:&quot;%&quot;,&quot;size&quot;:&quot;&quot;,&quot;sizes&quot;:{&quot;start&quot;:0,&quot;end&quot;:100}},&quot;background_motion_fx_devices&quot;:[&quot;desktop&quot;,&quot;tablet&quot;,&quot;mobile&quot;]}\">\n\t\t\t<div class=\"elementor-widget-wrap elementor-element-populated\">\n\t\t\t\t\t\t<div class=\"elementor-element elementor-element-3810241 elementor-widget elementor-widget-spacer\" data-id=\"3810241\" data-element_type=\"widget\" data-widget_type=\"spacer.default\">\n\t\t\t\t<div class=\"elementor-widget-container\">\n\t\t\t\t\t\t\t<div class=\"elementor-spacer\">\n\t\t\t<div class=\"elementor-spacer-inner\"><\/div>\n\t\t<\/div>\n\t\t\t\t\t\t<\/div>\n\t\t\t\t<\/div>\n\t\t\t\t\t<\/div>\n\t\t<\/div>\n\t\t\t\t\t<\/div>\n\t\t<\/section>\n\t\t\t\t<section class=\"elementor-section elementor-top-section elementor-element elementor-element-fe3ff98 elementor-section-boxed elementor-section-height-default elementor-section-height-default\" data-id=\"fe3ff98\" data-element_type=\"section\">\n\t\t\t\t\t\t<div class=\"elementor-container elementor-column-gap-default\">\n\t\t\t\t\t<div class=\"elementor-column elementor-col-50 elementor-top-column elementor-element elementor-element-218577b\" data-id=\"218577b\" data-element_type=\"column\" data-settings=\"{&quot;background_background&quot;:&quot;gradient&quot;}\">\n\t\t\t<div class=\"elementor-widget-wrap elementor-element-populated\">\n\t\t\t\t\t\t<div class=\"elementor-element elementor-element-5243930 elementor-widget elementor-widget-text-editor\" data-id=\"5243930\" data-element_type=\"widget\" data-widget_type=\"text-editor.default\">\n\t\t\t\t<div class=\"elementor-widget-container\">\n\t\t\t\t\t\t\t\t\t<div dir=\"auto\" style=\"text-align: justify;\">Discover a new level of experience with a two-day trip that includes a visit to the most important tourist attractions of Knin and its surroundings. The excursion takes place according to the following itinerary:<\/div><div dir=\"auto\" style=\"text-align: justify;\">\u00a0<\/div><div dir=\"auto\" style=\"text-align: justify;\"><strong>1st day<\/strong><\/div><div dir=\"auto\" style=\"text-align: justify;\"><strong>9:00 \u2013 10:00<\/strong><\/div><div dir=\"auto\" style=\"text-align: justify;\">Gathering at the Ecological Information Center by the Krka River, morning coffee and presentation of the daily program. Viewing the collection of antiquities and objects found in Krka.<\/div><div dir=\"auto\" style=\"text-align: justify;\">\u00a0<\/div><div dir=\"auto\" style=\"text-align: justify;\"><strong>10:00 \u2013 11:00<\/strong><\/div><div dir=\"auto\" style=\"text-align: justify;\">Visiting the spring of the Krka River and the Kr\u010di\u0107 waterfall. This is a unique natural phenomenon because the Kr\u010di\u0107 river ends at the Kr\u010di\u0107 waterfall and flows into the spirng of another river, the Krka river. Approaching the waterfall and spring and sightseeing from the viewpoint.<\/div><div dir=\"auto\" style=\"text-align: justify;\">\u00a0<\/div><div dir=\"auto\" style=\"text-align: justify;\"><strong>11:00 \u2013 13:00<\/strong><\/div><div dir=\"auto\" style=\"text-align: justify;\">A visit to one of the most magical places in Croatia - the spring of Cetina, also known as the most beautiful eye in Dalmatia. The shape and colors that flow through the crystal clear water, especially seen from a bird's view, have brought it great popularity. At the spring, the water temperature is always around 8 degrees, so only the bravest can refresh themselves here. Not far from the spring is the oldest Old Croatian church in Croatia - the pre-Romanesque church of St. Spas was built in the 9th century, which gives the whole site more content to explore.<\/div><div dir=\"auto\" style=\"text-align: justify;\">\u00a0<\/div><div dir=\"auto\" style=\"text-align: justify;\"><strong>13:00 \u2013 16:30<\/strong><\/div><div dir=\"auto\" style=\"text-align: justify;\">Return to the Ecological Information Center for lunch and a short rest. Visit to the Knin fortress, the largest Venetian non-residential fortress in Croatia. The oldest parts of the Fortress date from the 9th century, and it received its final form at the beginning of the 18th century. Due to its rich history and attractive appearance, today it is the strongest tourist asset of Knin.<\/div><div dir=\"auto\" style=\"text-align: justify;\">\u00a0<\/div><div dir=\"auto\" style=\"text-align: justify;\"><strong>16:30 \u2013 18:00<\/strong><\/div><div dir=\"auto\" style=\"text-align: justify;\">Visit to an 8ha large almond plantation and a 6.5ha large vineyard with 30,000 autochthonous and foreign grape vines. Vineyard tour with information of the production process, care of the property, planting, etc. The tour continues at the winery with wine tasting. All wines have ecological certificates. You will also taste with traditional delicacies of our region (prosciutto, pancetta, cheese).<\/div><div dir=\"auto\" style=\"text-align: justify;\">\u00a0<\/div><div dir=\"auto\" style=\"text-align: justify;\"><strong>18:00 \u2013 20:00<\/strong><\/div><div dir=\"auto\" style=\"text-align: justify;\">Hotel accommodation and free time.<\/div><div dir=\"auto\">\u00a0<\/div><div dir=\"auto\" style=\"text-align: justify;\"><strong>2nd day<\/strong><\/div><div dir=\"auto\" style=\"text-align: justify;\"><strong>8:00 \u2013 10:00<\/strong><\/div><div dir=\"auto\" style=\"text-align: justify;\">Breakfast and free time.<\/div><div dir=\"auto\" style=\"text-align: justify;\">\u00a0<\/div><div dir=\"auto\" style=\"text-align: justify;\"><strong>10:00 \u2013 11:00<\/strong><\/div><div dir=\"auto\" style=\"text-align: justify;\">Visit to the horse ranch of the Grabarije association. The Association primarily provides the service of therapeutic riding, and also organizes a riding school as well as recreational and tourist riding. You will get to know the work of the association, the horses will move freely around you, and you will have the opportunity to meet and take photos with them.<\/div><div dir=\"auto\" style=\"text-align: justify;\">\u00a0<\/div><div dir=\"auto\" style=\"text-align: justify;\"><strong>11:00 \u2013 12:00<\/strong><\/div><div dir=\"auto\" style=\"text-align: justify;\">Visit to Marko\u0161 family farm in the village of Pa\u0111ene near Knin. You will be welcomed by the Marko\u0161 family, producers of cow's cheese with a good reputation in the entire Knin region. They will take you around the family farm, show you the farm and explain the production process from pasture to finished product. In the newly built tasting room, you will taste 4 types of cheese.<\/div><div dir=\"auto\" style=\"text-align: justify;\">\u00a0<\/div><div dir=\"auto\" style=\"text-align: justify;\"><strong>12:00 \u2013 14:00<\/strong><\/div><div dir=\"auto\" style=\"text-align: justify;\">Return to the Ecological Information Center for lunch and local craft beer tasting (Kraljevsko pivo). You will taste two types of beer - pilsner and ale.<\/div><div dir=\"auto\" style=\"text-align: left;\">\u00a0<\/div><div dir=\"auto\" style=\"text-align: left;\"><strong>14:00 \u2013 16:00<\/strong><\/div><div dir=\"auto\" style=\"text-align: justify;\">Visit to Borovi\u0107 family farm, which includes a tour of an immortelle plantation, a donkey farm and a tour of a laboratory for the production of natural cosmetics. Possibility to buy natural cosmetics with a 10% discount on the spot. End of program and return.<\/div><div dir=\"auto\" style=\"text-align: justify;\">\u00a0<\/div><div dir=\"auto\" style=\"text-align: justify;\">\u00a0<\/div><div dir=\"auto\" style=\"text-align: justify;\">The price if formed upon request. In the inquiry, indicate the place of departure and return, the number of people and the desired date of travel. For all additional questions, contact us at\u00a0<a href=\"mailto:info@marunusa.hr\">i<span style=\"color: #008000;\">nfo@marunusa.hr<\/span><\/a><\/div>\t\t\t\t\t\t\t\t<\/div>\n\t\t\t\t<\/div>\n\t\t\t\t\t<\/div>\n\t\t<\/div>\n\t\t\t\t<div class=\"elementor-column elementor-col-50 elementor-top-column elementor-element elementor-element-56d8eb4\" data-id=\"56d8eb4\" data-element_type=\"column\" data-settings=\"{&quot;background_background&quot;:&quot;classic&quot;}\">\n\t\t\t<div class=\"elementor-widget-wrap elementor-element-populated\">\n\t\t\t\t\t<div class=\"elementor-background-overlay\"><\/div>\n\t\t\t\t\t\t<div class=\"elementor-element elementor-element-ec64a0d elementor-widget elementor-widget-text-editor\" data-id=\"ec64a0d\" data-element_type=\"widget\" data-widget_type=\"text-editor.default\">\n\t\t\t\t<div class=\"elementor-widget-container\">\n\t\t\t\t\t\t\t\t\t<p><strong>Availability<\/strong>: all year round<br \/><strong>Duration<\/strong>: 2 days<br \/><strong>Difficulty<\/strong>: light, not physically demanding<br \/><strong>What to bring<\/strong>: comfortable walking shoes, sun protection \/ rain protection, mobile phone, camera<br \/><strong>Price includes<\/strong>: transportation by tourist bus, sightseeing of the collection of antiquities and objects found in Krka, tour of the Kr\u010di\u0107 waterfall and the spring of the Krka river, tour of the spring of Cetina and the church of Holy Salvation, lunch, ticket and tour of the Knin fortress, tour of the vineyard, almond plantation and Burnum winery, tasting of 3 types of wine with ecological certification, snack with wine tasting, bed and breakfast, tour of the horse ranch, tour of the Marko\u0161 family farm and tasting of 4 types cheese, lunch and tasting of two types of craft beer, tour of the immortelle plantation, donkey farm and laboratory of Borovi\u0107 family farm, licensed tourist guide, organization of excursions.<br \/><strong>Not included<\/strong>: travel insurance, optional services, personal expenses, tips<br \/><strong>Other:<\/strong>\u00a030% discount on bike rental and kayak rental services<\/p><p>You can arrange travel insurance at:\u00a0<a href=\"https:\/\/www.uniqa.hr\/shop\/putno-osiguranje\/314\">www.uniqa.hr<\/a><\/p>\t\t\t\t\t\t\t\t<\/div>\n\t\t\t\t<\/div>\n\t\t\t\t\t<\/div>\n\t\t<\/div>\n\t\t\t\t\t<\/div>\n\t\t<\/section>\n\t\t\t\t<\/div>","protected":false},"excerpt":{"rendered":"<p>Otkrijte novu razinu do\u017eivljaja uz dvodnevni izlet koji uklju\u010duje posjet najva\u017enijim turisti\u010dkim atrakcijama grada Knina i okolice. Izlet se odvija prema slijede\u0107em itineraru:\u00a01.dan9:00 \u2013 10:00Okupljanje grupe u Ekolo\u0161ko \u2013 informativnom centru na Krki, jutarnja kava i predstavljanje dnevnog programa. Razgledavanje zbirke starina i predmeta prona\u0111enih u Krki.\u00a010:00 \u2013 11:00Obilazak izvora rijeke Krke i slapa Kr\u010di\u0107. [&hellip;]<\/p>","protected":false},"author":1,"featured_media":0,"parent":767,"menu_order":2,"comment_status":"closed","ping_status":"closed","template":"elementor_header_footer","meta":{"footnotes":""},"class_list":["post-3164","page","type-page","status-publish","hentry"],"yoast_head":"<!-- This site is optimized with the Yoast SEO plugin v27.4 - https:\/\/yoast.com\/product\/yoast-seo-wordpress\/ -->\n<title>Dvodnevni izlet - marunusa.hr<\/title>\n<meta name=\"robots\" content=\"index, follow, max-snippet:-1, max-image-preview:large, max-video-preview:-1\" \/>\n<link rel=\"canonical\" href=\"https:\/\/marunusa.hr\/en\/aranzmani\/grad-knin-i-okolica\/\" \/>\n<meta property=\"og:locale\" content=\"en_US\" \/>\n<meta property=\"og:type\" content=\"article\" \/>\n<meta property=\"og:title\" content=\"Dvodnevni izlet - marunusa.hr\" \/>\n<meta property=\"og:description\" content=\"Otkrijte novu razinu do\u017eivljaja uz dvodnevni izlet koji uklju\u010duje posjet najva\u017enijim turisti\u010dkim atrakcijama grada Knina i okolice. Izlet se odvija prema slijede\u0107em itineraru:\u00a01.dan9:00 \u2013 10:00Okupljanje grupe u Ekolo\u0161ko \u2013 informativnom centru na Krki, jutarnja kava i predstavljanje dnevnog programa. Razgledavanje zbirke starina i predmeta prona\u0111enih u Krki.\u00a010:00 \u2013 11:00Obilazak izvora rijeke Krke i slapa Kr\u010di\u0107. [&hellip;]\" \/>\n<meta property=\"og:url\" content=\"https:\/\/marunusa.hr\/en\/aranzmani\/grad-knin-i-okolica\/\" \/>\n<meta property=\"og:site_name\" content=\"marunusa.hr\" \/>\n<meta property=\"article:modified_time\" content=\"2022-08-01T09:45:42+00:00\" \/>\n<meta name=\"twitter:card\" content=\"summary_large_image\" \/>\n<meta name=\"twitter:label1\" content=\"Est. reading time\" \/>\n\t<meta name=\"twitter:data1\" content=\"4 minutes\" \/>\n<script type=\"application\/ld+json\" class=\"yoast-schema-graph\">{\"@context\":\"https:\\\/\\\/schema.org\",\"@graph\":[{\"@type\":\"WebPage\",\"@id\":\"https:\\\/\\\/marunusa.hr\\\/aranzmani\\\/grad-knin-i-okolica\\\/\",\"url\":\"https:\\\/\\\/marunusa.hr\\\/aranzmani\\\/grad-knin-i-okolica\\\/\",\"name\":\"Dvodnevni izlet - marunusa.hr\",\"isPartOf\":{\"@id\":\"https:\\\/\\\/marunusa.hr\\\/#website\"},\"datePublished\":\"2021-08-04T14:07:11+00:00\",\"dateModified\":\"2022-08-01T09:45:42+00:00\",\"breadcrumb\":{\"@id\":\"https:\\\/\\\/marunusa.hr\\\/aranzmani\\\/grad-knin-i-okolica\\\/#breadcrumb\"},\"inLanguage\":\"en-US\",\"potentialAction\":[{\"@type\":\"ReadAction\",\"target\":[\"https:\\\/\\\/marunusa.hr\\\/aranzmani\\\/grad-knin-i-okolica\\\/\"]}]},{\"@type\":\"BreadcrumbList\",\"@id\":\"https:\\\/\\\/marunusa.hr\\\/aranzmani\\\/grad-knin-i-okolica\\\/#breadcrumb\",\"itemListElement\":[{\"@type\":\"ListItem\",\"position\":1,\"name\":\"Home\",\"item\":\"https:\\\/\\\/marunusa.hr\\\/hr\\\/\"},{\"@type\":\"ListItem\",\"position\":2,\"name\":\"aran\u017emani\",\"item\":\"https:\\\/\\\/marunusa.hr\\\/aranzmani\\\/\"},{\"@type\":\"ListItem\",\"position\":3,\"name\":\"Dvodnevni izlet\"}]},{\"@type\":\"WebSite\",\"@id\":\"https:\\\/\\\/marunusa.hr\\\/#website\",\"url\":\"https:\\\/\\\/marunusa.hr\\\/\",\"name\":\"marunusa.hr\",\"description\":\"turisti\u010dka agencija\",\"potentialAction\":[{\"@type\":\"SearchAction\",\"target\":{\"@type\":\"EntryPoint\",\"urlTemplate\":\"https:\\\/\\\/marunusa.hr\\\/?s={search_term_string}\"},\"query-input\":{\"@type\":\"PropertyValueSpecification\",\"valueRequired\":true,\"valueName\":\"search_term_string\"}}],\"inLanguage\":\"en-US\"}]}<\/script>\n<!-- \/ Yoast SEO plugin. -->","yoast_head_json":{"title":"Dvodnevni izlet - marunusa.hr","robots":{"index":"index","follow":"follow","max-snippet":"max-snippet:-1","max-image-preview":"max-image-preview:large","max-video-preview":"max-video-preview:-1"},"canonical":"https:\/\/marunusa.hr\/en\/aranzmani\/grad-knin-i-okolica\/","og_locale":"en_US","og_type":"article","og_title":"Dvodnevni izlet - marunusa.hr","og_description":"Otkrijte novu razinu do\u017eivljaja uz dvodnevni izlet koji uklju\u010duje posjet najva\u017enijim turisti\u010dkim atrakcijama grada Knina i okolice. Izlet se odvija prema slijede\u0107em itineraru:\u00a01.dan9:00 \u2013 10:00Okupljanje grupe u Ekolo\u0161ko \u2013 informativnom centru na Krki, jutarnja kava i predstavljanje dnevnog programa. Razgledavanje zbirke starina i predmeta prona\u0111enih u Krki.\u00a010:00 \u2013 11:00Obilazak izvora rijeke Krke i slapa Kr\u010di\u0107. [&hellip;]","og_url":"https:\/\/marunusa.hr\/en\/aranzmani\/grad-knin-i-okolica\/","og_site_name":"marunusa.hr","article_modified_time":"2022-08-01T09:45:42+00:00","twitter_card":"summary_large_image","twitter_misc":{"Est. reading time":"4 minutes"},"schema":{"@context":"https:\/\/schema.org","@graph":[{"@type":"WebPage","@id":"https:\/\/marunusa.hr\/aranzmani\/grad-knin-i-okolica\/","url":"https:\/\/marunusa.hr\/aranzmani\/grad-knin-i-okolica\/","name":"Dvodnevni izlet - marunusa.hr","isPartOf":{"@id":"https:\/\/marunusa.hr\/#website"},"datePublished":"2021-08-04T14:07:11+00:00","dateModified":"2022-08-01T09:45:42+00:00","breadcrumb":{"@id":"https:\/\/marunusa.hr\/aranzmani\/grad-knin-i-okolica\/#breadcrumb"},"inLanguage":"en-US","potentialAction":[{"@type":"ReadAction","target":["https:\/\/marunusa.hr\/aranzmani\/grad-knin-i-okolica\/"]}]},{"@type":"BreadcrumbList","@id":"https:\/\/marunusa.hr\/aranzmani\/grad-knin-i-okolica\/#breadcrumb","itemListElement":[{"@type":"ListItem","position":1,"name":"Home","item":"https:\/\/marunusa.hr\/hr\/"},{"@type":"ListItem","position":2,"name":"aran\u017emani","item":"https:\/\/marunusa.hr\/aranzmani\/"},{"@type":"ListItem","position":3,"name":"Dvodnevni izlet"}]},{"@type":"WebSite","@id":"https:\/\/marunusa.hr\/#website","url":"https:\/\/marunusa.hr\/","name":"marunusa.hr","description":"turisti\u010dka agencija","potentialAction":[{"@type":"SearchAction","target":{"@type":"EntryPoint","urlTemplate":"https:\/\/marunusa.hr\/?s={search_term_string}"},"query-input":{"@type":"PropertyValueSpecification","valueRequired":true,"valueName":"search_term_string"}}],"inLanguage":"en-US"}]}},"_links":{"self":[{"href":"https:\/\/marunusa.hr\/en\/wp-json\/wp\/v2\/pages\/3164","targetHints":{"allow":["GET"]}}],"collection":[{"href":"https:\/\/marunusa.hr\/en\/wp-json\/wp\/v2\/pages"}],"about":[{"href":"https:\/\/marunusa.hr\/en\/wp-json\/wp\/v2\/types\/page"}],"author":[{"embeddable":true,"href":"https:\/\/marunusa.hr\/en\/wp-json\/wp\/v2\/users\/1"}],"replies":[{"embeddable":true,"href":"https:\/\/marunusa.hr\/en\/wp-json\/wp\/v2\/comments?post=3164"}],"version-history":[{"count":65,"href":"https:\/\/marunusa.hr\/en\/wp-json\/wp\/v2\/pages\/3164\/revisions"}],"predecessor-version":[{"id":5752,"href":"https:\/\/marunusa.hr\/en\/wp-json\/wp\/v2\/pages\/3164\/revisions\/5752"}],"up":[{"embeddable":true,"href":"https:\/\/marunusa.hr\/en\/wp-json\/wp\/v2\/pages\/767"}],"wp:attachment":[{"href":"https:\/\/marunusa.hr\/en\/wp-json\/wp\/v2\/media?parent=3164"}],"curies":[{"name":"wp","href":"https:\/\/api.w.org\/{rel}","templated":true}]}}