{"id":3162,"date":"2021-08-04T15:06:36","date_gmt":"2021-08-04T14:06:36","guid":{"rendered":"https:\/\/marunusa.hr\/?page_id=3162"},"modified":"2022-08-01T10:46:12","modified_gmt":"2022-08-01T09:46:12","slug":"sportska-avantura","status":"publish","type":"page","link":"https:\/\/marunusa.hr\/en\/aranzmani\/sportska-avantura\/","title":{"rendered":"One-day trip"},"content":{"rendered":"<div data-elementor-type=\"wp-page\" data-elementor-id=\"3162\" class=\"elementor elementor-3162\" data-elementor-post-type=\"page\">\n\t\t\t\t\t\t<section class=\"elementor-section elementor-top-section elementor-element elementor-element-94229a6 elementor-section-boxed elementor-section-height-default elementor-section-height-default\" data-id=\"94229a6\" data-element_type=\"section\" data-settings=\"{&quot;background_background&quot;:&quot;classic&quot;}\">\n\t\t\t\t\t\t<div class=\"elementor-container elementor-column-gap-default\">\n\t\t\t\t\t<div class=\"elementor-column elementor-col-100 elementor-top-column elementor-element elementor-element-fbdee46\" data-id=\"fbdee46\" data-element_type=\"column\" data-settings=\"{&quot;background_background&quot;:&quot;classic&quot;,&quot;background_motion_fx_motion_fx_scrolling&quot;:&quot;yes&quot;,&quot;background_motion_fx_translateY_effect&quot;:&quot;yes&quot;,&quot;background_motion_fx_translateY_speed&quot;:{&quot;unit&quot;:&quot;px&quot;,&quot;size&quot;:4,&quot;sizes&quot;:[]},&quot;background_motion_fx_translateY_affectedRange&quot;:{&quot;unit&quot;:&quot;%&quot;,&quot;size&quot;:&quot;&quot;,&quot;sizes&quot;:{&quot;start&quot;:0,&quot;end&quot;:100}},&quot;background_motion_fx_devices&quot;:[&quot;desktop&quot;,&quot;tablet&quot;,&quot;mobile&quot;]}\">\n\t\t\t<div class=\"elementor-widget-wrap elementor-element-populated\">\n\t\t\t\t\t\t<div class=\"elementor-element elementor-element-6e003e0 elementor-widget elementor-widget-spacer\" data-id=\"6e003e0\" data-element_type=\"widget\" data-widget_type=\"spacer.default\">\n\t\t\t\t<div class=\"elementor-widget-container\">\n\t\t\t\t\t\t\t<div class=\"elementor-spacer\">\n\t\t\t<div class=\"elementor-spacer-inner\"><\/div>\n\t\t<\/div>\n\t\t\t\t\t\t<\/div>\n\t\t\t\t<\/div>\n\t\t\t\t\t<\/div>\n\t\t<\/div>\n\t\t\t\t\t<\/div>\n\t\t<\/section>\n\t\t\t\t<section class=\"elementor-section elementor-top-section elementor-element elementor-element-5bdb0a0 elementor-section-boxed elementor-section-height-default elementor-section-height-default\" data-id=\"5bdb0a0\" data-element_type=\"section\">\n\t\t\t\t\t\t<div class=\"elementor-container elementor-column-gap-default\">\n\t\t\t\t\t<div class=\"elementor-column elementor-col-100 elementor-top-column elementor-element elementor-element-9e68c54\" data-id=\"9e68c54\" data-element_type=\"column\">\n\t\t\t<div class=\"elementor-widget-wrap elementor-element-populated\">\n\t\t\t\t\t\t<div class=\"elementor-element elementor-element-9762c2a elementor-skin-carousel elementor-arrows-yes elementor-pagination-type-bullets elementor-pagination-position-outside elementor-widget elementor-widget-media-carousel\" data-id=\"9762c2a\" data-element_type=\"widget\" data-settings=\"{&quot;slides_per_view_mobile&quot;:&quot;2&quot;,&quot;skin&quot;:&quot;carousel&quot;,&quot;effect&quot;:&quot;slide&quot;,&quot;show_arrows&quot;:&quot;yes&quot;,&quot;pagination&quot;:&quot;bullets&quot;,&quot;speed&quot;:500,&quot;autoplay&quot;:&quot;yes&quot;,&quot;autoplay_speed&quot;:5000,&quot;loop&quot;:&quot;yes&quot;,&quot;pause_on_hover&quot;:&quot;yes&quot;,&quot;pause_on_interaction&quot;:&quot;yes&quot;,&quot;space_between&quot;:{&quot;unit&quot;:&quot;px&quot;,&quot;size&quot;:10,&quot;sizes&quot;:[]},&quot;space_between_tablet&quot;:{&quot;unit&quot;:&quot;px&quot;,&quot;size&quot;:10,&quot;sizes&quot;:[]},&quot;space_between_mobile&quot;:{&quot;unit&quot;:&quot;px&quot;,&quot;size&quot;:10,&quot;sizes&quot;:[]}}\" data-widget_type=\"media-carousel.default\">\n\t\t\t\t<div class=\"elementor-widget-container\">\n\t\t\t\t\t\t\t\t\t<div class=\"elementor-swiper\">\n\t\t\t\t\t<div class=\"elementor-main-swiper swiper\" role=\"region\" aria-roledescription=\"carousel\" aria-label=\"Slides\">\n\t\t\t\t<div class=\"swiper-wrapper\">\n\t\t\t\t\t\t\t\t\t\t\t<div class=\"swiper-slide\" role=\"group\" aria-roledescription=\"slide\">\n\t\t\t\t\t\t\t\t\t<div class=\"elementor-carousel-image\" role=\"img\" aria-label=\"1-1200\" style=\"background-image: url(&#039;https:\/\/marunusa.hr\/wp-content\/uploads\/2021\/12\/1-1200.jpg&#039;)\">\n\n\t\t\t\n\t\t\t\t\t<\/div>\n\t\t\t\t\t\t\t\t<\/div>\n\t\t\t\t\t\t\t\t\t\t\t<div class=\"swiper-slide\" role=\"group\" aria-roledescription=\"slide\">\n\t\t\t\t\t\t\t\t\t<div class=\"elementor-carousel-image\" role=\"img\" aria-label=\"2-1200\" style=\"background-image: url(&#039;https:\/\/marunusa.hr\/wp-content\/uploads\/2021\/12\/2-1200.jpg&#039;)\">\n\n\t\t\t\n\t\t\t\t\t<\/div>\n\t\t\t\t\t\t\t\t<\/div>\n\t\t\t\t\t\t\t\t\t\t\t<div class=\"swiper-slide\" role=\"group\" aria-roledescription=\"slide\">\n\t\t\t\t\t\t\t\t\t<div class=\"elementor-carousel-image\" role=\"img\" aria-label=\"3-1200\" style=\"background-image: url(&#039;https:\/\/marunusa.hr\/wp-content\/uploads\/2021\/12\/3-1200.jpg&#039;)\">\n\n\t\t\t\n\t\t\t\t\t<\/div>\n\t\t\t\t\t\t\t\t<\/div>\n\t\t\t\t\t\t\t\t\t\t\t<div class=\"swiper-slide\" role=\"group\" aria-roledescription=\"slide\">\n\t\t\t\t\t\t\t\t\t<div class=\"elementor-carousel-image\" role=\"img\" aria-label=\"4--1200\" style=\"background-image: url(&#039;https:\/\/marunusa.hr\/wp-content\/uploads\/2021\/12\/4-1200.jpg&#039;)\">\n\n\t\t\t\n\t\t\t\t\t<\/div>\n\t\t\t\t\t\t\t\t<\/div>\n\t\t\t\t\t\t\t\t\t\t\t<div class=\"swiper-slide\" role=\"group\" aria-roledescription=\"slide\">\n\t\t\t\t\t\t\t\t\t<div class=\"elementor-carousel-image\" role=\"img\" aria-label=\"5-1200\" style=\"background-image: url(&#039;https:\/\/marunusa.hr\/wp-content\/uploads\/2021\/12\/5-1200.jpg&#039;)\">\n\n\t\t\t\n\t\t\t\t\t<\/div>\n\t\t\t\t\t\t\t\t<\/div>\n\t\t\t\t\t\t\t\t\t\t\t<div class=\"swiper-slide\" role=\"group\" aria-roledescription=\"slide\">\n\t\t\t\t\t\t\t\t\t<div class=\"elementor-carousel-image\" role=\"img\" aria-label=\"6-1200\" style=\"background-image: url(&#039;https:\/\/marunusa.hr\/wp-content\/uploads\/2021\/12\/6-1200.jpg&#039;)\">\n\n\t\t\t\n\t\t\t\t\t<\/div>\n\t\t\t\t\t\t\t\t<\/div>\n\t\t\t\t\t\t\t\t\t\t\t<div class=\"swiper-slide\" role=\"group\" aria-roledescription=\"slide\">\n\t\t\t\t\t\t\t\t\t<div class=\"elementor-carousel-image\" role=\"img\" aria-label=\"7-1200\" style=\"background-image: url(&#039;https:\/\/marunusa.hr\/wp-content\/uploads\/2021\/12\/7-1200.jpg&#039;)\">\n\n\t\t\t\n\t\t\t\t\t<\/div>\n\t\t\t\t\t\t\t\t<\/div>\n\t\t\t\t\t\t\t\t\t<\/div>\n\t\t\t\t\t\t\t\t\t\t\t\t\t\t\t<div class=\"elementor-swiper-button elementor-swiper-button-prev\" role=\"button\" tabindex=\"0\" aria-label=\"Previous\">\n\t\t\t\t\t\t\t<i aria-hidden=\"true\" class=\"eicon-chevron-left\"><\/i>\t\t\t\t\t\t<\/div>\n\t\t\t\t\t\t<div class=\"elementor-swiper-button elementor-swiper-button-next\" role=\"button\" tabindex=\"0\" aria-label=\"Next\">\n\t\t\t\t\t\t\t<i aria-hidden=\"true\" class=\"eicon-chevron-right\"><\/i>\t\t\t\t\t\t<\/div>\n\t\t\t\t\t\t\t\t\t\t\t\t\t\t\t\t<div class=\"swiper-pagination\"><\/div>\n\t\t\t\t\t\t\t\t\t\t\t\t<\/div>\n\t\t\t\t<\/div>\n\t\t\t\t\t\t\t\t<\/div>\n\t\t\t\t<\/div>\n\t\t\t\t\t<\/div>\n\t\t<\/div>\n\t\t\t\t\t<\/div>\n\t\t<\/section>\n\t\t\t\t<section class=\"elementor-section elementor-top-section elementor-element elementor-element-738ac64 elementor-section-boxed elementor-section-height-default elementor-section-height-default\" data-id=\"738ac64\" data-element_type=\"section\">\n\t\t\t\t\t\t<div class=\"elementor-container elementor-column-gap-default\">\n\t\t\t\t\t<div class=\"elementor-column elementor-col-50 elementor-top-column elementor-element elementor-element-73778a7\" data-id=\"73778a7\" data-element_type=\"column\">\n\t\t\t<div class=\"elementor-widget-wrap elementor-element-populated\">\n\t\t\t\t\t\t<div class=\"elementor-element elementor-element-3ced764 elementor-widget elementor-widget-text-editor\" data-id=\"3ced764\" data-element_type=\"widget\" data-widget_type=\"text-editor.default\">\n\t\t\t\t<div class=\"elementor-widget-container\">\n\t\t\t\t\t\t\t\t\t<div dir=\"auto\" style=\"text-align: justify;\"><p style=\"text-align: justify;\">Discover a new level of experience with a trip that includes a visit to the most important tourist attractions of Knin - the Knin Fortress, the blue-green spring of the Krka River into which the 22-meter high waterfall of the Kr\u010di\u0107 River flows, and a tour of 2 local associations. The excursion takes place according to the following itinerary:<\/p><p style=\"text-align: left;\"><strong>9:00 &#8211; 9:45<\/strong><\/p><p style=\"text-align: left;\"><span style=\"text-align: justify;\">Gathering at Ante Star\u010devi\u0107 square. Presentation of the daily program, interpretation of the \"Storm 95\" monument, information about the city's history, traditions and nature. Departure by bus to the spring of the Krka River and the Kr\u010di\u0107 waterfall.<\/span><\/p><\/div><p style=\"text-align: justify;\"><strong>10:00 &#8211; 11:00<\/strong><\/p><p style=\"text-align: justify;\">Visit to the spring of the Krka River and the Kr\u010di\u0107 waterfall. It is not known that one river flows into the source of another river with a waterfall, as the Kr\u010di\u0107 flows into Krka. We will visit the location in two places: the lower one, next to the spring and the waterfall, and the upper one, from the viewpoint by Napoleon's road. Free time to take photos and enjoy the view. Departure by bus to the horse ranch of the Grabarije association.<\/p><p style=\"text-align: justify;\"><strong>11:15 &#8211; 12:30<\/strong><\/p><p style=\"text-align: justify;\">Tour of the horse ranch of the Grabarije association. The association provides the service of therapeutic riding, and organizes a riding school as well as recreational and tourist riding. You will get to know the work of the association and hear what challenges they face in their work, while the horses will move freely around you. You will have the opportunity to socialize and take photos with these wonderful animals. Departure by bus to the Ecological Information Center.<\/p><p style=\"text-align: justify;\"><strong>12:45 &#8211; 14:00<\/strong><\/p><p style=\"text-align: justify;\">Visit to the Ecological Information Center and the Ecological Association \"Krka\" Knin. The association was founded with the aim of protecting and promoting the natural and other potentials of the city of Knin and \u0160ibenik-Knin County. You will learn about the work of the association and view the collection of antiques displayed in the Center. You will also be able to explore the surroundings of the Center, located at the foot of the Knin fortress, along the Krka river. Lunch and short rest. Departure on foot towards the Knin fortress.<\/p><p style=\"text-align: left;\"><strong>14:15 &#8211; 16:00<\/strong><\/p><p style=\"text-align: justify;\">Ascent through the old part of the city to the Knin fortress and a tour of the largest Venetian non-residential fortress in Croatia. The oldest parts of the fortress date from the 9th century, and it received its final form at the beginning of the 18th century. Due to its rich history and attractive appearance, today it is the strongest tourist asset of the city of Knin. The fortress is registered in the Register of Cultural Heritage of the Republic of Croatia as a monument of category zero, i.e. a monument of special national interest.<\/p><p style=\"text-align: justify;\"><strong>16:00 &#8211; 19:00<\/strong><\/p><p style=\"text-align: justify;\">Free time that you can use for coffee or pancakes in the restaurant on the fortress with the most beautiful view of the city, rent bikes and explore <em>Sastavci<\/em>, a popular walking and cycling path that ends at the confulence of Buti\u017enica in Krka, rent a kayak and experience Knin from a different perspective by exploring Krka, or taste two types of beer at the local craft brewery. Return by bus to the place of departure at 19:00.<\/p><p>\u00a0<\/p><div dir=\"auto\" style=\"text-align: justify;\"><p style=\"text-align: justify;\">The price if formed upon request. In the inquiry, indicate the place of departure and return, the number of people and the desired date of travel. For all additional questions, contact us at <span style=\"color: #008000;\"><a style=\"color: #008000;\" href=\"mailto:info@marunusa.hr\">info@marunusa.hr<\/a><\/span><\/p><\/div>\t\t\t\t\t\t\t\t<\/div>\n\t\t\t\t<\/div>\n\t\t\t\t\t<\/div>\n\t\t<\/div>\n\t\t\t\t<div class=\"elementor-column elementor-col-50 elementor-top-column elementor-element elementor-element-fa0f348\" data-id=\"fa0f348\" data-element_type=\"column\" data-settings=\"{&quot;background_background&quot;:&quot;gradient&quot;}\">\n\t\t\t<div class=\"elementor-widget-wrap elementor-element-populated\">\n\t\t\t\t\t\t<div class=\"elementor-element elementor-element-68f5c0b elementor-widget elementor-widget-text-editor\" data-id=\"68f5c0b\" data-element_type=\"widget\" data-widget_type=\"text-editor.default\">\n\t\t\t\t<div class=\"elementor-widget-container\">\n\t\t\t\t\t\t\t\t\t<p><strong>Availability<\/strong>: all year round<br \/><strong>Duration<\/strong>: 10h<br \/><strong>Difficulty<\/strong>: light, not physically demanding<br \/><strong>What to bring<\/strong>: comfortable walking shoes, sun protection \/ rain protection, mobile phone, camera<br \/><strong>Price includes<\/strong>: transportation by tourist bus, tour of the Kr\u010di\u0107 waterfall and the spring of the Krka river, tour of the horse ranch, viewing of the collection of antiquities and objects found in Krka, lunch, entrance ticket and tour of the Knin fortress, licensed tourist guide, organization of excursions<br \/><strong>Not included<\/strong>: travel insurance, optional services, personal expenses, tips<br \/><strong>Other:<\/strong> 30% discount on bike rental and kayak rental services<\/p><p>You can arrange travel insurance at: <a href=\"https:\/\/www.uniqa.hr\/shop\/putno-osiguranje\/314\">www.uniqa.hr<\/a><\/p>\t\t\t\t\t\t\t\t<\/div>\n\t\t\t\t<\/div>\n\t\t\t\t\t<\/div>\n\t\t<\/div>\n\t\t\t\t\t<\/div>\n\t\t<\/section>\n\t\t\t\t<\/div>","protected":false},"excerpt":{"rendered":"<p>Previous Next Otkrijte novu razinu do\u017eivljaja uz izlet koji uklju\u010duje posjet najva\u017enijim turisti\u010dkim atrakcijama grada Knina &#8211; kninskoj tvr\u0111avi, modrozelenom izvoru rijeke Krke u koju se ulijeva 22 metra visok slap rijeke Kr\u010di\u0107 te obilazak 2 lokalne udruge. Izlet se odvija prema slijede\u0107em itineraru: 9:00 &#8211; 9:45 Okupljanje grupe na trgu Ante Star\u010devi\u0107a. Predstavljanje dnevnog [&hellip;]<\/p>","protected":false},"author":1,"featured_media":0,"parent":767,"menu_order":1,"comment_status":"closed","ping_status":"closed","template":"elementor_header_footer","meta":{"footnotes":""},"class_list":["post-3162","page","type-page","status-publish","hentry"],"yoast_head":"<!-- This site is optimized with the Yoast SEO plugin v27.4 - https:\/\/yoast.com\/product\/yoast-seo-wordpress\/ -->\n<title>Jednodnevni izlet - marunusa.hr<\/title>\n<meta name=\"robots\" content=\"index, follow, max-snippet:-1, max-image-preview:large, max-video-preview:-1\" \/>\n<link rel=\"canonical\" href=\"https:\/\/marunusa.hr\/en\/aranzmani\/sportska-avantura\/\" \/>\n<meta property=\"og:locale\" content=\"en_US\" \/>\n<meta property=\"og:type\" content=\"article\" \/>\n<meta property=\"og:title\" content=\"Jednodnevni izlet - marunusa.hr\" \/>\n<meta property=\"og:description\" content=\"Previous Next Otkrijte novu razinu do\u017eivljaja uz izlet koji uklju\u010duje posjet najva\u017enijim turisti\u010dkim atrakcijama grada Knina &#8211; kninskoj tvr\u0111avi, modrozelenom izvoru rijeke Krke u koju se ulijeva 22 metra visok slap rijeke Kr\u010di\u0107 te obilazak 2 lokalne udruge. Izlet se odvija prema slijede\u0107em itineraru: 9:00 &#8211; 9:45 Okupljanje grupe na trgu Ante Star\u010devi\u0107a. Predstavljanje dnevnog [&hellip;]\" \/>\n<meta property=\"og:url\" content=\"https:\/\/marunusa.hr\/en\/aranzmani\/sportska-avantura\/\" \/>\n<meta property=\"og:site_name\" content=\"marunusa.hr\" \/>\n<meta property=\"article:modified_time\" content=\"2022-08-01T09:46:12+00:00\" \/>\n<meta name=\"twitter:card\" content=\"summary_large_image\" \/>\n<meta name=\"twitter:label1\" content=\"Est. reading time\" \/>\n\t<meta name=\"twitter:data1\" content=\"3 minutes\" \/>\n<script type=\"application\/ld+json\" class=\"yoast-schema-graph\">{\"@context\":\"https:\\\/\\\/schema.org\",\"@graph\":[{\"@type\":\"WebPage\",\"@id\":\"https:\\\/\\\/marunusa.hr\\\/aranzmani\\\/sportska-avantura\\\/\",\"url\":\"https:\\\/\\\/marunusa.hr\\\/aranzmani\\\/sportska-avantura\\\/\",\"name\":\"Jednodnevni izlet - marunusa.hr\",\"isPartOf\":{\"@id\":\"https:\\\/\\\/marunusa.hr\\\/#website\"},\"datePublished\":\"2021-08-04T14:06:36+00:00\",\"dateModified\":\"2022-08-01T09:46:12+00:00\",\"breadcrumb\":{\"@id\":\"https:\\\/\\\/marunusa.hr\\\/aranzmani\\\/sportska-avantura\\\/#breadcrumb\"},\"inLanguage\":\"en-US\",\"potentialAction\":[{\"@type\":\"ReadAction\",\"target\":[\"https:\\\/\\\/marunusa.hr\\\/aranzmani\\\/sportska-avantura\\\/\"]}]},{\"@type\":\"BreadcrumbList\",\"@id\":\"https:\\\/\\\/marunusa.hr\\\/aranzmani\\\/sportska-avantura\\\/#breadcrumb\",\"itemListElement\":[{\"@type\":\"ListItem\",\"position\":1,\"name\":\"Home\",\"item\":\"https:\\\/\\\/marunusa.hr\\\/hr\\\/\"},{\"@type\":\"ListItem\",\"position\":2,\"name\":\"aran\u017emani\",\"item\":\"https:\\\/\\\/marunusa.hr\\\/aranzmani\\\/\"},{\"@type\":\"ListItem\",\"position\":3,\"name\":\"Jednodnevni izlet\"}]},{\"@type\":\"WebSite\",\"@id\":\"https:\\\/\\\/marunusa.hr\\\/#website\",\"url\":\"https:\\\/\\\/marunusa.hr\\\/\",\"name\":\"marunusa.hr\",\"description\":\"turisti\u010dka agencija\",\"potentialAction\":[{\"@type\":\"SearchAction\",\"target\":{\"@type\":\"EntryPoint\",\"urlTemplate\":\"https:\\\/\\\/marunusa.hr\\\/?s={search_term_string}\"},\"query-input\":{\"@type\":\"PropertyValueSpecification\",\"valueRequired\":true,\"valueName\":\"search_term_string\"}}],\"inLanguage\":\"en-US\"}]}<\/script>\n<!-- \/ Yoast SEO plugin. -->","yoast_head_json":{"title":"Jednodnevni izlet - marunusa.hr","robots":{"index":"index","follow":"follow","max-snippet":"max-snippet:-1","max-image-preview":"max-image-preview:large","max-video-preview":"max-video-preview:-1"},"canonical":"https:\/\/marunusa.hr\/en\/aranzmani\/sportska-avantura\/","og_locale":"en_US","og_type":"article","og_title":"Jednodnevni izlet - marunusa.hr","og_description":"Previous Next Otkrijte novu razinu do\u017eivljaja uz izlet koji uklju\u010duje posjet najva\u017enijim turisti\u010dkim atrakcijama grada Knina &#8211; kninskoj tvr\u0111avi, modrozelenom izvoru rijeke Krke u koju se ulijeva 22 metra visok slap rijeke Kr\u010di\u0107 te obilazak 2 lokalne udruge. Izlet se odvija prema slijede\u0107em itineraru: 9:00 &#8211; 9:45 Okupljanje grupe na trgu Ante Star\u010devi\u0107a. Predstavljanje dnevnog [&hellip;]","og_url":"https:\/\/marunusa.hr\/en\/aranzmani\/sportska-avantura\/","og_site_name":"marunusa.hr","article_modified_time":"2022-08-01T09:46:12+00:00","twitter_card":"summary_large_image","twitter_misc":{"Est. reading time":"3 minutes"},"schema":{"@context":"https:\/\/schema.org","@graph":[{"@type":"WebPage","@id":"https:\/\/marunusa.hr\/aranzmani\/sportska-avantura\/","url":"https:\/\/marunusa.hr\/aranzmani\/sportska-avantura\/","name":"Jednodnevni izlet - marunusa.hr","isPartOf":{"@id":"https:\/\/marunusa.hr\/#website"},"datePublished":"2021-08-04T14:06:36+00:00","dateModified":"2022-08-01T09:46:12+00:00","breadcrumb":{"@id":"https:\/\/marunusa.hr\/aranzmani\/sportska-avantura\/#breadcrumb"},"inLanguage":"en-US","potentialAction":[{"@type":"ReadAction","target":["https:\/\/marunusa.hr\/aranzmani\/sportska-avantura\/"]}]},{"@type":"BreadcrumbList","@id":"https:\/\/marunusa.hr\/aranzmani\/sportska-avantura\/#breadcrumb","itemListElement":[{"@type":"ListItem","position":1,"name":"Home","item":"https:\/\/marunusa.hr\/hr\/"},{"@type":"ListItem","position":2,"name":"aran\u017emani","item":"https:\/\/marunusa.hr\/aranzmani\/"},{"@type":"ListItem","position":3,"name":"Jednodnevni izlet"}]},{"@type":"WebSite","@id":"https:\/\/marunusa.hr\/#website","url":"https:\/\/marunusa.hr\/","name":"marunusa.hr","description":"turisti\u010dka agencija","potentialAction":[{"@type":"SearchAction","target":{"@type":"EntryPoint","urlTemplate":"https:\/\/marunusa.hr\/?s={search_term_string}"},"query-input":{"@type":"PropertyValueSpecification","valueRequired":true,"valueName":"search_term_string"}}],"inLanguage":"en-US"}]}},"_links":{"self":[{"href":"https:\/\/marunusa.hr\/en\/wp-json\/wp\/v2\/pages\/3162","targetHints":{"allow":["GET"]}}],"collection":[{"href":"https:\/\/marunusa.hr\/en\/wp-json\/wp\/v2\/pages"}],"about":[{"href":"https:\/\/marunusa.hr\/en\/wp-json\/wp\/v2\/types\/page"}],"author":[{"embeddable":true,"href":"https:\/\/marunusa.hr\/en\/wp-json\/wp\/v2\/users\/1"}],"replies":[{"embeddable":true,"href":"https:\/\/marunusa.hr\/en\/wp-json\/wp\/v2\/comments?post=3162"}],"version-history":[{"count":122,"href":"https:\/\/marunusa.hr\/en\/wp-json\/wp\/v2\/pages\/3162\/revisions"}],"predecessor-version":[{"id":5758,"href":"https:\/\/marunusa.hr\/en\/wp-json\/wp\/v2\/pages\/3162\/revisions\/5758"}],"up":[{"embeddable":true,"href":"https:\/\/marunusa.hr\/en\/wp-json\/wp\/v2\/pages\/767"}],"wp:attachment":[{"href":"https:\/\/marunusa.hr\/en\/wp-json\/wp\/v2\/media?parent=3162"}],"curies":[{"name":"wp","href":"https:\/\/api.w.org\/{rel}","templated":true}]}}