{"id":2571,"date":"2021-07-12T16:18:26","date_gmt":"2021-07-12T15:18:26","guid":{"rendered":"https:\/\/marunusa.hr\/?page_id=2571"},"modified":"2022-05-17T12:17:00","modified_gmt":"2022-05-17T11:17:00","slug":"krka-safari-360-kg","status":"publish","type":"page","link":"https:\/\/marunusa.hr\/en\/krka-safari-360-kg\/","title":{"rendered":"boat 360kg"},"content":{"rendered":"<div data-elementor-type=\"wp-page\" data-elementor-id=\"2571\" class=\"elementor elementor-2571\" data-elementor-post-type=\"page\">\n\t\t\t\t\t\t<section class=\"elementor-section elementor-top-section elementor-element elementor-element-d2dd1fe elementor-section-boxed elementor-section-height-default elementor-section-height-default\" data-id=\"d2dd1fe\" data-element_type=\"section\" data-settings=\"{&quot;background_background&quot;:&quot;classic&quot;}\">\n\t\t\t\t\t\t<div class=\"elementor-container elementor-column-gap-default\">\n\t\t\t\t\t<div class=\"elementor-column elementor-col-100 elementor-top-column elementor-element elementor-element-798a380\" data-id=\"798a380\" data-element_type=\"column\" data-settings=\"{&quot;background_background&quot;:&quot;classic&quot;,&quot;background_motion_fx_motion_fx_scrolling&quot;:&quot;yes&quot;,&quot;background_motion_fx_translateY_effect&quot;:&quot;yes&quot;,&quot;background_motion_fx_translateY_speed&quot;:{&quot;unit&quot;:&quot;px&quot;,&quot;size&quot;:4,&quot;sizes&quot;:[]},&quot;background_motion_fx_translateY_affectedRange&quot;:{&quot;unit&quot;:&quot;%&quot;,&quot;size&quot;:&quot;&quot;,&quot;sizes&quot;:{&quot;start&quot;:0,&quot;end&quot;:100}},&quot;background_motion_fx_devices&quot;:[&quot;desktop&quot;,&quot;tablet&quot;,&quot;mobile&quot;]}\">\n\t\t\t<div class=\"elementor-widget-wrap elementor-element-populated\">\n\t\t\t\t\t\t<div class=\"elementor-element elementor-element-3cabe92 elementor-widget elementor-widget-spacer\" data-id=\"3cabe92\" data-element_type=\"widget\" data-widget_type=\"spacer.default\">\n\t\t\t\t<div class=\"elementor-widget-container\">\n\t\t\t\t\t\t\t<div class=\"elementor-spacer\">\n\t\t\t<div class=\"elementor-spacer-inner\"><\/div>\n\t\t<\/div>\n\t\t\t\t\t\t<\/div>\n\t\t\t\t<\/div>\n\t\t\t\t\t<\/div>\n\t\t<\/div>\n\t\t\t\t\t<\/div>\n\t\t<\/section>\n\t\t\t\t<section class=\"elementor-section elementor-top-section elementor-element elementor-element-01b0c78 elementor-section-boxed elementor-section-height-default elementor-section-height-default\" data-id=\"01b0c78\" data-element_type=\"section\">\n\t\t\t\t\t\t<div class=\"elementor-container elementor-column-gap-default\">\n\t\t\t\t\t<div class=\"elementor-column elementor-col-50 elementor-top-column elementor-element elementor-element-e65cd83\" data-id=\"e65cd83\" data-element_type=\"column\">\n\t\t\t<div class=\"elementor-widget-wrap elementor-element-populated\">\n\t\t\t\t\t\t<div class=\"elementor-element elementor-element-0369162 elementor-widget elementor-widget-text-editor\" data-id=\"0369162\" data-element_type=\"widget\" data-widget_type=\"text-editor.default\">\n\t\t\t\t<div class=\"elementor-widget-container\">\n\t\t\t\t\t\t\t\t\t<p>Rent an inflatable boat and experience Knin from a different perspective. You will paddle up the Krka River, enjoy a peaceful ride and cricket chirping. Start and finish are at the same place, you will paddle upstream and downstream.<\/p><p>We have two boat rental options: up to 1h \/ up to 3h.<\/p><p>We can also organize <span style=\"color: #ff6600;\"><a style=\"color: #ff6600;\" href=\"https:\/\/marunusa.hr\/en\/ture\/tura-gumenim-camcem-360kg\/\">the descent down the Krka River<\/a><\/span>where you can paddle alone or with a guide. Our guides will help you manage the boat and explain all the sites you pass on the tour. It is up to you to choose the service that suits you best.<\/p><p class=\"translation-block\">For any questions, contact us at <a href=\"mailto:info@marunusa.hr\" target=\"_self\"><span style=\"color: #108c0a\">info@marunusa.hr<\/span><\/a><\/p>\t\t\t\t\t\t\t\t<\/div>\n\t\t\t\t<\/div>\n\t\t\t\t<div class=\"elementor-element elementor-element-c24a064 elementor-widget elementor-widget-shortcode\" data-id=\"c24a064\" data-element_type=\"widget\" data-widget_type=\"shortcode.default\">\n\t\t\t\t<div class=\"elementor-widget-container\">\n\t\t\t\t\t\t\t<div class=\"elementor-shortcode\"> \n<div style=\"display: flex\">\n\n<iframe id=\"iFrameResizer1\"\nsrc=\"https:\/\/booking.ez-booker.com\/tour_details?site_id=9cf8ab11fb56aaef9972f18a3283800b&service_id=949&adults=1.\"\nstyle=\"border:none;width:1280px;height:1024px\"><\/iframe>\n\n<\/div>\n\n<script src=\"https:\/\/app.ez-booker.com\/secure\/js\/iframeResizer.js\"><\/script>\n\n<script>\niFrameResize();\n<\/script> \n\n<\/div>\n\t\t\t\t\t\t<\/div>\n\t\t\t\t<\/div>\n\t\t\t\t\t<\/div>\n\t\t<\/div>\n\t\t\t\t<div class=\"elementor-column elementor-col-50 elementor-top-column elementor-element elementor-element-984b777\" data-id=\"984b777\" data-element_type=\"column\" data-settings=\"{&quot;background_background&quot;:&quot;classic&quot;}\">\n\t\t\t<div class=\"elementor-widget-wrap elementor-element-populated\">\n\t\t\t\t\t\t<div class=\"elementor-element elementor-element-0e51e6a elementor-widget elementor-widget-text-editor\" data-id=\"0e51e6a\" data-element_type=\"widget\" data-widget_type=\"text-editor.default\">\n\t\t\t\t<div class=\"elementor-widget-container\">\n\t\t\t\t\t\t\t\t\t<p><strong>BARAKA<\/strong><br \/><strong>INFLATABLE BOAT<\/strong><\/p><p><strong>Length:<\/strong> 410cm<br \/><strong>Width:<\/strong> 105cm<br \/><strong>Weight:<\/strong> 23,5kg<br \/><strong>Maximum load capacity:<\/strong> 360kg<br \/><strong>Maximum number of persons:<\/strong> 4<\/p><p><strong>The rental price includes 1 paddle per person, 1\u00a0<\/strong><strong>safety vest per person and 1 waterproof<\/strong><br \/><strong>bag<\/strong><\/p>\t\t\t\t\t\t\t\t<\/div>\n\t\t\t\t<\/div>\n\t\t\t\t\t<\/div>\n\t\t<\/div>\n\t\t\t\t\t<\/div>\n\t\t<\/section>\n\t\t\t\t<\/div>","protected":false},"excerpt":{"rendered":"<p>Iznajmite gumeni \u010damac i do\u017eivite Knin iz druga\u010dije perspektive. Veslati \u0107ete gornjim tokom rijeke Krke, u\u017eivati u mirnoj vo\u017enji i glasanju cvr\u010daka. Start i cilj su na istom mjestu, veslati \u0107ete uzvodno i nizvodno rijekom Krkom. Imamo dvije opcije najma \u010damaca: do 1h \/ do 3h. Mo\u017eemo organizirati i spust rijekom Krkom nizvodno, uz mogu\u0107nost [&hellip;]<\/p>","protected":false},"author":1,"featured_media":0,"parent":0,"menu_order":0,"comment_status":"closed","ping_status":"closed","template":"elementor_header_footer","meta":{"footnotes":""},"class_list":["post-2571","page","type-page","status-publish","hentry"],"yoast_head":"<!-- This site is optimized with the Yoast SEO plugin v27.4 - https:\/\/yoast.com\/product\/yoast-seo-wordpress\/ -->\n<title>gumeni \u010damac 360 kg - marunusa.hr<\/title>\n<meta name=\"robots\" content=\"index, follow, max-snippet:-1, max-image-preview:large, max-video-preview:-1\" \/>\n<link rel=\"canonical\" href=\"https:\/\/marunusa.hr\/en\/krka-safari-360-kg\/\" \/>\n<meta property=\"og:locale\" content=\"en_US\" \/>\n<meta property=\"og:type\" content=\"article\" \/>\n<meta property=\"og:title\" content=\"gumeni \u010damac 360 kg - marunusa.hr\" \/>\n<meta property=\"og:description\" content=\"Iznajmite gumeni \u010damac i do\u017eivite Knin iz druga\u010dije perspektive. Veslati \u0107ete gornjim tokom rijeke Krke, u\u017eivati u mirnoj vo\u017enji i glasanju cvr\u010daka. Start i cilj su na istom mjestu, veslati \u0107ete uzvodno i nizvodno rijekom Krkom. Imamo dvije opcije najma \u010damaca: do 1h \/ do 3h. Mo\u017eemo organizirati i spust rijekom Krkom nizvodno, uz mogu\u0107nost [&hellip;]\" \/>\n<meta property=\"og:url\" content=\"https:\/\/marunusa.hr\/en\/krka-safari-360-kg\/\" \/>\n<meta property=\"og:site_name\" content=\"marunusa.hr\" \/>\n<meta property=\"article:modified_time\" content=\"2022-05-17T11:17:00+00:00\" \/>\n<meta name=\"twitter:card\" content=\"summary_large_image\" \/>\n<meta name=\"twitter:label1\" content=\"Est. reading time\" \/>\n\t<meta name=\"twitter:data1\" content=\"1 minute\" \/>\n<script type=\"application\/ld+json\" class=\"yoast-schema-graph\">{\"@context\":\"https:\\\/\\\/schema.org\",\"@graph\":[{\"@type\":\"WebPage\",\"@id\":\"https:\\\/\\\/marunusa.hr\\\/krka-safari-360-kg\\\/\",\"url\":\"https:\\\/\\\/marunusa.hr\\\/krka-safari-360-kg\\\/\",\"name\":\"gumeni \u010damac 360 kg - marunusa.hr\",\"isPartOf\":{\"@id\":\"https:\\\/\\\/marunusa.hr\\\/#website\"},\"datePublished\":\"2021-07-12T15:18:26+00:00\",\"dateModified\":\"2022-05-17T11:17:00+00:00\",\"breadcrumb\":{\"@id\":\"https:\\\/\\\/marunusa.hr\\\/krka-safari-360-kg\\\/#breadcrumb\"},\"inLanguage\":\"en-US\",\"potentialAction\":[{\"@type\":\"ReadAction\",\"target\":[\"https:\\\/\\\/marunusa.hr\\\/krka-safari-360-kg\\\/\"]}]},{\"@type\":\"BreadcrumbList\",\"@id\":\"https:\\\/\\\/marunusa.hr\\\/krka-safari-360-kg\\\/#breadcrumb\",\"itemListElement\":[{\"@type\":\"ListItem\",\"position\":1,\"name\":\"Home\",\"item\":\"https:\\\/\\\/marunusa.hr\\\/hr\\\/\"},{\"@type\":\"ListItem\",\"position\":2,\"name\":\"gumeni \u010damac 360 kg\"}]},{\"@type\":\"WebSite\",\"@id\":\"https:\\\/\\\/marunusa.hr\\\/#website\",\"url\":\"https:\\\/\\\/marunusa.hr\\\/\",\"name\":\"marunusa.hr\",\"description\":\"turisti\u010dka agencija\",\"potentialAction\":[{\"@type\":\"SearchAction\",\"target\":{\"@type\":\"EntryPoint\",\"urlTemplate\":\"https:\\\/\\\/marunusa.hr\\\/?s={search_term_string}\"},\"query-input\":{\"@type\":\"PropertyValueSpecification\",\"valueRequired\":true,\"valueName\":\"search_term_string\"}}],\"inLanguage\":\"en-US\"}]}<\/script>\n<!-- \/ Yoast SEO plugin. -->","yoast_head_json":{"title":"gumeni \u010damac 360 kg - marunusa.hr","robots":{"index":"index","follow":"follow","max-snippet":"max-snippet:-1","max-image-preview":"max-image-preview:large","max-video-preview":"max-video-preview:-1"},"canonical":"https:\/\/marunusa.hr\/en\/krka-safari-360-kg\/","og_locale":"en_US","og_type":"article","og_title":"gumeni \u010damac 360 kg - marunusa.hr","og_description":"Iznajmite gumeni \u010damac i do\u017eivite Knin iz druga\u010dije perspektive. Veslati \u0107ete gornjim tokom rijeke Krke, u\u017eivati u mirnoj vo\u017enji i glasanju cvr\u010daka. Start i cilj su na istom mjestu, veslati \u0107ete uzvodno i nizvodno rijekom Krkom. Imamo dvije opcije najma \u010damaca: do 1h \/ do 3h. Mo\u017eemo organizirati i spust rijekom Krkom nizvodno, uz mogu\u0107nost [&hellip;]","og_url":"https:\/\/marunusa.hr\/en\/krka-safari-360-kg\/","og_site_name":"marunusa.hr","article_modified_time":"2022-05-17T11:17:00+00:00","twitter_card":"summary_large_image","twitter_misc":{"Est. reading time":"1 minute"},"schema":{"@context":"https:\/\/schema.org","@graph":[{"@type":"WebPage","@id":"https:\/\/marunusa.hr\/krka-safari-360-kg\/","url":"https:\/\/marunusa.hr\/krka-safari-360-kg\/","name":"gumeni \u010damac 360 kg - marunusa.hr","isPartOf":{"@id":"https:\/\/marunusa.hr\/#website"},"datePublished":"2021-07-12T15:18:26+00:00","dateModified":"2022-05-17T11:17:00+00:00","breadcrumb":{"@id":"https:\/\/marunusa.hr\/krka-safari-360-kg\/#breadcrumb"},"inLanguage":"en-US","potentialAction":[{"@type":"ReadAction","target":["https:\/\/marunusa.hr\/krka-safari-360-kg\/"]}]},{"@type":"BreadcrumbList","@id":"https:\/\/marunusa.hr\/krka-safari-360-kg\/#breadcrumb","itemListElement":[{"@type":"ListItem","position":1,"name":"Home","item":"https:\/\/marunusa.hr\/hr\/"},{"@type":"ListItem","position":2,"name":"gumeni \u010damac 360 kg"}]},{"@type":"WebSite","@id":"https:\/\/marunusa.hr\/#website","url":"https:\/\/marunusa.hr\/","name":"marunusa.hr","description":"turisti\u010dka agencija","potentialAction":[{"@type":"SearchAction","target":{"@type":"EntryPoint","urlTemplate":"https:\/\/marunusa.hr\/?s={search_term_string}"},"query-input":{"@type":"PropertyValueSpecification","valueRequired":true,"valueName":"search_term_string"}}],"inLanguage":"en-US"}]}},"_links":{"self":[{"href":"https:\/\/marunusa.hr\/en\/wp-json\/wp\/v2\/pages\/2571","targetHints":{"allow":["GET"]}}],"collection":[{"href":"https:\/\/marunusa.hr\/en\/wp-json\/wp\/v2\/pages"}],"about":[{"href":"https:\/\/marunusa.hr\/en\/wp-json\/wp\/v2\/types\/page"}],"author":[{"embeddable":true,"href":"https:\/\/marunusa.hr\/en\/wp-json\/wp\/v2\/users\/1"}],"replies":[{"embeddable":true,"href":"https:\/\/marunusa.hr\/en\/wp-json\/wp\/v2\/comments?post=2571"}],"version-history":[{"count":64,"href":"https:\/\/marunusa.hr\/en\/wp-json\/wp\/v2\/pages\/2571\/revisions"}],"predecessor-version":[{"id":5467,"href":"https:\/\/marunusa.hr\/en\/wp-json\/wp\/v2\/pages\/2571\/revisions\/5467"}],"wp:attachment":[{"href":"https:\/\/marunusa.hr\/en\/wp-json\/wp\/v2\/media?parent=2571"}],"curies":[{"name":"wp","href":"https:\/\/api.w.org\/{rel}","templated":true}]}}