{"id":2568,"date":"2021-07-12T16:17:59","date_gmt":"2021-07-12T15:17:59","guid":{"rendered":"https:\/\/marunusa.hr\/?page_id=2568"},"modified":"2022-05-17T12:16:51","modified_gmt":"2022-05-17T11:16:51","slug":"krka-safari-180-kg","status":"publish","type":"page","link":"https:\/\/marunusa.hr\/en\/krka-safari-180-kg\/","title":{"rendered":"boat 180kg"},"content":{"rendered":"<div data-elementor-type=\"wp-page\" data-elementor-id=\"2568\" class=\"elementor elementor-2568\" data-elementor-post-type=\"page\">\n\t\t\t\t\t\t<section class=\"elementor-section elementor-top-section elementor-element elementor-element-87fa3a7 elementor-section-boxed elementor-section-height-default elementor-section-height-default\" data-id=\"87fa3a7\" data-element_type=\"section\" data-settings=\"{&quot;background_background&quot;:&quot;classic&quot;}\">\n\t\t\t\t\t\t<div class=\"elementor-container elementor-column-gap-default\">\n\t\t\t\t\t<div class=\"elementor-column elementor-col-100 elementor-top-column elementor-element elementor-element-169318b\" data-id=\"169318b\" data-element_type=\"column\" data-settings=\"{&quot;background_background&quot;:&quot;classic&quot;,&quot;background_motion_fx_motion_fx_scrolling&quot;:&quot;yes&quot;,&quot;background_motion_fx_translateY_effect&quot;:&quot;yes&quot;,&quot;background_motion_fx_translateY_speed&quot;:{&quot;unit&quot;:&quot;px&quot;,&quot;size&quot;:4,&quot;sizes&quot;:[]},&quot;background_motion_fx_translateY_affectedRange&quot;:{&quot;unit&quot;:&quot;%&quot;,&quot;size&quot;:&quot;&quot;,&quot;sizes&quot;:{&quot;start&quot;:0,&quot;end&quot;:100}},&quot;background_motion_fx_devices&quot;:[&quot;desktop&quot;,&quot;tablet&quot;,&quot;mobile&quot;]}\">\n\t\t\t<div class=\"elementor-widget-wrap elementor-element-populated\">\n\t\t\t\t\t\t<div class=\"elementor-element elementor-element-f175dac elementor-widget elementor-widget-spacer\" data-id=\"f175dac\" data-element_type=\"widget\" data-widget_type=\"spacer.default\">\n\t\t\t\t<div class=\"elementor-widget-container\">\n\t\t\t\t\t\t\t<div class=\"elementor-spacer\">\n\t\t\t<div class=\"elementor-spacer-inner\"><\/div>\n\t\t<\/div>\n\t\t\t\t\t\t<\/div>\n\t\t\t\t<\/div>\n\t\t\t\t\t<\/div>\n\t\t<\/div>\n\t\t\t\t\t<\/div>\n\t\t<\/section>\n\t\t\t\t<section class=\"elementor-section elementor-top-section elementor-element elementor-element-9081704 elementor-section-boxed elementor-section-height-default elementor-section-height-default\" data-id=\"9081704\" data-element_type=\"section\">\n\t\t\t\t\t\t<div class=\"elementor-container elementor-column-gap-default\">\n\t\t\t\t\t<div class=\"elementor-column elementor-col-50 elementor-top-column elementor-element elementor-element-bc12f22\" data-id=\"bc12f22\" data-element_type=\"column\">\n\t\t\t<div class=\"elementor-widget-wrap elementor-element-populated\">\n\t\t\t\t\t\t<div class=\"elementor-element elementor-element-7896f69 elementor-widget elementor-widget-text-editor\" data-id=\"7896f69\" data-element_type=\"widget\" data-widget_type=\"text-editor.default\">\n\t\t\t\t<div class=\"elementor-widget-container\">\n\t\t\t\t\t\t\t\t\t<p style=\"text-align: justify;\">Rent an inflatable boat and experience Knin from a different perspective. You will paddle up the Krka River, enjoy a peaceful ride and cricket chirping. Start and finish are at the same place, you will paddle upstream and downstream.<\/p><p style=\"text-align: justify;\">We have two boat rental options: up to 1h \/ up to 3h.<\/p><p style=\"text-align: justify;\"><span style=\"background-color: transparent; letter-spacing: -0.1px;\">We can also organize<span style=\"color: #ff6600;\"> <a style=\"color: #ff6600;\" href=\"https:\/\/marunusa.hr\/en\/ture\/tura-gumenim-camcem-180kg\/\">the descent down the Krka River<\/a><\/span>where you can paddle alone or with a guide. Our guides will help you manage the boat and explain all the sites you pass on the tour. It is up to you to choose the service that suits you best.<\/span><\/p><p style=\"text-align: justify;\" class=\"translation-block\">For any questions, contact us at <a href=\"mailto:info@marunusa.hr\" target=\"_self\"><span style=\"color: #108c0a\">info@marunusa.hr<\/span><\/a><\/p>\t\t\t\t\t\t\t\t<\/div>\n\t\t\t\t<\/div>\n\t\t\t\t<div class=\"elementor-element elementor-element-22c8141 elementor-widget elementor-widget-shortcode\" data-id=\"22c8141\" data-element_type=\"widget\" data-widget_type=\"shortcode.default\">\n\t\t\t\t<div class=\"elementor-widget-container\">\n\t\t\t\t\t\t\t<div class=\"elementor-shortcode\"> \n<div style=\"display: flex\">\n\n<iframe id=\"iFrameResizer1\"\nsrc=\"https:\/\/booking.ez-booker.com\/tour_details?site_id=9cf8ab11fb56aaef9972f18a3283800b&service_id=948&adults=1.\"\nstyle=\"border:none;width:1280px;height:1024px\"><\/iframe>\n\n<\/div>\n\n<script src=\"https:\/\/app.ez-booker.com\/secure\/js\/iframeResizer.js\"><\/script>\n\n<script>\niFrameResize();\n<\/script> \n\n<\/div>\n\t\t\t\t\t\t<\/div>\n\t\t\t\t<\/div>\n\t\t\t\t\t<\/div>\n\t\t<\/div>\n\t\t\t\t<div class=\"elementor-column elementor-col-50 elementor-top-column elementor-element elementor-element-ad17d46\" data-id=\"ad17d46\" data-element_type=\"column\" data-settings=\"{&quot;background_background&quot;:&quot;classic&quot;}\">\n\t\t\t<div class=\"elementor-widget-wrap elementor-element-populated\">\n\t\t\t\t\t\t<div class=\"elementor-element elementor-element-7243aff elementor-widget elementor-widget-text-editor\" data-id=\"7243aff\" data-element_type=\"widget\" data-widget_type=\"text-editor.default\">\n\t\t\t\t<div class=\"elementor-widget-container\">\n\t\t\t\t\t\t\t\t\t<p style=\"text-align: left;\"><strong>SUNNY<\/strong><br \/><strong>INFLATABLE BOAT<\/strong><\/p><p><strong>Length<\/strong>: 380cm<br \/><strong>Width<\/strong>: 80cm<br \/><strong>Weight<\/strong>: 16kg<br \/><strong>Maximum load capacity<\/strong>: 180kg<br \/><strong>Maximum<\/strong>\u00a0<strong>number of<\/strong> <strong>persons<\/strong>: 2<\/p><p style=\"text-align: left;\"><strong>The rental price includes 1 paddle per person, 1 safety vest per person and 1 waterproof bag<\/strong><\/p><hr style=\"margin: 10px 0px;\" \/><p style=\"text-align: left;\"><strong>PALAVA<\/strong><br \/><strong>INFLATABLE BOAT<\/strong><\/p><p><strong>Length<\/strong>: 380cm<br \/><strong>Width<\/strong>: 90cm<br \/><strong>Weight<\/strong>: 21kg<br \/><strong>Maximum load capacity<\/strong>: 240kg<br \/><strong>Maximum number of persons<\/strong>: 2+1<\/p><p style=\"text-align: left;\"><strong>The rental price includes 1 paddle per person, 1 safety vest per person and 1 waterproof bag<\/strong><\/p>\t\t\t\t\t\t\t\t<\/div>\n\t\t\t\t<\/div>\n\t\t\t\t\t<\/div>\n\t\t<\/div>\n\t\t\t\t\t<\/div>\n\t\t<\/section>\n\t\t\t\t<\/div>","protected":false},"excerpt":{"rendered":"<p>Iznajmite gumeni \u010damac i do\u017eivite Knin iz druga\u010dije perspektive. Veslati \u0107ete gornjim tokom rijeke Krke, u\u017eivati u mirnoj vo\u017enji i glasanju cvr\u010daka. Start i cilj su na istom mjestu, veslati \u0107ete uzvodno i nizvodno rijekom Krkom. Imamo dvije opcije najma \u010damaca: do 1h \/ do 3h. Mo\u017eemo organizirati i spust rijekom Krkom nizvodno, uz mogu\u0107nost [&hellip;]<\/p>","protected":false},"author":1,"featured_media":0,"parent":0,"menu_order":0,"comment_status":"closed","ping_status":"closed","template":"elementor_header_footer","meta":{"footnotes":""},"class_list":["post-2568","page","type-page","status-publish","hentry"],"yoast_head":"<!-- This site is optimized with the Yoast SEO plugin v27.4 - https:\/\/yoast.com\/product\/yoast-seo-wordpress\/ -->\n<title>gumeni \u010damac 180 kg - marunusa.hr<\/title>\n<meta name=\"robots\" content=\"index, follow, max-snippet:-1, max-image-preview:large, max-video-preview:-1\" \/>\n<link rel=\"canonical\" href=\"https:\/\/marunusa.hr\/en\/krka-safari-180-kg\/\" \/>\n<meta property=\"og:locale\" content=\"en_US\" \/>\n<meta property=\"og:type\" content=\"article\" \/>\n<meta property=\"og:title\" content=\"gumeni \u010damac 180 kg - marunusa.hr\" \/>\n<meta property=\"og:description\" content=\"Iznajmite gumeni \u010damac i do\u017eivite Knin iz druga\u010dije perspektive. Veslati \u0107ete gornjim tokom rijeke Krke, u\u017eivati u mirnoj vo\u017enji i glasanju cvr\u010daka. Start i cilj su na istom mjestu, veslati \u0107ete uzvodno i nizvodno rijekom Krkom. Imamo dvije opcije najma \u010damaca: do 1h \/ do 3h. Mo\u017eemo organizirati i spust rijekom Krkom nizvodno, uz mogu\u0107nost [&hellip;]\" \/>\n<meta property=\"og:url\" content=\"https:\/\/marunusa.hr\/en\/krka-safari-180-kg\/\" \/>\n<meta property=\"og:site_name\" content=\"marunusa.hr\" \/>\n<meta property=\"article:modified_time\" content=\"2022-05-17T11:16:51+00:00\" \/>\n<meta name=\"twitter:card\" content=\"summary_large_image\" \/>\n<meta name=\"twitter:label1\" content=\"Est. reading time\" \/>\n\t<meta name=\"twitter:data1\" content=\"1 minute\" \/>\n<script type=\"application\/ld+json\" class=\"yoast-schema-graph\">{\"@context\":\"https:\\\/\\\/schema.org\",\"@graph\":[{\"@type\":\"WebPage\",\"@id\":\"https:\\\/\\\/marunusa.hr\\\/krka-safari-180-kg\\\/\",\"url\":\"https:\\\/\\\/marunusa.hr\\\/krka-safari-180-kg\\\/\",\"name\":\"gumeni \u010damac 180 kg - marunusa.hr\",\"isPartOf\":{\"@id\":\"https:\\\/\\\/marunusa.hr\\\/#website\"},\"datePublished\":\"2021-07-12T15:17:59+00:00\",\"dateModified\":\"2022-05-17T11:16:51+00:00\",\"breadcrumb\":{\"@id\":\"https:\\\/\\\/marunusa.hr\\\/krka-safari-180-kg\\\/#breadcrumb\"},\"inLanguage\":\"en-US\",\"potentialAction\":[{\"@type\":\"ReadAction\",\"target\":[\"https:\\\/\\\/marunusa.hr\\\/krka-safari-180-kg\\\/\"]}]},{\"@type\":\"BreadcrumbList\",\"@id\":\"https:\\\/\\\/marunusa.hr\\\/krka-safari-180-kg\\\/#breadcrumb\",\"itemListElement\":[{\"@type\":\"ListItem\",\"position\":1,\"name\":\"Home\",\"item\":\"https:\\\/\\\/marunusa.hr\\\/hr\\\/\"},{\"@type\":\"ListItem\",\"position\":2,\"name\":\"gumeni \u010damac 180 kg\"}]},{\"@type\":\"WebSite\",\"@id\":\"https:\\\/\\\/marunusa.hr\\\/#website\",\"url\":\"https:\\\/\\\/marunusa.hr\\\/\",\"name\":\"marunusa.hr\",\"description\":\"turisti\u010dka agencija\",\"potentialAction\":[{\"@type\":\"SearchAction\",\"target\":{\"@type\":\"EntryPoint\",\"urlTemplate\":\"https:\\\/\\\/marunusa.hr\\\/?s={search_term_string}\"},\"query-input\":{\"@type\":\"PropertyValueSpecification\",\"valueRequired\":true,\"valueName\":\"search_term_string\"}}],\"inLanguage\":\"en-US\"}]}<\/script>\n<!-- \/ Yoast SEO plugin. -->","yoast_head_json":{"title":"gumeni \u010damac 180 kg - marunusa.hr","robots":{"index":"index","follow":"follow","max-snippet":"max-snippet:-1","max-image-preview":"max-image-preview:large","max-video-preview":"max-video-preview:-1"},"canonical":"https:\/\/marunusa.hr\/en\/krka-safari-180-kg\/","og_locale":"en_US","og_type":"article","og_title":"gumeni \u010damac 180 kg - marunusa.hr","og_description":"Iznajmite gumeni \u010damac i do\u017eivite Knin iz druga\u010dije perspektive. Veslati \u0107ete gornjim tokom rijeke Krke, u\u017eivati u mirnoj vo\u017enji i glasanju cvr\u010daka. Start i cilj su na istom mjestu, veslati \u0107ete uzvodno i nizvodno rijekom Krkom. Imamo dvije opcije najma \u010damaca: do 1h \/ do 3h. Mo\u017eemo organizirati i spust rijekom Krkom nizvodno, uz mogu\u0107nost [&hellip;]","og_url":"https:\/\/marunusa.hr\/en\/krka-safari-180-kg\/","og_site_name":"marunusa.hr","article_modified_time":"2022-05-17T11:16:51+00:00","twitter_card":"summary_large_image","twitter_misc":{"Est. reading time":"1 minute"},"schema":{"@context":"https:\/\/schema.org","@graph":[{"@type":"WebPage","@id":"https:\/\/marunusa.hr\/krka-safari-180-kg\/","url":"https:\/\/marunusa.hr\/krka-safari-180-kg\/","name":"gumeni \u010damac 180 kg - marunusa.hr","isPartOf":{"@id":"https:\/\/marunusa.hr\/#website"},"datePublished":"2021-07-12T15:17:59+00:00","dateModified":"2022-05-17T11:16:51+00:00","breadcrumb":{"@id":"https:\/\/marunusa.hr\/krka-safari-180-kg\/#breadcrumb"},"inLanguage":"en-US","potentialAction":[{"@type":"ReadAction","target":["https:\/\/marunusa.hr\/krka-safari-180-kg\/"]}]},{"@type":"BreadcrumbList","@id":"https:\/\/marunusa.hr\/krka-safari-180-kg\/#breadcrumb","itemListElement":[{"@type":"ListItem","position":1,"name":"Home","item":"https:\/\/marunusa.hr\/hr\/"},{"@type":"ListItem","position":2,"name":"gumeni \u010damac 180 kg"}]},{"@type":"WebSite","@id":"https:\/\/marunusa.hr\/#website","url":"https:\/\/marunusa.hr\/","name":"marunusa.hr","description":"turisti\u010dka agencija","potentialAction":[{"@type":"SearchAction","target":{"@type":"EntryPoint","urlTemplate":"https:\/\/marunusa.hr\/?s={search_term_string}"},"query-input":{"@type":"PropertyValueSpecification","valueRequired":true,"valueName":"search_term_string"}}],"inLanguage":"en-US"}]}},"_links":{"self":[{"href":"https:\/\/marunusa.hr\/en\/wp-json\/wp\/v2\/pages\/2568","targetHints":{"allow":["GET"]}}],"collection":[{"href":"https:\/\/marunusa.hr\/en\/wp-json\/wp\/v2\/pages"}],"about":[{"href":"https:\/\/marunusa.hr\/en\/wp-json\/wp\/v2\/types\/page"}],"author":[{"embeddable":true,"href":"https:\/\/marunusa.hr\/en\/wp-json\/wp\/v2\/users\/1"}],"replies":[{"embeddable":true,"href":"https:\/\/marunusa.hr\/en\/wp-json\/wp\/v2\/comments?post=2568"}],"version-history":[{"count":116,"href":"https:\/\/marunusa.hr\/en\/wp-json\/wp\/v2\/pages\/2568\/revisions"}],"predecessor-version":[{"id":5894,"href":"https:\/\/marunusa.hr\/en\/wp-json\/wp\/v2\/pages\/2568\/revisions\/5894"}],"wp:attachment":[{"href":"https:\/\/marunusa.hr\/en\/wp-json\/wp\/v2\/media?parent=2568"}],"curies":[{"name":"wp","href":"https:\/\/api.w.org\/{rel}","templated":true}]}}