{"id":2249,"date":"2021-07-06T13:45:13","date_gmt":"2021-07-06T12:45:13","guid":{"rendered":"https:\/\/marunusa.hr\/?page_id=2249"},"modified":"2022-11-11T13:25:26","modified_gmt":"2022-11-11T12:25:26","slug":"brdski-bicikl","status":"publish","type":"page","link":"https:\/\/marunusa.hr\/en\/brdski-bicikl\/","title":{"rendered":"Regular MTB"},"content":{"rendered":"<div data-elementor-type=\"wp-page\" data-elementor-id=\"2249\" class=\"elementor elementor-2249\" data-elementor-post-type=\"page\">\n\t\t\t\t\t\t<section class=\"elementor-section elementor-top-section elementor-element elementor-element-5376ed3 elementor-section-boxed elementor-section-height-default elementor-section-height-default\" data-id=\"5376ed3\" data-element_type=\"section\" data-settings=\"{&quot;background_background&quot;:&quot;classic&quot;}\">\n\t\t\t\t\t\t<div class=\"elementor-container elementor-column-gap-default\">\n\t\t\t\t\t<div class=\"elementor-column elementor-col-100 elementor-top-column elementor-element elementor-element-2c56ca5\" data-id=\"2c56ca5\" data-element_type=\"column\" data-settings=\"{&quot;background_background&quot;:&quot;classic&quot;,&quot;background_motion_fx_motion_fx_scrolling&quot;:&quot;yes&quot;,&quot;background_motion_fx_translateY_effect&quot;:&quot;yes&quot;,&quot;background_motion_fx_translateY_speed&quot;:{&quot;unit&quot;:&quot;px&quot;,&quot;size&quot;:4,&quot;sizes&quot;:[]},&quot;background_motion_fx_translateY_affectedRange&quot;:{&quot;unit&quot;:&quot;%&quot;,&quot;size&quot;:&quot;&quot;,&quot;sizes&quot;:{&quot;start&quot;:0,&quot;end&quot;:100}},&quot;background_motion_fx_devices&quot;:[&quot;desktop&quot;,&quot;tablet&quot;,&quot;mobile&quot;]}\">\n\t\t\t<div class=\"elementor-widget-wrap elementor-element-populated\">\n\t\t\t\t\t\t<div class=\"elementor-element elementor-element-0b04d2e elementor-widget elementor-widget-spacer\" data-id=\"0b04d2e\" data-element_type=\"widget\" data-widget_type=\"spacer.default\">\n\t\t\t\t<div class=\"elementor-widget-container\">\n\t\t\t\t\t\t\t<div class=\"elementor-spacer\">\n\t\t\t<div class=\"elementor-spacer-inner\"><\/div>\n\t\t<\/div>\n\t\t\t\t\t\t<\/div>\n\t\t\t\t<\/div>\n\t\t\t\t\t<\/div>\n\t\t<\/div>\n\t\t\t\t\t<\/div>\n\t\t<\/section>\n\t\t\t\t<section class=\"elementor-section elementor-top-section elementor-element elementor-element-3cfb910 elementor-section-boxed elementor-section-height-default elementor-section-height-default\" data-id=\"3cfb910\" data-element_type=\"section\">\n\t\t\t\t\t\t<div class=\"elementor-container elementor-column-gap-default\">\n\t\t\t\t\t<div class=\"elementor-column elementor-col-50 elementor-top-column elementor-element elementor-element-32783c5\" data-id=\"32783c5\" data-element_type=\"column\">\n\t\t\t<div class=\"elementor-widget-wrap elementor-element-populated\">\n\t\t\t\t\t\t<div class=\"elementor-element elementor-element-75c4843 elementor-widget elementor-widget-text-editor\" data-id=\"75c4843\" data-element_type=\"widget\" data-widget_type=\"text-editor.default\">\n\t\t\t\t<div class=\"elementor-widget-container\">\n\t\t\t\t\t\t\t\t\t<p style=\"text-align: justify;\">Rent an MTB and create your own adventure by exploring the town of Knin, Dinara, the Krka coast or some other area. We have three bike rental options: up to 3h \/ up to 12h \/ up to 24h. We also rent bicycles to large teambuilding groups.<\/p><p style=\"text-align: justify;\">For those who want an adventure without much effort, we recommend an <span style=\"color: #ff6600;\"><a style=\"color: #ff6600;\" href=\"https:\/\/marunusa.hr\/en\/elektricni-brdski-bicikl\/\">e-MTB<\/a><\/span>. We can also organize a guided tour; our guides will show you all the best and hidden places for cycling in Knin. It is up to you to choose the service that suits you best.<\/p><p style=\"text-align: justify;\" class=\"translation-block\">For any questions, contact us at <a href=\"mailto:info@marunusa.hr\" target=\"_self\"><span style=\"color: #108c0a\">info@marunusa.hr<\/span><\/a><\/p>\t\t\t\t\t\t\t\t<\/div>\n\t\t\t\t<\/div>\n\t\t\t\t<div class=\"elementor-element elementor-element-a4c95b5 elementor-widget elementor-widget-shortcode\" data-id=\"a4c95b5\" data-element_type=\"widget\" data-widget_type=\"shortcode.default\">\n\t\t\t\t<div class=\"elementor-widget-container\">\n\t\t\t\t\t\t\t<div class=\"elementor-shortcode\"> \n<div style=\"display: flex\">\n\n<iframe id=\"iFrameResizer1\"\nsrc=\"https:\/\/booking.ez-booker.com\/tour_details?site_id=9cf8ab11fb56aaef9972f18a3283800b&service_id=947&adults=1.\"\nstyle=\"border:none;width:1280px;height:1024px\"><\/iframe>\n\n<\/div>\n\n<script src=\"https:\/\/app.ez-booker.com\/secure\/js\/iframeResizer.js\"><\/script>\n\n<script>\niFrameResize();\n<\/script> \n\n<\/div>\n\t\t\t\t\t\t<\/div>\n\t\t\t\t<\/div>\n\t\t\t\t\t<\/div>\n\t\t<\/div>\n\t\t\t\t<div class=\"elementor-column elementor-col-50 elementor-top-column elementor-element elementor-element-cac380a\" data-id=\"cac380a\" data-element_type=\"column\" data-settings=\"{&quot;background_background&quot;:&quot;classic&quot;}\">\n\t\t\t<div class=\"elementor-widget-wrap elementor-element-populated\">\n\t\t\t\t\t\t<div class=\"elementor-element elementor-element-0142863 elementor-widget elementor-widget-text-editor\" data-id=\"0142863\" data-element_type=\"widget\" data-widget_type=\"text-editor.default\">\n\t\t\t\t<div class=\"elementor-widget-container\">\n\t\t\t\t\t\t\t\t\t<p style=\"text-align: left;\"><strong>DHS Terrana 2923<\/strong><br \/><strong>Regular MTB<\/strong><\/p><p><strong>Frame:<\/strong> M (460mm), L (500mm), aluminium<br \/><strong>Wheels:<\/strong> 29&#8243;<br \/><strong>Fork:<\/strong> Mode MD-746I, 100mm, 1-1\/8<br \/><strong>Front derailleur:<\/strong> Shimano Tourney, 3 speed<br \/><strong>Rear derailleur:<\/strong> Shimano Tourney, 7 speed<br \/><strong>Brakes:<\/strong> V-Brake<br \/><strong>Maximum load capacity:<\/strong> 100kg<\/p><p style=\"text-align: left;\"><strong>The rental price includes 1 helmet<\/strong><\/p><hr style=\"margin: 10px 0px;\" \/><p style=\"text-align: left;\"><strong>DHS Terrana 2722<\/strong><br \/><strong>Regular MTB<\/strong><\/p><p><strong>Frame:<\/strong> S (420mm), aluminium<br \/><strong>Wheels:<\/strong> 27&#8221;<br \/><strong>Fork:<\/strong> Mode MD-7461, 100mm<br \/><strong>Front derailleur:<\/strong> Shimano Tourney, 3 speed<br \/><strong>Rear derailleur:<\/strong> Shimano Tourney, 7 speed<br \/><strong>Brakes:<\/strong> V-Brake<br \/><strong>Maximum load capacity:<\/strong> 100kg<\/p><p style=\"text-align: left;\"><strong>The rental price includes 1 helmet<\/strong><\/p>\t\t\t\t\t\t\t\t<\/div>\n\t\t\t\t<\/div>\n\t\t\t\t\t<\/div>\n\t\t<\/div>\n\t\t\t\t\t<\/div>\n\t\t<\/section>\n\t\t\t\t<\/div>","protected":false},"excerpt":{"rendered":"<p>Iznajmite brdski bicikl i stvorite vlastitu avanturu istra\u017euju\u0107i grad Knin, Dinaru, obalu Krke ili neko drugo podru\u010dje. Imamo tri opcije najma bicikla: do 3h \/ do 12h \/ do 24h. Bicikle iznajmljujemo i velikim teambuilding grupama. Za one koji \u017eele avanturu bez puno napora, preporu\u010dujemo elektri\u010dni brdski bicikl. Mo\u017eemo organizirati i vo\u0111enu turu, na\u0161i vodi\u010di [&hellip;]<\/p>","protected":false},"author":1,"featured_media":0,"parent":0,"menu_order":0,"comment_status":"closed","ping_status":"closed","template":"elementor_header_footer","meta":{"footnotes":""},"class_list":["post-2249","page","type-page","status-publish","hentry"],"yoast_head":"<!-- This site is optimized with the Yoast SEO plugin v27.4 - https:\/\/yoast.com\/product\/yoast-seo-wordpress\/ -->\n<title>Brdski bicikl - marunusa.hr<\/title>\n<meta name=\"robots\" content=\"index, follow, max-snippet:-1, max-image-preview:large, max-video-preview:-1\" \/>\n<link rel=\"canonical\" href=\"https:\/\/marunusa.hr\/en\/brdski-bicikl\/\" \/>\n<meta property=\"og:locale\" content=\"en_US\" \/>\n<meta property=\"og:type\" content=\"article\" \/>\n<meta property=\"og:title\" content=\"Brdski bicikl - marunusa.hr\" \/>\n<meta property=\"og:description\" content=\"Iznajmite brdski bicikl i stvorite vlastitu avanturu istra\u017euju\u0107i grad Knin, Dinaru, obalu Krke ili neko drugo podru\u010dje. Imamo tri opcije najma bicikla: do 3h \/ do 12h \/ do 24h. Bicikle iznajmljujemo i velikim teambuilding grupama. Za one koji \u017eele avanturu bez puno napora, preporu\u010dujemo elektri\u010dni brdski bicikl. Mo\u017eemo organizirati i vo\u0111enu turu, na\u0161i vodi\u010di [&hellip;]\" \/>\n<meta property=\"og:url\" content=\"https:\/\/marunusa.hr\/en\/brdski-bicikl\/\" \/>\n<meta property=\"og:site_name\" content=\"marunusa.hr\" \/>\n<meta property=\"article:modified_time\" content=\"2022-11-11T12:25:26+00:00\" \/>\n<meta name=\"twitter:card\" content=\"summary_large_image\" \/>\n<meta name=\"twitter:label1\" content=\"Est. reading time\" \/>\n\t<meta name=\"twitter:data1\" content=\"1 minute\" \/>\n<script type=\"application\/ld+json\" class=\"yoast-schema-graph\">{\"@context\":\"https:\\\/\\\/schema.org\",\"@graph\":[{\"@type\":\"WebPage\",\"@id\":\"https:\\\/\\\/marunusa.hr\\\/brdski-bicikl\\\/\",\"url\":\"https:\\\/\\\/marunusa.hr\\\/brdski-bicikl\\\/\",\"name\":\"Brdski bicikl - marunusa.hr\",\"isPartOf\":{\"@id\":\"https:\\\/\\\/marunusa.hr\\\/#website\"},\"datePublished\":\"2021-07-06T12:45:13+00:00\",\"dateModified\":\"2022-11-11T12:25:26+00:00\",\"breadcrumb\":{\"@id\":\"https:\\\/\\\/marunusa.hr\\\/brdski-bicikl\\\/#breadcrumb\"},\"inLanguage\":\"en-US\",\"potentialAction\":[{\"@type\":\"ReadAction\",\"target\":[\"https:\\\/\\\/marunusa.hr\\\/brdski-bicikl\\\/\"]}]},{\"@type\":\"BreadcrumbList\",\"@id\":\"https:\\\/\\\/marunusa.hr\\\/brdski-bicikl\\\/#breadcrumb\",\"itemListElement\":[{\"@type\":\"ListItem\",\"position\":1,\"name\":\"Home\",\"item\":\"https:\\\/\\\/marunusa.hr\\\/hr\\\/\"},{\"@type\":\"ListItem\",\"position\":2,\"name\":\"Brdski bicikl\"}]},{\"@type\":\"WebSite\",\"@id\":\"https:\\\/\\\/marunusa.hr\\\/#website\",\"url\":\"https:\\\/\\\/marunusa.hr\\\/\",\"name\":\"marunusa.hr\",\"description\":\"turisti\u010dka agencija\",\"potentialAction\":[{\"@type\":\"SearchAction\",\"target\":{\"@type\":\"EntryPoint\",\"urlTemplate\":\"https:\\\/\\\/marunusa.hr\\\/?s={search_term_string}\"},\"query-input\":{\"@type\":\"PropertyValueSpecification\",\"valueRequired\":true,\"valueName\":\"search_term_string\"}}],\"inLanguage\":\"en-US\"}]}<\/script>\n<!-- \/ Yoast SEO plugin. -->","yoast_head_json":{"title":"Brdski bicikl - marunusa.hr","robots":{"index":"index","follow":"follow","max-snippet":"max-snippet:-1","max-image-preview":"max-image-preview:large","max-video-preview":"max-video-preview:-1"},"canonical":"https:\/\/marunusa.hr\/en\/brdski-bicikl\/","og_locale":"en_US","og_type":"article","og_title":"Brdski bicikl - marunusa.hr","og_description":"Iznajmite brdski bicikl i stvorite vlastitu avanturu istra\u017euju\u0107i grad Knin, Dinaru, obalu Krke ili neko drugo podru\u010dje. Imamo tri opcije najma bicikla: do 3h \/ do 12h \/ do 24h. Bicikle iznajmljujemo i velikim teambuilding grupama. Za one koji \u017eele avanturu bez puno napora, preporu\u010dujemo elektri\u010dni brdski bicikl. Mo\u017eemo organizirati i vo\u0111enu turu, na\u0161i vodi\u010di [&hellip;]","og_url":"https:\/\/marunusa.hr\/en\/brdski-bicikl\/","og_site_name":"marunusa.hr","article_modified_time":"2022-11-11T12:25:26+00:00","twitter_card":"summary_large_image","twitter_misc":{"Est. reading time":"1 minute"},"schema":{"@context":"https:\/\/schema.org","@graph":[{"@type":"WebPage","@id":"https:\/\/marunusa.hr\/brdski-bicikl\/","url":"https:\/\/marunusa.hr\/brdski-bicikl\/","name":"Brdski bicikl - marunusa.hr","isPartOf":{"@id":"https:\/\/marunusa.hr\/#website"},"datePublished":"2021-07-06T12:45:13+00:00","dateModified":"2022-11-11T12:25:26+00:00","breadcrumb":{"@id":"https:\/\/marunusa.hr\/brdski-bicikl\/#breadcrumb"},"inLanguage":"en-US","potentialAction":[{"@type":"ReadAction","target":["https:\/\/marunusa.hr\/brdski-bicikl\/"]}]},{"@type":"BreadcrumbList","@id":"https:\/\/marunusa.hr\/brdski-bicikl\/#breadcrumb","itemListElement":[{"@type":"ListItem","position":1,"name":"Home","item":"https:\/\/marunusa.hr\/hr\/"},{"@type":"ListItem","position":2,"name":"Brdski bicikl"}]},{"@type":"WebSite","@id":"https:\/\/marunusa.hr\/#website","url":"https:\/\/marunusa.hr\/","name":"marunusa.hr","description":"turisti\u010dka agencija","potentialAction":[{"@type":"SearchAction","target":{"@type":"EntryPoint","urlTemplate":"https:\/\/marunusa.hr\/?s={search_term_string}"},"query-input":{"@type":"PropertyValueSpecification","valueRequired":true,"valueName":"search_term_string"}}],"inLanguage":"en-US"}]}},"_links":{"self":[{"href":"https:\/\/marunusa.hr\/en\/wp-json\/wp\/v2\/pages\/2249","targetHints":{"allow":["GET"]}}],"collection":[{"href":"https:\/\/marunusa.hr\/en\/wp-json\/wp\/v2\/pages"}],"about":[{"href":"https:\/\/marunusa.hr\/en\/wp-json\/wp\/v2\/types\/page"}],"author":[{"embeddable":true,"href":"https:\/\/marunusa.hr\/en\/wp-json\/wp\/v2\/users\/1"}],"replies":[{"embeddable":true,"href":"https:\/\/marunusa.hr\/en\/wp-json\/wp\/v2\/comments?post=2249"}],"version-history":[{"count":108,"href":"https:\/\/marunusa.hr\/en\/wp-json\/wp\/v2\/pages\/2249\/revisions"}],"predecessor-version":[{"id":5971,"href":"https:\/\/marunusa.hr\/en\/wp-json\/wp\/v2\/pages\/2249\/revisions\/5971"}],"wp:attachment":[{"href":"https:\/\/marunusa.hr\/en\/wp-json\/wp\/v2\/media?parent=2249"}],"curies":[{"name":"wp","href":"https:\/\/api.w.org\/{rel}","templated":true}]}}