{"id":2241,"date":"2021-07-06T13:44:09","date_gmt":"2021-07-06T12:44:09","guid":{"rendered":"https:\/\/marunusa.hr\/?page_id=2241"},"modified":"2022-11-11T13:25:04","modified_gmt":"2022-11-11T12:25:04","slug":"elektricni-brdski-bicikl","status":"publish","type":"page","link":"https:\/\/marunusa.hr\/en\/elektricni-brdski-bicikl\/","title":{"rendered":"E-MTB"},"content":{"rendered":"<div data-elementor-type=\"wp-page\" data-elementor-id=\"2241\" class=\"elementor elementor-2241\" data-elementor-post-type=\"page\">\n\t\t\t\t\t\t<section class=\"elementor-section elementor-top-section elementor-element elementor-element-ff94363 elementor-section-boxed elementor-section-height-default elementor-section-height-default\" data-id=\"ff94363\" data-element_type=\"section\" data-settings=\"{&quot;background_background&quot;:&quot;classic&quot;}\">\n\t\t\t\t\t\t<div class=\"elementor-container elementor-column-gap-default\">\n\t\t\t\t\t<div class=\"elementor-column elementor-col-100 elementor-top-column elementor-element elementor-element-d5d73fa\" data-id=\"d5d73fa\" data-element_type=\"column\" data-settings=\"{&quot;background_background&quot;:&quot;classic&quot;,&quot;background_motion_fx_motion_fx_scrolling&quot;:&quot;yes&quot;,&quot;background_motion_fx_translateY_effect&quot;:&quot;yes&quot;,&quot;background_motion_fx_translateY_speed&quot;:{&quot;unit&quot;:&quot;px&quot;,&quot;size&quot;:4,&quot;sizes&quot;:[]},&quot;background_motion_fx_translateY_affectedRange&quot;:{&quot;unit&quot;:&quot;%&quot;,&quot;size&quot;:&quot;&quot;,&quot;sizes&quot;:{&quot;start&quot;:0,&quot;end&quot;:100}},&quot;background_motion_fx_devices&quot;:[&quot;desktop&quot;,&quot;tablet&quot;,&quot;mobile&quot;]}\">\n\t\t\t<div class=\"elementor-widget-wrap elementor-element-populated\">\n\t\t\t\t\t\t<div class=\"elementor-element elementor-element-56cc30d elementor-widget elementor-widget-spacer\" data-id=\"56cc30d\" data-element_type=\"widget\" data-widget_type=\"spacer.default\">\n\t\t\t\t<div class=\"elementor-widget-container\">\n\t\t\t\t\t\t\t<div class=\"elementor-spacer\">\n\t\t\t<div class=\"elementor-spacer-inner\"><\/div>\n\t\t<\/div>\n\t\t\t\t\t\t<\/div>\n\t\t\t\t<\/div>\n\t\t\t\t\t<\/div>\n\t\t<\/div>\n\t\t\t\t\t<\/div>\n\t\t<\/section>\n\t\t\t\t<section class=\"elementor-section elementor-top-section elementor-element elementor-element-148b04e elementor-section-boxed elementor-section-height-default elementor-section-height-default\" data-id=\"148b04e\" data-element_type=\"section\">\n\t\t\t\t\t\t<div class=\"elementor-container elementor-column-gap-default\">\n\t\t\t\t\t<div class=\"elementor-column elementor-col-50 elementor-top-column elementor-element elementor-element-9bb7dc1\" data-id=\"9bb7dc1\" data-element_type=\"column\">\n\t\t\t<div class=\"elementor-widget-wrap elementor-element-populated\">\n\t\t\t\t\t\t<section class=\"elementor-section elementor-inner-section elementor-element elementor-element-36f9233 elementor-section-boxed elementor-section-height-default elementor-section-height-default\" data-id=\"36f9233\" data-element_type=\"section\">\n\t\t\t\t\t\t<div class=\"elementor-container elementor-column-gap-default\">\n\t\t\t\t\t<div class=\"elementor-column elementor-col-100 elementor-inner-column elementor-element elementor-element-eb56fc7\" data-id=\"eb56fc7\" data-element_type=\"column\">\n\t\t\t<div class=\"elementor-widget-wrap elementor-element-populated\">\n\t\t\t\t\t\t<div class=\"elementor-element elementor-element-8de7045 elementor-widget elementor-widget-text-editor\" data-id=\"8de7045\" data-element_type=\"widget\" data-widget_type=\"text-editor.default\">\n\t\t\t\t<div class=\"elementor-widget-container\">\n\t\t\t\t\t\t\t\t\t<p style=\"text-align: justify;\">Rent an e-bike and create your own adventure exploring the town of Knin, Dinara, the Krka coast or some other area. If you like to enjoy nature and its charms without much effort, this is the right bike for you. This e-bike can cover up to 110km on just one charge.<\/p><p style=\"text-align: justify;\">We have three options for renting an e-bike: up to 3h \/ up to 12h \/ up to 24h.<\/p><p style=\"text-align: justify;\" class=\"translation-block\">For any questions, contact us at <a href=\"mailto:info@marunusa.hr\" target=\"_self\"><span style=\"color: #108c0a\">info@marunusa.hr<\/span><\/a><\/p>\t\t\t\t\t\t\t\t<\/div>\n\t\t\t\t<\/div>\n\t\t\t\t\t<\/div>\n\t\t<\/div>\n\t\t\t\t\t<\/div>\n\t\t<\/section>\n\t\t\t\t<div class=\"elementor-element elementor-element-0199131 elementor-widget elementor-widget-shortcode\" data-id=\"0199131\" data-element_type=\"widget\" data-widget_type=\"shortcode.default\">\n\t\t\t\t<div class=\"elementor-widget-container\">\n\t\t\t\t\t\t\t<div class=\"elementor-shortcode\"> \n<div style=\"display: flex\">\n\n<iframe id=\"iFrameResizer1\"\nsrc=\"https:\/\/booking.ez-booker.com\/tour_details?site_id=9cf8ab11fb56aaef9972f18a3283800b&service_id=946&adults=1.\"\nstyle=\"border:none;width:1280px;height:1024px\"><\/iframe>\n\n<\/div>\n\n<script src=\"https:\/\/app.ez-booker.com\/secure\/js\/iframeResizer.js\"><\/script>\n\n<script>\niFrameResize();\n<\/script> \n\n<\/div>\n\t\t\t\t\t\t<\/div>\n\t\t\t\t<\/div>\n\t\t\t\t\t<\/div>\n\t\t<\/div>\n\t\t\t\t<div class=\"elementor-column elementor-col-50 elementor-top-column elementor-element elementor-element-69b65d2\" data-id=\"69b65d2\" data-element_type=\"column\" data-settings=\"{&quot;background_background&quot;:&quot;classic&quot;}\">\n\t\t\t<div class=\"elementor-widget-wrap elementor-element-populated\">\n\t\t\t\t\t\t<div class=\"elementor-element elementor-element-b6982a9 elementor-widget elementor-widget-text-editor\" data-id=\"b6982a9\" data-element_type=\"widget\" data-widget_type=\"text-editor.default\">\n\t\t\t\t<div class=\"elementor-widget-container\">\n\t\t\t\t\t\t\t\t\t<p style=\"text-align: left;\"><strong>LOVELEC ATIK 2021<\/strong><br \/><strong>E-MTB<\/strong><\/p><p><strong>Motor:<\/strong> AKM, 36V, 500W<br \/><strong>Battery:<\/strong> Li-ion 13Ah (468Wh)<\/p><p><strong>Frame:<\/strong> 19'', aluminium<br \/><strong>Wheels:<\/strong> 29&#8243;<br \/><strong>Weight:<\/strong> 17kg (+ battery 2,5kg)<br \/><strong>Fork:<\/strong> Suntour XCE, with regulation<br \/><strong>Front derailleur:<\/strong> Shimano Altus, 3 speed<br \/><strong>Rear derailleur:<\/strong> Shimano Altus, 8 speed<br \/><strong>Brakes:<\/strong> disc, hydraulic, 160 mm<br \/><strong>Maximal speed:<\/strong> 25km\/h<br \/><strong>Range per charge:<\/strong> up to 110km<\/p><p><strong>Maximum load capacity:<\/strong> 140kg<br \/><strong>Charging time:<\/strong> 4 - 6 hours<\/p><p><strong>The rental price includes 1 helmet<\/strong><\/p>\t\t\t\t\t\t\t\t<\/div>\n\t\t\t\t<\/div>\n\t\t\t\t\t<\/div>\n\t\t<\/div>\n\t\t\t\t\t<\/div>\n\t\t<\/section>\n\t\t\t\t<\/div>","protected":false},"excerpt":{"rendered":"<p>Iznajmite elektri\u010dni bicikl i stvorite vlastitu avanturu istra\u017euju\u0107i grad Knin, Dinaru, obalu Krke ili neko drugo podru\u010dje. Volite li u\u017eivati u prirodi i njezinim \u010darima bez puno napora, ovo je pravi bicikl za vas. Ovaj elektri\u010dni bicikl samo jednim punjenjem mo\u017ee prije\u0107i do 110km. Imamo tri opcije najma elektri\u010dnog bicikla: do 3h \/ do 12h [&hellip;]<\/p>","protected":false},"author":1,"featured_media":0,"parent":0,"menu_order":0,"comment_status":"closed","ping_status":"closed","template":"elementor_header_footer","meta":{"footnotes":""},"class_list":["post-2241","page","type-page","status-publish","hentry"],"yoast_head":"<!-- This site is optimized with the Yoast SEO plugin v27.4 - https:\/\/yoast.com\/product\/yoast-seo-wordpress\/ -->\n<title>Elektri\u010dni brdski bicikl - marunusa.hr<\/title>\n<meta name=\"robots\" content=\"index, follow, max-snippet:-1, max-image-preview:large, max-video-preview:-1\" \/>\n<link rel=\"canonical\" href=\"https:\/\/marunusa.hr\/en\/elektricni-brdski-bicikl\/\" \/>\n<meta property=\"og:locale\" content=\"en_US\" \/>\n<meta property=\"og:type\" content=\"article\" \/>\n<meta property=\"og:title\" content=\"Elektri\u010dni brdski bicikl - marunusa.hr\" \/>\n<meta property=\"og:description\" content=\"Iznajmite elektri\u010dni bicikl i stvorite vlastitu avanturu istra\u017euju\u0107i grad Knin, Dinaru, obalu Krke ili neko drugo podru\u010dje. Volite li u\u017eivati u prirodi i njezinim \u010darima bez puno napora, ovo je pravi bicikl za vas. Ovaj elektri\u010dni bicikl samo jednim punjenjem mo\u017ee prije\u0107i do 110km. Imamo tri opcije najma elektri\u010dnog bicikla: do 3h \/ do 12h [&hellip;]\" \/>\n<meta property=\"og:url\" content=\"https:\/\/marunusa.hr\/en\/elektricni-brdski-bicikl\/\" \/>\n<meta property=\"og:site_name\" content=\"marunusa.hr\" \/>\n<meta property=\"article:modified_time\" content=\"2022-11-11T12:25:04+00:00\" \/>\n<meta name=\"twitter:card\" content=\"summary_large_image\" \/>\n<meta name=\"twitter:label1\" content=\"Est. reading time\" \/>\n\t<meta name=\"twitter:data1\" content=\"1 minute\" \/>\n<script type=\"application\/ld+json\" class=\"yoast-schema-graph\">{\"@context\":\"https:\\\/\\\/schema.org\",\"@graph\":[{\"@type\":\"WebPage\",\"@id\":\"https:\\\/\\\/marunusa.hr\\\/elektricni-brdski-bicikl\\\/\",\"url\":\"https:\\\/\\\/marunusa.hr\\\/elektricni-brdski-bicikl\\\/\",\"name\":\"Elektri\u010dni brdski bicikl - marunusa.hr\",\"isPartOf\":{\"@id\":\"https:\\\/\\\/marunusa.hr\\\/#website\"},\"datePublished\":\"2021-07-06T12:44:09+00:00\",\"dateModified\":\"2022-11-11T12:25:04+00:00\",\"breadcrumb\":{\"@id\":\"https:\\\/\\\/marunusa.hr\\\/elektricni-brdski-bicikl\\\/#breadcrumb\"},\"inLanguage\":\"en-US\",\"potentialAction\":[{\"@type\":\"ReadAction\",\"target\":[\"https:\\\/\\\/marunusa.hr\\\/elektricni-brdski-bicikl\\\/\"]}]},{\"@type\":\"BreadcrumbList\",\"@id\":\"https:\\\/\\\/marunusa.hr\\\/elektricni-brdski-bicikl\\\/#breadcrumb\",\"itemListElement\":[{\"@type\":\"ListItem\",\"position\":1,\"name\":\"Home\",\"item\":\"https:\\\/\\\/marunusa.hr\\\/hr\\\/\"},{\"@type\":\"ListItem\",\"position\":2,\"name\":\"Elektri\u010dni brdski bicikl\"}]},{\"@type\":\"WebSite\",\"@id\":\"https:\\\/\\\/marunusa.hr\\\/#website\",\"url\":\"https:\\\/\\\/marunusa.hr\\\/\",\"name\":\"marunusa.hr\",\"description\":\"turisti\u010dka agencija\",\"potentialAction\":[{\"@type\":\"SearchAction\",\"target\":{\"@type\":\"EntryPoint\",\"urlTemplate\":\"https:\\\/\\\/marunusa.hr\\\/?s={search_term_string}\"},\"query-input\":{\"@type\":\"PropertyValueSpecification\",\"valueRequired\":true,\"valueName\":\"search_term_string\"}}],\"inLanguage\":\"en-US\"}]}<\/script>\n<!-- \/ Yoast SEO plugin. -->","yoast_head_json":{"title":"Elektri\u010dni brdski bicikl - marunusa.hr","robots":{"index":"index","follow":"follow","max-snippet":"max-snippet:-1","max-image-preview":"max-image-preview:large","max-video-preview":"max-video-preview:-1"},"canonical":"https:\/\/marunusa.hr\/en\/elektricni-brdski-bicikl\/","og_locale":"en_US","og_type":"article","og_title":"Elektri\u010dni brdski bicikl - marunusa.hr","og_description":"Iznajmite elektri\u010dni bicikl i stvorite vlastitu avanturu istra\u017euju\u0107i grad Knin, Dinaru, obalu Krke ili neko drugo podru\u010dje. Volite li u\u017eivati u prirodi i njezinim \u010darima bez puno napora, ovo je pravi bicikl za vas. Ovaj elektri\u010dni bicikl samo jednim punjenjem mo\u017ee prije\u0107i do 110km. Imamo tri opcije najma elektri\u010dnog bicikla: do 3h \/ do 12h [&hellip;]","og_url":"https:\/\/marunusa.hr\/en\/elektricni-brdski-bicikl\/","og_site_name":"marunusa.hr","article_modified_time":"2022-11-11T12:25:04+00:00","twitter_card":"summary_large_image","twitter_misc":{"Est. reading time":"1 minute"},"schema":{"@context":"https:\/\/schema.org","@graph":[{"@type":"WebPage","@id":"https:\/\/marunusa.hr\/elektricni-brdski-bicikl\/","url":"https:\/\/marunusa.hr\/elektricni-brdski-bicikl\/","name":"Elektri\u010dni brdski bicikl - marunusa.hr","isPartOf":{"@id":"https:\/\/marunusa.hr\/#website"},"datePublished":"2021-07-06T12:44:09+00:00","dateModified":"2022-11-11T12:25:04+00:00","breadcrumb":{"@id":"https:\/\/marunusa.hr\/elektricni-brdski-bicikl\/#breadcrumb"},"inLanguage":"en-US","potentialAction":[{"@type":"ReadAction","target":["https:\/\/marunusa.hr\/elektricni-brdski-bicikl\/"]}]},{"@type":"BreadcrumbList","@id":"https:\/\/marunusa.hr\/elektricni-brdski-bicikl\/#breadcrumb","itemListElement":[{"@type":"ListItem","position":1,"name":"Home","item":"https:\/\/marunusa.hr\/hr\/"},{"@type":"ListItem","position":2,"name":"Elektri\u010dni brdski bicikl"}]},{"@type":"WebSite","@id":"https:\/\/marunusa.hr\/#website","url":"https:\/\/marunusa.hr\/","name":"marunusa.hr","description":"turisti\u010dka agencija","potentialAction":[{"@type":"SearchAction","target":{"@type":"EntryPoint","urlTemplate":"https:\/\/marunusa.hr\/?s={search_term_string}"},"query-input":{"@type":"PropertyValueSpecification","valueRequired":true,"valueName":"search_term_string"}}],"inLanguage":"en-US"}]}},"_links":{"self":[{"href":"https:\/\/marunusa.hr\/en\/wp-json\/wp\/v2\/pages\/2241","targetHints":{"allow":["GET"]}}],"collection":[{"href":"https:\/\/marunusa.hr\/en\/wp-json\/wp\/v2\/pages"}],"about":[{"href":"https:\/\/marunusa.hr\/en\/wp-json\/wp\/v2\/types\/page"}],"author":[{"embeddable":true,"href":"https:\/\/marunusa.hr\/en\/wp-json\/wp\/v2\/users\/1"}],"replies":[{"embeddable":true,"href":"https:\/\/marunusa.hr\/en\/wp-json\/wp\/v2\/comments?post=2241"}],"version-history":[{"count":148,"href":"https:\/\/marunusa.hr\/en\/wp-json\/wp\/v2\/pages\/2241\/revisions"}],"predecessor-version":[{"id":5965,"href":"https:\/\/marunusa.hr\/en\/wp-json\/wp\/v2\/pages\/2241\/revisions\/5965"}],"wp:attachment":[{"href":"https:\/\/marunusa.hr\/en\/wp-json\/wp\/v2\/media?parent=2241"}],"curies":[{"name":"wp","href":"https:\/\/api.w.org\/{rel}","templated":true}]}}