{"id":19,"date":"2021-01-19T16:47:59","date_gmt":"2021-01-19T16:47:59","guid":{"rendered":"https:\/\/marunusa.hr\/?page_id=19"},"modified":"2023-12-07T14:53:54","modified_gmt":"2023-12-07T13:53:54","slug":"o-nama","status":"publish","type":"page","link":"https:\/\/marunusa.hr\/en\/o-nama\/","title":{"rendered":"about us"},"content":{"rendered":"<div data-elementor-type=\"wp-page\" data-elementor-id=\"19\" class=\"elementor elementor-19\" data-elementor-post-type=\"page\">\n\t\t\t\t\t\t<section class=\"elementor-section elementor-top-section elementor-element elementor-element-05ebb38 elementor-section-boxed elementor-section-height-default elementor-section-height-default\" data-id=\"05ebb38\" data-element_type=\"section\">\n\t\t\t\t\t\t<div class=\"elementor-container elementor-column-gap-default\">\n\t\t\t\t\t\t<\/div>\n\t\t<\/section>\n\t\t\t\t<section class=\"elementor-section elementor-top-section elementor-element elementor-element-ef0b275 elementor-section-boxed elementor-section-height-default elementor-section-height-default\" data-id=\"ef0b275\" data-element_type=\"section\">\n\t\t\t\t\t\t<div class=\"elementor-container elementor-column-gap-default\">\n\t\t\t\t\t<div class=\"elementor-column elementor-col-100 elementor-top-column elementor-element elementor-element-48eaa92\" data-id=\"48eaa92\" data-element_type=\"column\">\n\t\t\t<div class=\"elementor-widget-wrap elementor-element-populated\">\n\t\t\t\t\t\t<div class=\"elementor-element elementor-element-d22cc6e elementor-widget elementor-widget-spacer\" data-id=\"d22cc6e\" data-element_type=\"widget\" data-widget_type=\"spacer.default\">\n\t\t\t\t<div class=\"elementor-widget-container\">\n\t\t\t\t\t\t\t<div class=\"elementor-spacer\">\n\t\t\t<div class=\"elementor-spacer-inner\"><\/div>\n\t\t<\/div>\n\t\t\t\t\t\t<\/div>\n\t\t\t\t<\/div>\n\t\t\t\t\t<\/div>\n\t\t<\/div>\n\t\t\t\t\t<\/div>\n\t\t<\/section>\n\t\t\t\t<section class=\"elementor-section elementor-top-section elementor-element elementor-element-6b87d4d elementor-section-content-middle elementor-section-boxed elementor-section-height-default elementor-section-height-default\" data-id=\"6b87d4d\" data-element_type=\"section\">\n\t\t\t\t\t\t<div class=\"elementor-container elementor-column-gap-default\">\n\t\t\t\t\t<div class=\"elementor-column elementor-col-100 elementor-top-column elementor-element elementor-element-662f804\" data-id=\"662f804\" data-element_type=\"column\">\n\t\t\t<div class=\"elementor-widget-wrap elementor-element-populated\">\n\t\t\t\t\t\t<div class=\"elementor-element elementor-element-3fcb926 elementor-widget elementor-widget-heading\" data-id=\"3fcb926\" data-element_type=\"widget\" data-widget_type=\"heading.default\">\n\t\t\t\t<div class=\"elementor-widget-container\">\n\t\t\t\t\t<h2 class=\"elementor-heading-title elementor-size-default\">MARUNU\u0160A j.d.o.o<\/h2>\t\t\t\t<\/div>\n\t\t\t\t<\/div>\n\t\t\t\t<div class=\"elementor-element elementor-element-d1bf277 elementor-widget elementor-widget-text-editor\" data-id=\"d1bf277\" data-element_type=\"widget\" data-widget_type=\"text-editor.default\">\n\t\t\t\t<div class=\"elementor-widget-container\">\n\t\t\t\t\t\t\t\t\t<p>is a social enterprise founded by the Ecological Association \"Krka\" Knin in 2013.<\/p>\t\t\t\t\t\t\t\t<\/div>\n\t\t\t\t<\/div>\n\t\t\t\t\t<\/div>\n\t\t<\/div>\n\t\t\t\t\t<\/div>\n\t\t<\/section>\n\t\t\t\t<section class=\"elementor-section elementor-top-section elementor-element elementor-element-f8a7a3b elementor-section-boxed elementor-section-height-default elementor-section-height-default\" data-id=\"f8a7a3b\" data-element_type=\"section\">\n\t\t\t\t\t\t<div class=\"elementor-container elementor-column-gap-default\">\n\t\t\t\t\t<div class=\"elementor-column elementor-col-100 elementor-top-column elementor-element elementor-element-b994ae3\" data-id=\"b994ae3\" data-element_type=\"column\">\n\t\t\t<div class=\"elementor-widget-wrap elementor-element-populated\">\n\t\t\t\t\t\t<div class=\"elementor-element elementor-element-b2ced8d elementor-widget elementor-widget-text-editor\" data-id=\"b2ced8d\" data-element_type=\"widget\" data-widget_type=\"text-editor.default\">\n\t\t\t\t<div class=\"elementor-widget-container\">\n\t\t\t\t\t\t\t\t\t<p>In 2018, MARUNU\u0160A j.d.o.o. was chosen among the 5 best Croatian social enterprises with the project of launching a travel agency for the promotion of natural and cultural heritage of the city of Knin and its surroundings.<\/p><p>From 17th September 2020 to 17th March 2023 the company is responsible for the project \"Eco Social Entrepreneurs\" and operates as a travel agency.<br \/>We decided to establish a travel agency primarily out of love for our city and its natural beauty.<\/p><p>Knin is surrounded by 7 rivers and 9 mountains, and it is these fascinating natural features that encouraged us to engage in active and adventure tourism. Geomorphological features of our region gives us a comparative advantage for the development of this type of tourism, so in our offer you can find kayaking, SUP, cycling, hiking and horseback riding, and we will constantly expand the range of our services. We will not neglect agritourism, which has flourished in the vicinity of Knin in recent years. Our services are combination of adventure, contact with nature, cultural richness, tastes and aromas of our region created for the most discerning users.<\/p><p>Contact us and ask for your offer, an authentic experience is guaranteed.<\/p>\t\t\t\t\t\t\t\t<\/div>\n\t\t\t\t<\/div>\n\t\t\t\t\t<\/div>\n\t\t<\/div>\n\t\t\t\t\t<\/div>\n\t\t<\/section>\n\t\t\t\t<section class=\"elementor-section elementor-top-section elementor-element elementor-element-48951c0 elementor-section-boxed elementor-section-height-default elementor-section-height-default\" data-id=\"48951c0\" data-element_type=\"section\">\n\t\t\t\t\t\t<div class=\"elementor-container elementor-column-gap-default\">\n\t\t\t\t\t<div class=\"elementor-column elementor-col-100 elementor-top-column elementor-element elementor-element-e0355c3\" data-id=\"e0355c3\" data-element_type=\"column\">\n\t\t\t<div class=\"elementor-widget-wrap elementor-element-populated\">\n\t\t\t\t\t\t<div class=\"elementor-element elementor-element-5abe2be elementor-widget-divider--view-line elementor-widget elementor-widget-divider\" data-id=\"5abe2be\" data-element_type=\"widget\" data-widget_type=\"divider.default\">\n\t\t\t\t<div class=\"elementor-widget-container\">\n\t\t\t\t\t\t\t<div class=\"elementor-divider\">\n\t\t\t<span class=\"elementor-divider-separator\">\n\t\t\t\t\t\t<\/span>\n\t\t<\/div>\n\t\t\t\t\t\t<\/div>\n\t\t\t\t<\/div>\n\t\t\t\t\t<\/div>\n\t\t<\/div>\n\t\t\t\t\t<\/div>\n\t\t<\/section>\n\t\t\t\t<section class=\"elementor-section elementor-top-section elementor-element elementor-element-d035def elementor-section-boxed elementor-section-height-default elementor-section-height-default\" data-id=\"d035def\" data-element_type=\"section\" data-settings=\"{&quot;background_background&quot;:&quot;classic&quot;}\">\n\t\t\t\t\t\t<div class=\"elementor-container elementor-column-gap-default\">\n\t\t\t\t\t<div class=\"elementor-column elementor-col-100 elementor-top-column elementor-element elementor-element-a46ca14\" data-id=\"a46ca14\" data-element_type=\"column\" data-settings=\"{&quot;background_background&quot;:&quot;classic&quot;}\">\n\t\t\t<div class=\"elementor-widget-wrap elementor-element-populated\">\n\t\t\t\t\t\t<div class=\"elementor-element elementor-element-6bfae1a elementor-widget elementor-widget-heading\" data-id=\"6bfae1a\" data-element_type=\"widget\" data-widget_type=\"heading.default\">\n\t\t\t\t<div class=\"elementor-widget-container\">\n\t\t\t\t\t<h2 class=\"elementor-heading-title elementor-size-default\">GENERAL INFORMATION ABOUT THE AGENCY<\/h2>\t\t\t\t<\/div>\n\t\t\t\t<\/div>\n\t\t\t\t<div class=\"elementor-element elementor-element-435ba26 elementor-widget elementor-widget-text-editor\" data-id=\"435ba26\" data-element_type=\"widget\" data-widget_type=\"text-editor.default\">\n\t\t\t\t<div class=\"elementor-widget-container\">\n\t\t\t\t\t\t\t\t\t<p class=\"Normal tm5\"><strong><span class=\"tm6\">COMPANY \/ NAME: <\/span><\/strong><span class=\"tm6\">MARUNU\u0160A a simple limited liability company for production, trade, services and a travel agency<\/span><\/p><p class=\"Normal tm5\"><strong><span class=\"tm6\">HEADQUARTERS: <\/span><\/strong><span class=\"tm6\">Drni\u0161ka cesta 2\/b, 22300 Knin<\/span><\/p><p class=\"Normal tm5\"><strong><span class=\"tm6\">BASIC CAPITAL: <\/span><\/strong><span class=\"tm6\">10,00 HRK<\/span><\/p><p class=\"Normal tm5\"><strong><span class=\"tm6\">MANAGEMENT: <\/span><\/strong><span class=\"tm6\">Sre\u010dko Kmeti\u010d, member of the management board, director, represents the company individually and independently<\/span><\/p><p class=\"Normal tm5\"><strong><span class=\"tm6\">E \u2013 MAIL: <\/span><\/strong><span style=\"color: #16638a;\"><u><a style=\"color: #16638a;\" href=\"mailto:info@marunusa.hr\"><span class=\"tm7\">info@marunusa.hr<\/span><\/a><\/u><\/span><\/p><p class=\"Normal tm5\"><strong><span class=\"tm6\">WEB: <\/span><\/strong><span style=\"color: #16638a;\"><u><a style=\"color: #16638a;\" href=\"https:\/\/marunusa.hr\/en\/\"><span class=\"tm7\">https:\/\/marunusa.hr<\/span><\/a><\/u><\/span><\/p><p class=\"Normal tm5\"><strong><span class=\"tm6\">WORKING HOURS: <\/span><\/strong><span class=\"tm6\">Monday \u2013 Friday 08:00h \u2013 16:00h, Saturday and Sunday 09:00h - 13:00h.<\/span><\/p><p class=\"Normal tm5\"><strong><span class=\"tm6\">REGISTER: <\/span><\/strong><span class=\"tm6\">Commercial Court in Zadar - permanent service in \u0160ibenik, Reg. No.: 110036398<\/span><\/p><p class=\"Normal tm5\"><strong><span class=\"tm6\">BANK ACCOUNT: <\/span><\/strong><span class=\"tm6\">IBAN: HR66 2402006 11006919844 Erste&amp;Steierm\u00e4rkische Bank d.d., SWIFT: ESBCHR22<\/span><\/p><p class=\"Normal tm5\"><strong><span class=\"tm6\">THE COMPETENT AUTHORITY FOR MONITORING: <\/span><\/strong><span class=\"tm6\">State Inspectorate, Department of Tourism Inspection, \u0160ubi\u0107eva 29, 10000 Zagreb<\/span><\/p><p class=\"Normal tm5\"><strong><span class=\"tm6\">GENERAL TERMS AND CONDITIONS: <\/span><\/strong><span class=\"Footnote_Reference\">For package tours where we act as travel organizers, our authorizations are determined by the Act on the Provision of Services in Tourism, and our General Terms and Conditions are available <\/span><span style=\"text-decoration: underline;\"><span style=\"color: #ffa200;\"><a style=\"color: #ffa200; text-decoration: underline;\" href=\"http:\/\/marunusa.hr\/en\/dokumenti\/Opci-uvjeti-za-paket-aranzmane.pdf\/\"><span class=\"Footnote_Reference\"><span style=\"color: #086387; text-decoration: underline;\">HERE<\/span><\/span><\/a><\/span><\/span><span class=\"Footnote_Reference\">.\u00a0<\/span><\/p><p class=\"Normal tm5\"><strong><span class=\"tm6\">SUBMISSION OF COMPLAINTS <\/span><\/strong><span class=\"Footnote_Reference\">Any dissatisfaction with the provided services can be expressed in writing in person at the agency's premises or by registered mail, fax or e-mail to the above addresses \/ numbers. The process for resolving a complaint is described in our General Terms and Conditions available <\/span><span style=\"text-decoration: underline;\"><span style=\"color: #ffa200;\"><a style=\"color: #ffa200; text-decoration: underline;\" href=\"http:\/\/marunusa.hr\/en\/dokumenti\/Opci-uvjeti-za-paket-aranzmane.pdf\/\"><span class=\"Footnote_Reference\"><span style=\"color: #086387; text-decoration: underline;\">HERE<\/span><\/span><\/a><\/span><\/span><span class=\"Footnote_Reference\">.<\/span><\/p><p class=\"Normal\">\u00a0<\/p>\t\t\t\t\t\t\t\t<\/div>\n\t\t\t\t<\/div>\n\t\t\t\t\t<\/div>\n\t\t<\/div>\n\t\t\t\t\t<\/div>\n\t\t<\/section>\n\t\t\t\t<\/div>","protected":false},"excerpt":{"rendered":"<p>MARUNU\u0160A j.d.o.o je dru\u0161tveno poduze\u0107e koje je osnovala Ekolo\u0161ka udruga &#8220;Krka&#8221; Knin 2013. godine. 2018. godine MARUNU\u0160A j.d.o.o. izabrana je me\u0111u 5 najboljih hrvatskih dru\u0161tvenih poduze\u0107a sa projektom pokretanja turisti\u010dke agencije za promociju prirodne i kulture ba\u0161tine grada Knina i okolice. Od 17.09.2020. do 17.03.2023. je tvrtka nositelj projekta &#8220;Eko dru\u0161tveni poduzetnici&#8221; te djeluje kao [&hellip;]<\/p>","protected":false},"author":1,"featured_media":0,"parent":0,"menu_order":0,"comment_status":"closed","ping_status":"closed","template":"elementor_header_footer","meta":{"footnotes":""},"class_list":["post-19","page","type-page","status-publish","hentry"],"yoast_head":"<!-- This site is optimized with the Yoast SEO plugin v27.4 - https:\/\/yoast.com\/product\/yoast-seo-wordpress\/ -->\n<title>o nama - marunusa.hr<\/title>\n<meta name=\"robots\" content=\"index, follow, max-snippet:-1, max-image-preview:large, max-video-preview:-1\" \/>\n<link rel=\"canonical\" href=\"https:\/\/marunusa.hr\/en\/o-nama\/\" \/>\n<meta property=\"og:locale\" content=\"en_US\" \/>\n<meta property=\"og:type\" content=\"article\" \/>\n<meta property=\"og:title\" content=\"o nama - marunusa.hr\" \/>\n<meta property=\"og:description\" content=\"MARUNU\u0160A j.d.o.o je dru\u0161tveno poduze\u0107e koje je osnovala Ekolo\u0161ka udruga &#8220;Krka&#8221; Knin 2013. godine. 2018. godine MARUNU\u0160A j.d.o.o. izabrana je me\u0111u 5 najboljih hrvatskih dru\u0161tvenih poduze\u0107a sa projektom pokretanja turisti\u010dke agencije za promociju prirodne i kulture ba\u0161tine grada Knina i okolice. Od 17.09.2020. do 17.03.2023. je tvrtka nositelj projekta &#8220;Eko dru\u0161tveni poduzetnici&#8221; te djeluje kao [&hellip;]\" \/>\n<meta property=\"og:url\" content=\"https:\/\/marunusa.hr\/en\/o-nama\/\" \/>\n<meta property=\"og:site_name\" content=\"marunusa.hr\" \/>\n<meta property=\"article:modified_time\" content=\"2023-12-07T13:53:54+00:00\" \/>\n<meta name=\"twitter:card\" content=\"summary_large_image\" \/>\n<meta name=\"twitter:label1\" content=\"Est. reading time\" \/>\n\t<meta name=\"twitter:data1\" content=\"2 minutes\" \/>\n<script type=\"application\/ld+json\" class=\"yoast-schema-graph\">{\"@context\":\"https:\\\/\\\/schema.org\",\"@graph\":[{\"@type\":\"WebPage\",\"@id\":\"https:\\\/\\\/marunusa.hr\\\/hr\\\/o-nama\\\/\",\"url\":\"https:\\\/\\\/marunusa.hr\\\/hr\\\/o-nama\\\/\",\"name\":\"o nama - marunusa.hr\",\"isPartOf\":{\"@id\":\"https:\\\/\\\/marunusa.hr\\\/#website\"},\"datePublished\":\"2021-01-19T16:47:59+00:00\",\"dateModified\":\"2023-12-07T13:53:54+00:00\",\"breadcrumb\":{\"@id\":\"https:\\\/\\\/marunusa.hr\\\/hr\\\/o-nama\\\/#breadcrumb\"},\"inLanguage\":\"en-US\",\"potentialAction\":[{\"@type\":\"ReadAction\",\"target\":[\"https:\\\/\\\/marunusa.hr\\\/hr\\\/o-nama\\\/\"]}]},{\"@type\":\"BreadcrumbList\",\"@id\":\"https:\\\/\\\/marunusa.hr\\\/hr\\\/o-nama\\\/#breadcrumb\",\"itemListElement\":[{\"@type\":\"ListItem\",\"position\":1,\"name\":\"Home\",\"item\":\"https:\\\/\\\/marunusa.hr\\\/hr\\\/\"},{\"@type\":\"ListItem\",\"position\":2,\"name\":\"o nama\"}]},{\"@type\":\"WebSite\",\"@id\":\"https:\\\/\\\/marunusa.hr\\\/#website\",\"url\":\"https:\\\/\\\/marunusa.hr\\\/\",\"name\":\"marunusa.hr\",\"description\":\"turisti\u010dka agencija\",\"potentialAction\":[{\"@type\":\"SearchAction\",\"target\":{\"@type\":\"EntryPoint\",\"urlTemplate\":\"https:\\\/\\\/marunusa.hr\\\/?s={search_term_string}\"},\"query-input\":{\"@type\":\"PropertyValueSpecification\",\"valueRequired\":true,\"valueName\":\"search_term_string\"}}],\"inLanguage\":\"en-US\"}]}<\/script>\n<!-- \/ Yoast SEO plugin. -->","yoast_head_json":{"title":"o nama - marunusa.hr","robots":{"index":"index","follow":"follow","max-snippet":"max-snippet:-1","max-image-preview":"max-image-preview:large","max-video-preview":"max-video-preview:-1"},"canonical":"https:\/\/marunusa.hr\/en\/o-nama\/","og_locale":"en_US","og_type":"article","og_title":"o nama - marunusa.hr","og_description":"MARUNU\u0160A j.d.o.o je dru\u0161tveno poduze\u0107e koje je osnovala Ekolo\u0161ka udruga &#8220;Krka&#8221; Knin 2013. godine. 2018. godine MARUNU\u0160A j.d.o.o. izabrana je me\u0111u 5 najboljih hrvatskih dru\u0161tvenih poduze\u0107a sa projektom pokretanja turisti\u010dke agencije za promociju prirodne i kulture ba\u0161tine grada Knina i okolice. Od 17.09.2020. do 17.03.2023. je tvrtka nositelj projekta &#8220;Eko dru\u0161tveni poduzetnici&#8221; te djeluje kao [&hellip;]","og_url":"https:\/\/marunusa.hr\/en\/o-nama\/","og_site_name":"marunusa.hr","article_modified_time":"2023-12-07T13:53:54+00:00","twitter_card":"summary_large_image","twitter_misc":{"Est. reading time":"2 minutes"},"schema":{"@context":"https:\/\/schema.org","@graph":[{"@type":"WebPage","@id":"https:\/\/marunusa.hr\/hr\/o-nama\/","url":"https:\/\/marunusa.hr\/hr\/o-nama\/","name":"o nama - marunusa.hr","isPartOf":{"@id":"https:\/\/marunusa.hr\/#website"},"datePublished":"2021-01-19T16:47:59+00:00","dateModified":"2023-12-07T13:53:54+00:00","breadcrumb":{"@id":"https:\/\/marunusa.hr\/hr\/o-nama\/#breadcrumb"},"inLanguage":"en-US","potentialAction":[{"@type":"ReadAction","target":["https:\/\/marunusa.hr\/hr\/o-nama\/"]}]},{"@type":"BreadcrumbList","@id":"https:\/\/marunusa.hr\/hr\/o-nama\/#breadcrumb","itemListElement":[{"@type":"ListItem","position":1,"name":"Home","item":"https:\/\/marunusa.hr\/hr\/"},{"@type":"ListItem","position":2,"name":"o nama"}]},{"@type":"WebSite","@id":"https:\/\/marunusa.hr\/#website","url":"https:\/\/marunusa.hr\/","name":"marunusa.hr","description":"turisti\u010dka agencija","potentialAction":[{"@type":"SearchAction","target":{"@type":"EntryPoint","urlTemplate":"https:\/\/marunusa.hr\/?s={search_term_string}"},"query-input":{"@type":"PropertyValueSpecification","valueRequired":true,"valueName":"search_term_string"}}],"inLanguage":"en-US"}]}},"_links":{"self":[{"href":"https:\/\/marunusa.hr\/en\/wp-json\/wp\/v2\/pages\/19","targetHints":{"allow":["GET"]}}],"collection":[{"href":"https:\/\/marunusa.hr\/en\/wp-json\/wp\/v2\/pages"}],"about":[{"href":"https:\/\/marunusa.hr\/en\/wp-json\/wp\/v2\/types\/page"}],"author":[{"embeddable":true,"href":"https:\/\/marunusa.hr\/en\/wp-json\/wp\/v2\/users\/1"}],"replies":[{"embeddable":true,"href":"https:\/\/marunusa.hr\/en\/wp-json\/wp\/v2\/comments?post=19"}],"version-history":[{"count":305,"href":"https:\/\/marunusa.hr\/en\/wp-json\/wp\/v2\/pages\/19\/revisions"}],"predecessor-version":[{"id":6139,"href":"https:\/\/marunusa.hr\/en\/wp-json\/wp\/v2\/pages\/19\/revisions\/6139"}],"wp:attachment":[{"href":"https:\/\/marunusa.hr\/en\/wp-json\/wp\/v2\/media?parent=19"}],"curies":[{"name":"wp","href":"https:\/\/api.w.org\/{rel}","templated":true}]}}